{"id":10745,"date":"2022-06-06T12:23:20","date_gmt":"2022-06-06T11:23:20","guid":{"rendered":"https:\/\/paroquiavilarandorinho.pt\/?page_id=10745"},"modified":"2022-06-06T14:28:33","modified_gmt":"2022-06-06T13:28:33","slug":"crismas2022","status":"publish","type":"page","link":"https:\/\/paroquiavilarandorinho.pt\/?page_id=10745","title":{"rendered":"Crisma 2022"},"content":{"rendered":"<div class=\"wpb-content-wrapper\"><p>[vc_row content_placement=&#8221;middle&#8221; css=&#8221;.vc_custom_1540304086626{padding-top: 0px !important;}&#8221;][vc_column css=&#8221;.vc_custom_1540304338338{padding-right: 27px !important;padding-left: 27px !important;}&#8221;][vc_row_inner css=&#8221;.vc_custom_1543577196674{margin-bottom: 47px !important;}&#8221;][vc_column_inner][vc_column_text]<\/p>\n<p style=\"text-align: justify;\">Hoje, Domingo de Pentecostes, de que j\u00e1 falei na cr\u00f3nica anterior, desejo reproduzir uma bela declara\u00e7\u00e3o que uns atribuem ao Patriarca Aten\u00e1goras (1886-1972) e outros, ao Patriarca In\u00e1cio Hazim, IV de Antioquia (1920-2012), observador no Conc\u00edlio Vaticano II. \u00c9 esta a declara\u00e7\u00e3o: <em>Sem o Esp\u00edrito Santo, Deus est\u00e1 longe; Cristo permanece no passado; o Evangelho \u00e9 letra morta; a Igreja, uma simples organiza\u00e7\u00e3o; a autoridade, despotismo; a miss\u00e3o, propaganda; o culto uma evoca\u00e7\u00e3o; e a vida crist\u00e3, uma moral de escravos. Mas no Esp\u00edrito Santo o cosmos fica elevado e geme na gesta\u00e7\u00e3o do Reino; o ser humano luta contra a carne; Cristo ressuscitado est\u00e1 presente, o Evangelho \u00e9 poder de vida, a Igreja \u00e9 \u00edcone da comunh\u00e3o trinit\u00e1ria; a autoridade, um servi\u00e7o libertador; a miss\u00e3o, um novo Pentecostes; a liturgia \u00e9 memorial e antecipa\u00e7\u00e3o; e toda a vida crist\u00e3 fica deificada.<\/em><\/p>\n<p style=\"text-align: justify;\"><em><strong>Frei Bento Domingues \u2013 P\u00fablico 05.06.2022<\/strong><\/em><\/p>\n<p><a href=\"https:\/\/paroquiavilarandorinho.pt\/wp-content\/uploads\/2022\/06\/Ficha-de-Inscricao-para-o-Crisma.pdf\">https:\/\/paroquiavilarandorinho.pt\/wp-content\/uploads\/2022\/06\/Ficha-de-Inscricao-para-o-Crisma.pdf<\/a>[\/vc_column_text][\/vc_column_inner][\/vc_row_inner][\/vc_column][\/vc_row]<\/p>\n<\/div>","protected":false},"excerpt":{"rendered":"<p>[vc_row content_placement=&#8221;middle&#8221; css=&#8221;.vc_custom_1540304086626{padding-top: 0px !important;}&#8221;][vc_column css=&#8221;.vc_custom_1540304338338{padding-right: 27px !important;padding-left: 27px !important;}&#8221;][vc_row_inner css=&#8221;.vc_custom_1543577196674{margin-bottom: 47px !important;}&#8221;][vc_column_inner][vc_column_text] Hoje, Domingo de Pentecostes, de que j\u00e1 falei na cr\u00f3nica anterior, desejo reproduzir uma bela declara\u00e7\u00e3o que [&hellip;]<\/p>\n","protected":false},"author":2,"featured_media":0,"parent":0,"menu_order":0,"comment_status":"closed","ping_status":"closed","template":"","meta":{"_acf_changed":false,"rs_blank_template":"","rs_page_bg_color":"","slide_template_v7":"","footnotes":""},"class_list":["post-10745","page","type-page","status-publish","hentry"],"acf":[],"_links":{"self":[{"href":"https:\/\/paroquiavilarandorinho.pt\/index.php?rest_route=\/wp\/v2\/pages\/10745","targetHints":{"allow":["GET"]}}],"collection":[{"href":"https:\/\/paroquiavilarandorinho.pt\/index.php?rest_route=\/wp\/v2\/pages"}],"about":[{"href":"https:\/\/paroquiavilarandorinho.pt\/index.php?rest_route=\/wp\/v2\/types\/page"}],"author":[{"embeddable":true,"href":"https:\/\/paroquiavilarandorinho.pt\/index.php?rest_route=\/wp\/v2\/users\/2"}],"replies":[{"embeddable":true,"href":"https:\/\/paroquiavilarandorinho.pt\/index.php?rest_route=%2Fwp%2Fv2%2Fcomments&post=10745"}],"version-history":[{"count":2,"href":"https:\/\/paroquiavilarandorinho.pt\/index.php?rest_route=\/wp\/v2\/pages\/10745\/revisions"}],"predecessor-version":[{"id":10749,"href":"https:\/\/paroquiavilarandorinho.pt\/index.php?rest_route=\/wp\/v2\/pages\/10745\/revisions\/10749"}],"wp:attachment":[{"href":"https:\/\/paroquiavilarandorinho.pt\/index.php?rest_route=%2Fwp%2Fv2%2Fmedia&parent=10745"}],"curies":[{"name":"wp","href":"https:\/\/api.w.org\/{rel}","templated":true}]}}