{"id":11187,"date":"2022-10-13T11:24:36","date_gmt":"2022-10-13T10:24:36","guid":{"rendered":"https:\/\/paroquiavilarandorinho.pt\/?page_id=11187"},"modified":"2022-10-13T11:30:22","modified_gmt":"2022-10-13T10:30:22","slug":"mecs-trienio-2022-2023-a-2024-2025","status":"publish","type":"page","link":"https:\/\/paroquiavilarandorinho.pt\/?page_id=11187","title":{"rendered":"MEC\u00b4s &#8211; Tri\u00e9nio 2022\/2023 a 2024\/2025"},"content":{"rendered":"<div class=\"wpb-content-wrapper\"><p>[vc_row content_placement=&#8221;middle&#8221; css=&#8221;.vc_custom_1540304086626{padding-top: 0px !important;}&#8221;][vc_column css=&#8221;.vc_custom_1540304338338{padding-right: 27px !important;padding-left: 27px !important;}&#8221;][vc_row_inner css=&#8221;.vc_custom_1543577196674{margin-bottom: 47px !important;}&#8221;][vc_column_inner][vc_column_text]<\/p>\n<h4 style=\"text-align: center;\">MEC\u2019s \u2013 Ministros Extraordin\u00e1rios da Comunh\u00e3o<\/h4>\n<h4 style=\"text-align: center;\">Par\u00f3quia do Divino Salvador de Vilar de Andorinho<\/h4>\n<h4 style=\"text-align: center;\">Anos Pastorais 2022\/2023 \u2013 2023\/2024 \u2013 2024\/2025<\/h4>\n<p>&nbsp;<\/p>\n<ol>\n<li style=\"text-align: left;\">Ana da Silva Rocha<\/li>\n<li style=\"text-align: left;\">Ana Maria C. Teixeira Sousa<\/li>\n<li style=\"text-align: left;\">Ana Maria Jesus Oliveira Duarte<\/li>\n<li style=\"text-align: left;\">Domingos D\u00e1rio Figueiredo Mota<\/li>\n<li style=\"text-align: left;\">Isabel Maria O. G. Carvalho Figueiredo Pinto<\/li>\n<li style=\"text-align: left;\">Lu\u00edsa Augusta Cruz Walgode<\/li>\n<li style=\"text-align: left;\">Margarida de Sousa Costa<\/li>\n<li style=\"text-align: left;\">Maria Adelaide Barros<\/li>\n<li style=\"text-align: left;\">Maria de F\u00e1tima Dias Neves<\/li>\n<li style=\"text-align: left;\">Maria Fernanda Alves Frias Xavier<\/li>\n<li style=\"text-align: left;\">Maria Isabel Morais Moreira<\/li>\n<li style=\"text-align: left;\">Maria Ol\u00edvia T. Machado Paiva<\/li>\n<li style=\"text-align: left;\">Maria Pilar Rodrigues Moreira<\/li>\n<li style=\"text-align: left;\">Serafim Geraldo Moreira Meira<\/li>\n<li style=\"text-align: left;\">Virg\u00ednia Rosa Teixeira da Silva<\/li>\n<\/ol>\n<p><a href=\"https:\/\/paroquiavilarandorinho.pt\/wp-content\/uploads\/2022\/10\/MEC\u00b4s-Quadro-para-o-trienio-2023-2025.pdf\">MEC\u00b4s &#8211; Quadro para o tri\u00e9nio 2023-2025 (PDF)<\/a>[\/vc_column_text][\/vc_column_inner][\/vc_row_inner][\/vc_column][\/vc_row]<\/p>\n<\/div>","protected":false},"excerpt":{"rendered":"<p>[vc_row content_placement=&#8221;middle&#8221; css=&#8221;.vc_custom_1540304086626{padding-top: 0px !important;}&#8221;][vc_column css=&#8221;.vc_custom_1540304338338{padding-right: 27px !important;padding-left: 27px !important;}&#8221;][vc_row_inner css=&#8221;.vc_custom_1543577196674{margin-bottom: 47px !important;}&#8221;][vc_column_inner][vc_column_text] MEC\u2019s \u2013 Ministros Extraordin\u00e1rios da Comunh\u00e3o Par\u00f3quia do Divino Salvador de Vilar de Andorinho Anos Pastorais 2022\/2023 [&hellip;]<\/p>\n","protected":false},"author":2,"featured_media":0,"parent":0,"menu_order":0,"comment_status":"closed","ping_status":"closed","template":"","meta":{"_acf_changed":false,"rs_blank_template":"","rs_page_bg_color":"","slide_template_v7":"","footnotes":""},"class_list":["post-11187","page","type-page","status-publish","hentry"],"acf":[],"_links":{"self":[{"href":"https:\/\/paroquiavilarandorinho.pt\/index.php?rest_route=\/wp\/v2\/pages\/11187","targetHints":{"allow":["GET"]}}],"collection":[{"href":"https:\/\/paroquiavilarandorinho.pt\/index.php?rest_route=\/wp\/v2\/pages"}],"about":[{"href":"https:\/\/paroquiavilarandorinho.pt\/index.php?rest_route=\/wp\/v2\/types\/page"}],"author":[{"embeddable":true,"href":"https:\/\/paroquiavilarandorinho.pt\/index.php?rest_route=\/wp\/v2\/users\/2"}],"replies":[{"embeddable":true,"href":"https:\/\/paroquiavilarandorinho.pt\/index.php?rest_route=%2Fwp%2Fv2%2Fcomments&post=11187"}],"version-history":[{"count":3,"href":"https:\/\/paroquiavilarandorinho.pt\/index.php?rest_route=\/wp\/v2\/pages\/11187\/revisions"}],"predecessor-version":[{"id":11192,"href":"https:\/\/paroquiavilarandorinho.pt\/index.php?rest_route=\/wp\/v2\/pages\/11187\/revisions\/11192"}],"wp:attachment":[{"href":"https:\/\/paroquiavilarandorinho.pt\/index.php?rest_route=%2Fwp%2Fv2%2Fmedia&parent=11187"}],"curies":[{"name":"wp","href":"https:\/\/api.w.org\/{rel}","templated":true}]}}