{"id":12586,"date":"2023-10-19T12:11:52","date_gmt":"2023-10-19T11:11:52","guid":{"rendered":"https:\/\/paroquiavilarandorinho.pt\/?page_id=12586"},"modified":"2024-06-16T23:27:16","modified_gmt":"2024-06-16T22:27:16","slug":"iniciativas-da-catequese-2023-2024","status":"publish","type":"page","link":"https:\/\/paroquiavilarandorinho.pt\/?page_id=12586","title":{"rendered":"Iniciativas da Catequese 2023\/2024"},"content":{"rendered":"<div class=\"wpb-content-wrapper\"><p>[vc_row content_placement=&#8221;middle&#8221; css=&#8221;.vc_custom_1540304086626{padding-top: 0px !important;}&#8221;][vc_column css=&#8221;.vc_custom_1540304338338{padding-right: 27px !important;padding-left: 27px !important;}&#8221;][vc_row_inner css=&#8221;.vc_custom_1543577196674{margin-bottom: 47px !important;}&#8221;][vc_column_inner][vc_single_image image=&#8221;13582&#8243; img_size=&#8221;full&#8221; alignment=&#8221;center&#8221; css=&#8221;&#8221;][\/vc_column_inner][\/vc_row_inner][vc_row_inner css=&#8221;.vc_custom_1543577196674{margin-bottom: 47px !important;}&#8221;][vc_column_inner][vc_column_text]<\/p>\n<h2 style=\"text-align: justify;\"><strong>Domingo da Sagrada Familia de Jesus, Maria e Jos\u00e9<\/strong><\/h2>\n<h4 style=\"text-align: justify;\"><strong>31 dezembro 2023<\/strong><\/h4>\n<p>&nbsp;<\/p>\n<p style=\"text-align: justify;\">No pr\u00f3ximo domingo, dia 31 de Dezembro, dia da fam\u00edlia, convidamos todos os casais jubilados que fazem 1, 10, 25, 50 e 60 anos de casados, no ano 2024, a participarem na Eucaristia na Igreja da Sagrada Fam\u00edlia da Vila D&#8217;Este, pelas 11h.<\/p>\n<p style=\"text-align: justify;\">Convidamos tamb\u00e9m a participarem todas as crian\u00e7as do 1\u00b0ano da catequese.<\/p>\n<p style=\"text-align: justify;\">Pedimos que levem uma flor para colocar aos p\u00e9s da imagem da Sagrada Fam\u00edlia.<\/p>\n<p style=\"text-align: justify;\">Contamos com a vossa presen\u00e7a.<\/p>\n<p style=\"text-align: justify;\">A Pastoral da fam\u00edlia e a Catequese.<\/p>\n<p>&nbsp;<\/p>\n<p><img loading=\"lazy\" decoding=\"async\" class=\"aligncenter size-full wp-image-12939\" src=\"https:\/\/paroquiavilarandorinho.pt\/wp-content\/uploads\/2023\/12\/familia_banner.jpg\" alt=\"\" width=\"1921\" height=\"1080\" srcset=\"https:\/\/paroquiavilarandorinho.pt\/wp-content\/uploads\/2023\/12\/familia_banner.jpg 1921w, https:\/\/paroquiavilarandorinho.pt\/wp-content\/uploads\/2023\/12\/familia_banner-300x169.jpg 300w, https:\/\/paroquiavilarandorinho.pt\/wp-content\/uploads\/2023\/12\/familia_banner-1024x576.jpg 1024w, https:\/\/paroquiavilarandorinho.pt\/wp-content\/uploads\/2023\/12\/familia_banner-768x432.jpg 768w, https:\/\/paroquiavilarandorinho.pt\/wp-content\/uploads\/2023\/12\/familia_banner-1536x864.jpg 1536w\" sizes=\"auto, (max-width: 1921px) 100vw, 1921px\" \/>[\/vc_column_text][\/vc_column_inner][\/vc_row_inner][vc_row_inner css=&#8221;.vc_custom_1543577196674{margin-bottom: 47px !important;}&#8221;][vc_column_inner][vc_single_image image=&#8221;12840&#8243; img_size=&#8221;full&#8221; alignment=&#8221;center&#8221;][\/vc_column_inner][\/vc_row_inner][vc_row_inner css=&#8221;.vc_custom_1543577196674{margin-bottom: 47px !important;}&#8221;][vc_column_inner][vc_single_image image=&#8221;12591&#8243; img_size=&#8221;full&#8221; alignment=&#8221;center&#8221;][vc_single_image image=&#8221;12592&#8243; img_size=&#8221;full&#8221; alignment=&#8221;center&#8221;][vc_column_text]<\/p>\n<p style=\"text-align: justify;\">A vida inspiradora dos Santos \u00e9 o tema desta exposi\u00e7\u00e3o que ser\u00e1 inaugurada na v\u00e9spera da Festa de Todos os Santos, na Igreja da Sagrada Fam\u00edlia, Vila d&#8217;Este, Vilar de Andorinho, pelas 19h00.<\/p>\n<p style=\"text-align: justify;\">Estar\u00e3o expostas mais de uma centena de imagens de Santos e \u00e9 contada a sua hist\u00f3ria, come\u00e7ando na letra A (Santa Ana) at\u00e9 \u00e0 letra Z (Santa Zita). Uma oportunidade \u00fanica e uma verdadeira catequese para todos.<\/p>\n<p>[\/vc_column_text][vc_single_image image=&#8221;12588&#8243; img_size=&#8221;full&#8221; alignment=&#8221;center&#8221;][\/vc_column_inner][\/vc_row_inner][vc_row_inner css=&#8221;.vc_custom_1543577196674{margin-bottom: 47px !important;}&#8221;][vc_column_inner][vc_separator][\/vc_column_inner][\/vc_row_inner][\/vc_column][\/vc_row]<\/p>\n<\/div>","protected":false},"excerpt":{"rendered":"<p>[vc_row content_placement=&#8221;middle&#8221; css=&#8221;.vc_custom_1540304086626{padding-top: 0px !important;}&#8221;][vc_column css=&#8221;.vc_custom_1540304338338{padding-right: 27px !important;padding-left: 27px !important;}&#8221;][vc_row_inner css=&#8221;.vc_custom_1543577196674{margin-bottom: 47px !important;}&#8221;][vc_column_inner][vc_single_image image=&#8221;13582&#8243; img_size=&#8221;full&#8221; alignment=&#8221;center&#8221; css=&#8221;&#8221;][\/vc_column_inner][\/vc_row_inner][vc_row_inner css=&#8221;.vc_custom_1543577196674{margin-bottom: 47px !important;}&#8221;][vc_column_inner][vc_column_text] Domingo da Sagrada Familia de Jesus, Maria e Jos\u00e9 31 [&hellip;]<\/p>\n","protected":false},"author":2,"featured_media":0,"parent":0,"menu_order":0,"comment_status":"closed","ping_status":"closed","template":"","meta":{"_acf_changed":false,"rs_blank_template":"","rs_page_bg_color":"","slide_template_v7":"","footnotes":""},"class_list":["post-12586","page","type-page","status-publish","hentry"],"acf":[],"_links":{"self":[{"href":"https:\/\/paroquiavilarandorinho.pt\/index.php?rest_route=\/wp\/v2\/pages\/12586","targetHints":{"allow":["GET"]}}],"collection":[{"href":"https:\/\/paroquiavilarandorinho.pt\/index.php?rest_route=\/wp\/v2\/pages"}],"about":[{"href":"https:\/\/paroquiavilarandorinho.pt\/index.php?rest_route=\/wp\/v2\/types\/page"}],"author":[{"embeddable":true,"href":"https:\/\/paroquiavilarandorinho.pt\/index.php?rest_route=\/wp\/v2\/users\/2"}],"replies":[{"embeddable":true,"href":"https:\/\/paroquiavilarandorinho.pt\/index.php?rest_route=%2Fwp%2Fv2%2Fcomments&post=12586"}],"version-history":[{"count":10,"href":"https:\/\/paroquiavilarandorinho.pt\/index.php?rest_route=\/wp\/v2\/pages\/12586\/revisions"}],"predecessor-version":[{"id":13583,"href":"https:\/\/paroquiavilarandorinho.pt\/index.php?rest_route=\/wp\/v2\/pages\/12586\/revisions\/13583"}],"wp:attachment":[{"href":"https:\/\/paroquiavilarandorinho.pt\/index.php?rest_route=%2Fwp%2Fv2%2Fmedia&parent=12586"}],"curies":[{"name":"wp","href":"https:\/\/api.w.org\/{rel}","templated":true}]}}