{"id":13921,"date":"2024-09-17T17:49:07","date_gmt":"2024-09-17T16:49:07","guid":{"rendered":"https:\/\/paroquiavilarandorinho.pt\/?page_id=13921"},"modified":"2025-03-24T09:44:48","modified_gmt":"2025-03-24T09:44:48","slug":"iniciativas-da-catequese-2024-2025","status":"publish","type":"page","link":"https:\/\/paroquiavilarandorinho.pt\/?page_id=13921","title":{"rendered":"Iniciativas da Catequese 2024\/2025"},"content":{"rendered":"<div class=\"wpb-content-wrapper\"><p>[vc_row content_placement=&#8221;middle&#8221; css=&#8221;.vc_custom_1540304086626{padding-top: 0px !important;}&#8221;][vc_column css=&#8221;.vc_custom_1540304338338{padding-right: 27px !important;padding-left: 27px !important;}&#8221;][vc_row_inner css=&#8221;.vc_custom_1543577196674{margin-bottom: 47px !important;}&#8221;][vc_column_inner][vc_single_image image=&#8221;14788&#8243; img_size=&#8221;full&#8221; alignment=&#8221;center&#8221; css=&#8221;&#8221;][vc_column_text css=&#8221;&#8221;]<\/p>\n<h5 style=\"text-align: justify;\"><strong>Jubileu dos Catequistas ser\u00e1 a 30 de mar\u00e7o na catedral do Porto<\/strong><\/h5>\n<p style=\"text-align: justify;\">O jubileu da catequese ser\u00e1 celebrado, em tr\u00eas momentos significativos na S\u00e9 Catedral, nas v\u00e1rias vigararias e no encontro diocesano em F\u00e1tima. Devido a v\u00e1rios fatores, foi necess\u00e1rio alterar a programa\u00e7\u00e3o inicial, n\u00e3o sendo poss\u00edvel concretizar o encontro diocesano, previsto para 24 de maio, na cidade do Porto.<\/p>\n<p style=\"text-align: justify;\">Em sintonia com o calend\u00e1rio jubilar de Roma, que no \u00faltimo fim de semana de mar\u00e7o \u00e9 dedicado ao \u00abjubileu dos mission\u00e1rios da miseric\u00f3rdia\u00bb,<strong>\u00a0realizar-se-\u00e1 o primeiro momento da celebra\u00e7\u00e3o jubilar da catequese, dedicado aos catequistas<\/strong>, presidido pelo Senhor Dom Manuel Linda, que ter\u00e1 lugar, dia 30 de mar\u00e7o, na S\u00e9 Catedral do Porto, com o acolhimento \u00e0s 15.30 e a eucaristia \u00e0s 16h.<\/p>\n<p style=\"text-align: justify;\">Neste dia s\u00e3o convidados\u00a0<strong>os p\u00e1rocos e dois catequistas<\/strong>, representantes de cada par\u00f3quia. Os mesmos receber\u00e3o um \u00absinal jubilar de comunh\u00e3o\u00bb que levar\u00e3o para entregar, posteriormente, a todos os catequistas.<\/p>\n<p style=\"text-align: justify;\">Sabendo que a esperan\u00e7a \u00e9 uma virtude que se acolhe e se treina, a viv\u00eancia jubilar, no \u00e2mbito da catequese, iniciou-se, em outubro de 2024, com o itiner\u00e1rio \u00abPeregrinar com esperan\u00e7a pelos dias, dom e treino\u00bb, e decorrer\u00e1 at\u00e9 janeiro de 2026. Este foi elaborado a partir da Bula \u201c<em>Spes non confundit\u201d, dos\u00a0<\/em>v\u00e1rios textos do Magist\u00e9rio<em>\u00a0e<\/em>\u00a0das propostas do Plano Pastoral, e destina-se a catequistas, catequizandos, fam\u00edlias e a quem assim o acolher. Trata-se de uma caminhada que tem em conta o dinamismo da \u00abinicia\u00e7\u00e3o \u00e0 vida crist\u00e3\u00bb, do novo itiner\u00e1rio catequ\u00e9tico, num triplo movimento de\u00a0<strong>DEIXAR-SE ENCONTRAR<\/strong>\u00a0por Jesus Cristo, de\u00a0<strong>CONVERS\u00c3O\u00a0d<\/strong>e vida e de\u00a0<strong>ENTREGA\u00a0<\/strong>ao servi\u00e7o do irm\u00e3o. Procura-se que os tr\u00eas verbos da f\u00e9: conhecer, celebrar e viver se concretizem nas estrat\u00e9gias da \u201carca\u00a0<strong>da esperan\u00e7a\u201d, no \u201ccubo da ora\u00e7\u00e3o\u201d, no \u201cpassaporte da esperan\u00e7a\u201d e na \u201c\u00e2ncora que ancora os dias\u201d \u2026\u00a0Os materiais, para cada m\u00eas, est\u00e3o dispon\u00edveis na revista \u201cA Mensagem\u201d e no<\/strong>\u00a0site www.catequesedoporto.com.<\/p>\n<p style=\"text-align: justify;\">Quer a caminhada jubilar, quer os v\u00e1rios momentos celebrativos remetem-nos para a express\u00e3o do P\u00f3rtico do Plano Pastoral, para 2024\/25: \u00abentre tantas ilus\u00f5es e muitos desencantos do nosso caminho pessoal e eclesial, precisamos de redescobrir uma esperan\u00e7a, ancorada em Deus e no Seu infinito amor por n\u00f3s; uma esperan\u00e7a que toma rosto em Jesus Cristo morto e ressuscitado por n\u00f3s\u00bb.<\/p>\n<p style=\"text-align: justify;\"><em>(inf:\u00a0Secretariado Diocesano da Educa\u00e7\u00e3o Crist\u00e3 \u2013 Voz Portucalense)<\/em><\/p>\n<p>&nbsp;<\/p>\n<p><a href=\"https:\/\/paroquiavilarandorinho.pt\/wp-content\/uploads\/2025\/03\/Jubileu-dos-CATEQUISTAS-Diocese-do-Porto.pdf\">Jubileu dos CATEQUISTAS &#8211; Diocese do Porto<\/a>[\/vc_column_text][vc_separator color=&#8221;custom&#8221; css=&#8221;&#8221; accent_color=&#8221;#2D89B7&#8243;][\/vc_column_inner][\/vc_row_inner][vc_row_inner css=&#8221;.vc_custom_1543577196674{margin-bottom: 47px !important;}&#8221;][vc_column_inner][vc_single_image image=&#8221;14582&#8243; img_size=&#8221;full&#8221; alignment=&#8221;center&#8221; css=&#8221;&#8221;][vc_separator color=&#8221;custom&#8221; css=&#8221;&#8221; accent_color=&#8221;#2D89B7&#8243;][\/vc_column_inner][\/vc_row_inner][vc_row_inner css=&#8221;.vc_custom_1543577196674{margin-bottom: 47px !important;}&#8221;][vc_column_inner][vc_single_image image=&#8221;14143&#8243; img_size=&#8221;full&#8221; alignment=&#8221;center&#8221; css=&#8221;&#8221;][vc_separator color=&#8221;custom&#8221; css=&#8221;&#8221; accent_color=&#8221;#2D89B7&#8243;][\/vc_column_inner][\/vc_row_inner][vc_row_inner css=&#8221;.vc_custom_1543577196674{margin-bottom: 47px !important;}&#8221;][vc_column_inner][vc_single_image image=&#8221;13918&#8243; img_size=&#8221;full&#8221; alignment=&#8221;center&#8221; css=&#8221;&#8221;][\/vc_column_inner][\/vc_row_inner][vc_row_inner css=&#8221;.vc_custom_1543577196674{margin-bottom: 47px !important;}&#8221;][vc_column_inner][vc_separator][\/vc_column_inner][\/vc_row_inner][\/vc_column][\/vc_row]<\/p>\n<\/div>","protected":false},"excerpt":{"rendered":"<p>[vc_row content_placement=&#8221;middle&#8221; css=&#8221;.vc_custom_1540304086626{padding-top: 0px !important;}&#8221;][vc_column css=&#8221;.vc_custom_1540304338338{padding-right: 27px !important;padding-left: 27px !important;}&#8221;][vc_row_inner css=&#8221;.vc_custom_1543577196674{margin-bottom: 47px !important;}&#8221;][vc_column_inner][vc_single_image image=&#8221;14788&#8243; img_size=&#8221;full&#8221; alignment=&#8221;center&#8221; css=&#8221;&#8221;][vc_column_text css=&#8221;&#8221;] Jubileu dos Catequistas ser\u00e1 a 30 de mar\u00e7o na catedral do Porto [&hellip;]<\/p>\n","protected":false},"author":2,"featured_media":0,"parent":0,"menu_order":0,"comment_status":"closed","ping_status":"closed","template":"","meta":{"_acf_changed":false,"rs_blank_template":"","rs_page_bg_color":"","slide_template_v7":"","footnotes":""},"class_list":["post-13921","page","type-page","status-publish","hentry"],"acf":[],"_links":{"self":[{"href":"https:\/\/paroquiavilarandorinho.pt\/index.php?rest_route=\/wp\/v2\/pages\/13921","targetHints":{"allow":["GET"]}}],"collection":[{"href":"https:\/\/paroquiavilarandorinho.pt\/index.php?rest_route=\/wp\/v2\/pages"}],"about":[{"href":"https:\/\/paroquiavilarandorinho.pt\/index.php?rest_route=\/wp\/v2\/types\/page"}],"author":[{"embeddable":true,"href":"https:\/\/paroquiavilarandorinho.pt\/index.php?rest_route=\/wp\/v2\/users\/2"}],"replies":[{"embeddable":true,"href":"https:\/\/paroquiavilarandorinho.pt\/index.php?rest_route=%2Fwp%2Fv2%2Fcomments&post=13921"}],"version-history":[{"count":10,"href":"https:\/\/paroquiavilarandorinho.pt\/index.php?rest_route=\/wp\/v2\/pages\/13921\/revisions"}],"predecessor-version":[{"id":14794,"href":"https:\/\/paroquiavilarandorinho.pt\/index.php?rest_route=\/wp\/v2\/pages\/13921\/revisions\/14794"}],"wp:attachment":[{"href":"https:\/\/paroquiavilarandorinho.pt\/index.php?rest_route=%2Fwp%2Fv2%2Fmedia&parent=13921"}],"curies":[{"name":"wp","href":"https:\/\/api.w.org\/{rel}","templated":true}]}}