{"id":15177,"date":"2025-06-02T09:34:32","date_gmt":"2025-06-02T08:34:32","guid":{"rendered":"https:\/\/paroquiavilarandorinho.pt\/?page_id=15177"},"modified":"2026-02-02T14:18:16","modified_gmt":"2026-02-02T14:18:16","slug":"ano-2025","status":"publish","type":"page","link":"https:\/\/paroquiavilarandorinho.pt\/?page_id=15177","title":{"rendered":"Ano 2025"},"content":{"rendered":"<div class=\"wpb-content-wrapper\"><p>[vc_row content_placement=&#8221;middle&#8221; css=&#8221;.vc_custom_1540304086626{padding-top: 0px !important;}&#8221;][vc_column css=&#8221;.vc_custom_1540304338338{padding-right: 27px !important;padding-left: 27px !important;}&#8221;][vc_row_inner css=&#8221;.vc_custom_1543577196674{margin-bottom: 47px !important;}&#8221;][vc_column_inner][vc_column_text css=&#8221;&#8221;]<\/p>\n<p style=\"text-align: justify;\">Resulta do Estatuto do Conselho Paroquial para os Assuntos Econ\u00f3micos e da Pol\u00edtica de Conte\u00fados a necessidade de PRESTAR CONTAS.<\/p>\n<p style=\"text-align: justify;\">E prestar contas a todos: comunidade paroquial, hierarquia diocesana e sociedade civil. O Evangelho que \u00e9 o nosso c\u00f3digo de conduta assim o exige. Estamos conscientes que erramos, mas lutamos para que tal n\u00e3o aconte\u00e7a. Na Par\u00f3quia do Divino Salvador de Vilar de Andorinho desejamos ser escrutinados. N\u00e3o somos entidade jur\u00eddica nem temos fins lucrativos. Tudo o que temos e somos pertence \u00e0 comunidade. N\u00f3s s\u00f3 administramos, e, procuramos faz\u00ea-lo com parcim\u00f3nia e sentido de fraternidade e justi\u00e7a.<\/p>\n<p style=\"text-align: justify;\">Se h\u00e1 sobras em alguns anos, pensamos nos anos seguintes. Se h\u00e1 falta de tesouraria, apelamos \u00e0 comunidade. \u00c9 por isso que faz sentido a partilha com a Igreja por parte da nossa comunidade crist\u00e3.<\/p>\n<p><strong>ANEXOS:<br \/>\n<\/strong><\/p>\n<ol>\n<li><a href=\"https:\/\/paroquiavilarandorinho.pt\/wp-content\/uploads\/2025\/05\/Vilar-Andorinho-Mapa-de-Receitas-e-Despesas-1o-Trimestre-2025-e-ofertas-na-Visita-Pascal-de-2025.pdf\">Contas do 1\u00ba Trimestre 2025 \u2013 Receitas e Despesas e Ofertas da Visita Pascal<\/a><\/li>\n<li><a href=\"https:\/\/paroquiavilarandorinho.pt\/wp-content\/uploads\/2025\/09\/Vilar-Andorinho-Mapa-de-Receitas-e-Despesas-2o-Trimestre-2025.pdf\">Contas do 2\u00ba Trimestre 2025 \u2013 Receitas e Despesas<\/a><\/li>\n<li><a href=\"https:\/\/paroquiavilarandorinho.pt\/wp-content\/uploads\/2025\/11\/Vilar-Andorinho-Mapa-de-Receitas-e-Despesas-3o-Trimestre-2025.pdf\">Contas do 3\u00ba Trimestre 2025 \u2013 Receitas e Despesas<\/a><\/li>\n<li><a href=\"https:\/\/paroquiavilarandorinho.pt\/wp-content\/uploads\/2026\/02\/Paroquia-de-Vilar-de-Andorinho-Contas-do-4o-Trimestre-2025.pdf\">Contas do 4\u00ba Trimestre 2025 \u2013 Receitas e Despesas<\/a><\/li>\n<\/ol>\n<p>[\/vc_column_text][\/vc_column_inner][\/vc_row_inner][\/vc_column][\/vc_row]<\/p>\n<\/div>","protected":false},"excerpt":{"rendered":"<p>[vc_row content_placement=&#8221;middle&#8221; css=&#8221;.vc_custom_1540304086626{padding-top: 0px !important;}&#8221;][vc_column css=&#8221;.vc_custom_1540304338338{padding-right: 27px !important;padding-left: 27px !important;}&#8221;][vc_row_inner css=&#8221;.vc_custom_1543577196674{margin-bottom: 47px !important;}&#8221;][vc_column_inner][vc_column_text css=&#8221;&#8221;] Resulta do Estatuto do Conselho Paroquial para os Assuntos Econ\u00f3micos e da Pol\u00edtica de Conte\u00fados a [&hellip;]<\/p>\n","protected":false},"author":2,"featured_media":0,"parent":0,"menu_order":0,"comment_status":"closed","ping_status":"closed","template":"","meta":{"_acf_changed":false,"rs_blank_template":"","rs_page_bg_color":"","slide_template_v7":"","footnotes":""},"class_list":["post-15177","page","type-page","status-publish","hentry"],"acf":[],"_links":{"self":[{"href":"https:\/\/paroquiavilarandorinho.pt\/index.php?rest_route=\/wp\/v2\/pages\/15177","targetHints":{"allow":["GET"]}}],"collection":[{"href":"https:\/\/paroquiavilarandorinho.pt\/index.php?rest_route=\/wp\/v2\/pages"}],"about":[{"href":"https:\/\/paroquiavilarandorinho.pt\/index.php?rest_route=\/wp\/v2\/types\/page"}],"author":[{"embeddable":true,"href":"https:\/\/paroquiavilarandorinho.pt\/index.php?rest_route=\/wp\/v2\/users\/2"}],"replies":[{"embeddable":true,"href":"https:\/\/paroquiavilarandorinho.pt\/index.php?rest_route=%2Fwp%2Fv2%2Fcomments&post=15177"}],"version-history":[{"count":6,"href":"https:\/\/paroquiavilarandorinho.pt\/index.php?rest_route=\/wp\/v2\/pages\/15177\/revisions"}],"predecessor-version":[{"id":16680,"href":"https:\/\/paroquiavilarandorinho.pt\/index.php?rest_route=\/wp\/v2\/pages\/15177\/revisions\/16680"}],"wp:attachment":[{"href":"https:\/\/paroquiavilarandorinho.pt\/index.php?rest_route=%2Fwp%2Fv2%2Fmedia&parent=15177"}],"curies":[{"name":"wp","href":"https:\/\/api.w.org\/{rel}","templated":true}]}}