{"id":15501,"date":"2025-07-29T14:06:18","date_gmt":"2025-07-29T13:06:18","guid":{"rendered":"https:\/\/paroquiavilarandorinho.pt\/?page_id=15501"},"modified":"2025-07-29T14:06:18","modified_gmt":"2025-07-29T13:06:18","slug":"formacao-biblica-sessoes","status":"publish","type":"page","link":"https:\/\/paroquiavilarandorinho.pt\/?page_id=15501","title":{"rendered":"Forma\u00e7\u00e3o B\u00edblica &#8211; Sess\u00f5es"},"content":{"rendered":"<div class=\"wpb-content-wrapper\"><p>[vc_row][vc_column][vc_basic_grid post_type=&#8221;fbiblica&#8221; max_items=&#8221;-1&#8243; element_width=&#8221;3&#8243; order=&#8221;ASC&#8221; css=&#8221;&#8221; grid_id=&#8221;vc_gid:1753794332748-cb5a33e5-dc01-4&#8243; taxonomies=&#8221;79&#8243;][\/vc_column][\/vc_row]<\/p>\n<\/div>","protected":false},"excerpt":{"rendered":"<p>[vc_row][vc_column][vc_basic_grid post_type=&#8221;fbiblica&#8221; max_items=&#8221;-1&#8243; element_width=&#8221;3&#8243; order=&#8221;ASC&#8221; css=&#8221;&#8221; grid_id=&#8221;vc_gid:1753794332748-cb5a33e5-dc01-4&#8243; taxonomies=&#8221;79&#8243;][\/vc_column][\/vc_row]<\/p>\n","protected":false},"author":2,"featured_media":0,"parent":0,"menu_order":0,"comment_status":"closed","ping_status":"closed","template":"","meta":{"_acf_changed":false,"rs_blank_template":"","rs_page_bg_color":"","slide_template_v7":"","footnotes":""},"class_list":["post-15501","page","type-page","status-publish","hentry"],"acf":[],"_links":{"self":[{"href":"https:\/\/paroquiavilarandorinho.pt\/index.php?rest_route=\/wp\/v2\/pages\/15501","targetHints":{"allow":["GET"]}}],"collection":[{"href":"https:\/\/paroquiavilarandorinho.pt\/index.php?rest_route=\/wp\/v2\/pages"}],"about":[{"href":"https:\/\/paroquiavilarandorinho.pt\/index.php?rest_route=\/wp\/v2\/types\/page"}],"author":[{"embeddable":true,"href":"https:\/\/paroquiavilarandorinho.pt\/index.php?rest_route=\/wp\/v2\/users\/2"}],"replies":[{"embeddable":true,"href":"https:\/\/paroquiavilarandorinho.pt\/index.php?rest_route=%2Fwp%2Fv2%2Fcomments&post=15501"}],"version-history":[{"count":1,"href":"https:\/\/paroquiavilarandorinho.pt\/index.php?rest_route=\/wp\/v2\/pages\/15501\/revisions"}],"predecessor-version":[{"id":15502,"href":"https:\/\/paroquiavilarandorinho.pt\/index.php?rest_route=\/wp\/v2\/pages\/15501\/revisions\/15502"}],"wp:attachment":[{"href":"https:\/\/paroquiavilarandorinho.pt\/index.php?rest_route=%2Fwp%2Fv2%2Fmedia&parent=15501"}],"curies":[{"name":"wp","href":"https:\/\/api.w.org\/{rel}","templated":true}]}}