{"id":15504,"date":"2025-07-29T14:15:00","date_gmt":"2025-07-29T13:15:00","guid":{"rendered":"https:\/\/paroquiavilarandorinho.pt\/?page_id=15504"},"modified":"2025-07-29T14:15:00","modified_gmt":"2025-07-29T13:15:00","slug":"formacao-biblica-apresentacao","status":"publish","type":"page","link":"https:\/\/paroquiavilarandorinho.pt\/?page_id=15504","title":{"rendered":"Forma\u00e7\u00e3o B\u00edblica &#8211; Apresenta\u00e7\u00e3o"},"content":{"rendered":"<div class=\"wpb-content-wrapper\"><p>[vc_row][vc_column][vc_basic_grid post_type=&#8221;fbiblica&#8221; max_items=&#8221;-1&#8243; element_width=&#8221;3&#8243; order=&#8221;ASC&#8221; css=&#8221;&#8221; grid_id=&#8221;vc_gid:1753794654778-4836bf70-fbd2-7&#8243; taxonomies=&#8221;82&#8243;][\/vc_column][\/vc_row]<\/p>\n<\/div>","protected":false},"excerpt":{"rendered":"<p>[vc_row][vc_column][vc_basic_grid post_type=&#8221;fbiblica&#8221; max_items=&#8221;-1&#8243; element_width=&#8221;3&#8243; order=&#8221;ASC&#8221; css=&#8221;&#8221; grid_id=&#8221;vc_gid:1753794654778-4836bf70-fbd2-7&#8243; taxonomies=&#8221;82&#8243;][\/vc_column][\/vc_row]<\/p>\n","protected":false},"author":2,"featured_media":0,"parent":0,"menu_order":0,"comment_status":"closed","ping_status":"closed","template":"","meta":{"_acf_changed":false,"rs_blank_template":"","rs_page_bg_color":"","slide_template_v7":"","footnotes":""},"class_list":["post-15504","page","type-page","status-publish","hentry"],"acf":[],"_links":{"self":[{"href":"https:\/\/paroquiavilarandorinho.pt\/index.php?rest_route=\/wp\/v2\/pages\/15504","targetHints":{"allow":["GET"]}}],"collection":[{"href":"https:\/\/paroquiavilarandorinho.pt\/index.php?rest_route=\/wp\/v2\/pages"}],"about":[{"href":"https:\/\/paroquiavilarandorinho.pt\/index.php?rest_route=\/wp\/v2\/types\/page"}],"author":[{"embeddable":true,"href":"https:\/\/paroquiavilarandorinho.pt\/index.php?rest_route=\/wp\/v2\/users\/2"}],"replies":[{"embeddable":true,"href":"https:\/\/paroquiavilarandorinho.pt\/index.php?rest_route=%2Fwp%2Fv2%2Fcomments&post=15504"}],"version-history":[{"count":1,"href":"https:\/\/paroquiavilarandorinho.pt\/index.php?rest_route=\/wp\/v2\/pages\/15504\/revisions"}],"predecessor-version":[{"id":15506,"href":"https:\/\/paroquiavilarandorinho.pt\/index.php?rest_route=\/wp\/v2\/pages\/15504\/revisions\/15506"}],"wp:attachment":[{"href":"https:\/\/paroquiavilarandorinho.pt\/index.php?rest_route=%2Fwp%2Fv2%2Fmedia&parent=15504"}],"curies":[{"name":"wp","href":"https:\/\/api.w.org\/{rel}","templated":true}]}}