{"id":16111,"date":"2025-10-20T10:46:38","date_gmt":"2025-10-20T09:46:38","guid":{"rendered":"https:\/\/paroquiavilarandorinho.pt\/?page_id=16111"},"modified":"2026-03-23T10:13:29","modified_gmt":"2026-03-23T10:13:29","slug":"formacao-de-leitores-2025-2026","status":"publish","type":"page","link":"https:\/\/paroquiavilarandorinho.pt\/?page_id=16111","title":{"rendered":"Forma\u00e7\u00e3o de Leitores 2025\/2026"},"content":{"rendered":"<div class=\"wpb-content-wrapper\"><p>[vc_row content_placement=&#8221;middle&#8221; css=&#8221;.vc_custom_1540304086626{padding-top: 0px !important;}&#8221;][vc_column css=&#8221;.vc_custom_1540304338338{padding-right: 27px !important;padding-left: 27px !important;}&#8221;][vc_column_text css=&#8221;&#8221;]<iframe loading=\"lazy\" src=\"https:\/\/paroquiavilarandorinho.pt\/wp-content\/uploads\/2026\/03\/Formacao-de-Leitores-Formacao-no-6-2025-2026.pdf\" width=\"100%\" height=\"800px\"><span data-mce-type=\"bookmark\" style=\"display: inline-block; width: 0px; overflow: hidden; line-height: 0;\" class=\"mce_SELRES_start\">\ufeff<\/span><span data-mce-type=\"bookmark\" style=\"display: inline-block; width: 0px; overflow: hidden; line-height: 0;\" class=\"mce_SELRES_start\">\ufeff<\/span><span data-mce-type=\"bookmark\" style=\"display: inline-block; width: 0px; overflow: hidden; line-height: 0;\" class=\"mce_SELRES_start\">\ufeff<\/span><span data-mce-type=\"bookmark\" style=\"display: inline-block; width: 0px; overflow: hidden; line-height: 0;\" class=\"mce_SELRES_start\">\ufeff<\/span><span data-mce-type=\"bookmark\" style=\"display: inline-block; width: 0px; overflow: hidden; line-height: 0;\" class=\"mce_SELRES_start\">\ufeff<\/span><span data-mce-type=\"bookmark\" style=\"display: inline-block; width: 0px; overflow: hidden; line-height: 0;\" class=\"mce_SELRES_start\">\ufeff<\/span><span data-mce-type=\"bookmark\" style=\"display: inline-block; width: 0px; overflow: hidden; line-height: 0;\" class=\"mce_SELRES_start\">\ufeff<\/span><span data-mce-type=\"bookmark\" style=\"display: inline-block; width: 0px; overflow: hidden; line-height: 0;\" class=\"mce_SELRES_start\"><span data-mce-type=\"bookmark\" style=\"display: inline-block; width: 0px; overflow: hidden; line-height: 0;\" class=\"mce_SELRES_start\">\ufeff<\/span>\ufeff<\/span><\/iframe>[\/vc_column_text][vc_column_text css=&#8221;&#8221;]<a href=\"https:\/\/paroquiavilarandorinho.pt\/wp-content\/uploads\/2026\/03\/Formacao-de-Leitores-Formacao-no-6-2025-2026.pdf\">Forma\u00e7\u00e3o de Leitores &#8211; Forma\u00e7\u00e3o n\u00ba 6 &#8211; 2025-2026<\/a>[\/vc_column_text][vc_column_text css=&#8221;&#8221;]<iframe loading=\"lazy\" src=\"https:\/\/paroquiavilarandorinho.pt\/wp-content\/uploads\/2026\/02\/Formacao-de-Leitores-2025-2026-Formacao-no-5.pdf\" width=\"100%\" height=\"800px\"><span data-mce-type=\"bookmark\" style=\"display: inline-block; width: 0px; overflow: hidden; line-height: 0;\" class=\"mce_SELRES_start\">\ufeff<\/span><span data-mce-type=\"bookmark\" style=\"display: inline-block; width: 0px; overflow: hidden; line-height: 0;\" class=\"mce_SELRES_start\">\ufeff<\/span><span data-mce-type=\"bookmark\" style=\"display: inline-block; width: 0px; overflow: hidden; line-height: 0;\" class=\"mce_SELRES_start\">\ufeff<\/span><span data-mce-type=\"bookmark\" style=\"display: inline-block; width: 0px; overflow: hidden; line-height: 0;\" class=\"mce_SELRES_start\">\ufeff<\/span><span data-mce-type=\"bookmark\" style=\"display: inline-block; width: 0px; overflow: hidden; line-height: 0;\" class=\"mce_SELRES_start\">\ufeff<\/span><span data-mce-type=\"bookmark\" style=\"display: inline-block; width: 0px; overflow: hidden; line-height: 0;\" class=\"mce_SELRES_start\">\ufeff<\/span><span data-mce-type=\"bookmark\" style=\"display: inline-block; width: 0px; overflow: hidden; line-height: 0;\" class=\"mce_SELRES_start\">\ufeff<\/span><span data-mce-type=\"bookmark\" style=\"display: inline-block; width: 0px; overflow: hidden; line-height: 0;\" class=\"mce_SELRES_start\"><span data-mce-type=\"bookmark\" style=\"display: inline-block; width: 0px; overflow: hidden; line-height: 0;\" class=\"mce_SELRES_start\">\ufeff<\/span>\ufeff<\/span><\/iframe>[\/vc_column_text][vc_column_text css=&#8221;&#8221;]<a href=\"https:\/\/paroquiavilarandorinho.pt\/wp-content\/uploads\/2026\/02\/Formacao-de-Leitores-2025-2026-Formacao-no-5.pdf\">Forma\u00e7\u00e3o de Leitores &#8211; 2025-2026 &#8211; Forma\u00e7\u00e3o n\u00ba 5<\/a>[\/vc_column_text][vc_column_text css=&#8221;&#8221;]<iframe loading=\"lazy\" src=\"https:\/\/paroquiavilarandorinho.pt\/wp-content\/uploads\/2026\/01\/Formacao-de-Leitores-2025-2026-Formacao-no-4.pdf\" width=\"100%\" height=\"800px\"><span data-mce-type=\"bookmark\" style=\"display: inline-block; width: 0px; overflow: hidden; line-height: 0;\" class=\"mce_SELRES_start\">\ufeff<\/span><span data-mce-type=\"bookmark\" style=\"display: inline-block; width: 0px; overflow: hidden; line-height: 0;\" class=\"mce_SELRES_start\">\ufeff<\/span><span data-mce-type=\"bookmark\" style=\"display: inline-block; width: 0px; overflow: hidden; line-height: 0;\" class=\"mce_SELRES_start\">\ufeff<\/span><span data-mce-type=\"bookmark\" style=\"display: inline-block; width: 0px; overflow: hidden; line-height: 0;\" class=\"mce_SELRES_start\">\ufeff<\/span><span data-mce-type=\"bookmark\" style=\"display: inline-block; width: 0px; overflow: hidden; line-height: 0;\" class=\"mce_SELRES_start\">\ufeff<\/span><span data-mce-type=\"bookmark\" style=\"display: inline-block; width: 0px; overflow: hidden; line-height: 0;\" class=\"mce_SELRES_start\">\ufeff<\/span><span data-mce-type=\"bookmark\" style=\"display: inline-block; width: 0px; overflow: hidden; line-height: 0;\" class=\"mce_SELRES_start\">\ufeff<\/span><span data-mce-type=\"bookmark\" style=\"display: inline-block; width: 0px; overflow: hidden; line-height: 0;\" class=\"mce_SELRES_start\"><span data-mce-type=\"bookmark\" style=\"display: inline-block; width: 0px; overflow: hidden; line-height: 0;\" class=\"mce_SELRES_start\">\ufeff<\/span>\ufeff<\/span><\/iframe>[\/vc_column_text][vc_column_text css=&#8221;&#8221;]<a href=\"https:\/\/paroquiavilarandorinho.pt\/wp-content\/uploads\/2026\/01\/Formacao-de-Leitores-2025-2026-Formacao-no-4.pdf\">Forma\u00e7\u00e3o de Leitores &#8211; 2025-2026 &#8211; Forma\u00e7\u00e3o n\u00ba 4<\/a>[\/vc_column_text][vc_column_text css=&#8221;&#8221;]<iframe loading=\"lazy\" src=\"https:\/\/paroquiavilarandorinho.pt\/wp-content\/uploads\/2025\/12\/Formacao-de-Leitores-2025-2026-Formacao-no-3.pdf\" width=\"100%\" height=\"800px\"><span data-mce-type=\"bookmark\" style=\"display: inline-block; width: 0px; overflow: hidden; line-height: 0;\" class=\"mce_SELRES_start\">\ufeff<\/span><span data-mce-type=\"bookmark\" style=\"display: inline-block; width: 0px; overflow: hidden; line-height: 0;\" class=\"mce_SELRES_start\">\ufeff<\/span><span data-mce-type=\"bookmark\" style=\"display: inline-block; width: 0px; overflow: hidden; line-height: 0;\" class=\"mce_SELRES_start\">\ufeff<\/span><span data-mce-type=\"bookmark\" style=\"display: inline-block; width: 0px; overflow: hidden; line-height: 0;\" class=\"mce_SELRES_start\">\ufeff<\/span><span data-mce-type=\"bookmark\" style=\"display: inline-block; width: 0px; overflow: hidden; line-height: 0;\" class=\"mce_SELRES_start\">\ufeff<\/span><span data-mce-type=\"bookmark\" style=\"display: inline-block; width: 0px; overflow: hidden; line-height: 0;\" class=\"mce_SELRES_start\">\ufeff<\/span><span data-mce-type=\"bookmark\" style=\"display: inline-block; width: 0px; overflow: hidden; line-height: 0;\" class=\"mce_SELRES_start\">\ufeff<\/span><span data-mce-type=\"bookmark\" style=\"display: inline-block; width: 0px; overflow: hidden; line-height: 0;\" class=\"mce_SELRES_start\"><span data-mce-type=\"bookmark\" style=\"display: inline-block; width: 0px; overflow: hidden; line-height: 0;\" class=\"mce_SELRES_start\">\ufeff<\/span>\ufeff<\/span><\/iframe>[\/vc_column_text][vc_column_text css=&#8221;&#8221;]<a href=\"https:\/\/paroquiavilarandorinho.pt\/wp-content\/uploads\/2025\/12\/Formacao-de-Leitores-2025-2026-Formacao-no-3.pdf\">Forma\u00e7\u00e3o de Leitores &#8211; 2025-2026 &#8211; Forma\u00e7\u00e3o n\u00ba 3<\/a>[\/vc_column_text][vc_column_text css=&#8221;&#8221;]<iframe loading=\"lazy\" src=\"https:\/\/paroquiavilarandorinho.pt\/wp-content\/uploads\/2025\/11\/Formacao-de-Leitores-2025-2026-Formacao-no-2.pdf\" width=\"100%\" height=\"800px\"><span data-mce-type=\"bookmark\" style=\"display: inline-block; width: 0px; overflow: hidden; line-height: 0;\" class=\"mce_SELRES_start\">\ufeff<\/span><span data-mce-type=\"bookmark\" style=\"display: inline-block; width: 0px; overflow: hidden; line-height: 0;\" class=\"mce_SELRES_start\">\ufeff<\/span><span data-mce-type=\"bookmark\" style=\"display: inline-block; width: 0px; overflow: hidden; line-height: 0;\" class=\"mce_SELRES_start\">\ufeff<\/span><span data-mce-type=\"bookmark\" style=\"display: inline-block; width: 0px; overflow: hidden; line-height: 0;\" class=\"mce_SELRES_start\">\ufeff<\/span><span data-mce-type=\"bookmark\" style=\"display: inline-block; width: 0px; overflow: hidden; line-height: 0;\" class=\"mce_SELRES_start\">\ufeff<\/span><span data-mce-type=\"bookmark\" style=\"display: inline-block; width: 0px; overflow: hidden; line-height: 0;\" class=\"mce_SELRES_start\">\ufeff<\/span><span data-mce-type=\"bookmark\" style=\"display: inline-block; width: 0px; overflow: hidden; line-height: 0;\" class=\"mce_SELRES_start\">\ufeff<\/span><span data-mce-type=\"bookmark\" style=\"display: inline-block; width: 0px; overflow: hidden; line-height: 0;\" class=\"mce_SELRES_start\"><span data-mce-type=\"bookmark\" style=\"display: inline-block; width: 0px; overflow: hidden; line-height: 0;\" class=\"mce_SELRES_start\">\ufeff<\/span>\ufeff<\/span><\/iframe>[\/vc_column_text][vc_column_text css=&#8221;&#8221;]<a href=\"https:\/\/paroquiavilarandorinho.pt\/wp-content\/uploads\/2025\/11\/Formacao-de-Leitores-2025-2026-Formacao-no-2.pdf\">Forma\u00e7\u00e3o de Leitores &#8211; 2025-2026 &#8211; Forma\u00e7\u00e3o n\u00ba 2<\/a>[\/vc_column_text][vc_column_text css=&#8221;&#8221;]<iframe loading=\"lazy\" src=\"https:\/\/paroquiavilarandorinho.pt\/wp-content\/uploads\/2025\/10\/Formacao-de-Leitores-2025-2026-Formacao-no-1.pdf\" width=\"100%\" height=\"800px\"><span data-mce-type=\"bookmark\" style=\"display: inline-block; width: 0px; overflow: hidden; line-height: 0;\" class=\"mce_SELRES_start\">\ufeff<\/span><span data-mce-type=\"bookmark\" style=\"display: inline-block; width: 0px; overflow: hidden; line-height: 0;\" class=\"mce_SELRES_start\">\ufeff<\/span><span data-mce-type=\"bookmark\" style=\"display: inline-block; width: 0px; overflow: hidden; line-height: 0;\" class=\"mce_SELRES_start\">\ufeff<\/span><span data-mce-type=\"bookmark\" style=\"display: inline-block; width: 0px; overflow: hidden; line-height: 0;\" class=\"mce_SELRES_start\">\ufeff<\/span><span data-mce-type=\"bookmark\" style=\"display: inline-block; width: 0px; overflow: hidden; line-height: 0;\" class=\"mce_SELRES_start\">\ufeff<\/span><span data-mce-type=\"bookmark\" style=\"display: inline-block; width: 0px; overflow: hidden; line-height: 0;\" class=\"mce_SELRES_start\">\ufeff<\/span><span data-mce-type=\"bookmark\" style=\"display: inline-block; width: 0px; overflow: hidden; line-height: 0;\" class=\"mce_SELRES_start\">\ufeff<\/span><span data-mce-type=\"bookmark\" style=\"display: inline-block; width: 0px; overflow: hidden; line-height: 0;\" class=\"mce_SELRES_start\"><span data-mce-type=\"bookmark\" style=\"display: inline-block; width: 0px; overflow: hidden; line-height: 0;\" class=\"mce_SELRES_start\">\ufeff<\/span>\ufeff<\/span><\/iframe>[\/vc_column_text][vc_column_text css=&#8221;&#8221;]<a href=\"https:\/\/paroquiavilarandorinho.pt\/wp-content\/uploads\/2025\/10\/Formacao-de-Leitores-2025-2026-Formacao-no-1.pdf\">Forma\u00e7\u00e3o de Leitores &#8211; 2025-2026 &#8211; Forma\u00e7\u00e3o n\u00ba 1<\/a>[\/vc_column_text][\/vc_column][\/vc_row][vc_row][vc_column][vc_empty_space height=&#8221;40px&#8221;][\/vc_column][\/vc_row]<\/p>\n<\/div>","protected":false},"excerpt":{"rendered":"<p>[vc_row content_placement=&#8221;middle&#8221; css=&#8221;.vc_custom_1540304086626{padding-top: 0px !important;}&#8221;][vc_column css=&#8221;.vc_custom_1540304338338{padding-right: 27px !important;padding-left: 27px !important;}&#8221;][vc_column_text css=&#8221;&#8221;]\ufeff\ufeff\ufeff\ufeff\ufeff\ufeff\ufeff\ufeff\ufeff[\/vc_column_text][vc_column_text css=&#8221;&#8221;]Forma\u00e7\u00e3o de Leitores &#8211; Forma\u00e7\u00e3o n\u00ba 6 &#8211; 2025-2026[\/vc_column_text][vc_column_text css=&#8221;&#8221;]\ufeff\ufeff\ufeff\ufeff\ufeff\ufeff\ufeff\ufeff\ufeff[\/vc_column_text][vc_column_text css=&#8221;&#8221;]Forma\u00e7\u00e3o de Leitores &#8211; 2025-2026 &#8211; Forma\u00e7\u00e3o n\u00ba 5[\/vc_column_text][vc_column_text [&hellip;]<\/p>\n","protected":false},"author":2,"featured_media":0,"parent":0,"menu_order":0,"comment_status":"closed","ping_status":"closed","template":"","meta":{"_acf_changed":false,"rs_blank_template":"","rs_page_bg_color":"","slide_template_v7":"","footnotes":""},"class_list":["post-16111","page","type-page","status-publish","hentry"],"acf":[],"_links":{"self":[{"href":"https:\/\/paroquiavilarandorinho.pt\/index.php?rest_route=\/wp\/v2\/pages\/16111","targetHints":{"allow":["GET"]}}],"collection":[{"href":"https:\/\/paroquiavilarandorinho.pt\/index.php?rest_route=\/wp\/v2\/pages"}],"about":[{"href":"https:\/\/paroquiavilarandorinho.pt\/index.php?rest_route=\/wp\/v2\/types\/page"}],"author":[{"embeddable":true,"href":"https:\/\/paroquiavilarandorinho.pt\/index.php?rest_route=\/wp\/v2\/users\/2"}],"replies":[{"embeddable":true,"href":"https:\/\/paroquiavilarandorinho.pt\/index.php?rest_route=%2Fwp%2Fv2%2Fcomments&post=16111"}],"version-history":[{"count":8,"href":"https:\/\/paroquiavilarandorinho.pt\/index.php?rest_route=\/wp\/v2\/pages\/16111\/revisions"}],"predecessor-version":[{"id":16864,"href":"https:\/\/paroquiavilarandorinho.pt\/index.php?rest_route=\/wp\/v2\/pages\/16111\/revisions\/16864"}],"wp:attachment":[{"href":"https:\/\/paroquiavilarandorinho.pt\/index.php?rest_route=%2Fwp%2Fv2%2Fmedia&parent=16111"}],"curies":[{"name":"wp","href":"https:\/\/api.w.org\/{rel}","templated":true}]}}