{"id":504,"date":"2018-07-16T13:58:14","date_gmt":"2018-07-16T13:58:14","guid":{"rendered":"https:\/\/velikorodnov.com\/dev\/devchurhius\/?page_id=504"},"modified":"2025-09-15T11:37:27","modified_gmt":"2025-09-15T10:37:27","slug":"contactos","status":"publish","type":"page","link":"https:\/\/paroquiavilarandorinho.pt\/?page_id=504","title":{"rendered":"Contactos"},"content":{"rendered":"<div class=\"wpb-content-wrapper\"><p>[vc_row full_width=&#8221;stretch_row&#8221; css=&#8221;.vc_custom_1594916391178{margin-bottom: 0px !important;padding-top: 80px !important;padding-bottom: 25px !important;}&#8221;][vc_column width=&#8221;1\/3&#8243;][vc_row_inner][vc_column_inner][vc_custom_heading text=&#8221;Secretaria Paroquial&#8221; font_container=&#8221;tag:h5|text_align:left|color:%232d89b8&#8243;][vc_column_text]<\/p>\n<p style=\"text-align: left;\">Rua Padre Maia, 55<br \/>\n4430-479 VILAR DE ANDORINHO<br \/>\n<strong>Telefone:<\/strong> 227820421<br \/>\n<strong>Email:<\/strong> <a href=\"mailto:secretariaparoquial@paroquiavilarandorinho.pt\">secretariaparoquial@paroquiavilarandorinho.pt<\/a><u><br \/>\n<\/u><strong>IBAN: <\/strong>PT50 0018 2104 0340 9137 0201 7<br \/>\n<strong>NIF:<\/strong> 502 451 130<\/p>\n<p>[\/vc_column_text][\/vc_column_inner][\/vc_row_inner][\/vc_column][vc_column width=&#8221;1\/3&#8243;][vc_custom_heading text=&#8221;P\u00e1roco&#8221; font_container=&#8221;tag:h5|text_align:left|color:%232d89b8&#8243;][vc_column_text css=&#8221;&#8221;]<\/p>\n<p style=\"text-align: left;\"><strong>Vasco Alexandre Domingues Soeiro<\/strong><br \/>\nRua Padre Maia, 55<br \/>\n4430-479 VILAR DE ANDORINHO<br \/>\n<strong>Coordenadas GPS:<\/strong>\u00a0N 41.10523\u00ba W 8.57221\u00ba<br \/>\n<strong>Telem\u00f3vel:<\/strong> 934 575 879<br \/>\n<strong>Email:<\/strong> <a href=\"mailto:secretariaparoquial@paroquiavilarandorinho.pt\">secretariaparoquial@paroquiavilarandorinho.pt<\/a><\/p>\n<p>[\/vc_column_text][\/vc_column][vc_column width=&#8221;1\/3&#8243;][vc_custom_heading text=&#8221;Igreja Matriz&#8221; font_container=&#8221;tag:h5|text_align:left|color:%232d89b8&#8243;][vc_column_text]Praceta Escultor Alves de Sousa, n\u00ba 10<br \/>\n4430-247 Vilar de Andorinho<\/p>\n<p><strong>Avelino Gon\u00e7alves<\/strong><br \/>\n<strong>Telem\u00f3vel:<\/strong> 933\u00a0826 899<br \/>\n<strong>Coordenadas GPS<\/strong>:\u00a041\u00b06&#8217;16&#8243;N \u00a0 8\u00b034&#8217;22&#8243;W[\/vc_column_text][\/vc_column][\/vc_row][vc_row full_width=&#8221;stretch_row&#8221; css=&#8221;.vc_custom_1594916381947{margin-bottom: 0px !important;padding-top: 25px !important;padding-bottom: 25px !important;}&#8221;][vc_column][vc_row_inner][vc_column_inner width=&#8221;1\/3&#8243;][vc_custom_heading text=&#8221;Capela Nossa Senhora M\u00e3e dos Crist\u00e3os&#8221; font_container=&#8221;tag:h5|text_align:left|color:%232d89b8&#8243;][vc_column_text]Rua Her\u00f3is do Ultramar, n\u00ba 2061<br \/>\n4430-431 Vilar de Andorinho<\/p>\n<p><strong>Ana Maria Rocha &#8211; <\/strong><strong>Telem\u00f3vel:<\/strong> 962 610 751<br \/>\n<strong>Margarida Martins &#8211; <\/strong><strong>Telem\u00f3vel:<\/strong> 931 849 669[\/vc_column_text][\/vc_column_inner][vc_column_inner width=&#8221;1\/3&#8243;][vc_custom_heading text=&#8221;Igreja da Sagrada Fam\u00edlia&#8221; font_container=&#8221;tag:h5|text_align:left|color:%232d89b8&#8243;][vc_column_text]Rua Padre Joaquim Faria<br \/>\n4430-625 Vilar de Andorinho<\/p>\n<p><strong>Fernanda Xavier<br \/>\n<\/strong><strong>Telem\u00f3vel:<\/strong> 916 862 678[\/vc_column_text][\/vc_column_inner][vc_column_inner width=&#8221;1\/3&#8243;][vc_custom_heading text=&#8221;Capela de S\u00e3o Louren\u00e7o&#8221; font_container=&#8221;tag:h5|text_align:left|color:%232d89b8&#8243;][vc_column_text]Rua de S\u00e3o Louren\u00e7o, 1135<br \/>\n4430-533 VILAR DE ANDORINHO<br \/>\n<strong>Coordenadas GPS:<\/strong> 41\u00b05\u203222\u2033N 8\u00b034\u203217\u2033W[\/vc_column_text][\/vc_column_inner][\/vc_row_inner][\/vc_column][\/vc_row][vc_row full_width=&#8221;stretch_row&#8221; css=&#8221;.vc_custom_1594916501533{margin-bottom: 0px !important;padding-top: 25px !important;padding-bottom: 25px !important;}&#8221;][vc_column][vc_row_inner][vc_column_inner width=&#8221;1\/3&#8243;][vc_custom_heading text=&#8221;Capela Nossa Senhora da Paz&#8221; font_container=&#8221;tag:h5|text_align:left|color:%232d89b8&#8243;][vc_column_text]Rua da Serpente,<br \/>\n4430-233 VILAR DE ANDORINHO[\/vc_column_text][\/vc_column_inner][vc_column_inner width=&#8221;1\/3&#8243;][vc_custom_heading text=&#8221;Administra\u00e7\u00e3o da p\u00e1gina par\u00f3quia&#8221; font_container=&#8221;tag:h5|text_align:left|color:%232d89b8&#8243;][vc_column_text]Rua Padre Maia, 55<br \/>\n4430-479 Vilar de Andorinho<br \/>\n<strong>Email:<\/strong> <a href=\"mailto:administradorsite@paroquiavilarandorinho.pt\">administradorsite@paroquiavilarandorinho.pt<\/a>[\/vc_column_text][\/vc_column_inner][vc_column_inner width=&#8221;1\/3&#8243;][vc_custom_heading text=&#8221;A Fonte&#8221; font_container=&#8221;tag:h5|text_align:left|color:%232d89b8&#8243;][vc_column_text]<strong>Email:<\/strong> <a href=\"mailto:divinosalvador@sapo.pt\">divinosalvador@sapo.pt<\/a>[\/vc_column_text][\/vc_column_inner][\/vc_row_inner][\/vc_column][\/vc_row][vc_row full_width=&#8221;stretch_row&#8221; css=&#8221;.vc_custom_1594916501533{margin-bottom: 0px !important;padding-top: 25px !important;padding-bottom: 25px !important;}&#8221;][vc_column][vc_row_inner][vc_column_inner width=&#8221;1\/3&#8243;][vc_custom_heading text=&#8221;Links \u00dateis&#8221; font_container=&#8221;tag:h5|text_align:left|color:%232d89b8&#8243;][vc_column_text]<a href=\"https:\/\/pt-pt.facebook.com\/ParoquiaVilarAndorinho\" target=\"_blank\" rel=\"noopener noreferrer\">Facebook da Par\u00f3quia<\/a><br \/>\n<a href=\"http:\/\/www.cspvilarandorinho.pt\" target=\"_blank\" rel=\"noopener noreferrer\">P\u00e1gina web do CSPVA<\/a><br \/>\n<a href=\"http:\/\/www.diocese-porto.pt\" target=\"_blank\" rel=\"noopener noreferrer\">P\u00e1gina web da Diocese<\/a><br \/>\n<a href=\"http:\/\/www.vatican.va\" target=\"_blank\" rel=\"noopener noreferrer\">P\u00e1gina web do Vaticano<\/a><br \/>\n<a href=\"https:\/\/pt-pt.facebook.com\/JuntadeFreguesiadeVilardeAndorinho\/\" target=\"_blank\" rel=\"noopener noreferrer\">Facebook da junta de freguesia<\/a>[\/vc_column_text][\/vc_column_inner][vc_column_inner width=&#8221;1\/3&#8243;][\/vc_column_inner][vc_column_inner width=&#8221;1\/3&#8243;][\/vc_column_inner][\/vc_row_inner][\/vc_column][\/vc_row][vc_row][vc_column width=&#8221;1\/6&#8243;][\/vc_column][vc_column width=&#8221;2\/3&#8243;][vc_custom_heading text=&#8221;Envie-nos uma mensagem&#8221; font_container=&#8221;tag:h4|text_align:center&#8221;]\n<div class=\"wpcf7 no-js\" id=\"wpcf7-f6124-o1\" lang=\"en-US\" dir=\"ltr\" data-wpcf7-id=\"6124\">\n<div class=\"screen-reader-response\"><p role=\"status\" aria-live=\"polite\" aria-atomic=\"true\"><\/p> <ul><\/ul><\/div>\n<form action=\"\/index.php?rest_route=%2Fwp%2Fv2%2Fpages%2F504#wpcf7-f6124-o1\" method=\"post\" class=\"wpcf7-form init\" aria-label=\"Contact form\" novalidate=\"novalidate\" data-status=\"init\">\n<fieldset class=\"hidden-fields-container\"><input type=\"hidden\" name=\"_wpcf7\" value=\"6124\" \/><input type=\"hidden\" name=\"_wpcf7_version\" value=\"6.1.5\" \/><input type=\"hidden\" name=\"_wpcf7_locale\" value=\"en_US\" \/><input type=\"hidden\" name=\"_wpcf7_unit_tag\" value=\"wpcf7-f6124-o1\" \/><input type=\"hidden\" name=\"_wpcf7_container_post\" value=\"0\" \/><input type=\"hidden\" name=\"_wpcf7_posted_data_hash\" value=\"\" \/><input type=\"hidden\" name=\"_wpcf7_recaptcha_response\" value=\"\" \/>\n<\/fieldset>\n<p><label> Nome *<br \/>\n<span class=\"wpcf7-form-control-wrap\" data-name=\"your-name\"><input size=\"40\" maxlength=\"400\" class=\"wpcf7-form-control wpcf7-text wpcf7-validates-as-required\" aria-required=\"true\" aria-invalid=\"false\" value=\"\" type=\"text\" name=\"your-name\" \/><\/span> <\/label>\n<\/p>\n<p><label> E-mail *<br \/>\n<span class=\"wpcf7-form-control-wrap\" data-name=\"your-email\"><input size=\"40\" maxlength=\"400\" class=\"wpcf7-form-control wpcf7-email wpcf7-validates-as-required wpcf7-text wpcf7-validates-as-email\" aria-required=\"true\" aria-invalid=\"false\" value=\"\" type=\"email\" name=\"your-email\" \/><\/span> <\/label>\n<\/p>\n<p><label> Menssagem<br \/>\n<span class=\"wpcf7-form-control-wrap\" data-name=\"your-message\"><textarea cols=\"40\" rows=\"10\" maxlength=\"2000\" class=\"wpcf7-form-control wpcf7-textarea\" aria-invalid=\"false\" name=\"your-message\"><\/textarea><\/span> <\/label>\n<\/p>\n<p><label style=\"font-size:11px;\">Formul\u00e1rio protegido por <a href=\"https:\/\/www.google.com\/recaptcha\/about\/\" target=\"_blank\">Google reCaptcha<\/a><\/label>\n<\/p>\n<p><input class=\"wpcf7-form-control wpcf7-submit has-spinner\" type=\"submit\" value=\"Enviar\" \/>\n<\/p><div class=\"wpcf7-response-output\" aria-hidden=\"true\"><\/div>\n<\/form>\n<\/div>\n[\/vc_column][vc_column width=&#8221;1\/6&#8243;][\/vc_column][\/vc_row][vc_row][vc_column][vc_empty_space][\/vc_column][\/vc_row]<\/p>\n<\/div>","protected":false},"excerpt":{"rendered":"<p>[vc_row full_width=&#8221;stretch_row&#8221; css=&#8221;.vc_custom_1594916391178{margin-bottom: 0px !important;padding-top: 80px !important;padding-bottom: 25px !important;}&#8221;][vc_column width=&#8221;1\/3&#8243;][vc_row_inner][vc_column_inner][vc_custom_heading text=&#8221;Secretaria Paroquial&#8221; font_container=&#8221;tag:h5|text_align:left|color:%232d89b8&#8243;][vc_column_text] Rua Padre Maia, 55 4430-479 VILAR DE ANDORINHO Telefone: 227820421 Email: secretariaparoquial@paroquiavilarandorinho.pt IBAN: PT50 0018 2104 0340 [&hellip;]<\/p>\n","protected":false},"author":1,"featured_media":0,"parent":0,"menu_order":0,"comment_status":"closed","ping_status":"closed","template":"","meta":{"_acf_changed":false,"rs_blank_template":"","rs_page_bg_color":"","slide_template_v7":"","footnotes":""},"class_list":["post-504","page","type-page","status-publish","hentry"],"acf":[],"_links":{"self":[{"href":"https:\/\/paroquiavilarandorinho.pt\/index.php?rest_route=\/wp\/v2\/pages\/504","targetHints":{"allow":["GET"]}}],"collection":[{"href":"https:\/\/paroquiavilarandorinho.pt\/index.php?rest_route=\/wp\/v2\/pages"}],"about":[{"href":"https:\/\/paroquiavilarandorinho.pt\/index.php?rest_route=\/wp\/v2\/types\/page"}],"author":[{"embeddable":true,"href":"https:\/\/paroquiavilarandorinho.pt\/index.php?rest_route=\/wp\/v2\/users\/1"}],"replies":[{"embeddable":true,"href":"https:\/\/paroquiavilarandorinho.pt\/index.php?rest_route=%2Fwp%2Fv2%2Fcomments&post=504"}],"version-history":[{"count":56,"href":"https:\/\/paroquiavilarandorinho.pt\/index.php?rest_route=\/wp\/v2\/pages\/504\/revisions"}],"predecessor-version":[{"id":15860,"href":"https:\/\/paroquiavilarandorinho.pt\/index.php?rest_route=\/wp\/v2\/pages\/504\/revisions\/15860"}],"wp:attachment":[{"href":"https:\/\/paroquiavilarandorinho.pt\/index.php?rest_route=%2Fwp%2Fv2%2Fmedia&parent=504"}],"curies":[{"name":"wp","href":"https:\/\/api.w.org\/{rel}","templated":true}]}}