{"id":6263,"date":"2020-07-06T08:53:08","date_gmt":"2020-07-06T08:53:08","guid":{"rendered":"https:\/\/paroquiavilarandorinho.pt\/?page_id=6263"},"modified":"2025-09-15T11:12:43","modified_gmt":"2025-09-15T10:12:43","slug":"o-paroco","status":"publish","type":"page","link":"https:\/\/paroquiavilarandorinho.pt\/?page_id=6263","title":{"rendered":"O P\u00e1roco"},"content":{"rendered":"<div class=\"wpb-content-wrapper\"><p>[vc_row content_placement=&#8221;middle&#8221; css=&#8221;.vc_custom_1540304086626{padding-top: 0px !important;}&#8221;][vc_column css=&#8221;.vc_custom_1540304338338{padding-right: 27px !important;padding-left: 27px !important;}&#8221;][vc_custom_heading text=&#8221;Vasco Alexandre Domingues Soeiro&#8221; font_container=&#8221;tag:h3|text_align:center&#8221;][vc_row_inner css=&#8221;.vc_custom_1543577196674{margin-bottom: 47px !important;}&#8221;][vc_column_inner][vc_column_text css=&#8221;&#8221;]<\/p>\n<p style=\"text-align: justify;\"><img loading=\"lazy\" decoding=\"async\" class=\"size-full wp-image-15822 alignleft\" src=\"https:\/\/paroquiavilarandorinho.pt\/wp-content\/uploads\/2025\/09\/pe_vasco_soeiro.jpg\" alt=\"\" width=\"300\" height=\"225\" \/><\/p>\n<p style=\"text-align: justify;\">Vasco Soeiro nasceu na Madalena, Gaia, em 1976. Iniciou o estudo da m\u00fasica sacra colaborando nas celebra\u00e7\u00f5es eucar\u00edsticas. Prosseguiu os estudos, a partir de 1997, na Escola Diocesana de Minist\u00e9rios Laicais do Porto, tendo frequentado o curso de M\u00fasica Lit\u00fargica na classe de \u00d3rg\u00e3o, sob orienta\u00e7\u00e3o de Ant\u00f3nio M\u00e1rio Costa.<\/p>\n<p style=\"text-align: justify;\">Posteriormente frequentou o curso de \u00d3rg\u00e3o do III\u00a0Curso Nacional de M\u00fasica Lit\u00fargica\u00a0(2003-2006), tendo sido orientado por Filipe Ver\u00edssimo, Ant\u00f3nio Esteireiro e Ant\u00f3nio M\u00e1rio Costa, nas disciplinas de \u00f3rg\u00e3o literatura e \u00f3rg\u00e3o lit\u00fargico. Durante o curso participou numa classe de aperfei\u00e7oamento com o organista Luca Antoniotti (professor na Escola das Artes \u2013 Universidade Cat\u00f3lica do Porto).<\/p>\n<p style=\"text-align: justify;\">Em 2005 ingressou na\u00a0Universidade de Aveiro, no curso de M\u00fasica, estudando \u00d3rg\u00e3o com Domingos Peixoto e Edite Rocha. Em Setembro de 2006 participou numa masterclass em Lisboa com o organista titular de Saint Sulpice (Fran\u00e7a), Daniel Roth. Em Julho de 2008 participou na 43\u00aa Academia Internacional de Ver\u00e3o de \u00d3rg\u00e3o em Haarlem, na Holanda, tendo frequentado o curso de m\u00fasica antiga com Bernard Winsemius. Depois de conclu\u00edda a licenciatura obteve o grau de mestre em performance em \u00f3rg\u00e3o.<\/p>\n<p style=\"text-align: justify;\">Foi organista na Igreja da Lapa no Porto, desempenhando tamb\u00e9m as fun\u00e7\u00f5es de diretor de assembleia e coro, e elemento efetivo do coro da S\u00e9 Catedral do Porto, com o qual participou regularmente, como cantor, em v\u00e1rios concertos.<\/p>\n<p style=\"text-align: justify;\">Foi professor de \u00f3rg\u00e3o na Academia de M\u00fasica de Pa\u00e7os de Brand\u00e3o e na Escola de M\u00fasica de Perosinho.<\/p>\n<p style=\"text-align: justify;\">Participou na audi\u00e7\u00e3o integral da obra organ\u00edstica de Buxtehude, promovida pela AMPO &#8211; Associa\u00e7\u00e3o Musical Pro Organo em 2007, bem como noutros recitais organizados pela mesma associa\u00e7\u00e3o. Em 2008 participou no \u201c43rd International Summer Academy for Organist\u201d em Haarlem, na Holanda, tendo frequentado o curso de m\u00fasica antiga com Bernard Winsemius, e participou tamb\u00e9m no dia ECHO do Festival Internacional de \u00d3rg\u00e3o e Lisboa na Igreja Evang\u00e9lica Alem\u00e3.<\/p>\n<p style=\"text-align: justify;\">Depois de longo amadurecimento e discernimento vocacional, foi admitido no Semin\u00e1rio Maior do Porto,\u00a0tendo conclu\u00eddo o Mestrado em Teologia.<\/p>\n<p style=\"text-align: justify;\">A 9 de julho de 2017 foi ordenado di\u00e1cono na Catedral do Porto, tendo assumido a leciona\u00e7\u00e3o de \u00f3rg\u00e3o e maestro do coro, no Semin\u00e1rio Maior de Nossa Senhora da Concei\u00e7\u00e3o do Porto.<\/p>\n<p style=\"text-align: justify;\">Foi ordenado presb\u00edtero no dia 8 de julho de 2018 na Catedral do Porto, tendo sido nomeado Prefeito do Semin\u00e1rio do Bom Pastor e respons\u00e1vel pela m\u00fasica no Semin\u00e1rio do bom Pastor e de Nossa Senhora da Concei\u00e7\u00e3o do Porto.<\/p>\n<p style=\"text-align: justify;\">Em 2019 foi nomeado Prefeito da Equipa Formadora do Semin\u00e1rio Maior de Nossa Senhora da Concei\u00e7\u00e3o, acumulando com a paroquialidade de Santa Maria de Nogueira e de Santa Maria de Silva Escura, na Maia, mantendo a responsabilidade da forma\u00e7\u00e3o m\u00fasica no Semin\u00e1rio Maior de Nossa Senhora da Concei\u00e7\u00e3o do Porto.<\/p>\n<p style=\"text-align: justify;\">Em 2020 foi dispensado das par\u00f3quias de Santa Maria de Nogueira e de Santa Maria de Silva Escura, ficando totalmente dedicado \u00e0 forma\u00e7\u00e3o no Semin\u00e1rio Maior de Nossa Senhora da Concei\u00e7\u00e3o do Porto.<\/p>\n<p style=\"text-align: justify;\">Em janeiro de 2023 foi nomeado Reitor do Santu\u00e1rio Diocesano do Monte da Virgem Imaculada, acumulando com as fun\u00e7\u00f5es de Prefeito do Semin\u00e1rio Maior de Nossa Senhora da Concei\u00e7\u00e3o do Porto.<\/p>\n<p style=\"text-align: justify;\">Ap\u00f3s 5 anos dedicados \u00e0 forma\u00e7\u00e3o nos semin\u00e1rios, foi dispensado do m\u00fanus de Prefeito do Semin\u00e1rio Maior de Nossa Senhora da Concei\u00e7\u00e3o do Porto, assumiu uma miss\u00e3o como Adjunto do Ec\u00f3nomo Diocesano do Porto, acumulando com o m\u00fanus pastoral do Santu\u00e1rio Diocesano do Monte da Virgem Imaculada.<\/p>\n<p style=\"text-align: justify;\">A 14 de setembro de 2025, o P.e Vasco Soeiro inicia uma nova etapa da sua vida entregue na miss\u00e3o da Diocese do Porto, tendo sido nomeado para p\u00e1roco do Divino Salvador de Vilar de Andorinho, acumulando com a reitoria do Santu\u00e1rio Diocesano do Monte da Virgem Imaculada.<\/p>\n<p>[\/vc_column_text][\/vc_column_inner][\/vc_row_inner][\/vc_column][\/vc_row]<\/p>\n<\/div>","protected":false},"excerpt":{"rendered":"<p>[vc_row content_placement=&#8221;middle&#8221; css=&#8221;.vc_custom_1540304086626{padding-top: 0px !important;}&#8221;][vc_column css=&#8221;.vc_custom_1540304338338{padding-right: 27px !important;padding-left: 27px !important;}&#8221;][vc_custom_heading text=&#8221;Vasco Alexandre Domingues Soeiro&#8221; font_container=&#8221;tag:h3|text_align:center&#8221;][vc_row_inner css=&#8221;.vc_custom_1543577196674{margin-bottom: 47px !important;}&#8221;][vc_column_inner][vc_column_text css=&#8221;&#8221;] Vasco Soeiro nasceu na Madalena, Gaia, em 1976. Iniciou o estudo [&hellip;]<\/p>\n","protected":false},"author":1,"featured_media":0,"parent":0,"menu_order":0,"comment_status":"closed","ping_status":"closed","template":"","meta":{"_acf_changed":false,"rs_blank_template":"","rs_page_bg_color":"","slide_template_v7":"","footnotes":""},"class_list":["post-6263","page","type-page","status-publish","hentry"],"acf":[],"_links":{"self":[{"href":"https:\/\/paroquiavilarandorinho.pt\/index.php?rest_route=\/wp\/v2\/pages\/6263","targetHints":{"allow":["GET"]}}],"collection":[{"href":"https:\/\/paroquiavilarandorinho.pt\/index.php?rest_route=\/wp\/v2\/pages"}],"about":[{"href":"https:\/\/paroquiavilarandorinho.pt\/index.php?rest_route=\/wp\/v2\/types\/page"}],"author":[{"embeddable":true,"href":"https:\/\/paroquiavilarandorinho.pt\/index.php?rest_route=\/wp\/v2\/users\/1"}],"replies":[{"embeddable":true,"href":"https:\/\/paroquiavilarandorinho.pt\/index.php?rest_route=%2Fwp%2Fv2%2Fcomments&post=6263"}],"version-history":[{"count":13,"href":"https:\/\/paroquiavilarandorinho.pt\/index.php?rest_route=\/wp\/v2\/pages\/6263\/revisions"}],"predecessor-version":[{"id":15848,"href":"https:\/\/paroquiavilarandorinho.pt\/index.php?rest_route=\/wp\/v2\/pages\/6263\/revisions\/15848"}],"wp:attachment":[{"href":"https:\/\/paroquiavilarandorinho.pt\/index.php?rest_route=%2Fwp%2Fv2%2Fmedia&parent=6263"}],"curies":[{"name":"wp","href":"https:\/\/api.w.org\/{rel}","templated":true}]}}