{"id":6279,"date":"2020-07-06T09:23:28","date_gmt":"2020-07-06T09:23:28","guid":{"rendered":"https:\/\/paroquiavilarandorinho.pt\/?page_id=6279"},"modified":"2020-07-21T11:33:27","modified_gmt":"2020-07-21T10:33:27","slug":"apresentacao_leitores","status":"publish","type":"page","link":"https:\/\/paroquiavilarandorinho.pt\/?page_id=6279","title":{"rendered":"Apresenta\u00e7\u00e3o"},"content":{"rendered":"<div class=\"wpb-content-wrapper\"><p>[vc_row content_placement=&#8221;middle&#8221; css=&#8221;.vc_custom_1540304086626{padding-top: 0px !important;}&#8221;][vc_column css=&#8221;.vc_custom_1540304338338{padding-right: 27px !important;padding-left: 27px !important;}&#8221;][vc_row_inner css=&#8221;.vc_custom_1543577196674{margin-bottom: 47px !important;}&#8221;][vc_column_inner][vc_column_text]<\/p>\n<h4>MINIST\u00c9RIO DO LEITOR NA LITURGIA<\/h4>\n<p>A leitura dos textos b\u00edblicos \u00e9 diferente da leitura p\u00fablica corrente. \u00c9 que o leitor n\u00e3o diz a sua palavra, mas a de Deus. <em>Escrevia D. Bonh\u00f6fer:<\/em><\/p>\n<p>\u201cBem depressa nos aperceberemos de que n\u00e3o \u00e9\u00a0 f\u00e1cil ler a B\u00edblia aos outros. Quanto mais a atitude interior perante o texto for de despojamento, humildade, objectividade, mais adequada ser\u00e1 a leitura&#8230; Uma regra que se deve observar para ler bem um texto b\u00edblico, \u00e9 nunca se identificar como o \u201ceu\u201d que l\u00e1 se exprime. N\u00e3o sou eu que me irrito, que consolo, que exorto, mas Deus. Por certo que da\u00ed n\u00e3o resultar\u00e1 que eu leia o texto num tom mon\u00f3tono e indiferente; pelo contr\u00e1rio, f\u00e1-lo-ei sentindo-me eu pr\u00f3prio interiormente comprometido e interpelado. Mas a diferen\u00e7a entre uma boa e uma m\u00e1 leitura surgir\u00e1 quando, em vez de tomar o lugar de Deus, eu aceitar muito simplesmente servi-Lo.\u201d<\/p>\n<p>\u00c9 por isso que as Igrejas orientais mandam cantar sempre as leituras.<\/p>\n<p>A Liturgia da Palavra \u00e9 uma celebra\u00e7\u00e3o. \u00c9 necess\u00e1rio, pois, que se note que celebramos a Palavra, como depois celebramos a Eucaristia.<\/p>\n<p>Assim, n\u00e3o \u00e9 nem um momento de leituras atropeladas que se colocam antes da homilia e da celebra\u00e7\u00e3o eucar\u00edstica; nem uma reuni\u00e3o de instru\u00e7\u00e3o ou de discuss\u00e3o que, depois, concluir\u00e1 com os ritos eucar\u00edsticos (que ficar\u00e3o, assim, desvalorizados, porque n\u00e3o s\u00e3o t\u00e3o &#8220;instrutivos&#8221;).<\/p>\n<p>Fazer de leitor \u00e9 um servi\u00e7o importante dentro da assembleia. Os que o realizam devem estar conscientes disso e viver a alegria e, ao mesmo tempo, a responsabilidade de ser os que tornar\u00e3o poss\u00edvel que a assembleia receba e celebre aquela Palavra com a qual Deus fala aos seus fi\u00e9is, aqueles textos que s\u00e3o como que textos constituintes da f\u00e9.<\/p>\n<p><strong>Algumas sugest\u00f5es para exercer bem o minist\u00e9rio de leitor nas celebra\u00e7\u00f5es lit\u00fargicas.<\/strong><\/p>\n<ol>\n<li><strong>Preparar a leitura<br \/>\n<\/strong><\/p>\n<ol style=\"list-style-type: upper-alpha;\">\n<li><em style=\"color: #5d5c5c;\"><strong>Conhecer e compreender o texto<br \/>\n<\/strong><\/em>Compreender o sentido do texto, captar a sua estrutura, as suas articula\u00e7\u00f5es, os seus pontos mais altos, a sua vivacidade.<br \/>\n&#8211; Quem fala no texto? A quem fala? Sobre qu\u00ea? Com que finalidade?<br \/>\n&#8211; De que g\u00e9nero de texto se trata? Um relato? Uma exorta\u00e7\u00e3o? Um di\u00e1logo? Uma ora\u00e7\u00e3o? Uma censura?<br \/>\n&#8211; O que sentem as personagens que aparecem no texto?<br \/>\n&#8211; H\u00e1 palavras dif\u00edceis de compreender? Que significam?<br \/>\n&#8211; O texto \u00e9 divis\u00edvel em partes? Onde come\u00e7a e acaba cada parte?<\/li>\n<li><em style=\"color: #5d5c5c;\"><strong>Preparar uma leitura expressiva<br \/>\n<\/strong><\/em>Ver que entoa\u00e7\u00e3o se deve dar a cada frase, quais s\u00e3o as frases que se devem ressaltar, onde est\u00e3o os pontos e as v\u00edrgulas, qual a pontua\u00e7\u00e3o do texto.<br \/>\n&#8211; Quais as palavras mais importantes e as express\u00f5es ou frases principais que importa sublinhar?<br \/>\n&#8211; Onde fazer pausa, breve ou prolongada?<br \/>\n&#8211; Onde evitar a pausa?<br \/>\n&#8211; Qual o tom de voz (ou tons de voz) adequado ao texto?<br \/>\n&#8211; Qual o ritmo (as acentua\u00e7\u00f5es, os encadeamentos) e o movimento (acelerado, r\u00e1pido, espa\u00e7ado, lento) que se deve usar, no texto ou nas partes?<\/li>\n<li><em style=\"color: #5d5c5c;\"><strong>Ler o texto em voz alta<\/strong><br \/>\n<\/em>&#8211; Ler o texto antes, em voz alta e v\u00e1rias vezes, com exerc\u00edcios parcelares e com o texto completo.<br \/>\n&#8211; Identificar as armadilhas fon\u00e9ticas, em que palavras se poder\u00e1 trope\u00e7ar, etc.<br \/>\n&#8211; Articular e pronunciar bem cada palavra e cada s\u00edlaba; n\u00e3o negligenciar as consoantes.<br \/>\n&#8211; N\u00e3o deixar cair demasiado o tom de voz, mesmo nos pontos finais. O ponto final \u00e9 no fim\u2026<\/li>\n<\/ol>\n<\/li>\n<\/ol>\n<ol>\n<li style=\"list-style-type: none;\"><\/li>\n<li><strong>Tarefa do leitor: exprimir os sentimentos do autor e das personagens<br \/>\n<\/strong>&#8211; A celebra\u00e7\u00e3o lit\u00fargica actualiza a palavra. O texto escrito torna-se palavra viva hoje, naquele lugar e para aquela assembleia. &#8220;Deus fala hoje ao seu povo&#8221;.\u00a0 \u00c9 importante conhecer o texto e tamb\u00e9m conhecer o contexto da celebra\u00e7\u00e3o.<br \/>\n&#8211; N\u00e3o se trata de dramatizar, ou melhor dito, de criar uma ilus\u00e3o, mas de reproduzir ou tornar vivos um texto e um acontecimento. N\u00e3o se trata de atrair a aten\u00e7\u00e3o para a pessoa do leitor, mas para a palavra e ac\u00e7\u00e3o divinas.<br \/>\n&#8211; O leitor tem a responsabilidade de, usando os seus dotes orat\u00f3rios, a sua t\u00e9cnica refinada e a sua arte de dizer, promover o encontro vital e a comunh\u00e3o entre Deus que fala e os ouvintes.<\/li>\n<li><strong>Examinar alguns pormenores antes da celebra\u00e7\u00e3o<br \/>\n<\/strong>&#8211; O Leccion\u00e1rio est\u00e1 no amb\u00e3o? Est\u00e1 aberto na p\u00e1gina pr\u00f3pria?<br \/>\n&#8211; O microfone est\u00e1 ligado? O volume, o tom e a altura est\u00e3o correctos? Evite-se o seu ajuste durante a celebra\u00e7\u00e3o, mediante o sopro ou os dois toques de dedos da praxe\u2026<br \/>\n&#8211; A que dist\u00e2ncia deve estar a boca para que a voz seja aud\u00edvel e expressiva?<\/li>\n<li><strong>Saber deslocar-se para o amb\u00e3o<br \/>\n<\/strong>&#8211; Situar-se, desde o come\u00e7o da celebra\u00e7\u00e3o, num lugar n\u00e3o muito afastado do amb\u00e3o. Saber se h\u00e1 lugares previstos para os leitores. Tentar n\u00e3o vir de um lugar distante da igreja.<br \/>\n&#8211; N\u00e3o avan\u00e7ar para o amb\u00e3o antes de estar conclu\u00eddo o que precede cada leitura (ora\u00e7\u00e3o, canto, admoni\u00e7\u00e3o). N\u00e3o aproximar-se do amb\u00e3o quando se est\u00e1 a dizer ou a cantar outra coisa..<br \/>\n&#8211; Caminhar com um passo normal, sem ostenta\u00e7\u00e3o nem precipita\u00e7\u00e3o, sem rigidez nem displic\u00eancia, mas com uma digna e ritmada naturalidade.<\/li>\n<li><strong>Postura<br \/>\n<\/strong>&#8211; Quando estiver diante do amb\u00e3o, deve ter em conta a posi\u00e7\u00e3o do corpo. N\u00e3o se trata de adoptar posturas r\u00edgidas, nem demasiado descontra\u00eddas.<br \/>\n&#8211; P\u00e9s bem assentes, levemente afastados e firmes. N\u00e3o balancear-se, nem cruzar os p\u00e9s, nem estar apoiado apenas num p\u00e9, com p\u00e9s cruzados ou um \u00e0 frente e outro atr\u00e1s.<br \/>\n&#8211; N\u00e3o debru\u00e7ado sobre o amb\u00e3o, nem com os bra\u00e7os cruzados ou as m\u00e3os nos bolsos. Os bra\u00e7os poder\u00e3o manter-se pendentes ao longo do corpo, ou dobrados para permitir um leve e discreto apoio das m\u00e3os na orla central do amb\u00e3o (evitando tocar o Leccion\u00e1rio a fim de n\u00e3o o danificar com a adiposidade corporal).<br \/>\n&#8211; Colocar-se \u00e0 dist\u00e2ncia adequada do microfone para que se oi\u00e7a bem. Por causa da dist\u00e2ncia, frequentemente, ouve-se mal. N\u00e3o come\u00e7ar, portanto, enquanto o microfone n\u00e3o estiver ajustado \u00e0 sua medida (que dever\u00e1 ser feito antes: a medida adequada costuma ser a um palmo da boca e na direc\u00e7\u00e3o da mesma). E lembrar-se que os estampidos que acontecem ou os ru\u00eddos que se fazem diante do microfone s\u00e3o ampliados &#8230;<\/li>\n<li><strong>Apresenta\u00e7\u00e3o<br \/>\n<\/strong>&#8211; N\u00e3o trajar algo que possa distrair ou ofender os presentes, seja por ostenta\u00e7\u00e3o,\u00a0 por desleixo, ou rid\u00edculo (camisetas de an\u00fancios, vestu\u00e1rio ou penteados estranhos&#8230;).<br \/>\n&#8211; Ter crit\u00e9rio e apresentar-se como pessoa educada e normal.<\/li>\n<li><strong> Antes de come\u00e7ar<br \/>\n<\/strong>&#8211; Esperar que toda a assembleia esteja sentada e tranquila e exista um ambiente de sil\u00eancio e escuta.<br \/>\n&#8211; Respirar calma e profundamente.<br \/>\n&#8211; Guardar uma breve pausa para olhar a assembleia, a fim de a registar na mente, para estabelecer com ela contacto directo antes de iniciar a proclama\u00e7\u00e3o e pedir a sua aten\u00e7\u00e3o, pois \u00e9 para ela que se dirige.<\/li>\n<li><strong>T\u00edtulo<br \/>\n<\/strong>&#8211; Ler s\u00f3 o t\u00edtulo b\u00edblico. Nunca se leia &#8220;Primeira Leitura&#8221; ou &#8220;Salmo responsorial&#8221;, ou a frase a vermelho que precede a leitura.<br \/>\n&#8211; N\u00e3o deve ser o leitor a ler tamb\u00e9m a introdu\u00e7\u00e3o \u00e0 leitura ou o coment\u00e1rio que a antecede.<br \/>\n&#8211; Ap\u00f3s a leitura do t\u00edtulo, fa\u00e7a-se uma pausa para destacar o texto que vai ser proclamado.<\/li>\n<li><strong>Ler com a cabe\u00e7a levantada<br \/>\n<\/strong>&#8211; A cabe\u00e7a deve estar direita, no prolongamento do corpo.<br \/>\n&#8211; Procurar ler com a cabe\u00e7a levantada.<br \/>\n&#8211; Com a cabe\u00e7a levantada, a assembleia contacta um rosto e o leitor exprime um texto dirigido \u00e0 assembleia e n\u00e3o devolvido ao livro.<br \/>\n&#8211; O olhar dever\u00e1 manter o contacto com a assembleia sem ser necess\u00e1rio os constantes e perturbantes exerc\u00edcios de levantar e baixar a cabe\u00e7a.<br \/>\n&#8211; Ao longo da leitura, com naturalidade, olhar tamb\u00e9m de vez em quando para a assembleia. Estas olhadelas, no meio da leitura, n\u00e3o se t\u00eam que impor como um prop\u00f3sito, o que seria artificial. Mas se sair naturalmente, poder\u00e1 ser \u00fatil, especialmente nas frases mais relevantes: ajuda a acentu\u00e1-las, a criar um clima comunit\u00e1rio, e a ler mais devagar.<br \/>\n&#8211; Com a cabe\u00e7a levantada, a pr\u00f3pria voz ganha em clareza e volume. O tom de voz ser\u00e1 mais alto e, portanto, mais f\u00e1cil de captar.<br \/>\n&#8211; Se o amb\u00e3o \u00e9 baixo, \u00e9 melhor suster o livro nas m\u00e3os, levantando-o, e n\u00e3o baixar a cabe\u00e7a.<\/li>\n<li><strong>Ler devagar<br \/>\n<\/strong>&#8211; O ouvinte n\u00e3o \u00e9 um gravador, mas uma mente humana que requer tempo para sentir, reagir, ouvir, entender, coordenar e assimilar. Geralmente, l\u00ea-se depressa e n\u00e3o se fazem as pausas adequadas, como pede o texto lido.<br \/>\nA pontua\u00e7\u00e3o oral nem sempre coincide com a pontua\u00e7\u00e3o escrita. A leitura r\u00e1pida pode cortar o contacto com a assembleia.<br \/>\n&#8211; Saber que h\u00e1 sempre tend\u00eancia para ler demasiado depressa. Colocar-se no lugar dos ouvintes que descobrem o texto.<br \/>\n&#8211; Saber fazer pausas. Um sil\u00eancio longo para o leitor, \u00e9 curto para o ouvinte.<br \/>\n&#8211; O principal defeito dos leitores, costuma ser ler depressa. Se lermos depressa, as pessoas, com algum esfor\u00e7o, poder\u00e3o conseguir entender-nos, mas aquilo que lemos n\u00e3o entrar\u00e1 no seu interior. Recordemos: este continua a ser o principal defeito.<br \/>\n&#8211; Al\u00e9m de ler devagar, h\u00e1 que manter um tom geral de calma. H\u00e1 que afastar o estilo do leitor que sobe \u00e0 pressa, come\u00e7a a leitura sem olhar as pessoas e, ao acabar, foge ainda mais depressa.<br \/>\nN\u00e3o deve ser assim: deve-se chegar ao amb\u00e3o, respirar antes de come\u00e7ar a ler, lendo pausadamente, fazendo uma pausa no final, antes de dizer &#8220;Palavra do Senhor&#8221;, escutar no amb\u00e3o a resposta da assembleia e voltar ao lugar. Aprender a ler sem pressa, com aprumo e seguran\u00e7a custa; por isso, \u00e9 importante fazer os ensaios e provas que forem necess\u00e1rios: \u00e9 a \u00fanica maneira!<\/li>\n<li><strong>Durante a leitura<br \/>\n<\/strong>&#8211; Evitar apagar-se a cada frase ou, mais ainda, no fim do texto: a leitura exige uma continuidade. N\u00e3o baixar o tom nos finais de frase. As \u00faltimas s\u00edlabas de cada frase t\u00eam que se ouvir t\u00e3o bem como todas as restantes. Infelizmente, a tend\u00eancia \u00e9 para nestas s\u00edlabas se baixar o tom tornando-as inintelig\u00edveis.<br \/>\n&#8211; Boa pron\u00fancia.<br \/>\n&#8211; Vocalizar. Ou seja, remarcar cada s\u00edlaba, mover os l\u00e1bios e a boca, n\u00e3o atropelar a leitura. Sem afecta\u00e7\u00e3o nem teatro, mas recordando que se est\u00e1 \u201cactuando\u201d em p\u00fablico, e que o p\u00fablico tem que captar tudo bem. E uma actua\u00e7\u00e3o em p\u00fablico \u00e9 distinta de uma conversa na rua.<br \/>\n&#8211; Evitar o tom cantante, falsamente atractivo; o tom teatral faz de cortina a Deus.<\/li>\n<li><strong>Concluir a leitura<br \/>\n<\/strong>&#8211; Antes de dizer &#8220;Palavra do Senhor&#8221;, fazer uma pausa ap\u00f3s a \u00faltima frase.<br \/>\n&#8211; Dizer a aclama\u00e7\u00e3o olhando para a assembleia.<br \/>\n&#8211; Dizer s\u00f3 &#8220;Palavra do Senhor&#8221; e nada mais (p.e.: &#8220;Irm\u00e3os, esta \u00e9 a Palavra do Senhor&#8221; ou outras express\u00f5es semelhantes). Trata-se de uma aclama\u00e7\u00e3o e n\u00e3o de uma explica\u00e7\u00e3o. Diz\u00ea-lo em tom de aclama\u00e7\u00e3o, e n\u00e3o de explica\u00e7\u00e3o catequ\u00e9tica, ou de informa\u00e7\u00e3o. Importa que se sinta o car\u00e1cter de aclama\u00e7\u00e3o pela forma como \u00e9 dito.<br \/>\n&#8211; Seria mais expressivo que esta aclama\u00e7\u00e3o fosse cantada (pelo leitor, primeiramente, ou, em caso de necessidade, por outrem). N\u00e3o sendo cantada, deveria ser dita em tom de voz mais elevado (entenda-se, n\u00e3o necessariamente num volume mais forte).<br \/>\n&#8211; N\u00e3o abandonar o amb\u00e3o antes da resposta da assembleia.<br \/>\n&#8211; Deixar o Leccion\u00e1rio aberto na p\u00e1gina do Salmo responsorial ou da 2\u00aa Leitura, para que fique pronto para o leitor que se segue.<br \/>\n&#8211; Regressar ao lugar com calma e naturalidade, em passo normal e firme.<\/li>\n<li><strong>Salmo responsorial<br \/>\n<\/strong>&#8211; O salmo responsorial deve ser cantado, se poss\u00edvel por outro ministro: o salmista. Se tiver de ser recitado, seja outro ministro a faz\u00ea-lo, e n\u00e3o o leitor da primeira ou da segunda leitura.<br \/>\n&#8211; O refr\u00e3o do salmo dever-se-ia cantar. Quando \u00e9 recitado tem menos impacto.<br \/>\n&#8211; \u00c9 pedag\u00f3gico que a assembleia repita, depois de cada estrofe do salmo, uma frase cantada simples e expressiva, que resuma a atitude espiritual do salmo (e, por conseguinte, da primeira leitura) \u2013 o refr\u00e3o.<br \/>\n&#8211; N\u00e3o \u00e9 necess\u00e1rio que o refr\u00e3o coincida literalmente com o que est\u00e1 no Leccion\u00e1rio, mas que respeite o seu sentido.<\/li>\n<\/ol>\n<p><a href=\"\/\/paroquiavilarandorinho.pt\/wp-content\/uploads\/2020\/07\/LEITORES-Textos-sobre-o-leitor-liturgico-a-partir-do-VaticanoII.pdf\" target=\"_blank\" rel=\"noopener noreferrer\">Textos sobre o leitor lit\u00fargico a partir do Vaticano II &#8211; PDF<\/a>[\/vc_column_text][\/vc_column_inner][\/vc_row_inner][\/vc_column][\/vc_row]<\/p>\n<\/div>","protected":false},"excerpt":{"rendered":"<p>[vc_row content_placement=&#8221;middle&#8221; css=&#8221;.vc_custom_1540304086626{padding-top: 0px !important;}&#8221;][vc_column css=&#8221;.vc_custom_1540304338338{padding-right: 27px !important;padding-left: 27px !important;}&#8221;][vc_row_inner css=&#8221;.vc_custom_1543577196674{margin-bottom: 47px !important;}&#8221;][vc_column_inner][vc_column_text] MINIST\u00c9RIO DO LEITOR NA LITURGIA A leitura dos textos b\u00edblicos \u00e9 diferente da leitura p\u00fablica corrente. \u00c9 [&hellip;]<\/p>\n","protected":false},"author":1,"featured_media":0,"parent":0,"menu_order":0,"comment_status":"closed","ping_status":"closed","template":"","meta":{"_acf_changed":false,"rs_blank_template":"","rs_page_bg_color":"#ffffff","slide_template_v7":"","footnotes":""},"class_list":["post-6279","page","type-page","status-publish","hentry"],"acf":[],"_links":{"self":[{"href":"https:\/\/paroquiavilarandorinho.pt\/index.php?rest_route=\/wp\/v2\/pages\/6279","targetHints":{"allow":["GET"]}}],"collection":[{"href":"https:\/\/paroquiavilarandorinho.pt\/index.php?rest_route=\/wp\/v2\/pages"}],"about":[{"href":"https:\/\/paroquiavilarandorinho.pt\/index.php?rest_route=\/wp\/v2\/types\/page"}],"author":[{"embeddable":true,"href":"https:\/\/paroquiavilarandorinho.pt\/index.php?rest_route=\/wp\/v2\/users\/1"}],"replies":[{"embeddable":true,"href":"https:\/\/paroquiavilarandorinho.pt\/index.php?rest_route=%2Fwp%2Fv2%2Fcomments&post=6279"}],"version-history":[{"count":16,"href":"https:\/\/paroquiavilarandorinho.pt\/index.php?rest_route=\/wp\/v2\/pages\/6279\/revisions"}],"predecessor-version":[{"id":7245,"href":"https:\/\/paroquiavilarandorinho.pt\/index.php?rest_route=\/wp\/v2\/pages\/6279\/revisions\/7245"}],"wp:attachment":[{"href":"https:\/\/paroquiavilarandorinho.pt\/index.php?rest_route=%2Fwp%2Fv2%2Fmedia&parent=6279"}],"curies":[{"name":"wp","href":"https:\/\/api.w.org\/{rel}","templated":true}]}}