{"id":6298,"date":"2020-07-06T09:48:29","date_gmt":"2020-07-06T09:48:29","guid":{"rendered":"https:\/\/paroquiavilarandorinho.pt\/?page_id=6298"},"modified":"2023-08-07T10:45:53","modified_gmt":"2023-08-07T09:45:53","slug":"anos-2014-2018","status":"publish","type":"page","link":"https:\/\/paroquiavilarandorinho.pt\/?page_id=6298","title":{"rendered":"Anos 2014-2018"},"content":{"rendered":"<div class=\"wpb-content-wrapper\"><p>[vc_row content_placement=&#8221;middle&#8221; css=&#8221;.vc_custom_1540304086626{padding-top: 0px !important;}&#8221;][vc_column css=&#8221;.vc_custom_1540304338338{padding-right: 27px !important;padding-left: 27px !important;}&#8221;][vc_row_inner css=&#8221;.vc_custom_1543577196674{margin-bottom: 47px !important;}&#8221;][vc_column_inner][vc_column_text]<\/p>\n<p style=\"text-align: justify;\">Resulta do Estatuto do Conselho Paroquial para os Assuntos Econ\u00f3micos e da Pol\u00edtica de Conte\u00fados a necessidade de PRESTAR CONTAS.<\/p>\n<p style=\"text-align: justify;\">E prestar contas a todos: comunidade paroquial, hierarquia diocesana e sociedade civil. O Evangelho que \u00e9 o nosso c\u00f3digo de conduta assim o exige. Estamos conscientes que erramos, mas lutamos para que tal n\u00e3o aconte\u00e7a. Na Par\u00f3quia do Divino Salvador de Vilar de Andorinho desejamos ser escrutinados. N\u00e3o somos entidade jur\u00eddica nem temos fins lucrativos. Tudo o que temos e somos pertence \u00e0 comunidade. N\u00f3s s\u00f3 administramos, e, procuramos faz\u00ea-lo com parcim\u00f3nia e sentido de fraternidade e justi\u00e7a.<\/p>\n<p style=\"text-align: justify;\">Se h\u00e1 sobras em alguns anos, pensamos nos anos seguintes. Se h\u00e1 falta de tesouraria, apelamos \u00e0 comunidade. \u00c9 por isso que faz sentido a partilha com a Igreja por parte da nossa comunidade crist\u00e3.<\/p>\n<p><strong>ANEXOS:<br \/>\n<\/strong><\/p>\n<ol>\n<li><a href=\"\/\/paroquiavilarandorinho.pt\/wp-content\/uploads\/2020\/07\/Receitas-Rendimentos-e-Despesas-Gastos-2014-2018.pdf\" target=\"_blank\" rel=\"noopener noreferrer\">Contas de Receitas\/Despesas e Rendimentos\/Gastos de 2014-2018<\/a><\/li>\n<li><a href=\"\/\/paroquiavilarandorinho.pt\/wp-content\/uploads\/2020\/07\/Balan\u00e7o-e-Conta-Resultados-2014-2018.pdf\" target=\"_blank\" rel=\"noopener noreferrer\">Balan\u00e7o e Conta Resultados \u2013 2014-2018<\/a><\/li>\n<\/ol>\n<p>[\/vc_column_text][\/vc_column_inner][\/vc_row_inner][\/vc_column][\/vc_row]<\/p>\n<\/div>","protected":false},"excerpt":{"rendered":"<p>[vc_row content_placement=&#8221;middle&#8221; css=&#8221;.vc_custom_1540304086626{padding-top: 0px !important;}&#8221;][vc_column css=&#8221;.vc_custom_1540304338338{padding-right: 27px !important;padding-left: 27px !important;}&#8221;][vc_row_inner css=&#8221;.vc_custom_1543577196674{margin-bottom: 47px !important;}&#8221;][vc_column_inner][vc_column_text] Resulta do Estatuto do Conselho Paroquial para os Assuntos Econ\u00f3micos e da Pol\u00edtica de Conte\u00fados a necessidade [&hellip;]<\/p>\n","protected":false},"author":1,"featured_media":0,"parent":0,"menu_order":0,"comment_status":"closed","ping_status":"closed","template":"","meta":{"_acf_changed":false,"rs_blank_template":"","rs_page_bg_color":"","slide_template_v7":"","footnotes":""},"class_list":["post-6298","page","type-page","status-publish","hentry"],"acf":[],"_links":{"self":[{"href":"https:\/\/paroquiavilarandorinho.pt\/index.php?rest_route=\/wp\/v2\/pages\/6298","targetHints":{"allow":["GET"]}}],"collection":[{"href":"https:\/\/paroquiavilarandorinho.pt\/index.php?rest_route=\/wp\/v2\/pages"}],"about":[{"href":"https:\/\/paroquiavilarandorinho.pt\/index.php?rest_route=\/wp\/v2\/types\/page"}],"author":[{"embeddable":true,"href":"https:\/\/paroquiavilarandorinho.pt\/index.php?rest_route=\/wp\/v2\/users\/1"}],"replies":[{"embeddable":true,"href":"https:\/\/paroquiavilarandorinho.pt\/index.php?rest_route=%2Fwp%2Fv2%2Fcomments&post=6298"}],"version-history":[{"count":4,"href":"https:\/\/paroquiavilarandorinho.pt\/index.php?rest_route=\/wp\/v2\/pages\/6298\/revisions"}],"predecessor-version":[{"id":12223,"href":"https:\/\/paroquiavilarandorinho.pt\/index.php?rest_route=\/wp\/v2\/pages\/6298\/revisions\/12223"}],"wp:attachment":[{"href":"https:\/\/paroquiavilarandorinho.pt\/index.php?rest_route=%2Fwp%2Fv2%2Fmedia&parent=6298"}],"curies":[{"name":"wp","href":"https:\/\/api.w.org\/{rel}","templated":true}]}}