{"id":6304,"date":"2020-07-06T10:28:15","date_gmt":"2020-07-06T10:28:15","guid":{"rendered":"https:\/\/paroquiavilarandorinho.pt\/?page_id=6304"},"modified":"2025-11-20T17:37:38","modified_gmt":"2025-11-20T17:37:38","slug":"conselho-economico","status":"publish","type":"page","link":"https:\/\/paroquiavilarandorinho.pt\/?page_id=6304","title":{"rendered":"Conselho Econ\u00f3mico"},"content":{"rendered":"<div class=\"wpb-content-wrapper\"><p>[vc_row content_placement=&#8221;middle&#8221; css=&#8221;.vc_custom_1540304086626{padding-top: 0px !important;}&#8221;][vc_column css=&#8221;.vc_custom_1540304338338{padding-right: 27px !important;padding-left: 27px !important;}&#8221;][vc_row_inner css=&#8221;.vc_custom_1543577196674{margin-bottom: 47px !important;}&#8221;][vc_column_inner][vc_column_text css=&#8221;&#8221;]<\/p>\n<p style=\"text-align: justify;\"><strong>O QUE \u00c9 O CONSELHO ECON\u00d3MICO?<br \/>\n<\/strong>O &#8220;Conselho Paroquial para os Assuntos Econ\u00f3micos&#8221; (mais conhecido como &#8220;Comiss\u00e3o Fabriqueira&#8221;) \u00e9 um grupo de pessoas, presidido pelo P\u00e1roco, que tem como miss\u00e3o ajud\u00e1-lo na recta e justa administra\u00e7\u00e3o dos bens materiais da Par\u00f3quia, \u00e0 maneira de um bom chefe de fam\u00edlia.<\/p>\n<p style=\"text-align: justify;\">A designa\u00e7\u00e3o &#8220;Conselho Paroquial para os Assuntos Econ\u00f3micos&#8221; vem no C\u00f3digo de Direito Can\u00f3nico (CDC) actual, aprovado pelo Papa Jo\u00e3o Paulo II em 1983. O CDC anterior, de 1917, designava-o como &#8220;Conselho da F\u00e1brica da Igreja Paroquial&#8221;. Esta designa\u00e7\u00e3o \u00e9 ainda correcta entre n\u00f3s, pois o Estado Portugu\u00eas continua a chamar \u00e0 Institui\u00e7\u00e3o jur\u00eddica (equiparada pelo Estado a uma empresa) que gere o conjunto dos bens materiais, m\u00f3veis e im\u00f3veis, de determinada par\u00f3quia, e pertencentes ao povo cat\u00f3lico nela residente, como &#8220;F\u00e1brica da Igreja Paroquial de &#8230;&#8221;, no nosso caso &#8220;F\u00e1brica da Igreja Paroquial do Divino Salvador de Vilar de Andorinho&#8221;.<\/p>\n<p style=\"text-align: justify;\">A designa\u00e7\u00e3o corrente entre n\u00f3s de &#8220;Comiss\u00e3o Fabriqueira&#8221; \u00e9 incorrecta j\u00e1 que os elementos que comp\u00f5em o grupo n\u00e3o formam uma Comiss\u00e3o no sentido t\u00e9cnico do termo, pois n\u00e3o s\u00e3o responsabilizados em igual medida pelas decis\u00f5es e ac\u00e7\u00f5es realizadas em conjunto com o P\u00e1roco, antes s\u00e3o conselheiros e colaboradores deste. O P\u00e1roco, como presidente deste Conselho Econ\u00f3mico, \u00e9 sempre o primeiro respons\u00e1vel e, perante as leis civis, responde, mesmo sozinho, pela Institui\u00e7\u00e3o jur\u00eddica &#8220;F\u00e1brica da Igreja Paroquial&#8221;.<\/p>\n<p style=\"text-align: justify;\">Simplificando um pouco: o conjunto dos cat\u00f3licos residentes nos limites da Par\u00f3quia, pelo facto de contribu\u00edrem com as suas esmolas e donativos para a aquisi\u00e7\u00e3o e manuten\u00e7\u00e3o dos bens, s\u00e3o, em conjunto, os donos ou propriet\u00e1rios de todos os bens materiais pertencentes \u00e0 Par\u00f3quia, para fins jur\u00eddicos chamada &#8220;F\u00e1brica da Igreja Paroquial&#8221;. O P\u00e1roco \u00e9, pelo Direito da Igreja e pelo Direito Civil, o administrador nato dos bens da Par\u00f3quia, embora com o conselho e a colabora\u00e7\u00e3o do seu Conselho Econ\u00f3mico e sob a orienta\u00e7\u00e3o do seu Bispo a quem presta contas de toda a sua ac\u00e7\u00e3o pastoral. Sendo os bens paroquiais perten\u00e7a do povo cat\u00f3lico da Par\u00f3quia, o P\u00e1roco, como mero administrador, tem a obriga\u00e7\u00e3o de prestar contas ao povo da sua administra\u00e7\u00e3o e o povo tem o direito de lhe pedir contas da administra\u00e7\u00e3o.<\/p>\n<p style=\"text-align: justify;\">ANEXOS:<\/p>\n<ol>\n<li style=\"list-style-type: none;\">\n<ol>\n<li style=\"text-align: justify;\"><a href=\"\/\/paroquiavilarandorinho.pt\/wp-content\/uploads\/2020\/07\/Estatuto-Conselho-Econ\u00f3mico-2012-F\u00e1brica-Igreja-de-Vilar-de-Andorinho.pdf\" target=\"_blank\" rel=\"noopener noreferrer\"><strong style=\"color: inherit; font-family: inherit; font-size: inherit;\">Estatutos<\/strong><\/a><\/li>\n<li style=\"text-align: justify;\"><a href=\"https:\/\/paroquiavilarandorinho.pt\/wp-content\/uploads\/2025\/11\/Nomeacao-Conselho-Economico-2025-2028.pdf\" target=\"_blank\" rel=\"noopener noreferrer\"><strong style=\"color: inherit; font-family: inherit; font-size: inherit;\">Bula de nomea\u00e7\u00e3o do Conselho Econ\u00f3mico 2025-2028<\/strong><\/a><\/li>\n<\/ol>\n<\/li>\n<\/ol>\n<p>[\/vc_column_text][\/vc_column_inner][\/vc_row_inner][\/vc_column][\/vc_row]<\/p>\n<\/div>","protected":false},"excerpt":{"rendered":"<p>[vc_row content_placement=&#8221;middle&#8221; css=&#8221;.vc_custom_1540304086626{padding-top: 0px !important;}&#8221;][vc_column css=&#8221;.vc_custom_1540304338338{padding-right: 27px !important;padding-left: 27px !important;}&#8221;][vc_row_inner css=&#8221;.vc_custom_1543577196674{margin-bottom: 47px !important;}&#8221;][vc_column_inner][vc_column_text css=&#8221;&#8221;] O QUE \u00c9 O CONSELHO ECON\u00d3MICO? O &#8220;Conselho Paroquial para os Assuntos Econ\u00f3micos&#8221; (mais conhecido como [&hellip;]<\/p>\n","protected":false},"author":1,"featured_media":0,"parent":0,"menu_order":0,"comment_status":"closed","ping_status":"closed","template":"","meta":{"_acf_changed":false,"rs_blank_template":"","rs_page_bg_color":"","slide_template_v7":"","footnotes":""},"class_list":["post-6304","page","type-page","status-publish","hentry"],"acf":[],"_links":{"self":[{"href":"https:\/\/paroquiavilarandorinho.pt\/index.php?rest_route=\/wp\/v2\/pages\/6304","targetHints":{"allow":["GET"]}}],"collection":[{"href":"https:\/\/paroquiavilarandorinho.pt\/index.php?rest_route=\/wp\/v2\/pages"}],"about":[{"href":"https:\/\/paroquiavilarandorinho.pt\/index.php?rest_route=\/wp\/v2\/types\/page"}],"author":[{"embeddable":true,"href":"https:\/\/paroquiavilarandorinho.pt\/index.php?rest_route=\/wp\/v2\/users\/1"}],"replies":[{"embeddable":true,"href":"https:\/\/paroquiavilarandorinho.pt\/index.php?rest_route=%2Fwp%2Fv2%2Fcomments&post=6304"}],"version-history":[{"count":16,"href":"https:\/\/paroquiavilarandorinho.pt\/index.php?rest_route=\/wp\/v2\/pages\/6304\/revisions"}],"predecessor-version":[{"id":16295,"href":"https:\/\/paroquiavilarandorinho.pt\/index.php?rest_route=\/wp\/v2\/pages\/6304\/revisions\/16295"}],"wp:attachment":[{"href":"https:\/\/paroquiavilarandorinho.pt\/index.php?rest_route=%2Fwp%2Fv2%2Fmedia&parent=6304"}],"curies":[{"name":"wp","href":"https:\/\/api.w.org\/{rel}","templated":true}]}}