{"id":6317,"date":"2020-07-06T10:53:30","date_gmt":"2020-07-06T10:53:30","guid":{"rendered":"https:\/\/paroquiavilarandorinho.pt\/?page_id=6317"},"modified":"2020-07-29T16:53:10","modified_gmt":"2020-07-29T15:53:10","slug":"apresentacao_apostolado_oracao","status":"publish","type":"page","link":"https:\/\/paroquiavilarandorinho.pt\/?page_id=6317","title":{"rendered":"Apresenta\u00e7\u00e3o"},"content":{"rendered":"<div class=\"wpb-content-wrapper\"><p>[vc_row content_placement=&#8221;middle&#8221; css=&#8221;.vc_custom_1540304086626{padding-top: 0px !important;}&#8221;][vc_column css=&#8221;.vc_custom_1540304338338{padding-right: 27px !important;padding-left: 27px !important;}&#8221;][vc_row_inner css=&#8221;.vc_custom_1543577196674{margin-bottom: 47px !important;}&#8221;][vc_column_inner][vc_column_text]<strong>O APOSTOLADO, DEVER DE TODOS.<\/strong><\/p>\n<ul>\n<li>Todos os leigos t\u00eam o dever e o direito do Apostolado, porque est\u00e3o unidos pelo BATISMO ao Corpo de Cristo, que \u00e9 a IGREJA, por isso participantes de miss\u00f5es no mundo.<\/li>\n<li>Com o CRISMA, somos robustecidos na gra\u00e7a e na for\u00e7a de difundir a f\u00e9 e com o Esp\u00edrito Santo obtemos dons e aptid\u00f5es para exercer o Apostolado.<\/li>\n<li>Mas como cooperar nesta miss\u00e3o? Atrav\u00e9s do testemunho da vida individual, familiar e profissional, coerente entre o que cr\u00ea e o que faz, com a palavra que conforta e d\u00e1 a conhecer a f\u00e9.<\/li>\n<\/ul>\n<p>Finalmente com a ora\u00e7\u00e3o, o trabalho, as alegrias e os sofrimentos oferecidos e unidos em SACRIFICIO EUCARISTICO DE JESUS pela salva\u00e7\u00e3o dos homens<\/p>\n<p><strong>COMO NASCEU ESTE SERVI\u00c7O?<\/strong><\/p>\n<ul>\n<li>\u201cDe uma pequena nascente, forma-se um grande rio.\u201d<\/li>\n<li>Em 1844 na festa de S. Francisco Xavier, na cidade de Vals em Fran\u00e7a, o Pe. Gautrelet, jesu\u00edta franc\u00eas, diretor espiritual, dirigindo-se a um grupo de estudantes explicou como as suas ora\u00e7\u00f5es; o seu trabalho de estudantes, as suas penit\u00eancias, podiam transform\u00e1-los em verdadeiros mission\u00e1rios.<\/li>\n<li>Tudo o que pertencia \u00e0 vida de uma pessoa podia converter-se em Apostolado, em salva\u00e7\u00e3o para a humanidade.<\/li>\n<li>Os jovens ficaram entusiasmados com esta ideia ajudados pelo seu padre espiritual neste servi\u00e7o, nesta obla\u00e7\u00e3o.<\/li>\n<li>Este grande servi\u00e7o da Igreja que \u00e9 o A.O. come\u00e7ou assim\u2026hoje s\u00e3o muitos milh\u00f5es em todo o mundo\u2026<\/li>\n<\/ul>\n<p><strong><br \/>\nO APOSTOLADO DA ORA\u00c7\u00c3O EM PORTUGAL<\/strong><\/p>\n<ul>\n<li>Em 1864, vinte anos mais tarde do seu in\u00edcio em Fran\u00e7a, o padre Luis Prosperi, grande impulsionador, fundou o Apostolado da Ora\u00e7\u00e3o em Portugal, sendo o primeiro diretor nacional.<\/li>\n<li>Rapidamente se formaram muitos centros, e muitos associados e zeladores foram inscritos.<\/li>\n<li>Em 1957 o Papa Pio Xll, no 3\u00ba Congresso Nacional do Apostolado da Ora\u00e7\u00e3o, reunido em Braga, disse que o A.O. era uma das mais belas p\u00e1ginas da hist\u00f3ria da Igreja.<\/li>\n<\/ul>\n<p>T\u00e3o bela hist\u00f3ria n\u00e3o podia acabar, pois o A.O. continua vivo e operante em muit\u00edssimas par\u00f3quias em Portugal.<\/p>\n<p><img loading=\"lazy\" decoding=\"async\" class=\"wp-image-6310 size-full aligncenter\" src=\"https:\/\/paroquiavilarandorinho.pt\/wp-content\/uploads\/2020\/07\/apostolado.jpg\" alt=\"\" width=\"709\" height=\"360\" srcset=\"https:\/\/paroquiavilarandorinho.pt\/wp-content\/uploads\/2020\/07\/apostolado.jpg 709w, https:\/\/paroquiavilarandorinho.pt\/wp-content\/uploads\/2020\/07\/apostolado-300x152.jpg 300w\" sizes=\"auto, (max-width: 709px) 100vw, 709px\" \/><\/p>\n<p><span style=\"font-size: 18pt; color: #2d89b8;\"><strong>O APOSTOLADO DA ORA\u00c7\u00c3O NA NOSSA PAR\u00d3QUIA<\/strong><\/span><br \/>\n<span style=\"font-size: 14pt;\"><strong>Fundado em 12 de Julho de 1919<\/strong><\/span><\/p>\n<ul>\n<li>A primeira pessoa a dirigir o A.O. na nossa par\u00f3quia foi a Dna. Genoveva Castro seguida da Glorinha de Castro, Dna. Efig\u00e9nia, Dna .Maria da Concei\u00e7\u00e3o (Mimi) Concei\u00e7\u00e3o Dias, Isabel Gomes de Carvalho e atualmente Maria Isabel Moreira<\/li>\n<li>O programa de vida do A.O. \u00e9:<\/li>\n<li>participa\u00e7\u00e3o vital na Eucaristia<\/li>\n<li>Culto do Sagrado Cora\u00e7\u00e3o de Jesus<\/li>\n<li>Devo\u00e7\u00e3o \u00e0 Nossa Senhora<\/li>\n<li>Sentir com a Igreja (rezar cada dia pelas inten\u00e7\u00f5es do Santo Padre)<\/li>\n<li>Compromisso de ora\u00e7\u00e3o com oferecimento di\u00e1rio dos nossos trabalhos, alegrias e sofrimentos.<\/li>\n<\/ul>\n<p><strong>O NOSSO GRUPO DO A.O.<\/strong><\/p>\n<ul>\n<li>Somos cerca de 35 membros ativos, que se re\u00fanem na ter\u00e7a-feira seguinte \u00e0 primeira sexta-feira de cada m\u00eas, para refletir sobre a revista Mensageiro, partilhar acontecimentos, distribuir bilhetes trimestrais para os associados.<\/li>\n<li>Semanalmente, \u00e0 quinta-feira, expomos o Sant\u00edssimo, e terminamos com ora\u00e7\u00e3o de v\u00e9speras.<\/li>\n<li>A grande maioria das zeladoras do A.O. cooperam em v\u00e1rios servi\u00e7os e minist\u00e9rios: leitores, grupo coral, catequistas, vicentinos, M.E.C., visitadores, etc.<\/li>\n<li>Cooperamos com a Pastoral da Sa\u00fade na visita aos doentes e no dia Paroquial do Doente.<\/li>\n<li>Cooperamos tamb\u00e9m na comemora\u00e7\u00e3o do Dia Mundial dos Pobres.<\/li>\n<\/ul>\n<p><strong>\u00a0UM POUCO DA NOSSA HIST\u00d3RIA<\/strong><\/p>\n<p>Segundo os registos de alguns membros mais antigos, na d\u00e9cada de 40, algumas senhoras do AO, juntaram-se para iniciar a Obra de Santa Isabel, incentivadas pelo padre Joaquim Faria.<\/p>\n<p>Deste grupo fizeram parte as senhoras Efig\u00e9nia Russel de Sousa, Rosa Castro Tavares, Maria de Lourdes Casanova, Deolinda Gomes da Silva, Alice Gomes de Oliveira e as meninas Maria da Concei\u00e7\u00e3o Gomes de Almeida, Maria Lucinda Tavares, Maria da Natividade Gomes de Carvalho.<\/p>\n<p>Esta obra tinha como objetivo confecionar roupa para crian\u00e7as e adultos necessitados, nessa \u00e9poca havia muita pobreza e doen\u00e7a, nomeadamente a tuberculose. Reuniam-se \u00e0s quartas-feiras para esse fim. Estas senhoras pertenciam tamb\u00e9m \u00e0 Conferencia Vicentina e como visitavam doentes e carenciados estavam a par destas necessidades. As roupas confecionadas, roupa interior, blusas, saias, vestidos, casacos, etc , eram expostas no Sal\u00e3o Paroquial no dia de Cristo Rei, para serem vistas por todos.\u00a0 Durante o Advento eram distribu\u00eddas com a ajuda da Conferencia Vicentina.<\/p>\n<p>Nesta \u00e9poca e nas d\u00e9cadas seguintes as reuni\u00f5es do grupo, que era bastante grande, eram efetuadas ao domingo \u00e0 tarde e na maioria das vezes eram orientadas pelo p\u00e1roco, havendo uma respons\u00e1vel que na falta deste, o substitu\u00eda.<\/p>\n<p>Todos os anos havia um retiro espiritual, na Casa de Vilar ou no Col\u00e9gio do Sard\u00e3o. Havia atividades como teatro e magusto, entre outras e um passeio anual para zeladoras e familiares.<\/p>\n<p>Atualmente o grupo do AO \u00e9 mais amplo, a maioria dos membros faz parte de outros movimentos e servi\u00e7os, colabora nas v\u00e1rias atividades paroquiais, n\u00e3o sendo por isso um grupo fechado como era naquela altura.<\/p>\n<ul>\n<li>O Apostolado da Ora\u00e7\u00e3o por ser um movimento muito antigo n\u00e3o est\u00e1 para acabar.<\/li>\n<li>\u00c9 verdade que algumas coisas mais tradicionais dentro do A.O. tender\u00e3o a acabar ou a ser mudadas e substitu\u00eddas por outras\u2026 linguagem, pagelas, aplica\u00e7\u00f5es da internet.<\/li>\n<li>O movimento, a obra em si, est\u00e1 em progresso pelo mundo fora, aos poucos come\u00e7a a renascer.<\/li>\n<li>\u00c9 necess\u00e1rio novas pessoas e pessoas novas. No nosso grupo todos os anos t\u00eam entrado em m\u00e9dia 2 pessoas.<\/li>\n<\/ul>\n<p>O Apostolado de Ora\u00e7\u00e3o na nossa par\u00f3quia esteve sempre em constante renova\u00e7\u00e3o e movimento.[\/vc_column_text][\/vc_column_inner][\/vc_row_inner][\/vc_column][\/vc_row]<\/p>\n<\/div>","protected":false},"excerpt":{"rendered":"<p>[vc_row content_placement=&#8221;middle&#8221; css=&#8221;.vc_custom_1540304086626{padding-top: 0px !important;}&#8221;][vc_column css=&#8221;.vc_custom_1540304338338{padding-right: 27px !important;padding-left: 27px !important;}&#8221;][vc_row_inner css=&#8221;.vc_custom_1543577196674{margin-bottom: 47px !important;}&#8221;][vc_column_inner][vc_column_text]O APOSTOLADO, DEVER DE TODOS. Todos os leigos t\u00eam o dever e o direito do Apostolado, porque est\u00e3o [&hellip;]<\/p>\n","protected":false},"author":1,"featured_media":0,"parent":0,"menu_order":0,"comment_status":"closed","ping_status":"closed","template":"","meta":{"_acf_changed":false,"rs_blank_template":"","rs_page_bg_color":"#ffffff","slide_template_v7":"","footnotes":""},"class_list":["post-6317","page","type-page","status-publish","hentry"],"acf":[],"_links":{"self":[{"href":"https:\/\/paroquiavilarandorinho.pt\/index.php?rest_route=\/wp\/v2\/pages\/6317","targetHints":{"allow":["GET"]}}],"collection":[{"href":"https:\/\/paroquiavilarandorinho.pt\/index.php?rest_route=\/wp\/v2\/pages"}],"about":[{"href":"https:\/\/paroquiavilarandorinho.pt\/index.php?rest_route=\/wp\/v2\/types\/page"}],"author":[{"embeddable":true,"href":"https:\/\/paroquiavilarandorinho.pt\/index.php?rest_route=\/wp\/v2\/users\/1"}],"replies":[{"embeddable":true,"href":"https:\/\/paroquiavilarandorinho.pt\/index.php?rest_route=%2Fwp%2Fv2%2Fcomments&post=6317"}],"version-history":[{"count":5,"href":"https:\/\/paroquiavilarandorinho.pt\/index.php?rest_route=\/wp\/v2\/pages\/6317\/revisions"}],"predecessor-version":[{"id":7513,"href":"https:\/\/paroquiavilarandorinho.pt\/index.php?rest_route=\/wp\/v2\/pages\/6317\/revisions\/7513"}],"wp:attachment":[{"href":"https:\/\/paroquiavilarandorinho.pt\/index.php?rest_route=%2Fwp%2Fv2%2Fmedia&parent=6317"}],"curies":[{"name":"wp","href":"https:\/\/api.w.org\/{rel}","templated":true}]}}