{"id":6321,"date":"2020-07-06T10:57:07","date_gmt":"2020-07-06T10:57:07","guid":{"rendered":"https:\/\/paroquiavilarandorinho.pt\/?page_id=6321"},"modified":"2020-08-19T14:20:54","modified_gmt":"2020-08-19T13:20:54","slug":"igreja-da-sagrada-familia-vila-deste","status":"publish","type":"page","link":"https:\/\/paroquiavilarandorinho.pt\/?page_id=6321","title":{"rendered":"Igreja da Sagrada Fam\u00edlia (Vila d&#8217;Este)"},"content":{"rendered":"<div class=\"wpb-content-wrapper\"><p>[vc_row content_placement=&#8221;middle&#8221; css=&#8221;.vc_custom_1540304086626{padding-top: 0px !important;}&#8221;][vc_column css=&#8221;.vc_custom_1540304338338{padding-right: 27px !important;padding-left: 27px !important;}&#8221;][vc_row_inner css=&#8221;.vc_custom_1543577196674{margin-bottom: 47px !important;}&#8221;][vc_column_inner][vc_column_text]<\/p>\n<p><img loading=\"lazy\" decoding=\"async\" class=\"wp-image-6323 alignleft\" src=\"https:\/\/paroquiavilarandorinho.pt\/wp-content\/uploads\/2020\/07\/sagrada_fam.jpg\" alt=\"\" width=\"539\" height=\"406\" \/><\/p>\n<p style=\"text-align: justify;\">A constru\u00e7\u00e3o da Igreja da Sagrada Fam\u00edlia, na par\u00f3quia do Divino Salvador de Vilar de Andorinho, foi sonhada e desejada pelo Padre Floro Dias Alves desde que nasceu a Urbaniza\u00e7\u00e3o de Vila d\u2019 Este. O sonho demorou mais de 2 d\u00e9cadas a realizar-se.<\/p>\n<p style=\"text-align: justify;\">A 19 de fevereiro de 2006 come\u00e7ou a ver-se a luz ao fundo do t\u00fanel. Nesse dia foi celebrada entre o Munic\u00edpio de Vila Nova de Gaia, representado pelo seu presidente \u00e0 data, Dr., Lu\u00eds Filipe Meneses e a F\u00e1brica da Igreja Paroquial da Freguesia de Vilar de Andorinho, representada pelo Padre Albino Jos\u00e9 Gon\u00e7alves Reis, a escritura de ced\u00eancia gratuita em regime de direito de superf\u00edcie de um terreno com a \u00e1rea de 3.4665 m2, sito na Quinta do Monte Grande.<\/p>\n<p style=\"text-align: justify;\">A primeira pedra foi benzida pelo bispo do Porto, D. Manuel Clemente, no dia 18 de outubro de 2008,<\/p>\n<p style=\"text-align: justify;\">As obras de constru\u00e7\u00e3o estiveram a cargo de J. Gomes- Sociedade de Constru\u00e7\u00f5es do C\u00e1vado, S.A. e tiveram in\u00edcio em novembro de 2008.<\/p>\n<p style=\"text-align: justify;\">Em 22 de Abril de 2012 a Igreja foi benzida por D. Manuel Clemente \u00e0 data bispo da Diocese do Porto. Foi dedicada \u00e0 Sagrada Fam\u00edlia e est\u00e1 aberta aos crist\u00e3os e sociedade civil desde essa data.<\/p>\n<p style=\"text-align: justify;\">Margarida Santos \u00e9 a autora das esculturas em bronze de Cristo em ascens\u00e3o, Sagrada Fam\u00edlia e Via- Sacra. Joaquim Oliveira \u00e9 o autor do vitral da fuga para o Egito.<\/p>\n<p>Coordenadas GPS:<\/p>\n<p style=\"text-align: justify;\"><strong><em>Recolha livre em S\u00e3o Salvador de Vilar de Andorinho \u2013 Notas Monogr\u00e1ficas \u2013 de Francisco Barbosa da Costa e Paulo Costa, edi\u00e7\u00e3o da JFVAndorinho, 2013<\/em><\/strong><\/p>\n<p>[\/vc_column_text][\/vc_column_inner][\/vc_row_inner][\/vc_column][\/vc_row]<\/p>\n<\/div>","protected":false},"excerpt":{"rendered":"<p>[vc_row content_placement=&#8221;middle&#8221; css=&#8221;.vc_custom_1540304086626{padding-top: 0px !important;}&#8221;][vc_column css=&#8221;.vc_custom_1540304338338{padding-right: 27px !important;padding-left: 27px !important;}&#8221;][vc_row_inner css=&#8221;.vc_custom_1543577196674{margin-bottom: 47px !important;}&#8221;][vc_column_inner][vc_column_text] A constru\u00e7\u00e3o da Igreja da Sagrada Fam\u00edlia, na par\u00f3quia do Divino Salvador de Vilar de Andorinho, foi [&hellip;]<\/p>\n","protected":false},"author":1,"featured_media":0,"parent":0,"menu_order":0,"comment_status":"closed","ping_status":"closed","template":"","meta":{"_acf_changed":false,"rs_blank_template":"","rs_page_bg_color":"#ffffff","slide_template_v7":"","footnotes":""},"class_list":["post-6321","page","type-page","status-publish","hentry"],"acf":[],"_links":{"self":[{"href":"https:\/\/paroquiavilarandorinho.pt\/index.php?rest_route=\/wp\/v2\/pages\/6321","targetHints":{"allow":["GET"]}}],"collection":[{"href":"https:\/\/paroquiavilarandorinho.pt\/index.php?rest_route=\/wp\/v2\/pages"}],"about":[{"href":"https:\/\/paroquiavilarandorinho.pt\/index.php?rest_route=\/wp\/v2\/types\/page"}],"author":[{"embeddable":true,"href":"https:\/\/paroquiavilarandorinho.pt\/index.php?rest_route=\/wp\/v2\/users\/1"}],"replies":[{"embeddable":true,"href":"https:\/\/paroquiavilarandorinho.pt\/index.php?rest_route=%2Fwp%2Fv2%2Fcomments&post=6321"}],"version-history":[{"count":9,"href":"https:\/\/paroquiavilarandorinho.pt\/index.php?rest_route=\/wp\/v2\/pages\/6321\/revisions"}],"predecessor-version":[{"id":7755,"href":"https:\/\/paroquiavilarandorinho.pt\/index.php?rest_route=\/wp\/v2\/pages\/6321\/revisions\/7755"}],"wp:attachment":[{"href":"https:\/\/paroquiavilarandorinho.pt\/index.php?rest_route=%2Fwp%2Fv2%2Fmedia&parent=6321"}],"curies":[{"name":"wp","href":"https:\/\/api.w.org\/{rel}","templated":true}]}}