{"id":6339,"date":"2020-07-06T11:12:54","date_gmt":"2020-07-06T11:12:54","guid":{"rendered":"https:\/\/paroquiavilarandorinho.pt\/?page_id=6339"},"modified":"2020-07-22T14:33:29","modified_gmt":"2020-07-22T13:33:29","slug":"capela-de-s-lourenco-s-lourenco","status":"publish","type":"page","link":"https:\/\/paroquiavilarandorinho.pt\/?page_id=6339","title":{"rendered":"Capela de S. Louren\u00e7o (S. Louren\u00e7o)"},"content":{"rendered":"<div class=\"wpb-content-wrapper\"><p>[vc_row content_placement=&#8221;middle&#8221; css=&#8221;.vc_custom_1540304086626{padding-top: 0px !important;}&#8221;][vc_column css=&#8221;.vc_custom_1540304338338{padding-right: 27px !important;padding-left: 27px !important;}&#8221;][vc_row_inner css=&#8221;.vc_custom_1543577196674{margin-bottom: 47px !important;}&#8221;][vc_column_inner][vc_column_text]<\/p>\n<p style=\"text-align: justify;\"><img loading=\"lazy\" decoding=\"async\" class=\"alignleft wp-image-6341 size-full\" src=\"https:\/\/paroquiavilarandorinho.pt\/wp-content\/uploads\/2020\/07\/capela_slourenco.jpg\" alt=\"\" width=\"350\" height=\"374\" srcset=\"https:\/\/paroquiavilarandorinho.pt\/wp-content\/uploads\/2020\/07\/capela_slourenco.jpg 350w, https:\/\/paroquiavilarandorinho.pt\/wp-content\/uploads\/2020\/07\/capela_slourenco-281x300.jpg 281w\" sizes=\"auto, (max-width: 350px) 100vw, 350px\" \/>Das capelas da par\u00f3quia de Vilar de Andorinho, a mais antiga de todas &#8211; a Capela de S. Louren\u00e7o \u2013 apresenta-se-nos como a mais modesta na sua concep\u00e7\u00e3o arquitect\u00f3nica, talvez devido a esse mesmo factor de antiguidade. Desataca-se a sua galil\u00e9, e em cujo altar, sem estilo definido, figuram as imagens de S. Louren\u00e7o e de Santa Guadalupe.<\/p>\n<p style=\"text-align: justify;\">Provavelmente j\u00e1 existia em 1496. Facto \u00e9 que em 1575 \u00e9 citada na descri\u00e7\u00e3o das propriedades que compunham a quint\u00e3 e os casais de S. Louren\u00e7o. Antes, em 1543, na delimita\u00e7\u00e3o eu o Convento de Santa Clara fez da Igreja e Par\u00f3quia de Vilar de Andorinho. Unida <em>in perpetuum<\/em> ao Real Mosteiro de Santa Clara do Codessal da cidade do Porto, dizia quanto a S. Louren\u00e7o, que o limite ia ao cominho de S. Louren\u00e7o a da\u00ed a Balteiro, por marco, e que alguns foreiros desse lugar, residentes fora da delimita\u00e7\u00e3o, pagavam d\u00edzima a Vilar de Andorinho (ADP, Convento de Santa Clara do Porto, Lv. 75, fl 75-76v). Em 1616, voltou o Convento a fazer nova delimita\u00e7\u00e3o para o registo do Tombo, e voltava a repetir o mesmo que no anterior Tombo (idem, Ibidem, Lv747, fl 565v-566).<\/p>\n<p style=\"text-align: justify;\">Em mar\u00e7o de 1814, a capela de S. Louren\u00e7o recebeu obras de conserva\u00e7\u00e3o, que custaram 39.200 reis. As figuras de S\u00e3o Louren\u00e7o e S\u00e3o Br\u00e1s tamb\u00e9m nessa data foram pintadas e reformadas custando a empreitada 8.860 reis. A capela recebeu novas alfaias, tais como uma banqueta no valor de 19.400 reis.<\/p>\n<p style=\"text-align: justify;\">Na capela de S\u00e3o Louren\u00e7o havia romaria no dia 10 de agosto, dia da festa lit\u00fargica.<\/p>\n<p style=\"text-align: justify;\">Pinho Leal em 1886, na sua famosa obra <em>Portugal Antigo e Moderno<\/em> (vol XI:1191) diz que a romagem a S\u00e3o Louren\u00e7o passou a ser comemorada junto com a de Nossa Senhora de Guadalupe, embora o dia da festa lit\u00fargica seja a 12 de dezembro.<\/p>\n<p style=\"text-align: justify;\">A pedido do p\u00e1roco de Vilar \u00e0 data de 1957, o Bispo do Porto, autorizou, em 22.11.1957, a constru\u00e7\u00e3o de al alpendre na capela de S\u00e3o Louren\u00e7o e a dot\u00e1-la de uma sineta, um altar e sacr\u00e1rio com chave e cruz, dois casti\u00e7ais de madeira, dois casti\u00e7ais de alum\u00ednio, uma caixa de pinho e uma cred\u00eancia.<\/p>\n<p style=\"text-align: justify;\"><strong><em>Recolha livre em S\u00e3o Salvador de Vilar de Andorinho \u2013 Notas Monogr\u00e1ficas \u2013 de Francisco Barbosa da Costa e Paulo Costa, edi\u00e7\u00e3o da JFVAndorinho, 2013<\/em><\/strong><\/p>\n<p>[\/vc_column_text][\/vc_column_inner][\/vc_row_inner][\/vc_column][\/vc_row]<\/p>\n<\/div>","protected":false},"excerpt":{"rendered":"<p>[vc_row content_placement=&#8221;middle&#8221; css=&#8221;.vc_custom_1540304086626{padding-top: 0px !important;}&#8221;][vc_column css=&#8221;.vc_custom_1540304338338{padding-right: 27px !important;padding-left: 27px !important;}&#8221;][vc_row_inner css=&#8221;.vc_custom_1543577196674{margin-bottom: 47px !important;}&#8221;][vc_column_inner][vc_column_text] Das capelas da par\u00f3quia de Vilar de Andorinho, a mais antiga de todas &#8211; a Capela de [&hellip;]<\/p>\n","protected":false},"author":1,"featured_media":0,"parent":0,"menu_order":0,"comment_status":"closed","ping_status":"closed","template":"","meta":{"_acf_changed":false,"rs_blank_template":"","rs_page_bg_color":"#ffffff","slide_template_v7":"","footnotes":""},"class_list":["post-6339","page","type-page","status-publish","hentry"],"acf":[],"_links":{"self":[{"href":"https:\/\/paroquiavilarandorinho.pt\/index.php?rest_route=\/wp\/v2\/pages\/6339","targetHints":{"allow":["GET"]}}],"collection":[{"href":"https:\/\/paroquiavilarandorinho.pt\/index.php?rest_route=\/wp\/v2\/pages"}],"about":[{"href":"https:\/\/paroquiavilarandorinho.pt\/index.php?rest_route=\/wp\/v2\/types\/page"}],"author":[{"embeddable":true,"href":"https:\/\/paroquiavilarandorinho.pt\/index.php?rest_route=\/wp\/v2\/users\/1"}],"replies":[{"embeddable":true,"href":"https:\/\/paroquiavilarandorinho.pt\/index.php?rest_route=%2Fwp%2Fv2%2Fcomments&post=6339"}],"version-history":[{"count":4,"href":"https:\/\/paroquiavilarandorinho.pt\/index.php?rest_route=\/wp\/v2\/pages\/6339\/revisions"}],"predecessor-version":[{"id":6526,"href":"https:\/\/paroquiavilarandorinho.pt\/index.php?rest_route=\/wp\/v2\/pages\/6339\/revisions\/6526"}],"wp:attachment":[{"href":"https:\/\/paroquiavilarandorinho.pt\/index.php?rest_route=%2Fwp%2Fv2%2Fmedia&parent=6339"}],"curies":[{"name":"wp","href":"https:\/\/api.w.org\/{rel}","templated":true}]}}