{"id":6345,"date":"2020-07-06T11:16:18","date_gmt":"2020-07-06T11:16:18","guid":{"rendered":"https:\/\/paroquiavilarandorinho.pt\/?page_id=6345"},"modified":"2024-11-25T10:42:48","modified_gmt":"2024-11-25T10:42:48","slug":"igreja-matriz","status":"publish","type":"page","link":"https:\/\/paroquiavilarandorinho.pt\/?page_id=6345","title":{"rendered":"Igreja Matriz"},"content":{"rendered":"<div class=\"wpb-content-wrapper\"><p>[vc_row content_placement=&#8221;middle&#8221; css=&#8221;.vc_custom_1540304086626{padding-top: 0px !important;}&#8221;][vc_column css=&#8221;.vc_custom_1540304338338{padding-right: 27px !important;padding-left: 27px !important;}&#8221;][vc_row_inner css=&#8221;.vc_custom_1543577196674{margin-bottom: 47px !important;}&#8221;][vc_column_inner][vc_column_text css=&#8221;&#8221;]<\/p>\n<p style=\"text-align: justify;\"><img loading=\"lazy\" decoding=\"async\" class=\"wp-image-6347 size-full aligncenter\" src=\"https:\/\/paroquiavilarandorinho.pt\/wp-content\/uploads\/2024\/11\/matriz.jpg\" alt=\"\" width=\"1052\" height=\"385\" \/><\/p>\n<p style=\"text-align: justify;\">Segundo a Monografia de Vilar de Andorinho, de Joaquim Costa Gomes, o primeiro documento escrito, devidamente identificado, com refer\u00eancias a Vilar de Andorinho, data de 1072, no qual se pode identificar a &#8220;exist\u00eancia de Vilar de Andorinho como terra independente ligada \u00e0 S\u00e9 Portucalense&#8221;.<\/p>\n<p style=\"text-align: justify;\">Segundo a mesma fonte:<\/p>\n<p style=\"text-align: justify;\">&#8220;&#8230;a partir de 1256 quem passa a mandar religiosamente em Vilar de Andorinho \u00e9 o Mosteiro de Pedroso, indicando os padres para pastorear a freguesia e recebendo, em troca, os respetivos d\u00edzimos que os paroquianos eram obrigados a pagar. (&#8230;) Com a posse da freguesia pelas freiras de Santa Clara, em 1946, por escritura p\u00fablica (&#8230;) Vilar de Andorinho passou a ter outra orienta\u00e7\u00e3o religiosa e outro apoio, embora se tratasse, de facto, de uma freguesia pobre&#8221;.<\/p>\n<p style=\"text-align: justify;\">&#8220;A 9 de Setembro de 1455, D. Lu\u00eds Pires, Bispo do Porto, cria o arcediago de Oliveira do Douro, em terras de Gaia. (&#8230;) o arcediago de Oliveira do Douro era obrigado a visitar, em nome do Bispo, toda e qualquer uma das igrejas, mosteiros, lugares e pessoas do julgado de Gaia, constitu\u00eddo pelas freguesias de Mafamude, Oliveira do Douro, Avintes, Vilar de Andorinho, Canelas, Lever, Sandim, Arcozelo, Gulpilhares, Vilar do Para\u00edso, Valadares, Madalena e Canidelo.&#8221;<\/p>\n<p style=\"text-align: justify;\">Hist\u00f3ria da &#8220;Santa&#8221; Greg\u00f3ria<\/p>\n<p style=\"text-align: justify;\">&#8220;No dia 28 de Dezembro de 1869, quando se tratava de remover para a sepultura da Igreja Matriz uma grande quantidade de ossos que obstru\u00edam o espa\u00e7o onde tinham de descer os pesos do rel\u00f3gio ent\u00e3o colocado na torre, (&#8230;) encontrou-se bem no fundo o corpo incorrupto de uma mulher ainda jovem, que causou nos intervenientes um forte impacto emocional. O ins\u00f3lito causou tal alvoro\u00e7o no povo local que, de imediato, se considerou um verdadeiro milagre&#8221;.<\/p>\n<p style=\"text-align: justify;\"><strong>Fonte:<\/strong> Gomes, Joaquim Costa (1993). Monografia de Vilar de Andorinho. Edi\u00e7\u00e3o da Junta de Freguesia de Vilar de Andorinho.<\/p>\n<p style=\"text-align: justify;\"><strong>Coordenadas: \u00a0<\/strong>\u00a041\u00b06&#8217;16&#8243;N \u00a0 8\u00b034&#8217;22&#8243;W<\/p>\n<p style=\"text-align: justify;\">Atualmente a Igreja Matriz de Vilar de Andorinho situa-se dentro de um adro com 2 port\u00f5es de entrada e um de serventia, uma torre sineira, tr\u00eas sinos, rel\u00f3gio com respetivo sino. Coro da igreja com respetivo coro, sacristias e os seguintes altares:<\/p>\n<p style=\"text-align: justify;\">Altar-Mor;<br \/>\nAltar de Nossa Senhora do Ros\u00e1rio;<br \/>\nAltar de S. Sebasti\u00e3o;<br \/>\nAltar de Nossa senhora de Lurdes, tamb\u00e9m conhecido por altar de Nossa Senhora da Concei\u00e7\u00e3o;<br \/>\nAltar das Almas;<br \/>\nAinda:<br \/>\nImagem de S. Br\u00e1s;<br \/>\nBatist\u00e9rio<\/p>\n<p>[\/vc_column_text][\/vc_column_inner][\/vc_row_inner][\/vc_column][\/vc_row]<\/p>\n<\/div>","protected":false},"excerpt":{"rendered":"<p>[vc_row content_placement=&#8221;middle&#8221; css=&#8221;.vc_custom_1540304086626{padding-top: 0px !important;}&#8221;][vc_column css=&#8221;.vc_custom_1540304338338{padding-right: 27px !important;padding-left: 27px !important;}&#8221;][vc_row_inner css=&#8221;.vc_custom_1543577196674{margin-bottom: 47px !important;}&#8221;][vc_column_inner][vc_column_text css=&#8221;&#8221;] Segundo a Monografia de Vilar de Andorinho, de Joaquim Costa Gomes, o primeiro documento escrito, devidamente [&hellip;]<\/p>\n","protected":false},"author":1,"featured_media":0,"parent":0,"menu_order":0,"comment_status":"closed","ping_status":"closed","template":"","meta":{"_acf_changed":false,"rs_blank_template":"","rs_page_bg_color":"","slide_template_v7":"","footnotes":""},"class_list":["post-6345","page","type-page","status-publish","hentry"],"acf":[],"_links":{"self":[{"href":"https:\/\/paroquiavilarandorinho.pt\/index.php?rest_route=\/wp\/v2\/pages\/6345","targetHints":{"allow":["GET"]}}],"collection":[{"href":"https:\/\/paroquiavilarandorinho.pt\/index.php?rest_route=\/wp\/v2\/pages"}],"about":[{"href":"https:\/\/paroquiavilarandorinho.pt\/index.php?rest_route=\/wp\/v2\/types\/page"}],"author":[{"embeddable":true,"href":"https:\/\/paroquiavilarandorinho.pt\/index.php?rest_route=\/wp\/v2\/users\/1"}],"replies":[{"embeddable":true,"href":"https:\/\/paroquiavilarandorinho.pt\/index.php?rest_route=%2Fwp%2Fv2%2Fcomments&post=6345"}],"version-history":[{"count":9,"href":"https:\/\/paroquiavilarandorinho.pt\/index.php?rest_route=\/wp\/v2\/pages\/6345\/revisions"}],"predecessor-version":[{"id":14274,"href":"https:\/\/paroquiavilarandorinho.pt\/index.php?rest_route=\/wp\/v2\/pages\/6345\/revisions\/14274"}],"wp:attachment":[{"href":"https:\/\/paroquiavilarandorinho.pt\/index.php?rest_route=%2Fwp%2Fv2%2Fmedia&parent=6345"}],"curies":[{"name":"wp","href":"https:\/\/api.w.org\/{rel}","templated":true}]}}