{"id":6356,"date":"2020-07-06T13:59:08","date_gmt":"2020-07-06T13:59:08","guid":{"rendered":"https:\/\/paroquiavilarandorinho.pt\/?page_id=6356"},"modified":"2025-09-15T15:00:47","modified_gmt":"2025-09-15T14:00:47","slug":"horarios-das-celebracoes","status":"publish","type":"page","link":"https:\/\/paroquiavilarandorinho.pt\/?page_id=6356","title":{"rendered":"Hor\u00e1rios das Celebra\u00e7\u00f5es"},"content":{"rendered":"<div class=\"wpb-content-wrapper\"><p>[vc_row content_placement=&#8221;middle&#8221; css=&#8221;.vc_custom_1540304086626{padding-top: 0px !important;}&#8221;][vc_column css=&#8221;.vc_custom_1540304338338{padding-right: 27px !important;padding-left: 27px !important;}&#8221;][vc_row_inner css=&#8221;.vc_custom_1543577196674{margin-bottom: 47px !important;}&#8221;][vc_column_inner][vc_column_text css=&#8221;&#8221;]<\/p>\n<h5><span style=\"font-size: 14pt; color: #2d89b8;\">Aos Fins de Semana<\/span><\/h5>\n<table style=\"border-collapse: collapse; width: 100%;\">\n<tbody>\n<tr>\n<td style=\"width: 12.4766%;\">S\u00e1bado<\/td>\n<td style=\"width: 6.43719%;\"><strong>19h00<\/strong><\/td>\n<td style=\"width: 81.0861%;\"><strong>Igreja da Sagrada Fam\u00edlia em Vila d&#8217;Este<\/strong><\/td>\n<\/tr>\n<tr>\n<td style=\"width: 12.4766%;\">Domingo<\/td>\n<td style=\"width: 6.43719%;\"><strong>08h00<\/strong><\/td>\n<td style=\"width: 81.0861%;\"><strong>Igreja Matriz<\/strong><\/td>\n<\/tr>\n<tr>\n<td style=\"width: 12.4766%;\">Domingo<\/td>\n<td style=\"width: 6.43719%;\"><strong>09h30<\/strong><\/td>\n<td style=\"width: 81.0861%;\"><strong>Capela de Nossa Senhora M\u00e3e dos Crist\u00e3os em Balteiro<\/strong><\/td>\n<\/tr>\n<\/tbody>\n<\/table>\n<p>[\/vc_column_text][vc_column_text css=&#8221;&#8221;]<\/p>\n<h5><span style=\"font-size: 14pt; color: #2d89b8;\">\u00c0 Semana<\/span><\/h5>\n<table style=\"border-collapse: collapse; width: 100%;\">\n<tbody>\n<tr>\n<td style=\"width: 12.4766%;\">Ter\u00e7a e Sexta-feira<\/td>\n<td style=\"width: 6.43719%;\"><strong>19h00<\/strong><\/td>\n<td style=\"width: 81.0861%;\"><strong>Igreja Matriz<\/strong><\/td>\n<\/tr>\n<tr>\n<td style=\"width: 12.4766%;\">Quarta-feira<\/td>\n<td style=\"width: 6.43719%;\"><strong>19h00 <\/strong><\/td>\n<td style=\"width: 81.0861%;\"><strong>Capela de N\u00aa S\u00aa M\u00e3e dos Crist\u00e3os em Balteiro<\/strong><\/td>\n<\/tr>\n<tr>\n<td style=\"width: 12.4766%;\">Quinta-feira<\/td>\n<td style=\"width: 6.43719%;\"><strong>19h00<\/strong><\/td>\n<td style=\"width: 81.0861%;\"><strong>Igreja da Sagrada Fam\u00edlia<\/strong><\/td>\n<\/tr>\n<tr>\n<td style=\"width: 12.4766%;\">S\u00e1bado<\/td>\n<td style=\"width: 6.43719%;\"><strong>15h30<\/strong><\/td>\n<td style=\"width: 81.0861%;\"><strong>Igreja Matriz &#8211; Missa da Catequese<\/strong>, em tempo de catequeses (ano pastoral 2025\/2026 \u2013 a partir de 27.09.2025)<\/td>\n<\/tr>\n<\/tbody>\n<\/table>\n<p>[\/vc_column_text][vc_column_text css=&#8221;&#8221;]<\/p>\n<h5><span style=\"font-size: 14pt; color: #2d89b8;\">Dias 10 de cada m\u00eas<\/span><\/h5>\n<p><strong>21h00 <\/strong>na <strong>Capela de S. Louren\u00e7o<\/strong> (a iniciar no m\u00eas de novembro, exceto Domingos)[\/vc_column_text][\/vc_column_inner][\/vc_row_inner][\/vc_column][\/vc_row]<\/p>\n<\/div>","protected":false},"excerpt":{"rendered":"<p>[vc_row content_placement=&#8221;middle&#8221; css=&#8221;.vc_custom_1540304086626{padding-top: 0px !important;}&#8221;][vc_column css=&#8221;.vc_custom_1540304338338{padding-right: 27px !important;padding-left: 27px !important;}&#8221;][vc_row_inner css=&#8221;.vc_custom_1543577196674{margin-bottom: 47px !important;}&#8221;][vc_column_inner][vc_column_text css=&#8221;&#8221;] Aos Fins de Semana S\u00e1bado 19h00 Igreja da Sagrada Fam\u00edlia em Vila d&#8217;Este Domingo 08h00 Igreja [&hellip;]<\/p>\n","protected":false},"author":1,"featured_media":0,"parent":0,"menu_order":0,"comment_status":"closed","ping_status":"closed","template":"","meta":{"_acf_changed":false,"rs_blank_template":"","rs_page_bg_color":"","slide_template_v7":"","footnotes":""},"class_list":["post-6356","page","type-page","status-publish","hentry"],"acf":[],"_links":{"self":[{"href":"https:\/\/paroquiavilarandorinho.pt\/index.php?rest_route=\/wp\/v2\/pages\/6356","targetHints":{"allow":["GET"]}}],"collection":[{"href":"https:\/\/paroquiavilarandorinho.pt\/index.php?rest_route=\/wp\/v2\/pages"}],"about":[{"href":"https:\/\/paroquiavilarandorinho.pt\/index.php?rest_route=\/wp\/v2\/types\/page"}],"author":[{"embeddable":true,"href":"https:\/\/paroquiavilarandorinho.pt\/index.php?rest_route=\/wp\/v2\/users\/1"}],"replies":[{"embeddable":true,"href":"https:\/\/paroquiavilarandorinho.pt\/index.php?rest_route=%2Fwp%2Fv2%2Fcomments&post=6356"}],"version-history":[{"count":28,"href":"https:\/\/paroquiavilarandorinho.pt\/index.php?rest_route=\/wp\/v2\/pages\/6356\/revisions"}],"predecessor-version":[{"id":15892,"href":"https:\/\/paroquiavilarandorinho.pt\/index.php?rest_route=\/wp\/v2\/pages\/6356\/revisions\/15892"}],"wp:attachment":[{"href":"https:\/\/paroquiavilarandorinho.pt\/index.php?rest_route=%2Fwp%2Fv2%2Fmedia&parent=6356"}],"curies":[{"name":"wp","href":"https:\/\/api.w.org\/{rel}","templated":true}]}}