{"id":6368,"date":"2020-07-06T16:36:24","date_gmt":"2020-07-06T16:36:24","guid":{"rendered":"https:\/\/paroquiavilarandorinho.pt\/?page_id=6368"},"modified":"2020-07-17T12:12:45","modified_gmt":"2020-07-17T11:12:45","slug":"regras-a-cumprir-no-quadro-do-covid-19-matrimonio","status":"publish","type":"page","link":"https:\/\/paroquiavilarandorinho.pt\/?page_id=6368","title":{"rendered":"Regras a cumprir no quadro do COVID-19"},"content":{"rendered":"<div class=\"wpb-content-wrapper\"><p>[vc_row content_placement=&#8221;middle&#8221; css=&#8221;.vc_custom_1540304086626{padding-top: 0px !important;}&#8221;][vc_column css=&#8221;.vc_custom_1540304338338{padding-right: 27px !important;padding-left: 27px !important;}&#8221;][vc_row_inner css=&#8221;.vc_custom_1543577196674{margin-bottom: 47px !important;}&#8221;][vc_column_inner][vc_column_text]<\/p>\n<p style=\"text-align: justify;\"><span style=\"font-size: 14pt;\"><strong>COVID-19:<br \/>\n<\/strong><\/span><strong style=\"font-size: 14pt;\">CASAMENTOS EM TEMPO DE PANDEMIA<\/strong><\/p>\n<p style=\"text-align: justify;\"><span style=\"font-size: 14pt;\"><strong>Por Secretariado Diocesano da Liturgia<\/strong><\/span><\/p>\n<p style=\"text-align: justify;\">O coronav\u00edrus continua a propagar-se em Portugal. A Santa M\u00e3e Igreja n\u00e3o quer que nenhum dos seus filhos pere\u00e7a. Por isso, prefere abdicar do seu direito ao Culto p\u00fablico, constitucionalmente garantido, a dar ocasi\u00e3o a uma maior difus\u00e3o da pandemia.<\/p>\n<p style=\"text-align: justify;\">Alguns p\u00e1rocos interrogam-nos sobre os procedimentos a seguir em rela\u00e7\u00e3o aos Casamentos j\u00e1 agendados. Naturalmente, aguardam-se orienta\u00e7\u00f5es superiores. As regras de prote\u00e7\u00e3o que forem adotadas para as celebra\u00e7\u00f5es comunit\u00e1rias da Missa dominical tamb\u00e9m ter\u00e3o de se cumprir escrupulosamente nas celebra\u00e7\u00f5es destes sacramentos. S\u00f3 que \u2013 observa-se \u2013 nestes casos os ritos parecem pressupor algum risco acrescido de eventual cont\u00e1gio, na medida em que implicam contactos f\u00edsicos entre os ministros e os sujeitos do Sacramento. E se estes contactos forem sequenciais, a festa pode transformar-se em ocasi\u00e3o de luto. Temos que excluir essa eventualidade.<\/p>\n<p style=\"text-align: justify;\">Examinando atentamente os livros lit\u00fargicos, constatamos que esses contactos f\u00edsicos diretos s\u00e3o evit\u00e1veis e que, por isso, essa apreens\u00e3o pode ser dissipada. Vamos exemplificar.<\/p>\n<p style=\"text-align: justify;\"><strong>Casamento<\/strong><\/p>\n<p style=\"text-align: justify;\">As celebra\u00e7\u00f5es do casamento estar\u00e3o sujeitas \u00e0s mesmas restri\u00e7\u00f5es e condicionamentos de qualquer Missa dominical. Por si, n\u00e3o implicam qualquer contacto f\u00edsico direto entre oficiante e contraentes. Os an\u00e9is (alian\u00e7as) dever\u00e3o ser manipulados exclusivamente pelos contraentes, prescindindo-se dos \u00abmeninos das alian\u00e7as\u00bb (podem continuar na fotografia!). Mantenha-se a devida prud\u00eancia na assinatura dos contraentes e das testemunhas, bem como na entrega da documenta\u00e7\u00e3o correspondente. Maiores dificuldades ter\u00e3o os nubentes com a realiza\u00e7\u00e3o da boda, mas perspetiva-se uma reabertura cautelosa dos servi\u00e7os de restaura\u00e7\u00e3o.<\/p>\n<p>[\/vc_column_text][\/vc_column_inner][\/vc_row_inner][\/vc_column][\/vc_row]<\/p>\n<\/div>","protected":false},"excerpt":{"rendered":"<p>[vc_row content_placement=&#8221;middle&#8221; css=&#8221;.vc_custom_1540304086626{padding-top: 0px !important;}&#8221;][vc_column css=&#8221;.vc_custom_1540304338338{padding-right: 27px !important;padding-left: 27px !important;}&#8221;][vc_row_inner css=&#8221;.vc_custom_1543577196674{margin-bottom: 47px !important;}&#8221;][vc_column_inner][vc_column_text] COVID-19: CASAMENTOS EM TEMPO DE PANDEMIA Por Secretariado Diocesano da Liturgia O coronav\u00edrus continua a propagar-se em [&hellip;]<\/p>\n","protected":false},"author":1,"featured_media":0,"parent":0,"menu_order":0,"comment_status":"closed","ping_status":"closed","template":"","meta":{"_acf_changed":false,"rs_blank_template":"","rs_page_bg_color":"#ffffff","slide_template_v7":"","footnotes":""},"class_list":["post-6368","page","type-page","status-publish","hentry"],"acf":[],"_links":{"self":[{"href":"https:\/\/paroquiavilarandorinho.pt\/index.php?rest_route=\/wp\/v2\/pages\/6368","targetHints":{"allow":["GET"]}}],"collection":[{"href":"https:\/\/paroquiavilarandorinho.pt\/index.php?rest_route=\/wp\/v2\/pages"}],"about":[{"href":"https:\/\/paroquiavilarandorinho.pt\/index.php?rest_route=\/wp\/v2\/types\/page"}],"author":[{"embeddable":true,"href":"https:\/\/paroquiavilarandorinho.pt\/index.php?rest_route=\/wp\/v2\/users\/1"}],"replies":[{"embeddable":true,"href":"https:\/\/paroquiavilarandorinho.pt\/index.php?rest_route=%2Fwp%2Fv2%2Fcomments&post=6368"}],"version-history":[{"count":6,"href":"https:\/\/paroquiavilarandorinho.pt\/index.php?rest_route=\/wp\/v2\/pages\/6368\/revisions"}],"predecessor-version":[{"id":7070,"href":"https:\/\/paroquiavilarandorinho.pt\/index.php?rest_route=\/wp\/v2\/pages\/6368\/revisions\/7070"}],"wp:attachment":[{"href":"https:\/\/paroquiavilarandorinho.pt\/index.php?rest_route=%2Fwp%2Fv2%2Fmedia&parent=6368"}],"curies":[{"name":"wp","href":"https:\/\/api.w.org\/{rel}","templated":true}]}}