{"id":6375,"date":"2020-07-06T17:46:02","date_gmt":"2020-07-06T17:46:02","guid":{"rendered":"https:\/\/paroquiavilarandorinho.pt\/?page_id=6375"},"modified":"2021-06-01T18:39:39","modified_gmt":"2021-06-01T17:39:39","slug":"regras-a-cumprir-no-quadro-do-covid-19-batismo","status":"publish","type":"page","link":"https:\/\/paroquiavilarandorinho.pt\/?page_id=6375","title":{"rendered":"Regras a cumprir no quadro do COVID-19"},"content":{"rendered":"<div class=\"wpb-content-wrapper\"><p>[vc_row content_placement=&#8221;middle&#8221; css=&#8221;.vc_custom_1540304086626{padding-top: 0px !important;}&#8221;][vc_column css=&#8221;.vc_custom_1540304338338{padding-right: 27px !important;padding-left: 27px !important;}&#8221;][vc_row_inner css=&#8221;.vc_custom_1543577196674{margin-bottom: 47px !important;}&#8221;][vc_column_inner][vc_column_text]<\/p>\n<p style=\"text-align: justify;\"><span style=\"font-size: 14pt;\"><strong>COVID-19:<br \/>\n<\/strong><\/span><strong style=\"font-size: 14pt;\">BATISMOS EM TEMPO DE PANDEMIA<\/strong><\/p>\n<p style=\"text-align: justify;\"><span style=\"font-size: 14pt;\"><strong>Por Secretariado Diocesano da Liturgia<br \/>\n<\/strong><\/span><span style=\"color: inherit; font-family: inherit; font-size: inherit;\">O coronav\u00edrus continua a propagar-se em Portugal. A Santa M\u00e3e Igreja n\u00e3o quer que nenhum dos seus filhos pere\u00e7a. Por isso, prefere abdicar do seu direito ao Culto p\u00fablico, constitucionalmente garantido, a dar ocasi\u00e3o a uma maior difus\u00e3o da pandemia.<\/span><\/p>\n<p style=\"text-align: justify;\">Alguns p\u00e1rocos interrogam-nos sobre os procedimentos a seguir em rela\u00e7\u00e3o aos Batismos j\u00e1 agendados. Naturalmente, aguardam-se orienta\u00e7\u00f5es superiores. As regras de prote\u00e7\u00e3o que forem adotadas para as celebra\u00e7\u00f5es comunit\u00e1rias da Missa dominical tamb\u00e9m ter\u00e3o de se cumprir escrupulosamente nas celebra\u00e7\u00f5es deste sacramento. S\u00f3 que \u2013 observa-se \u2013 nestes casos os ritos parecem pressupor algum risco acrescido de eventual cont\u00e1gio, na medida em que implicam contactos f\u00edsicos entre os ministros e os sujeitos do Sacramento. E se estes contactos forem sequenciais (no caso, por exemplo, de v\u00e1rios batizados numa \u00fanica celebra\u00e7\u00e3o, situa\u00e7\u00e3o pastoralmente recomendada em tempos de normalidade), a festa pode transformar-se em ocasi\u00e3o de luto. Temos que excluir essa eventualidade.<\/p>\n<p style=\"text-align: justify;\">Examinando atentamente os livros lit\u00fargicos, constatamos que esses contactos f\u00edsicos diretos s\u00e3o evit\u00e1veis e que, por isso, essa apreens\u00e3o pode ser dissipada. Vamos exemplificar.<\/p>\n<p style=\"text-align: justify;\"><strong>Batismo de crian\u00e7as<\/strong><\/p>\n<ol style=\"text-align: justify;\">\n<li>a) Uma primeira ocasi\u00e3o de contacto prevista no Ritual \u00e9 a <strong>signa\u00e7\u00e3o<\/strong>, no momento do acolhimento. Sugere-se que, enquanto durar a epidemia, o ministro proceda conforme est\u00e1 previsto na admiss\u00e3o de catec\u00famenos (ICA rubrica do n. 83): tra\u00e7a uma cruz diante da fronte de cada batizando, sem contacto f\u00edsico; os pais, mas n\u00e3o os padrinhos (a n\u00e3o ser que tamb\u00e9m eles coabitem com a crian\u00e7a a batizar) far\u00e3o o sinal da cruz na fronte do filho.<\/li>\n<li>b) <strong>Un\u00e7\u00e3o pr\u00e9 batismal<\/strong>: proceda-se conforme est\u00e1 previsto no n\u00ba 51 do Ritual da <em>Celebra\u00e7\u00e3o do Baptismo das Crian\u00e7as<\/em>. O ministro dir\u00e1 a f\u00f3rmula prevista, seguida do gesto da imposi\u00e7\u00e3o das m\u00e3os sobre cada crian\u00e7a, mas sem contacto f\u00edsico.<\/li>\n<li>c) <strong>Ablu\u00e7\u00e3o batismal<\/strong>: em todas as celebra\u00e7\u00f5es do Batismo proceda-se \u00e0 b\u00ean\u00e7\u00e3o de \u00e1gua fresca e limpa. Na administra\u00e7\u00e3o da \u00e1gua batismal, haja o cuidado de que <strong>a \u00e1gua derramada no ato do batismo n\u00e3o possa ser reutilizada<\/strong>, sendo antes escoada pelo sumidouro ou para uma vasilha distinta, evitando qualquer tipo de contacto entre os batizandos. O ministro usar\u00e1 para todos os batismos a mesma concha (ou a m\u00e3o), previamente higienizada.<\/li>\n<li>d) <strong>Un\u00e7\u00e3o p\u00f3s-batismal<\/strong>: nas circunst\u00e2ncias atuais de pandemia recorra-se \u00e0 <strong>exce\u00e7\u00e3o j\u00e1 prevista<\/strong> na rubrica do n\u00ba 125 do Ritual para o caso de o n\u00famero dos batizados ser muito grande: omite-se a un\u00e7\u00e3o e diz-se a ora\u00e7\u00e3o com a adapta\u00e7\u00e3o prevista (p\u00e1g. 120).<\/li>\n<li>e) Nenhum dos demais ritos da Liturgia do Batismo implica qualquer contacto f\u00edsico, a n\u00e3o ser dos pais com a crian\u00e7a que \u00e9 batizada, o que n\u00e3o suscita qualquer problema.<\/li>\n<li>f) <strong>N\u00e3o \u00e9 obrigat\u00f3ria a assinatura das atas do Batismo<\/strong> pelos pais e padrinhos. Mas pode sempre fazer-se mais tarde, em tempos mais favor\u00e1veis.<\/li>\n<li>g) Com estes procedimentos, n\u00e3o parece que haja qualquer dificuldade especial na celebra\u00e7\u00e3o de Batismos quer de uma s\u00f3 crian\u00e7a, quer de v\u00e1rias. O \u00fanico condicionamento ser\u00e1 o da ocupa\u00e7\u00e3o do espa\u00e7o e da observ\u00e2ncia das regras comuns de higiene e distanciamento tal como ser\u00e1 determinado em rela\u00e7\u00e3o \u00e0 celebra\u00e7\u00e3o da Missa dominical<\/li>\n<\/ol>\n<p style=\"text-align: justify;\"><strong>NOTA:<br \/>\n<\/strong>Ver <a href=\"\/\/paroquiavilarandorinho.pt\/wp-content\/uploads\/2020\/07\/Sacramento-do-Baptismo.pdf\" target=\"_blank\" rel=\"noopener noreferrer\">ANEXO <\/a>com indica\u00e7\u00f5es sobre todo o PROCESSO para o Sacramento do Batismo<br \/>\n<a href=\"https:\/\/paroquiavilarandorinho.pt\/wp-content\/uploads\/2021\/06\/Declaracao-de-Idoneidade.pdf\">Declara\u00e7\u00e3o de Idoneidade<\/a><\/p>\n<p>[\/vc_column_text][\/vc_column_inner][\/vc_row_inner][\/vc_column][\/vc_row]<\/p>\n<\/div>","protected":false},"excerpt":{"rendered":"<p>[vc_row content_placement=&#8221;middle&#8221; css=&#8221;.vc_custom_1540304086626{padding-top: 0px !important;}&#8221;][vc_column css=&#8221;.vc_custom_1540304338338{padding-right: 27px !important;padding-left: 27px !important;}&#8221;][vc_row_inner css=&#8221;.vc_custom_1543577196674{margin-bottom: 47px !important;}&#8221;][vc_column_inner][vc_column_text] COVID-19: BATISMOS EM TEMPO DE PANDEMIA Por Secretariado Diocesano da Liturgia O coronav\u00edrus continua a propagar-se em [&hellip;]<\/p>\n","protected":false},"author":1,"featured_media":0,"parent":0,"menu_order":0,"comment_status":"closed","ping_status":"closed","template":"","meta":{"_acf_changed":false,"rs_blank_template":"","rs_page_bg_color":"#ffffff","slide_template_v7":"","footnotes":""},"class_list":["post-6375","page","type-page","status-publish","hentry"],"acf":[],"_links":{"self":[{"href":"https:\/\/paroquiavilarandorinho.pt\/index.php?rest_route=\/wp\/v2\/pages\/6375","targetHints":{"allow":["GET"]}}],"collection":[{"href":"https:\/\/paroquiavilarandorinho.pt\/index.php?rest_route=\/wp\/v2\/pages"}],"about":[{"href":"https:\/\/paroquiavilarandorinho.pt\/index.php?rest_route=\/wp\/v2\/types\/page"}],"author":[{"embeddable":true,"href":"https:\/\/paroquiavilarandorinho.pt\/index.php?rest_route=\/wp\/v2\/users\/1"}],"replies":[{"embeddable":true,"href":"https:\/\/paroquiavilarandorinho.pt\/index.php?rest_route=%2Fwp%2Fv2%2Fcomments&post=6375"}],"version-history":[{"count":5,"href":"https:\/\/paroquiavilarandorinho.pt\/index.php?rest_route=\/wp\/v2\/pages\/6375\/revisions"}],"predecessor-version":[{"id":9172,"href":"https:\/\/paroquiavilarandorinho.pt\/index.php?rest_route=\/wp\/v2\/pages\/6375\/revisions\/9172"}],"wp:attachment":[{"href":"https:\/\/paroquiavilarandorinho.pt\/index.php?rest_route=%2Fwp%2Fv2%2Fmedia&parent=6375"}],"curies":[{"name":"wp","href":"https:\/\/api.w.org\/{rel}","templated":true}]}}