{"id":6382,"date":"2020-07-07T08:42:48","date_gmt":"2020-07-07T08:42:48","guid":{"rendered":"https:\/\/paroquiavilarandorinho.pt\/?page_id=6382"},"modified":"2025-09-15T15:22:13","modified_gmt":"2025-09-15T14:22:13","slug":"plano-pastoral-2020-2021","status":"publish","type":"page","link":"https:\/\/paroquiavilarandorinho.pt\/?page_id=6382","title":{"rendered":"Plano Pastoral 2020\/2021"},"content":{"rendered":"<div class=\"wpb-content-wrapper\"><p>[vc_row content_placement=&#8221;middle&#8221; css=&#8221;.vc_custom_1540304086626{padding-top: 0px !important;}&#8221;][vc_column css=&#8221;.vc_custom_1540304338338{padding-right: 27px !important;padding-left: 27px !important;}&#8221;][vc_row_inner css=&#8221;.vc_custom_1543577196674{margin-bottom: 47px !important;}&#8221;][vc_column_inner][vc_column_text css=&#8221;&#8221;]<\/p>\n<h4 style=\"text-align: justify;\"><strong>Como os ramos na videira \u2013 Todos fam\u00edlia \u2013 Todos irm\u00e3os.<\/strong><\/h4>\n<p style=\"text-align: justify;\"><img loading=\"lazy\" decoding=\"async\" class=\"aligncenter wp-image-6385 size-full\" src=\"https:\/\/paroquiavilarandorinho.pt\/wp-content\/uploads\/2020\/07\/ramos_videira.jpg\" alt=\"\" width=\"333\" height=\"308\" srcset=\"https:\/\/paroquiavilarandorinho.pt\/wp-content\/uploads\/2020\/07\/ramos_videira.jpg 333w, https:\/\/paroquiavilarandorinho.pt\/wp-content\/uploads\/2020\/07\/ramos_videira-300x277.jpg 300w\" sizes=\"auto, (max-width: 333px) 100vw, 333px\" \/><\/p>\n<p style=\"text-align: justify;\"><span style=\"color: inherit; font-family: inherit; font-size: inherit;\">Caros fi\u00e9is em Cristo desta nossa Diocese do Porto:<\/span><\/p>\n<p style=\"text-align: justify;\">Aquando da avalia\u00e7\u00e3o do anterior projeto pastoral, h\u00e1 mais de um ano, v\u00e1rias pessoas chamaram a aten\u00e7\u00e3o para a necessidade de os planos n\u00e3o se circunscreverem a apenas um ano, mas abrangerem um espa\u00e7o de tempo mais longo. Curiosamente, a situa\u00e7\u00e3o de pandemia que vivemos acabou por confirmar a sensatez desta vis\u00e3o: n\u00e3o s\u00f3 n\u00e3o permitiu que o ano pastoral se desenrolasse como previsto, como possibilitou um enriquecimento de proximidade de comunica\u00e7\u00e3o e uma evangeliza\u00e7\u00e3o de tal modo \u00abpersonalizada\u00bb que seria mal-empregado n\u00e3o prosseguir.<\/p>\n<p style=\"text-align: justify;\">Ent\u00e3o, n\u00e3o podemos perder esta din\u00e2mica que as circunst\u00e2ncias potenciaram. Se a elas acrescentarmos uma verdadeira <em>reequa\u00e7\u00e3o <\/em>da dimens\u00e3o \u00abdom\u00e9stica\u00bb da Igreja e o facto de se modificarem alguns pressupostos que ditaram a idealiza\u00e7\u00e3o do nosso plano pastoral \u2013 altera\u00e7\u00e3o das datas da Jornada Mundial da Juventude (JMJ) e mesmo do Congresso Eucar\u00edstico Internacional e do Encontro Mundial de Fam\u00edlias \u2013 parece oportuno insistir, durante mais tempo, na nossa condi\u00e7\u00e3o crist\u00e3, a partir de Deus Pai que nos chama a fazer parte da sua fam\u00edlia, por interm\u00e9dio do Batismo.<\/p>\n<p style=\"text-align: justify;\">Decidiu-se, pois, prolongar, em 2020\/21, a mesma tem\u00e1tica iniciada em 2019\/20. Continua v\u00e1lido tudo o que ent\u00e3o se referiu e se projetou. N\u00e3o obstante, acrescentam-se novas tonalidades, nascidas das avalia\u00e7\u00f5es que, entretanto, se fizeram e das gratificantes descobertas que este tempo nos proporcionou.<\/p>\n<p style=\"text-align: justify;\">Seja-me permitido acentuar a necessidade de n\u00e3o esquecermos a Pessoa divina do Pai. No princ\u00edpio de tudo n\u00e3o est\u00e1 o Batismo. Est\u00e1 o Pai, que nos chama a tomar parte na plenitude da sua vida e nos convida a entrar na sua fam\u00edlia, como filhos adotivos. E esta tem\u00e1tica interliga-se perfeitamente com a dimens\u00e3o \u00abdom\u00e9stica\u00bb da Igreja: da mesma forma que a fam\u00edlia constitui o \u00abporto de abrigo\u00bb, o lugar da corresponsabilidade e da partilha, assim a Igreja, fam\u00edlia de fam\u00edlias, \u00e9 a grande casa comum onde os filhos de Deus experimentam a alegria do encontro de todos os seus membros e a preocupa\u00e7\u00e3o de uns pelos outros, pois todos se alimentam da mesma seiva da gra\u00e7a, \u201ccomo os ramos na videira\u201d.<\/p>\n<p style=\"text-align: justify;\">Seja este um ano fecundo na tomada de consci\u00eancia de que nada nem ningu\u00e9m substitui a fam\u00edlia enquanto destinat\u00e1ria da solicitude amorosa do Pai que a convida \u00e0 sua intimidade. Mas, igualmente, de que ela \u00e9 o sujeito mais ativo e a primeira protagonista na evangeliza\u00e7\u00e3o dos seus membros, como a longa hist\u00f3ria da Igreja o demonstra.<\/p>\n<p style=\"text-align: justify;\">O vosso bispo e irm\u00e3o,<br \/>\n+ Manuel Linda<\/p>\n<p style=\"text-align: justify;\"><strong>ANEXO:<\/strong><\/p>\n<ol style=\"text-align: justify;\">\n<li><strong><a href=\"\/\/paroquiavilarandorinho.pt\/wp-content\/uploads\/2020\/07\/Plano-Diocesano-2020-2021.pdf\" target=\"_blank\" rel=\"noopener noreferrer\">Plano Pastoral para Diocese Porto \u2013 Ano 2020\/2021<\/a><br \/>\n<\/strong><\/li>\n<\/ol>\n<p style=\"text-align: justify;\"><strong>Veja e oi\u00e7a o VIDEO<\/strong><\/p>\n<p style=\"text-align: justify;\"><strong>Aqui:<br \/>\n<\/strong><a href=\"https:\/\/www.diocese-porto.pt\/pt\/noticias\/recursos\/plano-diocesano-de-pastoral-20212022\/\">https:\/\/www.diocese-porto.pt\/pt\/noticias\/recursos\/recursos-plano-diocesano-de-pastoral-2020-2021\/<\/a><\/p>\n<p style=\"text-align: justify;\"><strong>Ou aqui:<br \/>\n<\/strong><a href=\"https:\/\/www.youtube.com\/watch?v=asz2nrj0wmU\">https:\/\/www.youtube.com\/watch?v=asz2nrj0wmU<\/a><\/p>\n<p>[\/vc_column_text][\/vc_column_inner][\/vc_row_inner][\/vc_column][\/vc_row]<\/p>\n<\/div>","protected":false},"excerpt":{"rendered":"<p>[vc_row content_placement=&#8221;middle&#8221; css=&#8221;.vc_custom_1540304086626{padding-top: 0px !important;}&#8221;][vc_column css=&#8221;.vc_custom_1540304338338{padding-right: 27px !important;padding-left: 27px !important;}&#8221;][vc_row_inner css=&#8221;.vc_custom_1543577196674{margin-bottom: 47px !important;}&#8221;][vc_column_inner][vc_column_text css=&#8221;&#8221;] Como os ramos na videira \u2013 Todos fam\u00edlia \u2013 Todos irm\u00e3os. Caros fi\u00e9is em Cristo desta [&hellip;]<\/p>\n","protected":false},"author":1,"featured_media":0,"parent":0,"menu_order":0,"comment_status":"closed","ping_status":"closed","template":"","meta":{"_acf_changed":false,"rs_blank_template":"","rs_page_bg_color":"#ffffff","slide_template_v7":"","footnotes":""},"class_list":["post-6382","page","type-page","status-publish","hentry"],"acf":[],"_links":{"self":[{"href":"https:\/\/paroquiavilarandorinho.pt\/index.php?rest_route=\/wp\/v2\/pages\/6382","targetHints":{"allow":["GET"]}}],"collection":[{"href":"https:\/\/paroquiavilarandorinho.pt\/index.php?rest_route=\/wp\/v2\/pages"}],"about":[{"href":"https:\/\/paroquiavilarandorinho.pt\/index.php?rest_route=\/wp\/v2\/types\/page"}],"author":[{"embeddable":true,"href":"https:\/\/paroquiavilarandorinho.pt\/index.php?rest_route=\/wp\/v2\/users\/1"}],"replies":[{"embeddable":true,"href":"https:\/\/paroquiavilarandorinho.pt\/index.php?rest_route=%2Fwp%2Fv2%2Fcomments&post=6382"}],"version-history":[{"count":12,"href":"https:\/\/paroquiavilarandorinho.pt\/index.php?rest_route=\/wp\/v2\/pages\/6382\/revisions"}],"predecessor-version":[{"id":15895,"href":"https:\/\/paroquiavilarandorinho.pt\/index.php?rest_route=\/wp\/v2\/pages\/6382\/revisions\/15895"}],"wp:attachment":[{"href":"https:\/\/paroquiavilarandorinho.pt\/index.php?rest_route=%2Fwp%2Fv2%2Fmedia&parent=6382"}],"curies":[{"name":"wp","href":"https:\/\/api.w.org\/{rel}","templated":true}]}}