{"id":6408,"date":"2020-07-07T09:19:28","date_gmt":"2020-07-07T09:19:28","guid":{"rendered":"https:\/\/paroquiavilarandorinho.pt\/?page_id=6408"},"modified":"2024-09-24T10:39:19","modified_gmt":"2024-09-24T09:39:19","slug":"grupos-corais","status":"publish","type":"page","link":"https:\/\/paroquiavilarandorinho.pt\/?page_id=6408","title":{"rendered":"Grupos Corais"},"content":{"rendered":"<div class=\"wpb-content-wrapper\"><p>[vc_row content_placement=&#8221;middle&#8221; css=&#8221;.vc_custom_1540304086626{padding-top: 0px !important;}&#8221;][vc_column css=&#8221;.vc_custom_1540304338338{padding-right: 27px !important;padding-left: 27px !important;}&#8221;][vc_row_inner css=&#8221;.vc_custom_1543577196674{margin-bottom: 47px !important;}&#8221;][vc_column_inner][vc_column_text css=&#8221;&#8221;]<\/p>\n<p style=\"text-align: justify;\">Na par\u00f3quia do Divino Salvador de Vilar de Andorinho existem atualmente 5 centros de celebra\u00e7\u00e3o, mas, somente em 3, &#8211; Matriz, Igreja da Sagrada Fam\u00edlia (Vila d\u2019Este) e Capela de Nossa Senhora M\u00e3e dos Crist\u00e3os (Balteiro) &#8211; as celebra\u00e7\u00f5es lit\u00fargicas s\u00e3o acompanhadas por grupos corais residentes.<\/p>\n<p style=\"text-align: justify;\">S\u00e3o aproximadamente 60 os elementos que comp\u00f5em esses grupos. S\u00e3o, na sua maioria, pessoas idosas.<\/p>\n<p style=\"text-align: justify;\">Cada centro de celebra\u00e7\u00e3o procura fazer os seus ensaios conforme a disponibilidade das pessoas que dirigem os respetivos grupos.<\/p>\n<p style=\"text-align: justify;\">Na maioria das vezes, esses ensaios s\u00e3o feitos um pouco antes das celebra\u00e7\u00f5es eucar\u00edsticas.<\/p>\n<p style=\"text-align: justify;\">Sempre tem sido preocupa\u00e7\u00e3o dos respons\u00e1veis cativar novos elementos, principalmente, elementos mais jovens, quer para cantar quer para tocar. Todavia, como noutras \u00e1reas da Pastoral Lit\u00fargica, n\u00e3o \u00e9 f\u00e1cil contar com disponibilidades\u2026<\/p>\n<p style=\"text-align: justify;\">O grupo coral da Igreja Matriz, anima a Eucaristia das 09h00 de domingo, orientado\/dirigido pelo Sr. Soares. O ensaio semanal \u00e9 \u00e0s segunda feiras.<\/p>\n<figure id=\"attachment_13953\" aria-describedby=\"caption-attachment-13953\" style=\"width: 2560px\" class=\"wp-caption aligncenter\"><img loading=\"lazy\" decoding=\"async\" class=\"wp-image-13953 size-full\" src=\"https:\/\/paroquiavilarandorinho.pt\/wp-content\/uploads\/2024\/09\/20240915_094646-scaled.jpg\" alt=\"\" width=\"2560\" height=\"1920\" srcset=\"https:\/\/paroquiavilarandorinho.pt\/wp-content\/uploads\/2024\/09\/20240915_094646-scaled.jpg 2560w, https:\/\/paroquiavilarandorinho.pt\/wp-content\/uploads\/2024\/09\/20240915_094646-300x225.jpg 300w, https:\/\/paroquiavilarandorinho.pt\/wp-content\/uploads\/2024\/09\/20240915_094646-1024x768.jpg 1024w, https:\/\/paroquiavilarandorinho.pt\/wp-content\/uploads\/2024\/09\/20240915_094646-768x576.jpg 768w, https:\/\/paroquiavilarandorinho.pt\/wp-content\/uploads\/2024\/09\/20240915_094646-1536x1152.jpg 1536w, https:\/\/paroquiavilarandorinho.pt\/wp-content\/uploads\/2024\/09\/20240915_094646-2048x1536.jpg 2048w\" sizes=\"auto, (max-width: 2560px) 100vw, 2560px\" \/><figcaption id=\"caption-attachment-13953\" class=\"wp-caption-text\">Grupo Coral da Igreja Matriz<\/figcaption><\/figure>\n<p style=\"text-align: justify;\">O grupo coral da Capela de Nossa Senhora M\u00e3e dos Crist\u00e3os (Balteiro), \u00e9 orientado\/dirigido pela Ana Margarida que anima a Eucaristia das 11h00 de domingo. Os ensaios s\u00e3o feitos com alguma regularidade, mas de forma mais intensa e programada no in\u00edcio de cada tempo lit\u00fargico (advento, quaresma, tempo comum).<\/p>\n<p style=\"text-align: justify;\">O grupo coral da Igreja da Sagrada Fam\u00edlia (Vila D\u2019Este), \u00e9 orientado\/dirigido pelo Ricardo que anima a Eucaristia das 19h de s\u00e1bado. O ensaio \u00e9 feito antes das celebra\u00e7\u00f5es.<\/p>\n<p style=\"text-align: justify;\">Em momentos especiais para a par\u00f3quia como sejam: abertura do na pastoral, natal, tr\u00edduo pascal, p\u00e1scoa, algumas festas da catequese, festa do Divino Salvador, etc. os grupos juntam-se para animar as referidas celebra\u00e7\u00f5es num coletivo de vozes e instrumentos.<\/p>\n<p style=\"text-align: justify;\">Existe ainda na par\u00f3quia o grupo GJB (Grupo Jovens Balteiro) que animava algumas prociss\u00f5es e\/ou Eucaristias (domingo de Ramos, via sacra, etc.). Vive atualmente um per\u00edodo sab\u00e1tico.<\/p>\n<p>[\/vc_column_text][\/vc_column_inner][\/vc_row_inner][\/vc_column][\/vc_row]<\/p>\n<\/div>","protected":false},"excerpt":{"rendered":"<p>[vc_row content_placement=&#8221;middle&#8221; css=&#8221;.vc_custom_1540304086626{padding-top: 0px !important;}&#8221;][vc_column css=&#8221;.vc_custom_1540304338338{padding-right: 27px !important;padding-left: 27px !important;}&#8221;][vc_row_inner css=&#8221;.vc_custom_1543577196674{margin-bottom: 47px !important;}&#8221;][vc_column_inner][vc_column_text css=&#8221;&#8221;] Na par\u00f3quia do Divino Salvador de Vilar de Andorinho existem atualmente 5 centros de celebra\u00e7\u00e3o, mas, [&hellip;]<\/p>\n","protected":false},"author":1,"featured_media":0,"parent":0,"menu_order":0,"comment_status":"closed","ping_status":"closed","template":"","meta":{"_acf_changed":false,"rs_blank_template":"","rs_page_bg_color":"","slide_template_v7":"","footnotes":""},"class_list":["post-6408","page","type-page","status-publish","hentry"],"acf":[],"_links":{"self":[{"href":"https:\/\/paroquiavilarandorinho.pt\/index.php?rest_route=\/wp\/v2\/pages\/6408","targetHints":{"allow":["GET"]}}],"collection":[{"href":"https:\/\/paroquiavilarandorinho.pt\/index.php?rest_route=\/wp\/v2\/pages"}],"about":[{"href":"https:\/\/paroquiavilarandorinho.pt\/index.php?rest_route=\/wp\/v2\/types\/page"}],"author":[{"embeddable":true,"href":"https:\/\/paroquiavilarandorinho.pt\/index.php?rest_route=\/wp\/v2\/users\/1"}],"replies":[{"embeddable":true,"href":"https:\/\/paroquiavilarandorinho.pt\/index.php?rest_route=%2Fwp%2Fv2%2Fcomments&post=6408"}],"version-history":[{"count":7,"href":"https:\/\/paroquiavilarandorinho.pt\/index.php?rest_route=\/wp\/v2\/pages\/6408\/revisions"}],"predecessor-version":[{"id":13954,"href":"https:\/\/paroquiavilarandorinho.pt\/index.php?rest_route=\/wp\/v2\/pages\/6408\/revisions\/13954"}],"wp:attachment":[{"href":"https:\/\/paroquiavilarandorinho.pt\/index.php?rest_route=%2Fwp%2Fv2%2Fmedia&parent=6408"}],"curies":[{"name":"wp","href":"https:\/\/api.w.org\/{rel}","templated":true}]}}