{"id":6425,"date":"2020-07-08T08:34:12","date_gmt":"2020-07-08T08:34:12","guid":{"rendered":"https:\/\/paroquiavilarandorinho.pt\/?page_id=6425"},"modified":"2025-09-15T10:56:06","modified_gmt":"2025-09-15T09:56:06","slug":"parocos-historial","status":"publish","type":"page","link":"https:\/\/paroquiavilarandorinho.pt\/?page_id=6425","title":{"rendered":"P\u00e1rocos (historial)"},"content":{"rendered":"<div class=\"wpb-content-wrapper\"><p>[vc_row content_placement=&#8221;middle&#8221; css=&#8221;.vc_custom_1540304086626{padding-top: 0px !important;}&#8221;][vc_column css=&#8221;.vc_custom_1540304338338{padding-right: 27px !important;padding-left: 27px !important;}&#8221;][vc_row_inner css=&#8221;.vc_custom_1543577196674{margin-bottom: 47px !important;}&#8221;][vc_column_inner][vc_column_text css=&#8221;&#8221;]<\/p>\n<h4 style=\"text-align: justify;\">P\u00c1ROCOS de Vilar de Andorinho<\/h4>\n<ul style=\"text-align: justify;\">\n<li><strong>Jer\u00f3nimo Aires <\/strong>\u2013 1587 a 1622<\/li>\n<li><strong>Bernardo Rodrigues de Freitas <\/strong>\u2013 1622 a 1626<\/li>\n<li><strong>Jo\u00e3o Leal Franco <\/strong>\u2013 1626 a 1635<\/li>\n<li><strong>Pedro \u00c1lvares Pereira <\/strong>\u2013 1635 a 1666<\/li>\n<li><strong>Fernando Barros Coelho <\/strong>\u2013 1666 a 1671<\/li>\n<li><strong>Ant\u00f3nio Aranha Le\u00e3o <\/strong>\u2013 1671 a 1710<\/li>\n<li><strong>Manuel Moreira Le\u00e3o <\/strong>\u2013 1710 a 1733<\/li>\n<li><strong>Ant\u00f3nio Aranha Le\u00e3o <\/strong>\u2013 1733 a 1794<\/li>\n<li><strong>Jo\u00e3o Moreira Aranha <\/strong>\u2013 1794 a 1814<\/li>\n<li><strong>Ant\u00f3nio Pedrosa de Ara\u00fajo <\/strong>\u2013 1815 a 1855<\/li>\n<li><strong>Ant\u00f3nio Joaquim de Almeida Raposo <\/strong>\u2013\u00a07 de agosto de\u00a01855\u00a0a 1857<\/li>\n<li><strong>Jos\u00e9 Maria Maia <\/strong>\u2013\u00a020 de abril de\u00a01857\u00a0a 1882<\/li>\n<li><strong>Ant\u00f3nio de S\u00e1 Teixeira Cardoso<\/strong> \u2013 1882 (nomea\u00e7\u00e3o oficial a\u00a029 de janeiro de\u00a01885) a 1914<\/li>\n<li><strong>Lu\u00eds Pereira da Silva <\/strong>\u2013 1914 a 1914, 1915 a 1920<\/li>\n<li><strong>Ant\u00f3nio Cardoso Vilarinho <\/strong>\u2013 1922 a 1936<\/li>\n<li><strong>Jos\u00e9 Luciano Valente <\/strong>\u2013 1936 a 1943<\/li>\n<li><strong>Joaquim Nunes Faria <\/strong>\u2013 1943 a 1967<\/li>\n<\/ul>\n<p style=\"text-align: justify;\">Depois de paroquiar Vilar de Andorinho durante 24 anos e 8 meses (dos 30 aos 54 anos) foi transferido para a par\u00f3quia de St. Ildefonso na cidade do Porto.<\/p>\n<p style=\"text-align: justify;\">Foi respons\u00e1vel por obras profundas na resid\u00eancia paroquial.<\/p>\n<p style=\"text-align: justify;\">O centro de catequese tem o seu nome.<\/p>\n<p style=\"text-align: justify;\">J\u00e1 n\u00e3o est\u00e1 no mundo dos vivos. A Junta de Freguesia atribuiu o seu nome a uma das ruas da freguesia.<\/p>\n<ul style=\"text-align: justify;\">\n<li><strong>Floro Dias Alves<\/strong> \u2013 1967 a 1999<\/li>\n<\/ul>\n<p style=\"text-align: justify;\">Nascido a 11 de Dezembro de 1936, em\u00a0Vila Maior, Concelho da Feira, foi nomeado em Novembro de 1967 p\u00e1roco de Vilar de Andorinho, tendo exercido o seu minist\u00e9rio nesta freguesia at\u00e9 \u00e0 sua morte, no dia 3 de Mar\u00e7o de 1999, ap\u00f3s ter completado 32 anos ao servi\u00e7o da Igreja e do povo de Vilar de Andorinho.<\/p>\n<p style=\"text-align: justify;\">Foi decidido contactar o escultor Adelino Pinho para fazer um busto do Padre Floro Alves que perpetua a sua mem\u00f3ria no jardim em frente \u00e0 Junta de Freguesia e junto da Igreja Matriz.<\/p>\n<ul style=\"text-align: justify;\">\n<li><strong>Jorge Manuel Duarte<\/strong> \u2013 mar\u00e7o 1999 &#8211; novembra 1999<\/li>\n<\/ul>\n<p style=\"text-align: justify;\">Nascido a 27 de janeiro de 1953 e ordenado sacerdote em 18.06.1978.<\/p>\n<p style=\"text-align: justify;\">Como p\u00e1roco de Mafamude acumulou as suas fun\u00e7\u00f5es com a administra\u00e7\u00e3o paroquial de Vilar de Andorinho.<\/p>\n<p style=\"text-align: justify;\">Atualmente continua P\u00e1roco de Mafamude; Assistente Religioso do Centro de Produ\u00e7\u00e3o do Porto da R\u00e1dio Renascen\u00e7a, Diretor do Secretariado Diocesano das Comunica\u00e7\u00f5es Sociais e Diretor do gabinete de Comunica\u00e7\u00e3o da Diocese do Porto;\u00a0Membro do Cabido da S\u00e9 Catedral<\/p>\n<ul style=\"text-align: justify;\">\n<li><strong>Manuel da Silva Moura<\/strong> &#8211; 1999 a 2003<\/li>\n<\/ul>\n<p style=\"text-align: justify;\">Nascido a 30 de janeiro de 1954 foi ordenado sacerdote a 12 de julho de 1986.<\/p>\n<p style=\"text-align: justify;\">Nomeado como p\u00e1roco em Vilar de Andorinho em 1999 a\u00ed se manteve at\u00e9 2013.<\/p>\n<p style=\"text-align: justify;\">Para al\u00e9m da sua atividade pastoral, cuidou muito bem da recupera\u00e7\u00e3o do patrim\u00f3nio edificado e m\u00f3vel da par\u00f3quia.<\/p>\n<p style=\"text-align: justify;\">Atualmente \u00e9 P\u00e1roco de Sanguedo Concelho de Santa Maria da Feira<\/p>\n<ul style=\"text-align: justify;\">\n<li><strong>Albino Jos\u00e9 Gon\u00e7alves Reis<\/strong> \u2013 12 outubro 2003 a 07 setembro 2025<\/li>\n<\/ul>\n<p style=\"text-align: justify;\">Nasceu no dia 31 de janeiro de 1962, segundo de tr\u00eas filhos de Jo\u00e3o Augusto Reis (propriet\u00e1rio, funcion\u00e1rio p\u00fablico e hoje aposentado) e de Ant\u00f3nia da Concei\u00e7\u00e3o Gon\u00e7alves Reis (professora prim\u00e1ria e hoje aposentada), em Vale de Penela, lugar da freguesia de Riodades, no concelho de S. Jo\u00e3o da Pesqueira.<\/p>\n<p style=\"text-align: justify;\">Viveu em Luanda (Angola) desde 1965 at\u00e9 quase aos 13 anos, tendo \u201cretornado\u201d a Portugal no dia de Natal de 1974.<\/p>\n<p style=\"text-align: justify;\">Depois do 2\u00ba ano do Curso Complementar dos Liceus, em Torre de Moncorvo, entrou para o Postulantado, dos Mission\u00e1rios Combonianos em Coimbra. Tinha quase 18 anos e, numa decis\u00e3o que surpreendeu a todos e a si mesmo, trocou o curso de Medicina pela Teologia e pela voca\u00e7\u00e3o mission\u00e1ria. Entre 1979 e 1981, cursou Filosofia no ISET (Instituto Superior de Estudos Teol\u00f3gicos) de Coimbra. De 1981 a 1983, fez o Noviciado em Santar\u00e9m, com um breve est\u00e1gio na Casa de Sa\u00fade Mental dos Irm\u00e3os de S. Jo\u00e3o de Deus, no Telhal.<\/p>\n<p style=\"text-align: justify;\">Fez a Primeira Profiss\u00e3o de Votos Tempor\u00e1rios no Domingo de Pentecostes de 1983. Foi para Paris estudar Teologia na UCP (Universidade Cat\u00f3lica de Paris) concluindo o Curso em 1987. Durante esses quatro anos, desenvolveu trabalho pastoral entre a comunidade portuguesa na capital francesa.<\/p>\n<p style=\"text-align: justify;\">Foi ordenado presb\u00edtero no dia 09 de abril de 1988.<\/p>\n<p style=\"text-align: justify;\">Trabalhou na Anima\u00e7\u00e3o Vocacional Juvenil em Portugal, a partir da Comunidade Comboniana da Maia at\u00e9 1991. Entretanto, foi chamado para cumprir o servi\u00e7o militar obrigat\u00f3rio ao qual fez obje\u00e7\u00e3o de consci\u00eancia, ficando obrigado ao servi\u00e7o c\u00edvico alternativo que foi cumprir no Brasil, ao abrigo de acordo de Portugal no quadro dos PALOP.<\/p>\n<p style=\"text-align: justify;\">Depois do fim do servi\u00e7o c\u00edvico em Fortaleza, no Estado nordestino do Cear\u00e1, continuou a miss\u00e3o no interior do Maranh\u00e3o, na regi\u00e3o pr\u00e9-amaz\u00f3nica, junto das comunidades dos sem terra, posseiros, garimpeiros e \u00edndios. O Bispo de Z\u00e9 Doca pediu-lhe para coordenar a Pastoral da Diocese onde todos os padres ainda eram estrangeiros. Os primeiros padres nativos foram, entretanto, surgindo. Esteve envolvido num grande conflito de luta pela posse da terra, ao lado dos posseiros, de qual resultaram v\u00e1rias mortes e que originou a sua decis\u00e3o de candidatar-se pelo P.T. (Partido dos Trabalhadores) a um cargo de Presidente da C\u00e2mara (Prefeito) de um dos cinco Munic\u00edpios da sua Par\u00f3quia. Foi um projeto interessante que abortou em pleno tempo de pr\u00e9-campanha por press\u00e3o dos seus superiores hier\u00e1rquicos que o chamaram de regresso a Portugal.<\/p>\n<p style=\"text-align: justify;\">Trabalhou durante quase dois anos, na reda\u00e7\u00e3o das Revistas Al\u00e9m-Mar e Aud\u00e1cia, trabalho que interrompeu para ir ao M\u00e9xico em ano sab\u00e1tico. No M\u00e9xico, esteve com os \u00edndios tzeltal e ch\u00f6le, em Chiapas, regi\u00e3o de grande influ\u00eancia da guerrilha zapatista do subcomandante Marcos.<\/p>\n<p style=\"text-align: justify;\">Ap\u00f3s regressar a Portugal, em 2003, pediu autoriza\u00e7\u00e3o para um per\u00edodo de 3 anos em regime de exclaustra\u00e7\u00e3o. O bispo do Porto, D. Armindo, confiou-lhe a Par\u00f3quia do Divino Salvador de Vilar de Andorinho, onde se encontra, desde ent\u00e3o. Atualmente est\u00e1 incardinado na Diocese do Porto por n\u00e3o lhe ter sido permitido renovar o per\u00edodo de exclaustra\u00e7\u00e3o.<\/p>\n<p style=\"text-align: justify;\">Desde a nomea\u00e7\u00e3o para esta Par\u00f3quia, o Padre Albino Reis tem desenvolvido uma atividade pastoral fortemente interventiva, quer no plano temporal, quer espiritual, assumindo fun\u00e7\u00f5es diversas para al\u00e9m do seu m\u00fanus espiritual enormemente rico e apreciado.<\/p>\n<p style=\"text-align: justify;\">\u00c9 presidente da Associa\u00e7\u00e3o Cultural e Recreativa Preservar Mem\u00f3rias ACR Rancho Folcl\u00f3rico da Par\u00f3quia do Divino Salvador de Vilar de Andorinho, que ajudou a criar em fevereiro de 2009 numa manifesta\u00e7\u00e3o aut\u00eantica de forte liga\u00e7\u00e3o \u00e0 comunidade.<\/p>\n<p style=\"text-align: justify;\">Foi e \u00e9 fundamental a sua presen\u00e7a no acompanhamento da constru\u00e7\u00e3o, dinamiza\u00e7\u00e3o e trabalho pastoral associado \u00e0 nova Igreja da Sagrada Fam\u00edlia em Vila d\u2019Este. A Igreja iniciou a constru\u00e7\u00e3o em 18 de outubro de 2008 (primeira pedra) e foi benzida e dedicada \u00e0 Sagrada Fam\u00edlia pelo Bispo do Porto, D. Manuel Clemente em 22 de abril de 2012<\/p>\n<p style=\"text-align: justify;\">\u00c9 Presidente do Centro Social e Paroquial de Vilar de Andorinho que fundou em 2009, juntando a vontade de um grupo de paroquianos, para dar uma resposta social e caritativa mais estruturada aos problemas e pedidos que se tornavam cada vez mais urgentes. Tamb\u00e9m pela emerg\u00eancia dos novos pobres.<\/p>\n<p style=\"text-align: justify;\">\u00c9 capel\u00e3o do Centro Hospitalar Gaia\/Espinho em acumula\u00e7\u00e3o com a sua atividade de p\u00e1roco, o que completa o seu multifacetado empenho, agora aos problemas dos doentes e fragilizados.<\/p>\n<p style=\"text-align: justify;\">Por decis\u00e3o da Diocese \u00e9 Assistente Diocesano da Associa\u00e7\u00e3o Cat\u00f3lica de Enfermeiros Profissionais Sa\u00fade (ACEPS) e por decis\u00e3o da Vigararia \u00e0 qual pertence Vilar de Andorinho \u2013 Gaia Norte \u2013 \u00e9 respons\u00e1vel da pastoral da juventude.<\/p>\n<p style=\"text-align: justify;\">\u00c9, desde alguns anos, Conselheiro Espiritual das Equipas de Nossa Senhora em Vila Nova de Gaia (movimento de casais fundado pelo Padre Henri Caffarel em Fran\u00e7a em fevereiro de 1939 e em Portugal desde 1955).<\/p>\n<ul style=\"text-align: justify;\">\n<li><strong>Vasco Alexandre Domingues Soeiro<\/strong> \u2013 14 setembro 2025 \u2026<\/li>\n<\/ul>\n<p style=\"text-align: justify;\">Vasco Soeiro nasceu na Madalena, Gaia, em 1976. Iniciou o estudo da m\u00fasica sacra colaborando nas celebra\u00e7\u00f5es eucar\u00edsticas. Prosseguiu os estudos, a partir de 1997, na Escola Diocesana de Minist\u00e9rios Laicais do Porto, tendo frequentado o curso de M\u00fasica Lit\u00fargica na classe de \u00d3rg\u00e3o, sob orienta\u00e7\u00e3o de Ant\u00f3nio M\u00e1rio Costa.<\/p>\n<p style=\"text-align: justify;\">Posteriormente frequentou o curso de \u00d3rg\u00e3o do III\u00a0Curso Nacional de M\u00fasica Lit\u00fargica\u00a0(2003-2006), tendo sido orientado por Filipe Ver\u00edssimo, Ant\u00f3nio Esteireiro e Ant\u00f3nio M\u00e1rio Costa, nas disciplinas de \u00f3rg\u00e3o literatura e \u00f3rg\u00e3o lit\u00fargico. Durante o curso participou numa classe de aperfei\u00e7oamento com o organista Luca Antoniotti (professor na Escola das Artes \u2013 Universidade Cat\u00f3lica do Porto).<\/p>\n<p style=\"text-align: justify;\">Em 2005 ingressou na\u00a0Universidade de Aveiro, no curso de M\u00fasica, estudando \u00d3rg\u00e3o com Domingos Peixoto e Edite Rocha. Em Setembro de 2006 participou numa masterclass em Lisboa com o organista titular de Saint Sulpice (Fran\u00e7a), Daniel Roth. Em Julho de 2008 participou na 43\u00aa Academia Internacional de Ver\u00e3o de \u00d3rg\u00e3o em Haarlem, na Holanda, tendo frequentado o curso de m\u00fasica antiga com Bernard Winsemius. Depois de conclu\u00edda a licenciatura obteve o grau de mestre em performance em \u00f3rg\u00e3o.<\/p>\n<p style=\"text-align: justify;\">Foi organista na Igreja da Lapa no Porto, desempenhando tamb\u00e9m as fun\u00e7\u00f5es de diretor de assembleia e coro, e elemento efetivo do coro da S\u00e9 Catedral do Porto, com o qual participou regularmente, como cantor, em v\u00e1rios concertos.<\/p>\n<p style=\"text-align: justify;\">Foi professor de \u00f3rg\u00e3o na Academia de M\u00fasica de Pa\u00e7os de Brand\u00e3o e na Escola de M\u00fasica de Perosinho.<\/p>\n<p style=\"text-align: justify;\">Participou na audi\u00e7\u00e3o integral da obra organ\u00edstica de Buxtehude, promovida pela AMPO &#8211; Associa\u00e7\u00e3o Musical Pro Organo em 2007, bem como noutros recitais organizados pela mesma associa\u00e7\u00e3o. Em 2008 participou no \u201c43rd International Summer Academy for Organist\u201d em Haarlem, na Holanda, tendo frequentado o curso de m\u00fasica antiga com Bernard Winsemius, e participou tamb\u00e9m no dia ECHO do Festival Internacional de \u00d3rg\u00e3o e Lisboa na Igreja Evang\u00e9lica Alem\u00e3.<\/p>\n<p style=\"text-align: justify;\">Depois de longo amadurecimento e discernimento vocacional, foi admitido no Semin\u00e1rio Maior do Porto,\u00a0tendo conclu\u00eddo o Mestrado em Teologia.<\/p>\n<p style=\"text-align: justify;\">A 9 de julho de 2017 foi ordenado di\u00e1cono na Catedral do Porto, tendo assumido a leciona\u00e7\u00e3o de \u00f3rg\u00e3o e maestro do coro, no Semin\u00e1rio Maior de Nossa Senhora da Concei\u00e7\u00e3o do Porto.<\/p>\n<p style=\"text-align: justify;\">Foi ordenado presb\u00edtero no dia 8 de julho de 2018 na Catedral do Porto, tendo sido nomeado Prefeito do Semin\u00e1rio do Bom Pastor e respons\u00e1vel pela m\u00fasica no Semin\u00e1rio do bom Pastor e de Nossa Senhora da Concei\u00e7\u00e3o do Porto.<\/p>\n<p style=\"text-align: justify;\">Em 2019 foi nomeado Prefeito da Equipa Formadora do Semin\u00e1rio Maior de Nossa Senhora da Concei\u00e7\u00e3o, acumulando com a paroquialidade de Santa Maria de Nogueira e de Santa Maria de Silva Escura, na Maia, mantendo a responsabilidade da forma\u00e7\u00e3o m\u00fasica no Semin\u00e1rio Maior de Nossa Senhora da Concei\u00e7\u00e3o do Porto.<\/p>\n<p style=\"text-align: justify;\">Em 2020 foi dispensado das par\u00f3quias de Santa Maria de Nogueira e de Santa Maria de Silva Escura, ficando totalmente dedicado \u00e0 forma\u00e7\u00e3o no Semin\u00e1rio Maior de Nossa Senhora da Concei\u00e7\u00e3o do Porto.<\/p>\n<p style=\"text-align: justify;\">Em janeiro de 2023 foi nomeado Reitor do Santu\u00e1rio Diocesano do Monte da Virgem Imaculada, acumulando com as fun\u00e7\u00f5es de Prefeito do Semin\u00e1rio Maior de Nossa Senhora da Concei\u00e7\u00e3o do Porto.<\/p>\n<p style=\"text-align: justify;\">Ap\u00f3s 5 anos dedicados \u00e0 forma\u00e7\u00e3o nos semin\u00e1rios, foi dispensado do m\u00fanus de Prefeito do Semin\u00e1rio Maior de Nossa Senhora da Concei\u00e7\u00e3o do Porto, assumiu uma miss\u00e3o como Adjunto do Ec\u00f3nomo Diocesano do Porto, acumulando com o m\u00fanus pastoral do Santu\u00e1rio Diocesano do Monte da Virgem Imaculada.<\/p>\n<p style=\"text-align: justify;\">A 14 de setembro de 2025, o P.e Vasco Soeiro inicia uma nova etapa da sua vida entregue na miss\u00e3o da Diocese do Porto, tendo sido nomeado para p\u00e1roco do Divino Salvador de Vilar de Andorinho, acumulando com a reitoria do Santu\u00e1rio Diocesano do Monte da Virgem Imaculada.<\/p>\n<p style=\"text-align: justify;\">(ver mais informa\u00e7\u00e3o no separador do <a href=\"https:\/\/paroquiavilarandorinho.pt\/?page_id=6263\">P\u00e1roco de Vilar de Andorinho<\/a>)<\/p>\n<p style=\"text-align: justify;\"><strong style=\"color: inherit; font-family: inherit; font-size: inherit;\"><em>Recolha livre em S\u00e3o Salvador de Vilar de Andorinho \u2013 Notas Monogr\u00e1ficas \u2013 de Francisco Barbosa da Costa e Paulo Costa, edi\u00e7\u00e3o da JFVAndorinho, 2013<\/em><\/strong><\/p>\n<p>[\/vc_column_text][\/vc_column_inner][\/vc_row_inner][\/vc_column][\/vc_row]<\/p>\n<\/div>","protected":false},"excerpt":{"rendered":"<p>[vc_row content_placement=&#8221;middle&#8221; css=&#8221;.vc_custom_1540304086626{padding-top: 0px !important;}&#8221;][vc_column css=&#8221;.vc_custom_1540304338338{padding-right: 27px !important;padding-left: 27px !important;}&#8221;][vc_row_inner css=&#8221;.vc_custom_1543577196674{margin-bottom: 47px !important;}&#8221;][vc_column_inner][vc_column_text css=&#8221;&#8221;] P\u00c1ROCOS de Vilar de Andorinho Jer\u00f3nimo Aires \u2013 1587 a 1622 Bernardo Rodrigues de Freitas \u2013 [&hellip;]<\/p>\n","protected":false},"author":1,"featured_media":0,"parent":0,"menu_order":0,"comment_status":"closed","ping_status":"closed","template":"","meta":{"_acf_changed":false,"rs_blank_template":"","rs_page_bg_color":"","slide_template_v7":"","footnotes":""},"class_list":["post-6425","page","type-page","status-publish","hentry"],"acf":[],"_links":{"self":[{"href":"https:\/\/paroquiavilarandorinho.pt\/index.php?rest_route=\/wp\/v2\/pages\/6425","targetHints":{"allow":["GET"]}}],"collection":[{"href":"https:\/\/paroquiavilarandorinho.pt\/index.php?rest_route=\/wp\/v2\/pages"}],"about":[{"href":"https:\/\/paroquiavilarandorinho.pt\/index.php?rest_route=\/wp\/v2\/types\/page"}],"author":[{"embeddable":true,"href":"https:\/\/paroquiavilarandorinho.pt\/index.php?rest_route=\/wp\/v2\/users\/1"}],"replies":[{"embeddable":true,"href":"https:\/\/paroquiavilarandorinho.pt\/index.php?rest_route=%2Fwp%2Fv2%2Fcomments&post=6425"}],"version-history":[{"count":12,"href":"https:\/\/paroquiavilarandorinho.pt\/index.php?rest_route=\/wp\/v2\/pages\/6425\/revisions"}],"predecessor-version":[{"id":15846,"href":"https:\/\/paroquiavilarandorinho.pt\/index.php?rest_route=\/wp\/v2\/pages\/6425\/revisions\/15846"}],"wp:attachment":[{"href":"https:\/\/paroquiavilarandorinho.pt\/index.php?rest_route=%2Fwp%2Fv2%2Fmedia&parent=6425"}],"curies":[{"name":"wp","href":"https:\/\/api.w.org\/{rel}","templated":true}]}}