{"id":6460,"date":"2020-07-08T15:59:49","date_gmt":"2020-07-08T15:59:49","guid":{"rendered":"https:\/\/paroquiavilarandorinho.pt\/?page_id=6460"},"modified":"2020-07-30T14:29:26","modified_gmt":"2020-07-30T13:29:26","slug":"o-sacramento-uncao-dos-enfermos","status":"publish","type":"page","link":"https:\/\/paroquiavilarandorinho.pt\/?page_id=6460","title":{"rendered":"O Sacramento"},"content":{"rendered":"<div class=\"wpb-content-wrapper\"><p>[vc_row content_placement=&#8221;middle&#8221; css=&#8221;.vc_custom_1540304086626{padding-top: 0px !important;}&#8221;][vc_column css=&#8221;.vc_custom_1540304338338{padding-right: 27px !important;padding-left: 27px !important;}&#8221;][vc_row_inner css=&#8221;.vc_custom_1543577196674{margin-bottom: 47px !important;}&#8221;][vc_column_inner][vc_column_text]<\/p>\n<h4 style=\"text-align: justify;\"><strong>Un\u00e7\u00e3o dos Enfermos \u2013 O sacramento e o rito<\/strong><\/h4>\n<p style=\"text-align: justify;\">Um dos tra\u00e7os mais caracter\u00edsticos de Jesus no Evangelho \u00e9 que curava os doentes, dedicava-lhes o seu tempo, animava-os. Este minist\u00e9rio curativo de Jesus tinha um sentido messi\u00e2nico: era s\u00edmbolo e sacramento do poder libertador integral que tinha como Messias. Assumindo as nossas debilidades em si mesmo (\u00abtomou as nossas enfermidades e carregou as nossas dores\u00bb Mt 8,17) curava os males corporais e comunicava o perd\u00e3o e a reconcilia\u00e7\u00e3o com Deus.<\/p>\n<p style=\"text-align: justify;\">A comunidade crist\u00e3 recebeu o encargo de continuar com este minist\u00e9rio: \u00abcurai os doentes e dizei-lhes: o Reino de Deus j\u00e1 est\u00e1 pr\u00f3ximo de v\u00f3s\u00bb (Lc 10,9), e com efeito \u00abeles partiram e pregavam o arrependimento, expulsavam numerosos dem\u00f3nios, ungiam com \u00f3leo muitos doentes e curavam-nos\u00bb (Mc 6,12s).<\/p>\n<p style=\"text-align: justify;\">O mist\u00e9rio curativo, feito de proximidade e assist\u00eancia humana, tinha tamb\u00e9m, desde o princ\u00edpio, uma vers\u00e3o sacramental. A carta de S. Tiago tem uma passagem que se interpretou como a origem do sacramento da Un\u00e7\u00e3o dos Enfermos: \u00abEst\u00e1 algu\u00e9m, entre v\u00f3s, aflito Recorra \u00e0 ora\u00e7\u00e3o. [\u2026] Algum de v\u00f3s est\u00e1 doente chame os presb\u00edteros da Igreja e que estes orem sobre ele, ungindo-o com \u00f3leo em nome do Senhor. A ora\u00e7\u00e3o da f\u00e9 salvar\u00e1 o doente e o Senhor o aliviar\u00e1; e, se tiver cometido pecados, ser-lhe-\u00e3o perdoados\u00bb (Tg 5, 13-15). Durante dois mil anos, a Igreja continuou a cuidar dos doentes em todas as dimens\u00f5es, e tamb\u00e9m celebrando com eles este sacramento da Un\u00e7\u00e3o, dando-lhes a for\u00e7a e a gra\u00e7a na sua debilidade.<\/p>\n<p style=\"text-align: justify;\">Em s\u00e9culos sucessivos, sobretudo a partir do s\u00e9culo IX, deslocou-se o sentido deste sacramento: em vez de ser a gra\u00e7a curativa a aliviadora para os doentes, come\u00e7ou a considerar-se como sacramento dos moribundos, e passou a chamar-se \u00ab*Extrema-Un\u00e7\u00e3o\u00bb. O Conc\u00edlio Vaticano II quis que se voltasse a chamar \u00abUn\u00e7\u00e3o dos Enfermos\u00bb com mais propriedade (cf. SC 73), e determinou uma reflex\u00e3o e uma reforma na celebra\u00e7\u00e3o do sacramento (cf. SC 74-75). Seguindo as suas orienta\u00e7\u00f5es, apareceu o novo Ritual em 1972 20, precedido da Constitui\u00e7\u00e3o Apost\u00f3lica de Paulo VI Sacram Unctionem Infirmorum, e dos Preliminares do Ritual da Un\u00e7\u00e3o e Pastoral dos Doentes, no final desse ano (cf. EDREL 972-1018).<\/p>\n<p style=\"text-align: justify;\">A Un\u00e7\u00e3o \u00e9 o sacramento espec\u00edfico para os crist\u00e3os doentes. Os textos da celebra\u00e7\u00e3o apresentam-no como o encontro sacramental com Cristo m\u00e9dico e pastor, que est\u00e1 pr\u00f3ximo e continua a curar, aliviando e libertando do mal. \u00abPela Santa Un\u00e7\u00e3o dos Doentes e ora\u00e7\u00e3o dos presb\u00edteros, toda a Igreja encomenda os doentes ao Senhor, que sofreu e foi glorificado, para que Ele os alivie e salve; exorta-os a unirem-se espontamente \u00e0 Paix\u00e3o e morte de Cristo, para assim contribu\u00edrem para o bem do Povo de Deus\u00bb (LG 11).<\/p>\n<p style=\"text-align: justify;\">Este sacramento n\u00e3o \u00e9 s\u00f3 para quem se encontra nos \u00faltimos momentos da sua vida, mas tamb\u00e9m para todo o crist\u00e3o que, \u00abpor doen\u00e7a ou velhice, come\u00e7a a estar em perigo de morte\u00bb (SC 73), ou como diz o Ritual \u00abaos fi\u00e9is gravemente doentes\u00bb (n.\u00ba 8), inclu\u00eddos os anci\u00e3os \u00abquer em raz\u00e3o da pr\u00f3pria enfermidade, quer em raz\u00e3o da idade avan\u00e7ada\u00bb (n.\u00ba 8). O ministro da Un\u00e7\u00e3o \u00e9 s\u00f3 o sacerdote, embora na hist\u00f3ria dos primeiros s\u00e9culos tamb\u00e9m a administrassem os leigos.<\/p>\n<p style=\"text-align: justify;\">Os efeitos do sacramento descrevem-nos bem os pr\u00f3prios textos. Enquanto o unge, o ministro diz ao doente: \u00abPor esta Santa Un\u00e7\u00e3o e pela sua infinita miseric\u00f3rdia, o Senhor venha em teu aux\u00edlio com a gra\u00e7a do Esp\u00edrito Santo, para que, liberto dos teus pecados, Ele te salve e, na sua bondade, alivie os teus sofrimentos.\u00bb O efeito identifica-se com a \u00abgra\u00e7a do Esp\u00edrito\u00bb: \u00abCristo, Redentor do mundo, n\u00f3s Vos pedimos: curai pela gra\u00e7a do Esp\u00edrito Santo a fraqueza deste doente, sarai\u2026 perdoai\u2026 tirai-lhe todas as dores\u2026 restitu\u00ed-lhe a sa\u00fade interior e exterior\u2026\u00bb (n.\u00ba 77).<\/p>\n<p style=\"text-align: justify;\">Uma novidade do Ritual p\u00f3s-conciliar foi a possibilidade da celebra\u00e7\u00e3o colectiva da Un\u00e7\u00e3o dos Doentes (nn. 83-92), por exemplo, num dos domingos da P\u00e1scoa.<\/p>\n<p style=\"text-align: justify;\"><strong><em>Fonte &#8211;<\/em><em> Jos\u00e9 Aldaz\u00e1bal \u2013 Secretariado Nacional da Liturgia<\/em><\/strong><\/p>\n<p style=\"text-align: justify;\">O Senhor Jesus \u00e9 o m\u00e9dico das nossas almas e dos nossos corpos.<br \/>\nEle perdoou os pecados ao paral\u00edtico e restitui-lhe a sa\u00fade do corpo (Mc 2, 1-12).<br \/>\nEle hoje deseja que a sua Igreja continue a sua obra de cura e salva\u00e7\u00e3o atrav\u00e9s da for\u00e7a do Esp\u00edrito Santo. \u00c9 este o sentido dos dois sacramentos da cura: A penit\u00eancia ou reconcilia\u00e7\u00e3o e a un\u00e7\u00e3o dos enfermos.<\/p>\n<p style=\"text-align: justify;\">O\u00a0<strong>Sacramento da Un\u00e7\u00e3o dos Enfermos<\/strong>\u00a0vem em aux\u00edlio do crist\u00e3o confrontado com as dificuldades de uma doen\u00e7a grave ou com as limita\u00e7\u00f5es da idade avan\u00e7ada. Pode-se receber este sacramento da un\u00e7\u00e3o sempre que se \u00e9 acometido por uma doen\u00e7a grave ou pela idade avan\u00e7ada.<br \/>\nAssim sendo, o crist\u00e3o confrontado com uma\u00a0<strong>doen\u00e7a grave<\/strong>\u00a0ou com as\u00a0<strong>dificuldades de sa\u00fade<\/strong>, pr\u00f3prias da idade avan\u00e7ada ou quando \u00e9 submetido a uma opera\u00e7\u00e3o de risco dever\u00e1 solicitar aos presb\u00edteros este sacramento.<br \/>\nPara receber o sacramento da Santa Un\u00e7\u00e3o deve contactar a secretaria paroquial ou falar diretamente com o p\u00e1roco nos contactos dispon\u00edveis, para receber este sacramento, sempre que for acometido de uma doen\u00e7a grave ou quando a idade avan\u00e7ada o aconselhar.<\/p>\n<p style=\"text-align: justify;\">Todos os anos, em Vilar de Andorinho, celebramos o\u00a0<strong>Dia Paroquial do Doente<\/strong>\u00a0com a ajuda da Pastoral da Sa\u00fade e outros volunt\u00e1rios (escuteiros, etc.)<\/p>\n<p>[\/vc_column_text][\/vc_column_inner][\/vc_row_inner][\/vc_column][\/vc_row]<\/p>\n<\/div>","protected":false},"excerpt":{"rendered":"<p>[vc_row content_placement=&#8221;middle&#8221; css=&#8221;.vc_custom_1540304086626{padding-top: 0px !important;}&#8221;][vc_column css=&#8221;.vc_custom_1540304338338{padding-right: 27px !important;padding-left: 27px !important;}&#8221;][vc_row_inner css=&#8221;.vc_custom_1543577196674{margin-bottom: 47px !important;}&#8221;][vc_column_inner][vc_column_text] Un\u00e7\u00e3o dos Enfermos \u2013 O sacramento e o rito Um dos tra\u00e7os mais caracter\u00edsticos de Jesus no [&hellip;]<\/p>\n","protected":false},"author":1,"featured_media":0,"parent":0,"menu_order":0,"comment_status":"closed","ping_status":"closed","template":"","meta":{"_acf_changed":false,"rs_blank_template":"","rs_page_bg_color":"#ffffff","slide_template_v7":"","footnotes":""},"class_list":["post-6460","page","type-page","status-publish","hentry"],"acf":[],"_links":{"self":[{"href":"https:\/\/paroquiavilarandorinho.pt\/index.php?rest_route=\/wp\/v2\/pages\/6460","targetHints":{"allow":["GET"]}}],"collection":[{"href":"https:\/\/paroquiavilarandorinho.pt\/index.php?rest_route=\/wp\/v2\/pages"}],"about":[{"href":"https:\/\/paroquiavilarandorinho.pt\/index.php?rest_route=\/wp\/v2\/types\/page"}],"author":[{"embeddable":true,"href":"https:\/\/paroquiavilarandorinho.pt\/index.php?rest_route=\/wp\/v2\/users\/1"}],"replies":[{"embeddable":true,"href":"https:\/\/paroquiavilarandorinho.pt\/index.php?rest_route=%2Fwp%2Fv2%2Fcomments&post=6460"}],"version-history":[{"count":12,"href":"https:\/\/paroquiavilarandorinho.pt\/index.php?rest_route=\/wp\/v2\/pages\/6460\/revisions"}],"predecessor-version":[{"id":7569,"href":"https:\/\/paroquiavilarandorinho.pt\/index.php?rest_route=\/wp\/v2\/pages\/6460\/revisions\/7569"}],"wp:attachment":[{"href":"https:\/\/paroquiavilarandorinho.pt\/index.php?rest_route=%2Fwp%2Fv2%2Fmedia&parent=6460"}],"curies":[{"name":"wp","href":"https:\/\/api.w.org\/{rel}","templated":true}]}}