{"id":6464,"date":"2020-07-08T16:02:38","date_gmt":"2020-07-08T16:02:38","guid":{"rendered":"https:\/\/paroquiavilarandorinho.pt\/?page_id=6464"},"modified":"2025-09-08T16:29:29","modified_gmt":"2025-09-08T15:29:29","slug":"o-sacramento-reconciliacao-ou-confissao","status":"publish","type":"page","link":"https:\/\/paroquiavilarandorinho.pt\/?page_id=6464","title":{"rendered":"O Sacramento"},"content":{"rendered":"<div class=\"wpb-content-wrapper\"><p>[vc_row content_placement=&#8221;middle&#8221; css=&#8221;.vc_custom_1540304086626{padding-top: 0px !important;}&#8221;][vc_column css=&#8221;.vc_custom_1540304338338{padding-right: 27px !important;padding-left: 27px !important;}&#8221;][vc_row_inner css=&#8221;.vc_custom_1543577196674{margin-bottom: 47px !important;}&#8221;][vc_column_inner][vc_column_text]<\/p>\n<h4 style=\"text-align: justify;\">Reconcilia\u00e7\u00e3o ou Confiss\u00e3o<\/h4>\n<p style=\"text-align: justify;\">Reconciliar \u00e9 voltar a conciliar, fazer a uni\u00e3o do que estava separado. A mensagem fundamental de Cristo foi a reconcilia\u00e7\u00e3o com Deus, a convers\u00e3o e o perd\u00e3o. E tamb\u00e9m foi este o conte\u00fado b\u00e1sico, desde o princ\u00edpio, da evangeliza\u00e7\u00e3o por parte da Igreja. A comunidade crist\u00e3, reconciliada, \u00e9 encarregue de realizar o mist\u00e9rio da reconcilia\u00e7\u00e3o: \u00abTudo isto vem de Deus, que nos reconciliou consigo por meio de Cristo e nos confiou a palavra da reconcilia\u00e7\u00e3o. [\u2026] N\u00f3s somos, portanto, embaixadores de Cristo; \u00e9 Deus quem vos exorta por nosso interm\u00e9dio. N\u00f3s vos pedimos em nome de Cristo: reconciliai-vos com Deus\u00bb (2Cor 5,18-20).<\/p>\n<p style=\"text-align: justify;\">O sacramento da Reconcilia\u00e7\u00e3o ou da Penit\u00eancia foi dado por Cristo \u00e0 sua Igreja para que reconcilie o crist\u00e3o pecador com Deus e com a pr\u00f3pria comunidade: duas dimens\u00f5es que n\u00e3o se podem separar. A introdu\u00e7\u00e3o do Ritual \u00abOrdo Penitenti\u00e6\u00bb (Celebra\u00e7\u00e3o da Penit\u00eancia) \u00e9 a melhor apresenta\u00e7\u00e3o do que \u00e9 o processo desta reconcilia\u00e7\u00e3o. Na f\u00f3rmula da absolvi\u00e7\u00e3o, as primeiras palavras que o presidente pronuncia s\u00e3o: \u00abDeus, Pai de miseric\u00f3rdia, que, pela morte e ressurrei\u00e7\u00e3o de seu Filho, reconciliou o mundo consigo\u2026\u00bb.<\/p>\n<p style=\"text-align: justify;\">Na hist\u00f3ria, sobretudo na Liturgia Romana, desde o s\u00e9culo IV, que j\u00e1 se celebrava a reconcilia\u00e7\u00e3o dos penitentes, em Quinta-Feira Santa, preparando assim a celebra\u00e7\u00e3o pr\u00f3xima da P\u00e1scoa. O bispo, com uma ora\u00e7\u00e3o solene, restabelecia na comunh\u00e3o da Igreja todos os que tinham percorrido o caminho penitencial. Esta celebra\u00e7\u00e3o de Quinta-Feira Santa (na Liturgia Hisp\u00e2nica, a celebra\u00e7\u00e3o era distinta, e fazia&#8211;se em Sexta-Feira Santa) continuou no Rito Romano, muito depois de se ter mudado o sistema antigo, r\u00edgido e irrepet\u00edvel, da penit\u00eancia comunit\u00e1ria. At\u00e9 ao s\u00e9culo XIX, nesta Missa de reconcilia\u00e7\u00e3o, dava-se uma \u00ababsolvi\u00e7\u00e3o\u00bb a todos os fi\u00e9is, mas n\u00e3o se considerava uma absolvi\u00e7\u00e3o sacramental, mas uma ora\u00e7\u00e3o e b\u00ean\u00e7\u00e3o sobre todos. Em 1974, Paulo VI publicou duas Ora\u00e7\u00f5es Eucar\u00edsticas sobre a Reconcilia\u00e7\u00e3o, preparando o Ano Santo da Reconcilia\u00e7\u00e3o de 1975. Nelas, d\u00e1-se gra\u00e7as a Deus pelos diversos aspectos da reconcilia\u00e7\u00e3o. A primeira tem como t\u00edtulo \u00abA reconcilia\u00e7\u00e3o como retorno ao Pai\u00bb, e a segunda, \u00abA reconcilia\u00e7\u00e3o com Deus, fundamento da conc\u00f3rdia humana\u00bb.<\/p>\n<p style=\"text-align: justify;\"><strong><em>Fonte &#8211; Jos\u00e9 Aldaz\u00e1bal \u2013 Secretariado Nacional da Liturgia<\/em><\/strong><\/p>\n<p style=\"text-align: justify;\">O\u00a0<strong>perd\u00e3o<\/strong>\u00a0e a\u00a0<strong>reconcilia\u00e7\u00e3o<\/strong>\u00a0s\u00e3o sinais de amor!<\/p>\n<p style=\"text-align: justify;\">Antes do PECADO est\u00e1 sempre o AMOR.<\/p>\n<p style=\"text-align: justify;\">Deus \u00e9 Amor e como \u00e9 de amor que se trata quando nos referimos ao perd\u00e3o dos pecados, acontece o mesmo quando ferimos o Amor de Deus. \u00c9 verdade que Deus nos perdoa sempre que desejamos o seu perd\u00e3o; \u00e9 verdade que Ele n\u00e3o tem necessidade de passar por um homem para nos perdoar\u2026 somos n\u00f3s que temos necessidade dum gesto concreto, duma palavra pronunciada pelo ministro da Igreja que nos restaure na alegria e na confian\u00e7a reencontrada. Este gesto, esta palavra, \u00e9 o sacramento da reconcilia\u00e7\u00e3o (ou da penit\u00eancia, ou do perd\u00e3o dos pecados, ou a confiss\u00e3o, segundo as palavras que se escolhem).<\/p>\n<h5 style=\"text-align: justify;\">Em que consiste o Sacramento da Reconcilia\u00e7\u00e3o ou Confiss\u00e3o?<\/h5>\n<p style=\"text-align: justify;\">O\u00a0<strong>Sacramento da Reconcilia\u00e7\u00e3o<\/strong>, ou\u00a0<strong>confiss\u00e3o<\/strong>, \u00e9 constitu\u00eddo pelo conjunto de\u00a0<strong>tr\u00eas atos<\/strong>\u00a0da parte do penitente e pela absolvi\u00e7\u00e3o por parte do sacerdote. Os atos do\u00a0<strong>penitente<\/strong>\u00a0s\u00e3o:<\/p>\n<ul style=\"text-align: justify;\">\n<li><em>O arrependimento dos pecados, ou CONTRI\u00c7\u00c3O;<\/em><\/li>\n<li><em>A CONFISS\u00c3O ou acusa\u00e7\u00e3o dos pecados ao sacerdote;<\/em><\/li>\n<li><em>O prop\u00f3sito de cumprir a penit\u00eancia e as obras de REPARA\u00c7\u00c3O.<\/em><\/li>\n<\/ul>\n<p style=\"text-align: justify;\">S\u00f3 os\u00a0<strong>sacerdotes<\/strong>\u00a0que receberam da\u00a0<strong>autoridade da Igreja<\/strong>\u00a0a faculdade de absolver, podem perdoar os pecados em nome de Cristo (cf. Catecismo da Igreja cat\u00f3lica, 1491-1495).<\/p>\n<p style=\"text-align: justify;\">Habitualmente, na Par\u00f3quia de Vilar de Andorinho, o P\u00e1roco est\u00e1 regularmente dispon\u00edvel no seu hor\u00e1rio de atendimento (ver informa\u00e7\u00e3o na secretaria paroquial) para o sacramento da reconcilia\u00e7\u00e3o.<\/p>\n<p style=\"text-align: justify;\">Todos os anos, por altura do\u00a0<strong>Advento<\/strong>\u00a0e da\u00a0<strong>Quaresma<\/strong>, s\u00e3o propostas as celebra\u00e7\u00f5es comunit\u00e1rias da reconcilia\u00e7\u00e3o, oportunidade para escutarmos a Palavra de Deus, revermos a nossa vida e recorrer \u00e0 absolvi\u00e7\u00e3o sacramental (normalmente est\u00e3o nestas celebra\u00e7\u00f5es os sacerdotes das par\u00f3quias vizinhas).<\/p>\n<p style=\"text-align: justify;\"><strong>Para obter mais informa\u00e7\u00f5es acerca do sacramento da Reconcilia\u00e7\u00e3o por favor contacte a <a href=\"https:\/\/paroquiavilarandorinho.pt\/?page_id=6582\" target=\"_blank\" rel=\"noopener noreferrer\">Secretaria Paroquial<\/a><\/strong><\/p>\n<p>[\/vc_column_text][\/vc_column_inner][\/vc_row_inner][\/vc_column][\/vc_row]<\/p>\n<\/div>","protected":false},"excerpt":{"rendered":"<p>[vc_row content_placement=&#8221;middle&#8221; css=&#8221;.vc_custom_1540304086626{padding-top: 0px !important;}&#8221;][vc_column css=&#8221;.vc_custom_1540304338338{padding-right: 27px !important;padding-left: 27px !important;}&#8221;][vc_row_inner css=&#8221;.vc_custom_1543577196674{margin-bottom: 47px !important;}&#8221;][vc_column_inner][vc_column_text] Reconcilia\u00e7\u00e3o ou Confiss\u00e3o Reconciliar \u00e9 voltar a conciliar, fazer a uni\u00e3o do que estava separado. A mensagem [&hellip;]<\/p>\n","protected":false},"author":1,"featured_media":0,"parent":0,"menu_order":0,"comment_status":"closed","ping_status":"closed","template":"","meta":{"_acf_changed":false,"rs_blank_template":"","rs_page_bg_color":"#ffffff","slide_template_v7":"","footnotes":""},"class_list":["post-6464","page","type-page","status-publish","hentry"],"acf":[],"_links":{"self":[{"href":"https:\/\/paroquiavilarandorinho.pt\/index.php?rest_route=\/wp\/v2\/pages\/6464","targetHints":{"allow":["GET"]}}],"collection":[{"href":"https:\/\/paroquiavilarandorinho.pt\/index.php?rest_route=\/wp\/v2\/pages"}],"about":[{"href":"https:\/\/paroquiavilarandorinho.pt\/index.php?rest_route=\/wp\/v2\/types\/page"}],"author":[{"embeddable":true,"href":"https:\/\/paroquiavilarandorinho.pt\/index.php?rest_route=\/wp\/v2\/users\/1"}],"replies":[{"embeddable":true,"href":"https:\/\/paroquiavilarandorinho.pt\/index.php?rest_route=%2Fwp%2Fv2%2Fcomments&post=6464"}],"version-history":[{"count":12,"href":"https:\/\/paroquiavilarandorinho.pt\/index.php?rest_route=\/wp\/v2\/pages\/6464\/revisions"}],"predecessor-version":[{"id":15782,"href":"https:\/\/paroquiavilarandorinho.pt\/index.php?rest_route=\/wp\/v2\/pages\/6464\/revisions\/15782"}],"wp:attachment":[{"href":"https:\/\/paroquiavilarandorinho.pt\/index.php?rest_route=%2Fwp%2Fv2%2Fmedia&parent=6464"}],"curies":[{"name":"wp","href":"https:\/\/api.w.org\/{rel}","templated":true}]}}