{"id":6469,"date":"2020-07-08T16:06:26","date_gmt":"2020-07-08T16:06:26","guid":{"rendered":"https:\/\/paroquiavilarandorinho.pt\/?page_id=6469"},"modified":"2020-07-21T12:02:43","modified_gmt":"2020-07-21T11:02:43","slug":"exequias-e-funerais","status":"publish","type":"page","link":"https:\/\/paroquiavilarandorinho.pt\/?page_id=6469","title":{"rendered":"Ex\u00e9quias e Funerais"},"content":{"rendered":"<div class=\"wpb-content-wrapper\"><p>[vc_row content_placement=&#8221;middle&#8221; css=&#8221;.vc_custom_1540304086626{padding-top: 0px !important;}&#8221;][vc_column css=&#8221;.vc_custom_1540304338338{padding-right: 27px !important;padding-left: 27px !important;}&#8221;][vc_row_inner css=&#8221;.vc_custom_1543577196674{margin-bottom: 47px !important;}&#8221;][vc_column_inner][vc_column_text]<\/p>\n<p style=\"text-align: justify;\">As <strong>ex\u00e9quias<\/strong>\u00a0s\u00e3o a s\u00e9rie de ritos e ora\u00e7\u00f5es com que a comunidade crist\u00e3 acompanha os seus defuntos e os \u201cencomenda\u201d \u00e0 bondade de Deus. Os crist\u00e3os, ao princ\u00edpio, imitaram os usos dos judeus e dos v\u00e1rios povos. A primeira men\u00e7\u00e3o \u00e0s ex\u00e9quias temo-la \u00e0 volta do protom\u00e1rtir Est\u00eav\u00e3o: \u00abhomens piedosos sepultaram Est\u00eav\u00e3o e fizeram por ele grandes lamenta\u00e7\u00f5es\u00bb (Act 8,2). Mas a novidade era a esperan\u00e7a pascal, desde que Jesus Cristo iluminou o mist\u00e9rio da morte com a sua pr\u00f3pria experi\u00eancia: \u00abn\u00e3o vos [contristeis] como os outros, que n\u00e3o t\u00eam esperan\u00e7a. Se acreditamos que Jesus morreu e ressuscitou, do mesmo modo, Deus levar\u00e1 com Jesus os que em Jesus tiverem morrido\u00bb (1Ts 4,13-14).<\/p>\n<p style=\"text-align: justify;\">A par\u00f3quia de Vilar de Andorinho disp\u00f5e de\u00a0<strong>duas capelas mortu\u00e1rias<\/strong>\u00a0que est\u00e3o ao servi\u00e7o de toda a comunidade. Uma junto \u00e1 Igreja Matriz. Outra junto \u00e0 Capela de Nossa Senhora M\u00e3e dos Crist\u00e3os em Balteiro.<\/p>\n<p style=\"text-align: justify;\">Nos dias e horas acordados com a fam\u00edlia, ser\u00e3o realizadas as ex\u00e9quias com missa ou celebra\u00e7\u00e3o da Palavra. Casos h\u00e1 em que o cad\u00e1ver ser\u00e1 sepultado no Cemit\u00e9rio Paroquial de Vilar, sendo o f\u00e9retro acompanhado pelo p\u00e1roco ou pelo Di\u00e1cono at\u00e9 \u00e0 sepultura definitiva.<\/p>\n<p style=\"text-align: justify;\">Habitualmente s\u00e3o as\u00a0<strong>ag\u00eancias funer\u00e1rias<\/strong>\u00a0que fazem a ponte entre a par\u00f3quia e os familiares dos defuntos.<\/p>\n<p>[\/vc_column_text][\/vc_column_inner][\/vc_row_inner][\/vc_column][\/vc_row]<\/p>\n<\/div>","protected":false},"excerpt":{"rendered":"<p>[vc_row content_placement=&#8221;middle&#8221; css=&#8221;.vc_custom_1540304086626{padding-top: 0px !important;}&#8221;][vc_column css=&#8221;.vc_custom_1540304338338{padding-right: 27px !important;padding-left: 27px !important;}&#8221;][vc_row_inner css=&#8221;.vc_custom_1543577196674{margin-bottom: 47px !important;}&#8221;][vc_column_inner][vc_column_text] As ex\u00e9quias\u00a0s\u00e3o a s\u00e9rie de ritos e ora\u00e7\u00f5es com que a comunidade crist\u00e3 acompanha os seus defuntos [&hellip;]<\/p>\n","protected":false},"author":1,"featured_media":0,"parent":0,"menu_order":0,"comment_status":"closed","ping_status":"closed","template":"","meta":{"_acf_changed":false,"rs_blank_template":"","rs_page_bg_color":"#ffffff","slide_template_v7":"","footnotes":""},"class_list":["post-6469","page","type-page","status-publish","hentry"],"acf":[],"_links":{"self":[{"href":"https:\/\/paroquiavilarandorinho.pt\/index.php?rest_route=\/wp\/v2\/pages\/6469","targetHints":{"allow":["GET"]}}],"collection":[{"href":"https:\/\/paroquiavilarandorinho.pt\/index.php?rest_route=\/wp\/v2\/pages"}],"about":[{"href":"https:\/\/paroquiavilarandorinho.pt\/index.php?rest_route=\/wp\/v2\/types\/page"}],"author":[{"embeddable":true,"href":"https:\/\/paroquiavilarandorinho.pt\/index.php?rest_route=\/wp\/v2\/users\/1"}],"replies":[{"embeddable":true,"href":"https:\/\/paroquiavilarandorinho.pt\/index.php?rest_route=%2Fwp%2Fv2%2Fcomments&post=6469"}],"version-history":[{"count":3,"href":"https:\/\/paroquiavilarandorinho.pt\/index.php?rest_route=\/wp\/v2\/pages\/6469\/revisions"}],"predecessor-version":[{"id":6588,"href":"https:\/\/paroquiavilarandorinho.pt\/index.php?rest_route=\/wp\/v2\/pages\/6469\/revisions\/6588"}],"wp:attachment":[{"href":"https:\/\/paroquiavilarandorinho.pt\/index.php?rest_route=%2Fwp%2Fv2%2Fmedia&parent=6469"}],"curies":[{"name":"wp","href":"https:\/\/api.w.org\/{rel}","templated":true}]}}