{"id":6574,"date":"2020-07-09T15:06:15","date_gmt":"2020-07-09T15:06:15","guid":{"rendered":"https:\/\/paroquiavilarandorinho.pt\/?page_id=6574"},"modified":"2025-09-15T11:34:56","modified_gmt":"2025-09-15T10:34:56","slug":"contactos_gestao","status":"publish","type":"page","link":"https:\/\/paroquiavilarandorinho.pt\/?page_id=6574","title":{"rendered":"Contactos"},"content":{"rendered":"<div class=\"wpb-content-wrapper\"><p>[vc_row content_placement=&#8221;middle&#8221; css=&#8221;.vc_custom_1540304086626{padding-top: 0px !important;}&#8221;][vc_column css=&#8221;.vc_custom_1540304338338{padding-right: 27px !important;padding-left: 27px !important;}&#8221;][vc_row_inner css=&#8221;.vc_custom_1543577196674{margin-bottom: 47px !important;}&#8221;][vc_column_inner][vc_column_text css=&#8221;&#8221;]<strong>Gest\u00e3o da P\u00e1gina da par\u00f3quia do Divino Salvador de Vilar de Andorinho<\/strong><\/p>\n<p>Se n\u00e3o forem referidas as fontes, s\u00e3o unicamente respons\u00e1veis o P\u00e1roco e o administrador do site.<\/p>\n<p>Queremos que nos ajude a melhorar e a atualizar esta p\u00e1gina. H\u00e1 muita informa\u00e7\u00e3o de relevo que se pode enquadrar no projeto. Todas as contribui\u00e7\u00f5es s\u00e3o v\u00e1lidas, mas sempre no quadro da Pol\u00edtica de Conte\u00fados<\/p>\n<p>Desde j\u00e1 obrigado por nos ter ajudado<\/p>\n<p><strong>Ficam os contactos:<\/strong><\/p>\n<p><a href=\"mailto:administradorsite@paroquiavilarandorinho.pt\">administradorsite@paroquiavilarandorinho.pt<\/a>[\/vc_column_text][\/vc_column_inner][\/vc_row_inner][\/vc_column][\/vc_row]<\/p>\n<\/div>","protected":false},"excerpt":{"rendered":"<p>[vc_row content_placement=&#8221;middle&#8221; css=&#8221;.vc_custom_1540304086626{padding-top: 0px !important;}&#8221;][vc_column css=&#8221;.vc_custom_1540304338338{padding-right: 27px !important;padding-left: 27px !important;}&#8221;][vc_row_inner css=&#8221;.vc_custom_1543577196674{margin-bottom: 47px !important;}&#8221;][vc_column_inner][vc_column_text css=&#8221;&#8221;]Gest\u00e3o da P\u00e1gina da par\u00f3quia do Divino Salvador de Vilar de Andorinho Se n\u00e3o forem referidas as [&hellip;]<\/p>\n","protected":false},"author":1,"featured_media":0,"parent":0,"menu_order":0,"comment_status":"closed","ping_status":"closed","template":"","meta":{"_acf_changed":false,"rs_blank_template":"","rs_page_bg_color":"","slide_template_v7":"","footnotes":""},"class_list":["post-6574","page","type-page","status-publish","hentry"],"acf":[],"_links":{"self":[{"href":"https:\/\/paroquiavilarandorinho.pt\/index.php?rest_route=\/wp\/v2\/pages\/6574","targetHints":{"allow":["GET"]}}],"collection":[{"href":"https:\/\/paroquiavilarandorinho.pt\/index.php?rest_route=\/wp\/v2\/pages"}],"about":[{"href":"https:\/\/paroquiavilarandorinho.pt\/index.php?rest_route=\/wp\/v2\/types\/page"}],"author":[{"embeddable":true,"href":"https:\/\/paroquiavilarandorinho.pt\/index.php?rest_route=\/wp\/v2\/users\/1"}],"replies":[{"embeddable":true,"href":"https:\/\/paroquiavilarandorinho.pt\/index.php?rest_route=%2Fwp%2Fv2%2Fcomments&post=6574"}],"version-history":[{"count":3,"href":"https:\/\/paroquiavilarandorinho.pt\/index.php?rest_route=\/wp\/v2\/pages\/6574\/revisions"}],"predecessor-version":[{"id":15858,"href":"https:\/\/paroquiavilarandorinho.pt\/index.php?rest_route=\/wp\/v2\/pages\/6574\/revisions\/15858"}],"wp:attachment":[{"href":"https:\/\/paroquiavilarandorinho.pt\/index.php?rest_route=%2Fwp%2Fv2%2Fmedia&parent=6574"}],"curies":[{"name":"wp","href":"https:\/\/api.w.org\/{rel}","templated":true}]}}