{"id":6582,"date":"2020-07-09T15:15:01","date_gmt":"2020-07-09T15:15:01","guid":{"rendered":"https:\/\/paroquiavilarandorinho.pt\/?page_id=6582"},"modified":"2020-07-20T18:13:17","modified_gmt":"2020-07-20T17:13:17","slug":"geral_secretaria_paroquial","status":"publish","type":"page","link":"https:\/\/paroquiavilarandorinho.pt\/?page_id=6582","title":{"rendered":"Geral"},"content":{"rendered":"<div class=\"wpb-content-wrapper\"><p>[vc_row content_placement=&#8221;middle&#8221; css=&#8221;.vc_custom_1540304086626{padding-top: 0px !important;}&#8221;][vc_column css=&#8221;.vc_custom_1540304338338{padding-right: 27px !important;padding-left: 27px !important;}&#8221;][vc_row_inner css=&#8221;.vc_custom_1543577196674{margin-bottom: 47px !important;}&#8221;][vc_column_inner][vc_column_text]<\/p>\n<h5><strong>Hor\u00e1rio Secretaria<\/strong><\/h5>\n<p><strong>Ter\u00e7a, Quarta e Quinta feira das 15h \u00e0s 19h<\/strong><\/p>\n<p><strong>S\u00e1bados das 10h \u00e0s 12h<\/strong><\/p>\n<p><strong>Telefone: <\/strong>227\u00a0820 421<\/p>\n<p><strong>Email:<\/strong> <a href=\"mailto:secretariaparoquial@paroquiavilarandorinho.pt\">secretariaparoquial@paroquiavilarandorinho.pt<\/a><\/p>\n<p><strong>Morada:<br \/>\n<\/strong>Rua Padre Maia, 55<br \/>\n4430-479 VILAR DE ANDORINHO[\/vc_column_text][\/vc_column_inner][\/vc_row_inner][\/vc_column][\/vc_row]<\/p>\n<\/div>","protected":false},"excerpt":{"rendered":"<p>[vc_row content_placement=&#8221;middle&#8221; css=&#8221;.vc_custom_1540304086626{padding-top: 0px !important;}&#8221;][vc_column css=&#8221;.vc_custom_1540304338338{padding-right: 27px !important;padding-left: 27px !important;}&#8221;][vc_row_inner css=&#8221;.vc_custom_1543577196674{margin-bottom: 47px !important;}&#8221;][vc_column_inner][vc_column_text] Hor\u00e1rio Secretaria Ter\u00e7a, Quarta e Quinta feira das 15h \u00e0s 19h S\u00e1bados das 10h \u00e0s 12h Telefone: [&hellip;]<\/p>\n","protected":false},"author":1,"featured_media":0,"parent":0,"menu_order":0,"comment_status":"closed","ping_status":"closed","template":"","meta":{"_acf_changed":false,"rs_blank_template":"","rs_page_bg_color":"#ffffff","slide_template_v7":"","footnotes":""},"class_list":["post-6582","page","type-page","status-publish","hentry"],"acf":[],"_links":{"self":[{"href":"https:\/\/paroquiavilarandorinho.pt\/index.php?rest_route=\/wp\/v2\/pages\/6582","targetHints":{"allow":["GET"]}}],"collection":[{"href":"https:\/\/paroquiavilarandorinho.pt\/index.php?rest_route=\/wp\/v2\/pages"}],"about":[{"href":"https:\/\/paroquiavilarandorinho.pt\/index.php?rest_route=\/wp\/v2\/types\/page"}],"author":[{"embeddable":true,"href":"https:\/\/paroquiavilarandorinho.pt\/index.php?rest_route=\/wp\/v2\/users\/1"}],"replies":[{"embeddable":true,"href":"https:\/\/paroquiavilarandorinho.pt\/index.php?rest_route=%2Fwp%2Fv2%2Fcomments&post=6582"}],"version-history":[{"count":4,"href":"https:\/\/paroquiavilarandorinho.pt\/index.php?rest_route=\/wp\/v2\/pages\/6582\/revisions"}],"predecessor-version":[{"id":7064,"href":"https:\/\/paroquiavilarandorinho.pt\/index.php?rest_route=\/wp\/v2\/pages\/6582\/revisions\/7064"}],"wp:attachment":[{"href":"https:\/\/paroquiavilarandorinho.pt\/index.php?rest_route=%2Fwp%2Fv2%2Fmedia&parent=6582"}],"curies":[{"name":"wp","href":"https:\/\/api.w.org\/{rel}","templated":true}]}}