{"id":6613,"date":"2020-07-10T13:34:45","date_gmt":"2020-07-10T13:34:45","guid":{"rendered":"https:\/\/paroquiavilarandorinho.pt\/?page_id=6613"},"modified":"2020-07-21T17:06:49","modified_gmt":"2020-07-21T16:06:49","slug":"papa-joao-xxiii","status":"publish","type":"page","link":"https:\/\/paroquiavilarandorinho.pt\/?page_id=6613","title":{"rendered":"Papa Jo\u00e3o XXIII"},"content":{"rendered":"<div class=\"wpb-content-wrapper\"><p>[vc_row content_placement=&#8221;middle&#8221; css=&#8221;.vc_custom_1540304086626{padding-top: 0px !important;}&#8221;][vc_column css=&#8221;.vc_custom_1540304338338{padding-right: 27px !important;padding-left: 27px !important;}&#8221;][vc_single_image image=&#8221;6642&#8243; img_size=&#8221;full&#8221; alignment=&#8221;center&#8221;][vc_row_inner css=&#8221;.vc_custom_1543577196674{margin-bottom: 47px !important;}&#8221;][vc_column_inner][vc_column_text]<\/p>\n<h5 style=\"text-align: left;\"><strong>Enc\u00edclicas<\/strong><\/h5>\n<ul>\n<li><strong><u><a href=\"http:\/\/www.vatican.va\/content\/john-xxiii\/pt\/encyclicals\/documents\/hf_j-xxiii_enc_11041963_pacem.html\" target=\"_blank\" rel=\"noopener noreferrer\">Pacem in Terris (11 de abril de 1963)<\/a><\/u><\/strong><\/li>\n<\/ul>\n<ul>\n<li><strong><u><a href=\"http:\/\/www.vatican.va\/content\/john-xxiii\/pt\/encyclicals\/documents\/hf_j-xxiii_enc_01071962_paenitentiam.html\" target=\"_blank\" rel=\"noopener noreferrer\">Paenitentiam Agere (1 de julho de 1962)<\/a><\/u><\/strong><\/li>\n<\/ul>\n<ul>\n<li><strong><u><a href=\"http:\/\/www.vatican.va\/content\/john-xxiii\/pt\/encyclicals\/documents\/hf_j-xxiii_enc_11111961_aeterna-dei.html\" target=\"_blank\" rel=\"noopener noreferrer\">Aeterna Dei Sapientia (11 de novembro de 1961)<\/a><\/u><\/strong><\/li>\n<\/ul>\n<ul>\n<li><strong><u><a href=\"http:\/\/www.vatican.va\/content\/john-xxiii\/pt\/encyclicals\/documents\/hf_j-xxiii_enc_15051961_mater.html\" target=\"_blank\" rel=\"noopener noreferrer\">Mater et Magistra (15 de maio de 1961)<\/a><\/u><\/strong><\/li>\n<\/ul>\n<ul>\n<li><strong><u><a href=\"http:\/\/www.vatican.va\/content\/john-xxiii\/pt\/encyclicals\/documents\/hf_j-xxiii_enc_28111959_princeps.html\" target=\"_blank\" rel=\"noopener noreferrer\">Princeps Pastorum (28 de novembro de 1959)<\/a><\/u><\/strong><\/li>\n<\/ul>\n<ul>\n<li><strong><u><a href=\"http:\/\/www.vatican.va\/content\/john-xxiii\/pt\/encyclicals\/documents\/hf_j-xxiii_enc_26091959_grata-recordatio.html\" target=\"_blank\" rel=\"noopener noreferrer\">Grata Recordatio (26 de setembro de 1959)<\/a><\/u><\/strong><\/li>\n<\/ul>\n<ul>\n<li><strong><u><a href=\"http:\/\/www.vatican.va\/content\/john-xxiii\/pt\/encyclicals\/documents\/hf_j-xxiii_enc_19590801_sacerdotii.html\" target=\"_blank\" rel=\"noopener noreferrer\">Sacerdotii Nostri Primordia (1 de agosto de 1959)<\/a><\/u><\/strong><\/li>\n<\/ul>\n<ul>\n<li><strong><u><a href=\"http:\/\/www.vatican.va\/content\/john-xxiii\/pt\/encyclicals\/documents\/hf_j-xxiii_enc_29061959_ad-petri.html\" target=\"_blank\" rel=\"noopener noreferrer\">Ad Petri Cathedram (29 de junho de 1959)<\/a><\/u><\/strong><\/li>\n<\/ul>\n<p>&nbsp;<\/p>\n<h5>Exorta\u00e7\u00f5es Apost\u00f3licas<\/h5>\n<ul>\n<li><strong><u><a href=\"http:\/\/www.vatican.va\/content\/john-xxiii\/pt\/apost_exhortations\/documents\/hf_j-xxiii_exh_19630520_novem-per-dies.html\" target=\"_blank\" rel=\"noopener noreferrer\">Novem per dies, novena de Pentecostes para o Conc\u00edlio Ecum\u00eanico (20 de maio de 1963)<\/a><\/u><\/strong><\/li>\n<\/ul>\n<ul>\n<li><strong><u><a href=\"http:\/\/www.vatican.va\/content\/john-xxiii\/pt\/apost_exhortations\/documents\/hf_j-xxiii_exh_19620106_sacrae-laudis.html\" target=\"_blank\" rel=\"noopener noreferrer\">Sacrae Laudis, pedindo ora\u00e7\u00f5es para o pr\u00f3ximo Conc\u00edlio Ecum\u00eanico (6 de janeiro de 1962)<\/a><\/u><\/strong><\/li>\n<\/ul>\n<p>&nbsp;<\/p>\n<h5 style=\"text-align: left;\"><strong>Cartas Apost\u00f3licas <\/strong><\/h5>\n<ul>\n<li><strong><em><u><a href=\"http:\/\/www.vatican.va\/content\/john-xxiii\/pt\/apost_letters\/1961\/documents\/hf_j-xxiii_apl_19610929_religioso-convegno.html\" target=\"_blank\" rel=\"noopener noreferrer\">Il religioso convegno, recita\u00e7\u00e3o do Santo Ros\u00e1rio pela Paz entre as na\u00e7\u00f5es (29 de setembro de 1961)<\/a><\/u><\/em><\/strong><\/li>\n<\/ul>\n<ul>\n<li><strong><u><a href=\"http:\/\/www.vatican.va\/content\/john-xxiii\/pt\/apost_letters\/1961\/documents\/hf_j-xxiii_apl_19610319_s-giuseppe.html\" target=\"_blank\" rel=\"noopener noreferrer\">Le voci, sobre a devo\u00e7\u00e3o a S\u00e3o Jos\u00e9 padroeiro do Conc\u00edlio Ecum\u00eanico Vaticano II (19 de mar\u00e7o de 1961)<\/a><\/u><\/strong><\/li>\n<\/ul>\n<ul>\n<li><strong><u><a href=\"http:\/\/www.vatican.va\/content\/john-xxiii\/pt\/apost_letters\/1962\/documents\/hf_j-xxiii_apl_19620428_oecumenicum.html\" target=\"_blank\" rel=\"noopener noreferrer\">Oecumenicum Concilium , sobre a reza do Santo Ros\u00e1rio pelo Conc\u00edllio Ecum\u00eanico Vaticano II (28 de abril de 1962)<\/a><\/u><\/strong><\/li>\n<\/ul>\n<p>[\/vc_column_text][\/vc_column_inner][\/vc_row_inner][\/vc_column][\/vc_row]<\/p>\n<\/div>","protected":false},"excerpt":{"rendered":"<p>[vc_row content_placement=&#8221;middle&#8221; css=&#8221;.vc_custom_1540304086626{padding-top: 0px !important;}&#8221;][vc_column css=&#8221;.vc_custom_1540304338338{padding-right: 27px !important;padding-left: 27px !important;}&#8221;][vc_single_image image=&#8221;6642&#8243; img_size=&#8221;full&#8221; alignment=&#8221;center&#8221;][vc_row_inner css=&#8221;.vc_custom_1543577196674{margin-bottom: 47px !important;}&#8221;][vc_column_inner][vc_column_text] Enc\u00edclicas Pacem in Terris (11 de abril de 1963) Paenitentiam Agere (1 de julho [&hellip;]<\/p>\n","protected":false},"author":1,"featured_media":0,"parent":0,"menu_order":0,"comment_status":"closed","ping_status":"closed","template":"","meta":{"_acf_changed":false,"rs_blank_template":"","rs_page_bg_color":"#ffffff","slide_template_v7":"","footnotes":""},"class_list":["post-6613","page","type-page","status-publish","hentry"],"acf":[],"_links":{"self":[{"href":"https:\/\/paroquiavilarandorinho.pt\/index.php?rest_route=\/wp\/v2\/pages\/6613","targetHints":{"allow":["GET"]}}],"collection":[{"href":"https:\/\/paroquiavilarandorinho.pt\/index.php?rest_route=\/wp\/v2\/pages"}],"about":[{"href":"https:\/\/paroquiavilarandorinho.pt\/index.php?rest_route=\/wp\/v2\/types\/page"}],"author":[{"embeddable":true,"href":"https:\/\/paroquiavilarandorinho.pt\/index.php?rest_route=\/wp\/v2\/users\/1"}],"replies":[{"embeddable":true,"href":"https:\/\/paroquiavilarandorinho.pt\/index.php?rest_route=%2Fwp%2Fv2%2Fcomments&post=6613"}],"version-history":[{"count":12,"href":"https:\/\/paroquiavilarandorinho.pt\/index.php?rest_route=\/wp\/v2\/pages\/6613\/revisions"}],"predecessor-version":[{"id":6655,"href":"https:\/\/paroquiavilarandorinho.pt\/index.php?rest_route=\/wp\/v2\/pages\/6613\/revisions\/6655"}],"wp:attachment":[{"href":"https:\/\/paroquiavilarandorinho.pt\/index.php?rest_route=%2Fwp%2Fv2%2Fmedia&parent=6613"}],"curies":[{"name":"wp","href":"https:\/\/api.w.org\/{rel}","templated":true}]}}