{"id":6628,"date":"2020-07-10T14:31:44","date_gmt":"2020-07-10T14:31:44","guid":{"rendered":"https:\/\/paroquiavilarandorinho.pt\/?page_id=6628"},"modified":"2020-07-17T10:45:18","modified_gmt":"2020-07-17T09:45:18","slug":"papa-paulo-vi","status":"publish","type":"page","link":"https:\/\/paroquiavilarandorinho.pt\/?page_id=6628","title":{"rendered":"Papa Paulo VI"},"content":{"rendered":"<div class=\"wpb-content-wrapper\"><p>[vc_row content_placement=&#8221;middle&#8221; css=&#8221;.vc_custom_1540304086626{padding-top: 0px !important;}&#8221;][vc_column css=&#8221;.vc_custom_1540304338338{padding-right: 27px !important;padding-left: 27px !important;}&#8221;][vc_single_image image=&#8221;6644&#8243; img_size=&#8221;full&#8221; alignment=&#8221;center&#8221;][vc_row_inner css=&#8221;.vc_custom_1543577196674{margin-bottom: 47px !important;}&#8221;][vc_column_inner][vc_column_text]<\/p>\n<h5><strong>Enc\u00edclicas<\/strong><\/h5>\n<ul>\n<li><strong><u><a href=\"http:\/\/www.vatican.va\/content\/paul-vi\/pt\/encyclicals\/documents\/hf_p-vi_enc_25071968_humanae-vitae.html\" target=\"_blank\" rel=\"noopener noreferrer\">Humanae Vitae (25 de julho 1968)<\/a><\/u><\/strong><\/li>\n<\/ul>\n<ul>\n<li><strong><u><a href=\"http:\/\/www.vatican.va\/content\/paul-vi\/pt\/encyclicals\/documents\/hf_p-vi_enc_24061967_sacerdotalis.html\" target=\"_blank\" rel=\"noopener noreferrer\">Sacerdotalis Caelibatus (24 de junho 1967)<\/a><\/u><\/strong><\/li>\n<\/ul>\n<ul>\n<li><strong><u><a href=\"http:\/\/www.vatican.va\/content\/paul-vi\/pt\/encyclicals\/documents\/hf_p-vi_enc_26031967_populorum.html\" target=\"_blank\" rel=\"noopener noreferrer\">Populorum Progressio (26 de mar\u00e7o 1967)<\/a><\/u><\/strong><\/li>\n<\/ul>\n<ul>\n<li><strong><u><a href=\"http:\/\/www.vatican.va\/content\/paul-vi\/pt\/encyclicals\/documents\/hf_p-vi_enc_15091966_christi-matri.html\" target=\"_blank\" rel=\"noopener noreferrer\">Christi Matri (15 de setembro 1966)<\/a><\/u><\/strong><\/li>\n<\/ul>\n<ul>\n<li><strong><u><a href=\"http:\/\/www.vatican.va\/content\/paul-vi\/pt\/encyclicals\/documents\/hf_p-vi_enc_03091965_mysterium.html\" target=\"_blank\" rel=\"noopener noreferrer\">Mysterium Fidei (3 de setembro 1965)<\/a><\/u><\/strong><\/li>\n<\/ul>\n<ul>\n<li><strong><u><a href=\"http:\/\/www.vatican.va\/content\/paul-vi\/pt\/encyclicals\/documents\/hf_p-vi_enc_29041965_mense-maio.html\" target=\"_blank\" rel=\"noopener noreferrer\">Mense Maio (29 de abril 1965)<\/a><\/u><\/strong><\/li>\n<\/ul>\n<ul>\n<li><strong><u><a href=\"http:\/\/www.vatican.va\/content\/paul-vi\/pt\/encyclicals\/documents\/hf_p-vi_enc_06081964_ecclesiam.html\" target=\"_blank\" rel=\"noopener noreferrer\">Ecclesiam Suam (6 de agosto 1964)<\/a><\/u><\/strong><\/li>\n<\/ul>\n<p>&nbsp;<\/p>\n<h5><strong>Exorta\u00e7\u00f5es Apost\u00f3licas<\/strong><\/h5>\n<ul>\n<li><strong><u><a href=\"http:\/\/www.vatican.va\/content\/paul-vi\/pt\/apost_exhortations\/documents\/hf_p-vi_exh_19751208_evangelii-nuntiandi.html\" target=\"_blank\" rel=\"noopener noreferrer\">Evangelii Nuntiandi (8 de dezembro de 1975)<\/a><\/u><\/strong><\/li>\n<\/ul>\n<ul>\n<li><strong><u><a href=\"http:\/\/www.vatican.va\/content\/paul-vi\/pt\/apost_exhortations\/documents\/hf_p-vi_exh_19740202_marialis-cultus.html\" target=\"_blank\" rel=\"noopener noreferrer\">Marialis Cultus (2 de fevereiro de 1974)<\/a><\/u><\/strong><\/li>\n<\/ul>\n<ul>\n<li><strong><u><a href=\"http:\/\/www.vatican.va\/content\/paul-vi\/pt\/apost_exhortations\/documents\/hf_p-vi_exh_19710629_evangelica-testificatio.html\" target=\"_blank\" rel=\"noopener noreferrer\">Evangelica Testificatio (29 de junho de 1971)<\/a><\/u><\/strong><\/li>\n<\/ul>\n<ul>\n<li><strong><u><a href=\"http:\/\/www.vatican.va\/content\/paul-vi\/pt\/apost_exhortations\/documents\/hf_p-vi_exh_19701208_quinque-iam-anni.html\" target=\"_blank\" rel=\"noopener noreferrer\">Quinque Iam Anni (8 de dezembro de 1970)<\/a><\/u><\/strong><\/li>\n<\/ul>\n<ul>\n<li><strong><u><a href=\"http:\/\/www.vatican.va\/content\/paul-vi\/pt\/apost_exhortations\/documents\/hf_p-vi_exh_19670513_signum-magnum.html\" target=\"_blank\" rel=\"noopener noreferrer\">Signum Magnum (13 de maio de 1967)<\/a><\/u><\/strong><\/li>\n<\/ul>\n<p>&nbsp;<\/p>\n<h5><strong>Constitui\u00e7\u00f5es Apost\u00f3licas<\/strong><\/h5>\n<ul>\n<li><strong><u><a href=\"http:\/\/www.vatican.va\/content\/paul-vi\/pt\/apost_constitutions\/documents\/hf_p-vi_apc_19721130_sacram-unctionem.html\" target=\"_blank\" rel=\"noopener noreferrer\">Sacram Unctionem Infirmorum (30 de novembro de 1972)<\/a><\/u><\/strong><\/li>\n<\/ul>\n<p>[\/vc_column_text][\/vc_column_inner][\/vc_row_inner][\/vc_column][\/vc_row]<\/p>\n<\/div>","protected":false},"excerpt":{"rendered":"<p>[vc_row content_placement=&#8221;middle&#8221; css=&#8221;.vc_custom_1540304086626{padding-top: 0px !important;}&#8221;][vc_column css=&#8221;.vc_custom_1540304338338{padding-right: 27px !important;padding-left: 27px !important;}&#8221;][vc_single_image image=&#8221;6644&#8243; img_size=&#8221;full&#8221; alignment=&#8221;center&#8221;][vc_row_inner css=&#8221;.vc_custom_1543577196674{margin-bottom: 47px !important;}&#8221;][vc_column_inner][vc_column_text] Enc\u00edclicas Humanae Vitae (25 de julho 1968) Sacerdotalis Caelibatus (24 de junho 1967) Populorum [&hellip;]<\/p>\n","protected":false},"author":1,"featured_media":0,"parent":0,"menu_order":0,"comment_status":"closed","ping_status":"closed","template":"","meta":{"_acf_changed":false,"rs_blank_template":"","rs_page_bg_color":"#ffffff","slide_template_v7":"","footnotes":""},"class_list":["post-6628","page","type-page","status-publish","hentry"],"acf":[],"_links":{"self":[{"href":"https:\/\/paroquiavilarandorinho.pt\/index.php?rest_route=\/wp\/v2\/pages\/6628","targetHints":{"allow":["GET"]}}],"collection":[{"href":"https:\/\/paroquiavilarandorinho.pt\/index.php?rest_route=\/wp\/v2\/pages"}],"about":[{"href":"https:\/\/paroquiavilarandorinho.pt\/index.php?rest_route=\/wp\/v2\/types\/page"}],"author":[{"embeddable":true,"href":"https:\/\/paroquiavilarandorinho.pt\/index.php?rest_route=\/wp\/v2\/users\/1"}],"replies":[{"embeddable":true,"href":"https:\/\/paroquiavilarandorinho.pt\/index.php?rest_route=%2Fwp%2Fv2%2Fcomments&post=6628"}],"version-history":[{"count":6,"href":"https:\/\/paroquiavilarandorinho.pt\/index.php?rest_route=\/wp\/v2\/pages\/6628\/revisions"}],"predecessor-version":[{"id":6656,"href":"https:\/\/paroquiavilarandorinho.pt\/index.php?rest_route=\/wp\/v2\/pages\/6628\/revisions\/6656"}],"wp:attachment":[{"href":"https:\/\/paroquiavilarandorinho.pt\/index.php?rest_route=%2Fwp%2Fv2%2Fmedia&parent=6628"}],"curies":[{"name":"wp","href":"https:\/\/api.w.org\/{rel}","templated":true}]}}