{"id":6648,"date":"2020-07-10T14:52:40","date_gmt":"2020-07-10T14:52:40","guid":{"rendered":"https:\/\/paroquiavilarandorinho.pt\/?page_id=6648"},"modified":"2020-07-17T11:14:45","modified_gmt":"2020-07-17T10:14:45","slug":"papa-joao-paulo-ii","status":"publish","type":"page","link":"https:\/\/paroquiavilarandorinho.pt\/?page_id=6648","title":{"rendered":"Papa Jo\u00e3o Paulo II"},"content":{"rendered":"<div class=\"wpb-content-wrapper\"><p>[vc_row content_placement=&#8221;middle&#8221; css=&#8221;.vc_custom_1540304086626{padding-top: 0px !important;}&#8221;][vc_column css=&#8221;.vc_custom_1540304338338{padding-right: 27px !important;padding-left: 27px !important;}&#8221;][vc_single_image image=&#8221;6652&#8243; img_size=&#8221;full&#8221; alignment=&#8221;center&#8221;][vc_row_inner css=&#8221;.vc_custom_1543577196674{margin-bottom: 47px !important;}&#8221;][vc_column_inner][vc_column_text]<\/p>\n<h5><strong>Enc\u00edclicas Papa Jo\u00e3o Paulo II<\/strong><\/h5>\n<ul>\n<li><strong><u><a href=\"http:\/\/www.vatican.va\/content\/john-paul-ii\/pt\/encyclicals\/documents\/hf_jp-ii_enc_20030417_eccl-de-euch.html\" target=\"_blank\" rel=\"noopener noreferrer\">Ecclesia de Eucharistia (17 de abril de 2003)<\/a><\/u><\/strong><\/li>\n<\/ul>\n<ul>\n<li><strong><u><a href=\"http:\/\/www.vatican.va\/content\/john-paul-ii\/pt\/encyclicals\/documents\/hf_jp-ii_enc_14091998_fides-et-ratio.html\" target=\"_blank\" rel=\"noopener noreferrer\">Fides et Ratio (14 de setembro de 1998)<\/a><\/u><\/strong><\/li>\n<\/ul>\n<ul>\n<li><strong><u><a href=\"http:\/\/www.vatican.va\/content\/john-paul-ii\/pt\/encyclicals\/documents\/hf_jp-ii_enc_25051995_ut-unum-sint.html\" target=\"_blank\" rel=\"noopener noreferrer\">Ut Unum Sint (25 de maio de 1995)<\/a><\/u><\/strong><\/li>\n<\/ul>\n<ul>\n<li><strong><u><a href=\"http:\/\/www.vatican.va\/content\/john-paul-ii\/pt\/encyclicals\/documents\/hf_jp-ii_enc_25031995_evangelium-vitae.html\" target=\"_blank\" rel=\"noopener noreferrer\">Evangelium Vitae (25 de mar\u00e7o de 1995)<\/a><\/u><\/strong><\/li>\n<\/ul>\n<ul>\n<li><strong><u><a href=\"http:\/\/www.vatican.va\/content\/john-paul-ii\/pt\/encyclicals\/documents\/hf_jp-ii_enc_06081993_veritatis-splendor.html\" target=\"_blank\" rel=\"noopener noreferrer\">Veritatis Splendor (6 de agosto de 1993)<\/a><\/u><\/strong><\/li>\n<\/ul>\n<ul>\n<li><strong><u><a href=\"http:\/\/www.vatican.va\/content\/john-paul-ii\/pt\/encyclicals\/documents\/hf_jp-ii_enc_01051991_centesimus-annus.html\" target=\"_blank\" rel=\"noopener noreferrer\">Centesimus Annus (1\u00ba de maio de 1991)<\/a><\/u><\/strong><\/li>\n<\/ul>\n<ul>\n<li><strong><u><a href=\"http:\/\/www.vatican.va\/content\/john-paul-ii\/pt\/encyclicals\/documents\/hf_jp-ii_enc_07121990_redemptoris-missio.html\" target=\"_blank\" rel=\"noopener noreferrer\">Redemptoris Missio (7 de dezembro de 1990)<\/a><\/u><\/strong><\/li>\n<\/ul>\n<ul>\n<li><strong><u><a href=\"http:\/\/www.vatican.va\/content\/john-paul-ii\/pt\/encyclicals\/documents\/hf_jp-ii_enc_30121987_sollicitudo-rei-socialis.html\" target=\"_blank\" rel=\"noopener noreferrer\">Sollicitudo Rei Socialis (30 de dezembro de 1987)<\/a><\/u><\/strong><\/li>\n<\/ul>\n<ul>\n<li><strong><u><a href=\"http:\/\/www.vatican.va\/content\/john-paul-ii\/pt\/encyclicals\/documents\/hf_jp-ii_enc_25031987_redemptoris-mater.html\" target=\"_blank\" rel=\"noopener noreferrer\">Redemptoris Mater (25 de mar\u00e7o de 1987)<\/a><\/u><\/strong><\/li>\n<\/ul>\n<ul>\n<li><strong><u><a href=\"http:\/\/www.vatican.va\/content\/john-paul-ii\/pt\/encyclicals\/documents\/hf_jp-ii_enc_18051986_dominum-et-vivificantem.html\" target=\"_blank\" rel=\"noopener noreferrer\">Dominum et Vivificantem (18 de maio de 1986)<\/a><\/u><\/strong><\/li>\n<\/ul>\n<ul>\n<li><strong><u><a href=\"http:\/\/www.vatican.va\/content\/john-paul-ii\/pt\/encyclicals\/documents\/hf_jp-ii_enc_19850602_slavorum-apostoli.html\" target=\"_blank\" rel=\"noopener noreferrer\">Slavorum Apostoli (2 de junho de 1985)<\/a><\/u><\/strong><\/li>\n<\/ul>\n<ul>\n<li><strong><u><a href=\"http:\/\/www.vatican.va\/content\/john-paul-ii\/pt\/encyclicals\/documents\/hf_jp-ii_enc_14091981_laborem-exercens.html\" target=\"_blank\" rel=\"noopener noreferrer\">Laborem Exercens (14 de setembro de 1981)<\/a><\/u><\/strong><\/li>\n<\/ul>\n<ul>\n<li><strong><u><a href=\"http:\/\/www.vatican.va\/content\/john-paul-ii\/pt\/encyclicals\/documents\/hf_jp-ii_enc_30111980_dives-in-misericordia.html\" target=\"_blank\" rel=\"noopener noreferrer\">Dives in Misericordia (30 de novembro de 1980)<\/a><\/u><\/strong><\/li>\n<\/ul>\n<ul>\n<li><strong><u><a href=\"http:\/\/www.vatican.va\/content\/john-paul-ii\/pt\/encyclicals\/documents\/hf_jp-ii_enc_04031979_redemptor-hominis.html\" target=\"_blank\" rel=\"noopener noreferrer\">Redemptor Hominis (4 de mar\u00e7o de 1979)<\/a><\/u><\/strong><\/li>\n<\/ul>\n<p>&nbsp;<\/p>\n<h5><strong>Exorta\u00e7\u00f5es apost\u00f3licas de Papa Jo\u00e3o Paulo II<\/strong><\/h5>\n<ul>\n<li><strong><u><a href=\"http:\/\/www.vatican.va\/content\/john-paul-ii\/pt\/apost_exhortations\/documents\/hf_jp-ii_exh_20031016_pastores-gregis.html\" target=\"_blank\" rel=\"noopener noreferrer\">Pastores gregis (16 de outubro de 2003)<\/a><\/u><\/strong><\/li>\n<\/ul>\n<ul>\n<li><strong><u><a href=\"http:\/\/www.vatican.va\/content\/john-paul-ii\/pt\/apost_exhortations\/documents\/hf_jp-ii_exh_20030628_ecclesia-in-europa.html\" target=\"_blank\" rel=\"noopener noreferrer\">Ecclesia in Europa (28 de junho de 2003)<\/a><\/u><\/strong><\/li>\n<\/ul>\n<ul>\n<li><strong><u><a href=\"http:\/\/www.vatican.va\/content\/john-paul-ii\/pt\/apost_exhortations\/documents\/hf_jp-ii_exh_20011122_ecclesia-in-oceania.html\" target=\"_blank\" rel=\"noopener noreferrer\">Ecclesia in Oceania (22 de novembro de 2001)<\/a><\/u><\/strong><\/li>\n<\/ul>\n<ul>\n<li><strong><u><a href=\"http:\/\/www.vatican.va\/content\/john-paul-ii\/pt\/apost_exhortations\/documents\/hf_jp-ii_exh_06111999_ecclesia-in-asia.html\" target=\"_blank\" rel=\"noopener noreferrer\">Ecclesia in Asia (6 de novembro de 1999)<\/a><\/u><\/strong><\/li>\n<\/ul>\n<ul>\n<li><strong><u><a href=\"http:\/\/www.vatican.va\/content\/john-paul-ii\/pt\/apost_exhortations\/documents\/hf_jp-ii_exh_22011999_ecclesia-in-america.html\" target=\"_blank\" rel=\"noopener noreferrer\">Ecclesia in America (22 de janeiro de 1999)<\/a><\/u><\/strong><\/li>\n<\/ul>\n<p>&nbsp;<\/p>\n<h5><strong>Uma esperan\u00e7a nova para o L\u00edbano (10 de maio de 1997)<\/strong><\/h5>\n<ul>\n<li><strong><u><a href=\"http:\/\/www.vatican.va\/content\/john-paul-ii\/pt\/apost_exhortations\/documents\/hf_jp-ii_exh_25031996_vita-consecrata.html\" target=\"_blank\" rel=\"noopener noreferrer\">Vita Consecrata (25 de mar\u00e7o de 1996)<\/a><\/u><\/strong><\/li>\n<\/ul>\n<ul>\n<li><strong><u><a href=\"http:\/\/www.vatican.va\/content\/john-paul-ii\/pt\/apost_exhortations\/documents\/hf_jp-ii_exh_14091995_ecclesia-in-africa.html\" target=\"_blank\" rel=\"noopener noreferrer\">Ecclesia in Africa (14 de setembro de 1995)<\/a><\/u><\/strong><\/li>\n<\/ul>\n<ul>\n<li><strong><u><a href=\"http:\/\/www.vatican.va\/content\/john-paul-ii\/pt\/apost_exhortations\/documents\/hf_jp-ii_exh_25031992_pastores-dabo-vobis.html\" target=\"_blank\" rel=\"noopener noreferrer\">Pastores Dabo Vobis (25 de mar\u00e7o de 1992)<\/a><\/u><\/strong><\/li>\n<\/ul>\n<ul>\n<li><strong><u><a href=\"http:\/\/www.vatican.va\/content\/john-paul-ii\/pt\/apost_exhortations\/documents\/hf_jp-ii_exh_15081989_redemptoris-custos.html\" target=\"_blank\" rel=\"noopener noreferrer\">Redemptoris Custos (15 de agosto de 1989)<\/a><\/u><\/strong><\/li>\n<\/ul>\n<ul>\n<li><strong><u><a href=\"http:\/\/www.vatican.va\/content\/john-paul-ii\/pt\/apost_exhortations\/documents\/hf_jp-ii_exh_30121988_christifideles-laici.html\" target=\"_blank\" rel=\"noopener noreferrer\">Christifideles Laici (30 de dezembro de 1988)<\/a><\/u><\/strong><\/li>\n<\/ul>\n<ul>\n<li><strong><u><a href=\"http:\/\/www.vatican.va\/content\/john-paul-ii\/pt\/apost_exhortations\/documents\/hf_jp-ii_exh_02121984_reconciliatio-et-paenitentia.html\" target=\"_blank\" rel=\"noopener noreferrer\">Reconciliatio et Paenitentia (2 de dezembro de 1984)<\/a><\/u><\/strong><\/li>\n<\/ul>\n<ul>\n<li><strong><u><a href=\"http:\/\/www.vatican.va\/content\/john-paul-ii\/pt\/apost_exhortations\/documents\/hf_jp-ii_exh_25031984_redemptionis-donum.html\" target=\"_blank\" rel=\"noopener noreferrer\">Redemptionis Donum (25 de mar\u00e7o de 1984)<\/a><\/u><\/strong><\/li>\n<\/ul>\n<ul>\n<li><strong><u><a href=\"http:\/\/www.vatican.va\/content\/john-paul-ii\/pt\/apost_exhortations\/documents\/hf_jp-ii_exh_19811122_familiaris-consortio.html\" target=\"_blank\" rel=\"noopener noreferrer\">Familiaris Consortio (22 de novembro de 1981)<\/a><\/u><\/strong><\/li>\n<\/ul>\n<ul>\n<li><strong><u><a href=\"http:\/\/www.vatican.va\/content\/john-paul-ii\/pt\/apost_exhortations\/documents\/hf_jp-ii_exh_16101979_catechesi-tradendae.html\" target=\"_blank\" rel=\"noopener noreferrer\">Catechesi Tradendae (16 de outubro de 1979)<\/a><\/u><\/strong><\/li>\n<\/ul>\n<p>[\/vc_column_text][\/vc_column_inner][\/vc_row_inner][\/vc_column][\/vc_row]<\/p>\n<\/div>","protected":false},"excerpt":{"rendered":"<p>[vc_row content_placement=&#8221;middle&#8221; css=&#8221;.vc_custom_1540304086626{padding-top: 0px !important;}&#8221;][vc_column css=&#8221;.vc_custom_1540304338338{padding-right: 27px !important;padding-left: 27px !important;}&#8221;][vc_single_image image=&#8221;6652&#8243; img_size=&#8221;full&#8221; alignment=&#8221;center&#8221;][vc_row_inner css=&#8221;.vc_custom_1543577196674{margin-bottom: 47px !important;}&#8221;][vc_column_inner][vc_column_text] Enc\u00edclicas Papa Jo\u00e3o Paulo II Ecclesia de Eucharistia (17 de abril de 2003) Fides [&hellip;]<\/p>\n","protected":false},"author":1,"featured_media":0,"parent":0,"menu_order":0,"comment_status":"closed","ping_status":"closed","template":"","meta":{"_acf_changed":false,"rs_blank_template":"","rs_page_bg_color":"#ffffff","slide_template_v7":"","footnotes":""},"class_list":["post-6648","page","type-page","status-publish","hentry"],"acf":[],"_links":{"self":[{"href":"https:\/\/paroquiavilarandorinho.pt\/index.php?rest_route=\/wp\/v2\/pages\/6648","targetHints":{"allow":["GET"]}}],"collection":[{"href":"https:\/\/paroquiavilarandorinho.pt\/index.php?rest_route=\/wp\/v2\/pages"}],"about":[{"href":"https:\/\/paroquiavilarandorinho.pt\/index.php?rest_route=\/wp\/v2\/types\/page"}],"author":[{"embeddable":true,"href":"https:\/\/paroquiavilarandorinho.pt\/index.php?rest_route=\/wp\/v2\/users\/1"}],"replies":[{"embeddable":true,"href":"https:\/\/paroquiavilarandorinho.pt\/index.php?rest_route=%2Fwp%2Fv2%2Fcomments&post=6648"}],"version-history":[{"count":3,"href":"https:\/\/paroquiavilarandorinho.pt\/index.php?rest_route=\/wp\/v2\/pages\/6648\/revisions"}],"predecessor-version":[{"id":6654,"href":"https:\/\/paroquiavilarandorinho.pt\/index.php?rest_route=\/wp\/v2\/pages\/6648\/revisions\/6654"}],"wp:attachment":[{"href":"https:\/\/paroquiavilarandorinho.pt\/index.php?rest_route=%2Fwp%2Fv2%2Fmedia&parent=6648"}],"curies":[{"name":"wp","href":"https:\/\/api.w.org\/{rel}","templated":true}]}}