{"id":6658,"date":"2020-07-10T14:59:34","date_gmt":"2020-07-10T14:59:34","guid":{"rendered":"https:\/\/paroquiavilarandorinho.pt\/?page_id=6658"},"modified":"2020-07-17T11:15:35","modified_gmt":"2020-07-17T10:15:35","slug":"papa-bento-xvi","status":"publish","type":"page","link":"https:\/\/paroquiavilarandorinho.pt\/?page_id=6658","title":{"rendered":"Papa Bento XVI"},"content":{"rendered":"<div class=\"wpb-content-wrapper\"><p>[vc_row content_placement=&#8221;middle&#8221; css=&#8221;.vc_custom_1540304086626{padding-top: 0px !important;}&#8221;][vc_column css=&#8221;.vc_custom_1540304338338{padding-right: 27px !important;padding-left: 27px !important;}&#8221;][vc_single_image image=&#8221;6660&#8243; img_size=&#8221;full&#8221; alignment=&#8221;center&#8221;][vc_row_inner css=&#8221;.vc_custom_1543577196674{margin-bottom: 47px !important;}&#8221;][vc_column_inner][vc_column_text]<\/p>\n<h5><strong>Enc\u00edclicas<\/strong><\/h5>\n<ul>\n<li><strong><em><u><a href=\"http:\/\/www.vatican.va\/content\/benedict-xvi\/pt\/encyclicals\/documents\/hf_ben-xvi_enc_20090629_caritas-in-veritate.html\" target=\"_blank\" rel=\"noopener noreferrer\">Caritas in veritate\u00a0(29 de junho de 2009)<\/a><\/u><\/em><\/strong><\/li>\n<\/ul>\n<ul>\n<li><strong><em><u><a href=\"http:\/\/www.vatican.va\/content\/benedict-xvi\/pt\/encyclicals\/documents\/hf_ben-xvi_enc_20071130_spe-salvi.html\" target=\"_blank\" rel=\"noopener noreferrer\">Spe salvi\u00a0(30 de novembro de 2007)<\/a><\/u><\/em><\/strong><\/li>\n<\/ul>\n<ul>\n<li><strong><em><u><a href=\"http:\/\/www.vatican.va\/content\/benedict-xvi\/pt\/encyclicals\/documents\/hf_ben-xvi_enc_20051225_deus-caritas-est.html\" target=\"_blank\" rel=\"noopener noreferrer\">Deus caritas est\u00a0(25 de dezembro de 2005)<\/a><\/u><\/em><\/strong><\/li>\n<\/ul>\n<p>&nbsp;<\/p>\n<h5><strong>Exorta\u00e7\u00f5es Apost\u00f3licas<\/strong><\/h5>\n<ul>\n<li><strong><u><a href=\"http:\/\/www.vatican.va\/content\/benedict-xvi\/pt\/apost_exhortations\/documents\/hf_ben-xvi_exh_20120914_ecclesia-in-medio-oriente.html\" target=\"_blank\" rel=\"noopener noreferrer\">Ecclesia in Medio Oriente: Exorta\u00e7\u00e3o Apost\u00f3lica P\u00f3s-Sinodal sobre a Igreja no Oriente M\u00e9dio, comunh\u00e3o e testemunho (14 de setembro de 2012)<\/a><\/u><\/strong><\/li>\n<\/ul>\n<ul>\n<li><strong><u><a href=\"http:\/\/www.vatican.va\/content\/benedict-xvi\/pt\/apost_exhortations\/documents\/hf_ben-xvi_exh_20111119_africae-munus.html\">Africae munus: Exorta\u00e7\u00e3o Apost\u00f3lica P\u00f3s-Sinodal sobre a Igreja na \u00c1frica ao servi\u00e7o da reconcilia\u00e7\u00e3o, da justi\u00e7a e da paz (19 de novembro de 2011)<\/a><\/u><\/strong><\/li>\n<\/ul>\n<ul>\n<li><strong><u><a href=\"http:\/\/www.vatican.va\/content\/benedict-xvi\/pt\/apost_exhortations\/documents\/hf_ben-xvi_exh_20100930_verbum-domini.html\" target=\"_blank\" rel=\"noopener noreferrer\">Verbum Domini: Exorta\u00e7\u00e3o Apost\u00f3lica P\u00f3s-Sinodal sobre a Palavra de Deus na vida e na miss\u00e3o da Igreja (30 de setembro de 2010)<\/a><\/u><\/strong><\/li>\n<\/ul>\n<ul>\n<li><strong><u><a href=\"http:\/\/www.vatican.va\/content\/benedict-xvi\/pt\/apost_exhortations\/documents\/hf_ben-xvi_exh_20070222_sacramentum-caritatis.html\" target=\"_blank\" rel=\"noopener noreferrer\">Sacramentum Caritatis: Exorta\u00e7\u00e3o Apost\u00f3lica P\u00f3s-Sinodal sobre a Eucaristia fonte e \u00e1pice da vida e da miss\u00e3o da Igreja (22 de fevereiro de 2007)<\/a><\/u><\/strong><\/li>\n<\/ul>\n<p>[\/vc_column_text][\/vc_column_inner][\/vc_row_inner][\/vc_column][\/vc_row]<\/p>\n<\/div>","protected":false},"excerpt":{"rendered":"<p>[vc_row content_placement=&#8221;middle&#8221; css=&#8221;.vc_custom_1540304086626{padding-top: 0px !important;}&#8221;][vc_column css=&#8221;.vc_custom_1540304338338{padding-right: 27px !important;padding-left: 27px !important;}&#8221;][vc_single_image image=&#8221;6660&#8243; img_size=&#8221;full&#8221; alignment=&#8221;center&#8221;][vc_row_inner css=&#8221;.vc_custom_1543577196674{margin-bottom: 47px !important;}&#8221;][vc_column_inner][vc_column_text] Enc\u00edclicas Caritas in veritate\u00a0(29 de junho de 2009) Spe salvi\u00a0(30 de novembro de 2007) [&hellip;]<\/p>\n","protected":false},"author":1,"featured_media":0,"parent":0,"menu_order":0,"comment_status":"closed","ping_status":"closed","template":"","meta":{"_acf_changed":false,"rs_blank_template":"","rs_page_bg_color":"#ffffff","slide_template_v7":"","footnotes":""},"class_list":["post-6658","page","type-page","status-publish","hentry"],"acf":[],"_links":{"self":[{"href":"https:\/\/paroquiavilarandorinho.pt\/index.php?rest_route=\/wp\/v2\/pages\/6658","targetHints":{"allow":["GET"]}}],"collection":[{"href":"https:\/\/paroquiavilarandorinho.pt\/index.php?rest_route=\/wp\/v2\/pages"}],"about":[{"href":"https:\/\/paroquiavilarandorinho.pt\/index.php?rest_route=\/wp\/v2\/types\/page"}],"author":[{"embeddable":true,"href":"https:\/\/paroquiavilarandorinho.pt\/index.php?rest_route=\/wp\/v2\/users\/1"}],"replies":[{"embeddable":true,"href":"https:\/\/paroquiavilarandorinho.pt\/index.php?rest_route=%2Fwp%2Fv2%2Fcomments&post=6658"}],"version-history":[{"count":4,"href":"https:\/\/paroquiavilarandorinho.pt\/index.php?rest_route=\/wp\/v2\/pages\/6658\/revisions"}],"predecessor-version":[{"id":6663,"href":"https:\/\/paroquiavilarandorinho.pt\/index.php?rest_route=\/wp\/v2\/pages\/6658\/revisions\/6663"}],"wp:attachment":[{"href":"https:\/\/paroquiavilarandorinho.pt\/index.php?rest_route=%2Fwp%2Fv2%2Fmedia&parent=6658"}],"curies":[{"name":"wp","href":"https:\/\/api.w.org\/{rel}","templated":true}]}}