{"id":6672,"date":"2020-07-10T15:34:32","date_gmt":"2020-07-10T15:34:32","guid":{"rendered":"https:\/\/paroquiavilarandorinho.pt\/?page_id=6672"},"modified":"2025-09-15T11:32:20","modified_gmt":"2025-09-15T10:32:20","slug":"paroco_atendimento","status":"publish","type":"page","link":"https:\/\/paroquiavilarandorinho.pt\/?page_id=6672","title":{"rendered":"P\u00e1roco"},"content":{"rendered":"<div class=\"wpb-content-wrapper\"><p>[vc_row content_placement=&#8221;middle&#8221; css=&#8221;.vc_custom_1540304086626{padding-top: 0px !important;}&#8221;][vc_column css=&#8221;.vc_custom_1540304338338{padding-right: 27px !important;padding-left: 27px !important;}&#8221;][vc_row_inner css=&#8221;.vc_custom_1543577196674{margin-bottom: 47px !important;}&#8221;][vc_column_inner][vc_column_text css=&#8221;&#8221;]<\/p>\n<h5><strong>Vasco Alexandre Domingues Soeiro<\/strong><\/h5>\n<p><strong>Hor\u00e1rio de Atendimento: Casa Paroquial\/Matriz<\/strong><\/p>\n<p><strong>Ter\u00e7a e Sexta-feira das 16h \u00e0s 18h30<br \/>\n<\/strong>Atendimento geral e confiss\u00f5es<\/p>\n<p><strong>Telem\u00f3vel: 934\u00a0575 879<\/strong><\/p>\n<p><strong>Email:<\/strong> <a href=\"mailto:secretariaparoquial@paroquiavilarandorinho.pt\">secretariaparoquial@paroquiavilarandorinho.pt<\/a><\/p>\n<p><strong>Morada: Casa Paroquial<br \/>\n<\/strong>Rua Padre Maia, 55<br \/>\n4430-479 VILAR DE ANDORINHO<\/p>\n<p>&nbsp;<\/p>\n<p><strong>Hor\u00e1rio de Atendimento: Centros Celebra\u00e7\u00e3o<\/strong><\/p>\n<p><strong>Quarta-feira<\/strong> \u2013 Balteiro \u2013 Capela da N\u00aa S\u00aa M\u00e3e dos Crist\u00e3os &#8211; 16h00 \u00e0s 18h30<\/p>\n<p><strong>Quinta-feira<\/strong> \u2013 Vila d\u00b4Este \u2013 Igreja Sagrada Fam\u00edlia \u2013 16h00 \u00e0s 18h30.<\/p>\n<p>Atendimento geral e confiss\u00f5es[\/vc_column_text][\/vc_column_inner][\/vc_row_inner][\/vc_column][\/vc_row]<\/p>\n<\/div>","protected":false},"excerpt":{"rendered":"<p>[vc_row content_placement=&#8221;middle&#8221; css=&#8221;.vc_custom_1540304086626{padding-top: 0px !important;}&#8221;][vc_column css=&#8221;.vc_custom_1540304338338{padding-right: 27px !important;padding-left: 27px !important;}&#8221;][vc_row_inner css=&#8221;.vc_custom_1543577196674{margin-bottom: 47px !important;}&#8221;][vc_column_inner][vc_column_text css=&#8221;&#8221;] Vasco Alexandre Domingues Soeiro Hor\u00e1rio de Atendimento: Casa Paroquial\/Matriz Ter\u00e7a e Sexta-feira das 16h \u00e0s 18h30 [&hellip;]<\/p>\n","protected":false},"author":1,"featured_media":0,"parent":0,"menu_order":0,"comment_status":"closed","ping_status":"closed","template":"","meta":{"_acf_changed":false,"rs_blank_template":"","rs_page_bg_color":"","slide_template_v7":"","footnotes":""},"class_list":["post-6672","page","type-page","status-publish","hentry"],"acf":[],"_links":{"self":[{"href":"https:\/\/paroquiavilarandorinho.pt\/index.php?rest_route=\/wp\/v2\/pages\/6672","targetHints":{"allow":["GET"]}}],"collection":[{"href":"https:\/\/paroquiavilarandorinho.pt\/index.php?rest_route=\/wp\/v2\/pages"}],"about":[{"href":"https:\/\/paroquiavilarandorinho.pt\/index.php?rest_route=\/wp\/v2\/types\/page"}],"author":[{"embeddable":true,"href":"https:\/\/paroquiavilarandorinho.pt\/index.php?rest_route=\/wp\/v2\/users\/1"}],"replies":[{"embeddable":true,"href":"https:\/\/paroquiavilarandorinho.pt\/index.php?rest_route=%2Fwp%2Fv2%2Fcomments&post=6672"}],"version-history":[{"count":9,"href":"https:\/\/paroquiavilarandorinho.pt\/index.php?rest_route=\/wp\/v2\/pages\/6672\/revisions"}],"predecessor-version":[{"id":15856,"href":"https:\/\/paroquiavilarandorinho.pt\/index.php?rest_route=\/wp\/v2\/pages\/6672\/revisions\/15856"}],"wp:attachment":[{"href":"https:\/\/paroquiavilarandorinho.pt\/index.php?rest_route=%2Fwp%2Fv2%2Fmedia&parent=6672"}],"curies":[{"name":"wp","href":"https:\/\/api.w.org\/{rel}","templated":true}]}}