{"id":6681,"date":"2020-07-13T10:16:20","date_gmt":"2020-07-13T10:16:20","guid":{"rendered":"https:\/\/paroquiavilarandorinho.pt\/?page_id=6681"},"modified":"2025-06-09T15:17:09","modified_gmt":"2025-06-09T14:17:09","slug":"funcionamento-e-informacoes-uteis","status":"publish","type":"page","link":"https:\/\/paroquiavilarandorinho.pt\/?page_id=6681","title":{"rendered":"Funcionamento e Informa\u00e7\u00f5es \u00dateis"},"content":{"rendered":"<div class=\"wpb-content-wrapper\"><p>[vc_row content_placement=&#8221;middle&#8221; css=&#8221;.vc_custom_1540304086626{padding-top: 0px !important;}&#8221;][vc_column css=&#8221;.vc_custom_1540304338338{padding-right: 27px !important;padding-left: 27px !important;}&#8221;][vc_row_inner css=&#8221;.vc_custom_1543577196674{margin-bottom: 47px !important;}&#8221;][vc_column_inner][vc_column_text css=&#8221;&#8221;]<\/p>\n<p style=\"text-align: justify;\">A Catequese do Divino Salvador de Vilar de Andorinho, tem um programa estabelecido de acordo com Secretariado Nacional da Educa\u00e7\u00e3o Crist\u00e3 para 10 anos.<\/p>\n<p style=\"text-align: justify;\">Os encontros de catequese realizam-se em\u00a0<strong>tr\u00eas centros<\/strong>\u00a0de celebra\u00e7\u00e3o:<br \/>\n<em>\u2013 Matriz: com encontros de catequese ao s\u00e1bado<br \/>\n\u2013 Balteiro: com encontros de catequese ao domingo e s\u00e1bado<br \/>\n\u2013 Vila d\u2019Este: encontros de catequese ao s\u00e1bado.<\/em><\/p>\n<p style=\"text-align: justify;\">Os hor\u00e1rios s\u00e3o estabelecidos de acordo com os diferentes grupos de catequese do 1\u00ba ao 10\u00ba ano.<\/p>\n<p style=\"text-align: justify;\"><strong>As inscri\u00e7\u00f5es para o 1\u00ba ano de catequese 2025-2026<\/strong>\u00a0decorrem de 15 junho a 15 de setembro:<\/p>\n<ol style=\"text-align: justify;\">\n<li>Na Secretaria Paroquial:<\/li>\n<\/ol>\n<p style=\"text-align: justify;\">Ter\u00e7a e quinta-feira: 15h00 \u2013 19h00<\/p>\n<p style=\"text-align: justify;\">S\u00e1bados \u2013 10h00-12h00.<\/p>\n<ol style=\"text-align: justify;\" start=\"2\">\n<li>Na Igreja da Sagrada Fam\u00edlia:<\/li>\n<\/ol>\n<p style=\"text-align: justify;\">Ter\u00e7a a sexta-feira: 15h00 \u2013 18h00.<\/p>\n<p style=\"text-align: justify;\">Para fazer a inscri\u00e7\u00e3o \u00e9 necess\u00e1rio:<br \/>\n<strong><em>\u2013 Cart\u00e3o de cidad\u00e3o(c\u00f3pia)<br \/>\n\u2013 Certid\u00e3o de batismo (se for batizado) (c\u00f3pia)<br \/>\n\u2013 Foto tipo passe (3&#215;4 colorida)<br \/>\n\u2013 20 euros: com direito a catecismo, mochila, ter\u00e7o e len\u00e7o e um exemplar do Jornalzinho da Catequese<\/em><\/strong><\/p>\n<p style=\"text-align: justify;\">Para al\u00e9m do encontro semanal da catequese, \u00e9\u00a0<strong>fundamental a participa\u00e7\u00e3o<\/strong>:<br \/>\n<em>\u2013 Na liturgia dominical, momento forte para celebrar a nossa f\u00e9 em comunidade.<br \/>\n\u2013 Nos Sacramentos e Festas da Catequese<br \/>\n\u2013 Nas reuni\u00f5es de pais<br \/>\n\u2013 Nas atividades organizadas pela catequese (Celebra\u00e7\u00e3o de S. Martinho, Festa de Natal; Celebra\u00e7\u00e3o S. Jos\u00e9 \u2013 Dia do Pai; Via Sacra da Catequese, Celebra\u00e7\u00e3o Dia da M\u00e3e,\u00a0 Dia Paroquial, Peregrina\u00e7\u00e3o Nacional das crian\u00e7as, entre outras..)<br \/>\n\u2013 No jornalzinho da catequese: a nossa publica\u00e7\u00e3o da catequese com sa\u00edda mensal, com o custo de 1 euro, cujo lucro reverte a favor da catequese.<\/em><\/p>\n<p style=\"text-align: justify;\"><strong>\u00a0<\/strong><\/p>\n<p style=\"text-align: justify;\"><strong>Contactos \u00fateis:<\/strong><\/p>\n<p style=\"text-align: justify;\"><strong>Pe. Albino Reis:<\/strong>\u00a091 955 7778<br \/>\n<strong>Di\u00e1cono.<\/strong>\u00a0<strong>Jos\u00e9 Lu\u00eds<\/strong>\u00a091 755 7013<br \/>\n<strong>Secretaria:<\/strong>\u00a022 782 0421<\/p>\n<p style=\"text-align: justify;\"><strong>\u00a0<\/strong><\/p>\n<p style=\"text-align: justify;\"><strong>Catequistas respons\u00e1veis de cada Centro:<\/strong><\/p>\n<p style=\"text-align: justify;\"><strong>Matriz:<\/strong><br \/>\nJos\u00e9 Ant\u00f3nio Almeida: 96 623 0230<br \/>\n<strong>Balteiro:<br \/>\n<\/strong>Paula Fernandes: 91\u00a0614 8477<br \/>\nPilar Moreira: 96 825 1723<\/p>\n<p style=\"text-align: justify;\"><strong>Vila d\u2019Este:<br \/>\n<\/strong>Carla Almeida: 96 277 9037<\/p>\n<p style=\"text-align: justify;\">Ivone Fonseca 91\u00a0694 4080<\/p>\n<p style=\"text-align: justify;\"><strong>Publica\u00e7\u00f5es:<\/strong><\/p>\n<p style=\"text-align: justify;\">\u201cO Jornalzinho da catequese\u201d:\u00a0<a href=\"mailto:jornalzinhodacatequese@gmail.com\">jornalzinhodacatequese@gmail.com<\/a><br \/>\nP\u00e1gina de Facebook da catequese:\u00a0<a href=\"https:\/\/www.facebook.com\/Catequese-da-Par%C3%B3quia-de-Vilar-de-Andorinho-107531670937818\">Catequese da Paroquia de Vilar de Andorinho<\/a><\/p>\n<p style=\"text-align: justify;\"><img loading=\"lazy\" decoding=\"async\" class=\"aligncenter size-full wp-image-15203\" src=\"https:\/\/paroquiavilarandorinho.pt\/wp-content\/uploads\/2025\/06\/matricula.jpg\" alt=\"\" width=\"1241\" height=\"1755\" srcset=\"https:\/\/paroquiavilarandorinho.pt\/wp-content\/uploads\/2025\/06\/matricula.jpg 1241w, https:\/\/paroquiavilarandorinho.pt\/wp-content\/uploads\/2025\/06\/matricula-212x300.jpg 212w, https:\/\/paroquiavilarandorinho.pt\/wp-content\/uploads\/2025\/06\/matricula-724x1024.jpg 724w, https:\/\/paroquiavilarandorinho.pt\/wp-content\/uploads\/2025\/06\/matricula-768x1086.jpg 768w, https:\/\/paroquiavilarandorinho.pt\/wp-content\/uploads\/2025\/06\/matricula-1086x1536.jpg 1086w\" sizes=\"auto, (max-width: 1241px) 100vw, 1241px\" \/><\/p>\n<p>&nbsp;<\/p>\n<p><a href=\"https:\/\/paroquiavilarandorinho.pt\/wp-content\/uploads\/2025\/06\/Catequese-Funcionamento-e-Informacoes-Uteis-2025-2026.pdf\">Catequese-Funcionamento e Informa\u00e7\u00f5es \u00dateis &#8211; 2025 &#8211; 2026<\/a> (PDF)[\/vc_column_text][\/vc_column_inner][\/vc_row_inner][\/vc_column][\/vc_row]<\/p>\n<\/div>","protected":false},"excerpt":{"rendered":"<p>[vc_row content_placement=&#8221;middle&#8221; css=&#8221;.vc_custom_1540304086626{padding-top: 0px !important;}&#8221;][vc_column css=&#8221;.vc_custom_1540304338338{padding-right: 27px !important;padding-left: 27px !important;}&#8221;][vc_row_inner css=&#8221;.vc_custom_1543577196674{margin-bottom: 47px !important;}&#8221;][vc_column_inner][vc_column_text css=&#8221;&#8221;] A Catequese do Divino Salvador de Vilar de Andorinho, tem um programa estabelecido de acordo com [&hellip;]<\/p>\n","protected":false},"author":1,"featured_media":0,"parent":0,"menu_order":0,"comment_status":"closed","ping_status":"closed","template":"","meta":{"_acf_changed":false,"rs_blank_template":"","rs_page_bg_color":"","slide_template_v7":"","footnotes":""},"class_list":["post-6681","page","type-page","status-publish","hentry"],"acf":[],"_links":{"self":[{"href":"https:\/\/paroquiavilarandorinho.pt\/index.php?rest_route=\/wp\/v2\/pages\/6681","targetHints":{"allow":["GET"]}}],"collection":[{"href":"https:\/\/paroquiavilarandorinho.pt\/index.php?rest_route=\/wp\/v2\/pages"}],"about":[{"href":"https:\/\/paroquiavilarandorinho.pt\/index.php?rest_route=\/wp\/v2\/types\/page"}],"author":[{"embeddable":true,"href":"https:\/\/paroquiavilarandorinho.pt\/index.php?rest_route=\/wp\/v2\/users\/1"}],"replies":[{"embeddable":true,"href":"https:\/\/paroquiavilarandorinho.pt\/index.php?rest_route=%2Fwp%2Fv2%2Fcomments&post=6681"}],"version-history":[{"count":23,"href":"https:\/\/paroquiavilarandorinho.pt\/index.php?rest_route=\/wp\/v2\/pages\/6681\/revisions"}],"predecessor-version":[{"id":15242,"href":"https:\/\/paroquiavilarandorinho.pt\/index.php?rest_route=\/wp\/v2\/pages\/6681\/revisions\/15242"}],"wp:attachment":[{"href":"https:\/\/paroquiavilarandorinho.pt\/index.php?rest_route=%2Fwp%2Fv2%2Fmedia&parent=6681"}],"curies":[{"name":"wp","href":"https:\/\/api.w.org\/{rel}","templated":true}]}}