{"id":6689,"date":"2020-07-13T10:23:48","date_gmt":"2020-07-13T10:23:48","guid":{"rendered":"https:\/\/paroquiavilarandorinho.pt\/?page_id=6689"},"modified":"2020-07-16T09:19:10","modified_gmt":"2020-07-16T09:19:10","slug":"apresentacao_catequese","status":"publish","type":"page","link":"https:\/\/paroquiavilarandorinho.pt\/?page_id=6689","title":{"rendered":"Apresenta\u00e7\u00e3o"},"content":{"rendered":"<div class=\"wpb-content-wrapper\"><p>[vc_row content_placement=&#8221;middle&#8221; css=&#8221;.vc_custom_1540304086626{padding-top: 0px !important;}&#8221;][vc_column css=&#8221;.vc_custom_1540304338338{padding-right: 27px !important;padding-left: 27px !important;}&#8221;][vc_row_inner css=&#8221;.vc_custom_1543577196674{margin-bottom: 47px !important;}&#8221;][vc_column_inner][vc_column_text]<em>\u00abIde por todo o mundo, proclamai o Evangelho a toda criatura\u00bb (Mc 16,15)<br \/>\n\u00ab Recebereis uma for\u00e7a, a do Esp\u00edrito Santo que descer\u00e1 sobre v\u00f3s, e sereis minhas testemunhas&#8230; at\u00e9 os confins da terra \u00bb (At 1,8).<\/em><\/p>\n<p>A Igreja existe para evangelizar.<br \/>\nA catequese faz parte da miss\u00e3o evangelizadora da Igreja.<\/p>\n<p>Assim, mais do que um processo de aprendizagem, a catequese pretende que a crian\u00e7a\/ jovem realize um verdadeiro encontro com Jesus, e que desse encontro renas\u00e7a para uma vida nova iluminada pelos Seus ensinamentos e pelos Seus exemplos de vida.<br \/>\nUma verdadeira ades\u00e3o a um projecto de vida diferente, uma ades\u00e3o total a Cristo, o verdadeiro Catequista e Mestre.<\/p>\n<p>Assim s\u00e3o tarefas fundamentais da Catequese:<br \/>\n&#8211;\u00a0Favorecer o conhecimento da f\u00e9<br \/>\n&#8211;\u00a0Educar para liturgia<br \/>\n&#8211; Forma\u00e7\u00e3o moral<br \/>\n&#8211; Ensinar a rezar<br \/>\n&#8211; Educar para a vida comunit\u00e1ria<br \/>\n&#8211; Preparar para a miss\u00e3o<\/p>\n<p>Os pais s\u00e3o os primeiros catequistas dos seus filhos. A igreja atrav\u00e9s dos catequistas ajuda os pais nesta importante miss\u00e3o.<br \/>\nA ambos \u00e9 pedido o exemplo e o testemunho, como o pastor que vai \u00e0 frente do seu rebanho.<\/p>\n<p>No entanto sabemos que apesar de todo o cuidado e esfor\u00e7o, que a Igreja coloque nesta miss\u00e3o, (\u2026) \u201c \u00a0<em>a efic\u00e1cia da catequese \u00e9 e ser\u00e1 sempre um dom de Deus, mediante a obra do Esp\u00edrito do Pai e do Filho. Esta total depend\u00eancia da catequese, da interven\u00e7\u00e3o de Deus, \u00e9 ensinada pelo ap\u00f3stolo Paulo aos Cor\u00edntios, quando lhes recorda:\u00a0\u00ab Eu plantei; Apolo regou; mas era Deus quem fazia crescer. Assim, pois, aquele que planta nada \u00e9; aquele que rega nada \u00e9; mas importa t\u00e3o somente Deus, que d\u00e1 o crescimento\u00bb\u00a0(1 Cor\u00a03,6-7).<\/em>. (<em>Diretorio Geral para a Catequese 1997<\/em><em>)<\/em>[\/vc_column_text][\/vc_column_inner][\/vc_row_inner][\/vc_column][\/vc_row]<\/p>\n<\/div>","protected":false},"excerpt":{"rendered":"<p>[vc_row content_placement=&#8221;middle&#8221; css=&#8221;.vc_custom_1540304086626{padding-top: 0px !important;}&#8221;][vc_column css=&#8221;.vc_custom_1540304338338{padding-right: 27px !important;padding-left: 27px !important;}&#8221;][vc_row_inner css=&#8221;.vc_custom_1543577196674{margin-bottom: 47px !important;}&#8221;][vc_column_inner][vc_column_text]\u00abIde por todo o mundo, proclamai o Evangelho a toda criatura\u00bb (Mc 16,15) \u00ab Recebereis uma for\u00e7a, a [&hellip;]<\/p>\n","protected":false},"author":1,"featured_media":0,"parent":0,"menu_order":0,"comment_status":"closed","ping_status":"closed","template":"","meta":{"_acf_changed":false,"rs_blank_template":"","rs_page_bg_color":"#ffffff","slide_template_v7":"","footnotes":""},"class_list":["post-6689","page","type-page","status-publish","hentry"],"acf":[],"_links":{"self":[{"href":"https:\/\/paroquiavilarandorinho.pt\/index.php?rest_route=\/wp\/v2\/pages\/6689","targetHints":{"allow":["GET"]}}],"collection":[{"href":"https:\/\/paroquiavilarandorinho.pt\/index.php?rest_route=\/wp\/v2\/pages"}],"about":[{"href":"https:\/\/paroquiavilarandorinho.pt\/index.php?rest_route=\/wp\/v2\/types\/page"}],"author":[{"embeddable":true,"href":"https:\/\/paroquiavilarandorinho.pt\/index.php?rest_route=\/wp\/v2\/users\/1"}],"replies":[{"embeddable":true,"href":"https:\/\/paroquiavilarandorinho.pt\/index.php?rest_route=%2Fwp%2Fv2%2Fcomments&post=6689"}],"version-history":[{"count":5,"href":"https:\/\/paroquiavilarandorinho.pt\/index.php?rest_route=\/wp\/v2\/pages\/6689\/revisions"}],"predecessor-version":[{"id":6976,"href":"https:\/\/paroquiavilarandorinho.pt\/index.php?rest_route=\/wp\/v2\/pages\/6689\/revisions\/6976"}],"wp:attachment":[{"href":"https:\/\/paroquiavilarandorinho.pt\/index.php?rest_route=%2Fwp%2Fv2%2Fmedia&parent=6689"}],"curies":[{"name":"wp","href":"https:\/\/api.w.org\/{rel}","templated":true}]}}