{"id":6811,"date":"2020-07-13T15:46:04","date_gmt":"2020-07-13T15:46:04","guid":{"rendered":"https:\/\/paroquiavilarandorinho.pt\/?page_id=6811"},"modified":"2020-07-21T16:59:04","modified_gmt":"2020-07-21T15:59:04","slug":"politica-de-cookies","status":"publish","type":"page","link":"https:\/\/paroquiavilarandorinho.pt\/?page_id=6811","title":{"rendered":"Pol\u00edtica de Cookies"},"content":{"rendered":"<div class=\"wpb-content-wrapper\"><p>[vc_row][vc_column][vc_column_text]<\/p>\n<p style=\"text-align: justify;\">A leitura desta pol\u00edtica \u00e9 importante, pois ao continuar a navegar no nosso website concorda com o uso de cookies no seu browser e dispositivos utilizados, exceto se os tiver desativado.<\/p>\n<p style=\"text-align: justify;\"><strong>O que s\u00e3o cookies<br \/>\n<\/strong>Os cookies s\u00e3o pequenos ficheiros de texto com informa\u00e7\u00e3o relevante que o seu dispositivo de acesso (computador, telem\u00f3vel\/smartphone ou tablet) carrega, atrav\u00e9s do navegador de internet (browser), quando um site \u00e9 visitado pelo utilizador.<br \/>\nSaiba mais sobre cookies em:\u00a0<a href=\"http:\/\/www.allaboutcookies.org\/manage-cookies\/\" target=\"_blank\" rel=\"noopener noreferrer\">AllAboutCookies.org<\/a>.<br \/>\nEstes ficheiros permitem que durante um certo per\u00edodo de tempo o site se \u00ablembre\u00bb das suas a\u00e7\u00f5es e prefer\u00eancias.<br \/>\nOs cookies utilizados n\u00e3o recolhem informa\u00e7\u00e3o que identifica o utilizador, recolhem informa\u00e7\u00f5es gen\u00e9ricas, designadamente a forma como os utilizadores chegam e utilizam os sites ou a zona do pa\u00eds\/pa\u00edses atrav\u00e9s do qual acedem ao site, etc.<br \/>\n\u00c9 por isso que quando percorre as p\u00e1ginas de um site ou regressa a um site que j\u00e1 visitou n\u00e3o tem, em princ\u00edpio, de voltar a indicar as suas prefer\u00eancias ou introduzir repetidamente as mesmas informa\u00e7\u00f5es.<\/p>\n<p style=\"text-align: justify;\"><strong>Que tipo de cookies utilizamos<\/strong><\/p>\n<ul style=\"text-align: justify;\">\n<li><strong><u>Cookies essenciais ou de sess\u00e3o:<\/u><\/strong> Alguns cookies s\u00e3o essenciais para aceder a \u00e1reas espec\u00edficas do nosso site. Estes s\u00e3o necess\u00e1rios para algumas \u00e1reas do site funcionarem, mas n\u00e3o s\u00e3o utilizados de forma alguma para o identificar pessoalmente. Os cookies de sess\u00e3o s\u00e3o tempor\u00e1rios e s\u00e3o automaticamente eliminados uma vez que saia do site. Estes cookies n\u00e3o podem ser desativados, pois s\u00e3o essenciais ao bom funcionamento do site.<\/li>\n<li><strong><u style=\"color: inherit; font-family: inherit; font-size: inherit;\">Cookies de funcionalidade:<\/u><\/strong><span style=\"color: inherit; font-family: inherit; font-size: inherit;\"> Utilizamos estes cookies para nos permitir relembrar as prefer\u00eancias do utilizador. Por exemplo, os cookies evitam digitar o nome do utilizador cada vez que este acede ao site. <\/span>N\u00e3o s\u00e3o necess\u00e1rios para que o site funcione, mas podem melhorar a experi\u00eancia do cliente. N\u00e3o armazenamos quaisquer dados pessoais nestes cookies.<\/li>\n<li><strong><u style=\"color: inherit; font-family: inherit; font-size: inherit;\">Cookies anal\u00edticos \/ desempenho:<\/u><\/strong><span style=\"color: inherit; font-family: inherit; font-size: inherit;\"> Utilizamos estes cookies para analisar a forma como os utilizadores usam o site e monitorizar a performance deste. Por exemplo, <\/span>permitem-nos saber quais as p\u00e1ginas mais populares, qual o m\u00e9todo de liga\u00e7\u00e3o entre p\u00e1ginas que \u00e9 mais eficaz, ou determinar a raz\u00e3o de algumas p\u00e1ginas estarem a receber mensagens de erro. Estes cookies s\u00e3o utilizados apenas para efeitos de cria\u00e7\u00e3o e an\u00e1lise estat\u00edstica, sem nunca recolher informa\u00e7\u00e3o de car\u00e1ter pessoal.<\/li>\n<li><strong><u style=\"color: inherit; font-family: inherit; font-size: inherit;\">Cookies que enviam informa\u00e7\u00e3o para outras empresas:<\/u><\/strong><span style=\"color: inherit; font-family: inherit; font-size: inherit;\"> S\u00e3o cookies configurados no nosso website por uma empresa parceira (ex: Facebook ou anunciantes). Estas empresas podem utilizar os dados recolhidos destes cookies para anonimamente direcionar publicidade <\/span>para si noutro website, tendo em conta a sua visita ao nosso website. Por exemplo, se usar uma ferramenta de uma rede social (ex: \u201cGosto\u201d ou \u201cPartilha\u201d do Facebook) neste website, este cookie ir\u00e1 registar a utiliza\u00e7\u00e3o dessa ferramenta e a rede social (Facebook, neste caso) poder\u00e1 recolher esta informa\u00e7\u00e3o.<\/li>\n<\/ul>\n<p style=\"text-align: justify;\"><b>ATEN\u00c7\u00c3O: Ao desabilitar cookies algumas funcionalidades poder\u00e3o n\u00e3o estar dispon\u00edveis.<\/b><\/p>\n<p style=\"text-align: justify;\"><strong>Como controlar as cookies<br \/>\n<\/strong>O utilizador pode, a qualquer momento e atrav\u00e9s do seu navegador de internet (browser), decidir ser notificado sobre a rece\u00e7\u00e3o de cookies, bem como bloquear a respetiva entrada no seu sistema. Salienta-se, no entanto, que com a recusa de uso de cookies corre o risco de desativar determinados servi\u00e7os e funcionalidades do site.<br \/>\nPara mais informa\u00e7\u00e3o para controlo e\/ou apagar os cookies consultar a ajuda do seu browser ou\u00a0<a href=\"http:\/\/www.allaboutcookies.org\/manage-cookies\/\" target=\"_blank\" rel=\"noopener noreferrer\">AllAboutCookies.org<\/a><\/p>\n<p>[\/vc_column_text][\/vc_column][\/vc_row]<\/p>\n<\/div>","protected":false},"excerpt":{"rendered":"<p>[vc_row][vc_column][vc_column_text] A leitura desta pol\u00edtica \u00e9 importante, pois ao continuar a navegar no nosso website concorda com o uso de cookies no seu browser e dispositivos utilizados, exceto se os [&hellip;]<\/p>\n","protected":false},"author":1,"featured_media":0,"parent":0,"menu_order":0,"comment_status":"closed","ping_status":"closed","template":"","meta":{"_acf_changed":false,"rs_blank_template":"","rs_page_bg_color":"#ffffff","slide_template_v7":"","footnotes":""},"class_list":["post-6811","page","type-page","status-publish","hentry"],"acf":[],"_links":{"self":[{"href":"https:\/\/paroquiavilarandorinho.pt\/index.php?rest_route=\/wp\/v2\/pages\/6811","targetHints":{"allow":["GET"]}}],"collection":[{"href":"https:\/\/paroquiavilarandorinho.pt\/index.php?rest_route=\/wp\/v2\/pages"}],"about":[{"href":"https:\/\/paroquiavilarandorinho.pt\/index.php?rest_route=\/wp\/v2\/types\/page"}],"author":[{"embeddable":true,"href":"https:\/\/paroquiavilarandorinho.pt\/index.php?rest_route=\/wp\/v2\/users\/1"}],"replies":[{"embeddable":true,"href":"https:\/\/paroquiavilarandorinho.pt\/index.php?rest_route=%2Fwp%2Fv2%2Fcomments&post=6811"}],"version-history":[{"count":9,"href":"https:\/\/paroquiavilarandorinho.pt\/index.php?rest_route=\/wp\/v2\/pages\/6811\/revisions"}],"predecessor-version":[{"id":7291,"href":"https:\/\/paroquiavilarandorinho.pt\/index.php?rest_route=\/wp\/v2\/pages\/6811\/revisions\/7291"}],"wp:attachment":[{"href":"https:\/\/paroquiavilarandorinho.pt\/index.php?rest_route=%2Fwp%2Fv2%2Fmedia&parent=6811"}],"curies":[{"name":"wp","href":"https:\/\/api.w.org\/{rel}","templated":true}]}}