{"id":7174,"date":"2020-07-20T11:42:49","date_gmt":"2020-07-20T10:42:49","guid":{"rendered":"https:\/\/paroquiavilarandorinho.pt\/?page_id=7174"},"modified":"2020-07-22T10:02:39","modified_gmt":"2020-07-22T09:02:39","slug":"o-livro-da-semana","status":"publish","type":"page","link":"https:\/\/paroquiavilarandorinho.pt\/?page_id=7174","title":{"rendered":"O livro da semana"},"content":{"rendered":"<div class=\"wpb-content-wrapper\"><p>[vc_row content_placement=&#8221;middle&#8221; css=&#8221;.vc_custom_1595349602542{padding-top: 0px !important;padding-bottom: 50px !important;}&#8221;][vc_column css=&#8221;.vc_custom_1540304338338{padding-right: 27px !important;padding-left: 27px !important;}&#8221;][vc_row_inner css=&#8221;.vc_custom_1543577196674{margin-bottom: 47px !important;}&#8221;][vc_column_inner]                     \r\n                        <div class=\"content-element\">\r\n\r\n                            <div id=\"post-17033\" class=\"single-post\">\r\n\r\n                                \r\n                                <div class=\"content-element3\">\r\n\r\n                                    \r\n                                <\/div><!--\/ .content-element3-->\r\n\r\n                                <div class=\"content-element3\">\r\n\r\n                                    <div class=\"row\">\r\n\r\n\r\n                                        <div class=\"col-md-4 col-sm-12\">\r\n\r\n                                        \r\n\r\n                                                                                            <div class=\"thumbnail-attachment\">\r\n                                                    <img loading=\"lazy\" decoding=\"async\" width=\"452\" height=\"667\" src=\"https:\/\/paroquiavilarandorinho.pt\/wp-content\/uploads\/2026\/05\/imitacao_de_cristo.jpg\" class=\"attachment-full size-full wp-post-image\" alt=\"\" srcset=\"https:\/\/paroquiavilarandorinho.pt\/wp-content\/uploads\/2026\/05\/imitacao_de_cristo.jpg 452w, https:\/\/paroquiavilarandorinho.pt\/wp-content\/uploads\/2026\/05\/imitacao_de_cristo-203x300.jpg 203w\" sizes=\"auto, (max-width: 452px) 100vw, 452px\" \/>                                                <\/div>\r\n                                                                                        \r\n\r\n                                        <\/div>\r\n                                        \r\n                                        \r\n                                        <div class=\"col-md-8 col-sm-12\">\r\n\r\n                                            <div class=\"titulo_livro\">Imita\u00e7\u00e3o de Cristo<\/div> \r\n                                            <div class=\"div_autor\">de <span class=\"autor_livro\">Tom\u00e1s de Kempis<\/span><\/div>\r\n\r\n                                            [vc_tta_tabs]\r\n                                                [vc_tta_section title=\"Sinopse\" tab_id=\"sinopse-17033\"]\r\n                                                [vc_column_text]<p style=\"text-align: justify;\">Depois da B\u00edblia,\u00a0A Imita\u00e7\u00e3o de Cristo\u00a0\u00e9 o livro mais traduzido e difundido da tradi\u00e7\u00e3o crist\u00e3. Escrita por\u00a0Tom\u00e1s de Kempis\u00a0no contexto da\u00a0<em>devotio moderna<\/em>, permanece como uma das mais profundas obras de espiritualidade de todos os tempos.<\/p>\n<p style=\"text-align: justify;\">\u00a0\u00a0\u00a0\u00a0\u00a0\u00a0\u00a0\u00a0 Redigida originalmente em latim, no ambiente mon\u00e1stico dos Irm\u00e3os da Vida Comum, convida o leitor a uma vida interior marcada pela humildade, pela contempla\u00e7\u00e3o e pelo seguimento radical de Cristo.<\/p>\n<p style=\"text-align: justify;\">\u00a0\u00a0\u00a0\u00a0\u00a0\u00a0\u00a0\u00a0 Esta edi\u00e7\u00e3o baseia-se na c\u00e9lebre tradu\u00e7\u00e3o portuguesa de Frei Ant\u00f3nio de P\u00e1dua e Belas, publicada pela primeira vez em 1791, aqui cuidadosamente adaptada \u00e0 linguagem contempor\u00e2nea, preservando a beleza, a densidade e a for\u00e7a espiritual do original.<\/p>\n<p style=\"text-align: justify;\">\u00a0\u00a0\u00a0\u00a0\u00a0\u00a0\u00a0\u00a0 \u00abQuem Me segue n\u00e3o anda nas trevas\u00bb, diz o Senhor.\u00a0<em>A Imita\u00e7\u00e3o de Cristo<\/em>\u00a0\u00e9 um apelo \u00e0 simplicidade do cora\u00e7\u00e3o e \u00e0 grandeza da entrega.<\/p>\n<p style=\"text-align: justify;\">\u00a0\u00a0\u00a0\u00a0\u00a0\u00a0\u00a0\u00a0 Escrita no s\u00e9culo XV, esta obra tornou-se um guia espiritual intemporal, conduzindo a uma vida mais interior, centrada em Cristo, \u00fanica Luz e Verdade. Num tempo de ru\u00eddo e dispers\u00e3o, continua a ser um convite ao sil\u00eancio, \u00e0 humildade e \u00e0 uni\u00e3o com Deus \u2014 mais do que um livro para ler, um livro para meditar e viver.<\/p>\n<p>&nbsp;<\/p>\n<p><a href=\"https:\/\/paroquiavilarandorinho.pt\/wp-content\/uploads\/2026\/05\/Excerto-Imitacao-de-Cristo.pdf\">Excerto Imitacao de Cristo<\/a> (PDF)<\/p>\n[\/vc_column_text]\r\n                                                [\/vc_tta_section]\r\n                                                [vc_tta_section title=\"Ficha T\u00e9cnica\" tab_id=\"fichatecnica-17033\"]\r\n                                                [vc_column_text]<p>Refer\u00eancia: <strong>9789723024197<\/strong><br \/>\nP\u00e1ginas: <strong>272<\/strong><br \/>\nFormato: <strong>12,5&#215;18,5 cm<\/strong><br \/>\nCole\u00e7\u00e3o: <strong>Cl\u00e1ssicos da Espiritualidade<\/strong><br \/>\nEditora: <strong>PAULUS Editora<\/strong><br \/>\nPre\u00e7o: <strong>\u20ac 10,35<\/strong><\/p>\n[\/vc_column_text]\r\n                                                [\/vc_tta_section][\/vc_tta_tabs]\r\n                                                                                                                                        \r\n                                        <\/div> \r\n                                \r\n                                    <\/div>\r\n                                \r\n                                <\/div>\r\n\r\n\r\n                            <\/div><!--\/ .single-post-->\r\n\r\n                            \r\n                        <\/div>\r\n                            \r\n                [\/vc_column_inner][\/vc_row_inner][\/vc_column][\/vc_row]<\/p>\n<\/div>","protected":false},"excerpt":{"rendered":"<p>[vc_row content_placement=&#8221;middle&#8221; css=&#8221;.vc_custom_1595349602542{padding-top: 0px !important;padding-bottom: 50px !important;}&#8221;][vc_column css=&#8221;.vc_custom_1540304338338{padding-right: 27px !important;padding-left: 27px !important;}&#8221;][vc_row_inner css=&#8221;.vc_custom_1543577196674{margin-bottom: 47px !important;}&#8221;][vc_column_inner][\/vc_column_inner][\/vc_row_inner][\/vc_column][\/vc_row]<\/p>\n","protected":false},"author":1,"featured_media":0,"parent":0,"menu_order":0,"comment_status":"closed","ping_status":"closed","template":"","meta":{"_acf_changed":false,"rs_blank_template":"","rs_page_bg_color":"#ffffff","slide_template_v7":"","footnotes":""},"class_list":["post-7174","page","type-page","status-publish","hentry"],"acf":[],"_links":{"self":[{"href":"https:\/\/paroquiavilarandorinho.pt\/index.php?rest_route=\/wp\/v2\/pages\/7174","targetHints":{"allow":["GET"]}}],"collection":[{"href":"https:\/\/paroquiavilarandorinho.pt\/index.php?rest_route=\/wp\/v2\/pages"}],"about":[{"href":"https:\/\/paroquiavilarandorinho.pt\/index.php?rest_route=\/wp\/v2\/types\/page"}],"author":[{"embeddable":true,"href":"https:\/\/paroquiavilarandorinho.pt\/index.php?rest_route=\/wp\/v2\/users\/1"}],"replies":[{"embeddable":true,"href":"https:\/\/paroquiavilarandorinho.pt\/index.php?rest_route=%2Fwp%2Fv2%2Fcomments&post=7174"}],"version-history":[{"count":8,"href":"https:\/\/paroquiavilarandorinho.pt\/index.php?rest_route=\/wp\/v2\/pages\/7174\/revisions"}],"predecessor-version":[{"id":7331,"href":"https:\/\/paroquiavilarandorinho.pt\/index.php?rest_route=\/wp\/v2\/pages\/7174\/revisions\/7331"}],"wp:attachment":[{"href":"https:\/\/paroquiavilarandorinho.pt\/index.php?rest_route=%2Fwp%2Fv2%2Fmedia&parent=7174"}],"curies":[{"name":"wp","href":"https:\/\/api.w.org\/{rel}","templated":true}]}}