{"id":7184,"date":"2020-07-20T15:05:15","date_gmt":"2020-07-20T14:05:15","guid":{"rendered":"https:\/\/paroquiavilarandorinho.pt\/?page_id=7184"},"modified":"2020-11-05T09:48:32","modified_gmt":"2020-11-05T09:48:32","slug":"estante_livros","status":"publish","type":"page","link":"https:\/\/paroquiavilarandorinho.pt\/?page_id=7184","title":{"rendered":"Estante"},"content":{"rendered":"<div class=\"wpb-content-wrapper\"><p>[vc_row content_placement=&#8221;middle&#8221; css=&#8221;.vc_custom_1540304086626{padding-top: 0px !important;}&#8221;][vc_column css=&#8221;.vc_custom_1540304338338{padding-right: 27px !important;padding-left: 27px !important;}&#8221;][vc_row_inner css=&#8221;.vc_custom_1543577196674{margin-bottom: 47px !important;}&#8221;][vc_column_inner]<div class=\"vc_row wpb_row vc_inner vc_row-fluid vc_row-o-equal-height vc_row-flex\"><div class=\"wpb_column vc_column_container vc_col-sm-3\"><div class=\"vc_column-inner\"><div class=\"wpb_wrapper\"><div class=\"wpb_single_image wpb_content_element vc_align_center\"><figure class=\"wpb_wrapper vc_figure\"><a href=\"https:\/\/paroquiavilarandorinho.pt\/?estante=imitacao-de-cristo-2\" class=\"vc_single_image-wrapper vc_box_border_grey link_estante\"><img loading=\"lazy\" decoding=\"async\" width=\"452\" height=\"667\" src=\"https:\/\/paroquiavilarandorinho.pt\/wp-content\/uploads\/2026\/05\/imitacao_de_cristo.jpg\" class=\"vc_single_image-img attachment-full wp-post-image\" alt=\"\" srcset=\"https:\/\/paroquiavilarandorinho.pt\/wp-content\/uploads\/2026\/05\/imitacao_de_cristo.jpg 452w, https:\/\/paroquiavilarandorinho.pt\/wp-content\/uploads\/2026\/05\/imitacao_de_cristo-203x300.jpg 203w\" sizes=\"auto, (max-width: 452px) 100vw, 452px\" \/><p style=\"text-align: center;margin-top: 10px;\" class=\"vc_custom_heading\">Imita\u00e7\u00e3o de Cristo<\/p><\/a><\/figure><\/div><\/div><\/div><\/div><div class=\"wpb_column vc_column_container vc_col-sm-3\"><div class=\"vc_column-inner\"><div class=\"wpb_wrapper\"><div class=\"wpb_single_image wpb_content_element vc_align_center\"><figure class=\"wpb_wrapper vc_figure\"><a href=\"https:\/\/paroquiavilarandorinho.pt\/?estante=em-nome-da-mae\" class=\"vc_single_image-wrapper vc_box_border_grey link_estante\"><img loading=\"lazy\" decoding=\"async\" width=\"452\" height=\"667\" src=\"https:\/\/paroquiavilarandorinho.pt\/wp-content\/uploads\/2026\/04\/em_nome_da_mae.jpg\" class=\"vc_single_image-img attachment-full wp-post-image\" alt=\"\" srcset=\"https:\/\/paroquiavilarandorinho.pt\/wp-content\/uploads\/2026\/04\/em_nome_da_mae.jpg 452w, https:\/\/paroquiavilarandorinho.pt\/wp-content\/uploads\/2026\/04\/em_nome_da_mae-203x300.jpg 203w\" sizes=\"auto, (max-width: 452px) 100vw, 452px\" \/><p style=\"text-align: center;margin-top: 10px;\" class=\"vc_custom_heading\">Em Nome da M\u00e3e<\/p><\/a><\/figure><\/div><\/div><\/div><\/div><div class=\"wpb_column vc_column_container vc_col-sm-3\"><div class=\"vc_column-inner\"><div class=\"wpb_wrapper\"><div class=\"wpb_single_image wpb_content_element vc_align_center\"><figure class=\"wpb_wrapper vc_figure\"><a href=\"https:\/\/paroquiavilarandorinho.pt\/?estante=da-tua-carne-veras-deus-meditacoes-sobre-o-corpo-e-a-ressurreicao\" class=\"vc_single_image-wrapper vc_box_border_grey link_estante\"><img loading=\"lazy\" decoding=\"async\" width=\"453\" height=\"667\" src=\"https:\/\/paroquiavilarandorinho.pt\/wp-content\/uploads\/2026\/04\/carne.jpg\" class=\"vc_single_image-img attachment-full wp-post-image\" alt=\"\" srcset=\"https:\/\/paroquiavilarandorinho.pt\/wp-content\/uploads\/2026\/04\/carne.jpg 453w, https:\/\/paroquiavilarandorinho.pt\/wp-content\/uploads\/2026\/04\/carne-204x300.jpg 204w\" sizes=\"auto, (max-width: 453px) 100vw, 453px\" \/><p style=\"text-align: center;margin-top: 10px;\" class=\"vc_custom_heading\">Da tua carne, ver\u00e1s Deus &#8211; Medita\u00e7\u00f5es sobre o corpo e a ressurrei\u00e7\u00e3o<\/p><\/a><\/figure><\/div><\/div><\/div><\/div><div class=\"wpb_column vc_column_container vc_col-sm-3\"><div class=\"vc_column-inner\"><div class=\"wpb_wrapper\"><div class=\"wpb_single_image wpb_content_element vc_align_center\"><figure class=\"wpb_wrapper vc_figure\"><a href=\"https:\/\/paroquiavilarandorinho.pt\/?estante=a-beira-da-fonte-jesus-e-a-samaritana\" class=\"vc_single_image-wrapper vc_box_border_grey link_estante\"><img loading=\"lazy\" decoding=\"async\" width=\"452\" height=\"667\" src=\"https:\/\/paroquiavilarandorinho.pt\/wp-content\/uploads\/2026\/04\/a_beira_fonte.jpg\" class=\"vc_single_image-img attachment-full wp-post-image\" alt=\"\" srcset=\"https:\/\/paroquiavilarandorinho.pt\/wp-content\/uploads\/2026\/04\/a_beira_fonte.jpg 452w, https:\/\/paroquiavilarandorinho.pt\/wp-content\/uploads\/2026\/04\/a_beira_fonte-203x300.jpg 203w\" sizes=\"auto, (max-width: 452px) 100vw, 452px\" \/><p style=\"text-align: center;margin-top: 10px;\" class=\"vc_custom_heading\">\u00c0 Beira da Fonte &#8211; Jesus e a samaritana<\/p><\/a><\/figure><\/div><\/div><\/div><\/div><div class=\"wpb_column vc_column_container vc_col-sm-3\"><div class=\"vc_column-inner\"><div class=\"wpb_wrapper\"><div class=\"wpb_single_image wpb_content_element vc_align_center\"><figure class=\"wpb_wrapper vc_figure\"><a href=\"https:\/\/paroquiavilarandorinho.pt\/?estante=a-vida-eterna\" class=\"vc_single_image-wrapper vc_box_border_grey link_estante\"><img loading=\"lazy\" decoding=\"async\" width=\"452\" height=\"667\" src=\"https:\/\/paroquiavilarandorinho.pt\/wp-content\/uploads\/2026\/04\/a_vida_eterna.jpg\" class=\"vc_single_image-img attachment-full wp-post-image\" alt=\"\" srcset=\"https:\/\/paroquiavilarandorinho.pt\/wp-content\/uploads\/2026\/04\/a_vida_eterna.jpg 452w, https:\/\/paroquiavilarandorinho.pt\/wp-content\/uploads\/2026\/04\/a_vida_eterna-203x300.jpg 203w\" sizes=\"auto, (max-width: 452px) 100vw, 452px\" \/><p style=\"text-align: center;margin-top: 10px;\" class=\"vc_custom_heading\">A Vida Eterna<\/p><\/a><\/figure><\/div><\/div><\/div><\/div><div class=\"wpb_column vc_column_container vc_col-sm-3\"><div class=\"vc_column-inner\"><div class=\"wpb_wrapper\"><div class=\"wpb_single_image wpb_content_element vc_align_center\"><figure class=\"wpb_wrapper vc_figure\"><a href=\"https:\/\/paroquiavilarandorinho.pt\/?estante=com-maria-aos-pes-da-cruz\" class=\"vc_single_image-wrapper vc_box_border_grey link_estante\"><img loading=\"lazy\" decoding=\"async\" width=\"452\" height=\"667\" src=\"https:\/\/paroquiavilarandorinho.pt\/wp-content\/uploads\/2026\/03\/com_maria_aos_pes_da_cruz.jpg\" class=\"vc_single_image-img attachment-full wp-post-image\" alt=\"\" srcset=\"https:\/\/paroquiavilarandorinho.pt\/wp-content\/uploads\/2026\/03\/com_maria_aos_pes_da_cruz.jpg 452w, https:\/\/paroquiavilarandorinho.pt\/wp-content\/uploads\/2026\/03\/com_maria_aos_pes_da_cruz-203x300.jpg 203w\" sizes=\"auto, (max-width: 452px) 100vw, 452px\" \/><p style=\"text-align: center;margin-top: 10px;\" class=\"vc_custom_heading\">Com Maria aos p\u00e9s da Cruz<\/p><\/a><\/figure><\/div><\/div><\/div><\/div><div class=\"wpb_column vc_column_container vc_col-sm-3\"><div class=\"vc_column-inner\"><div class=\"wpb_wrapper\"><div class=\"wpb_single_image wpb_content_element vc_align_center\"><figure class=\"wpb_wrapper vc_figure\"><a href=\"https:\/\/paroquiavilarandorinho.pt\/?estante=a-paixao-em-contemplacoes-de-papel\" class=\"vc_single_image-wrapper vc_box_border_grey link_estante\"><img loading=\"lazy\" decoding=\"async\" width=\"452\" height=\"667\" src=\"https:\/\/paroquiavilarandorinho.pt\/wp-content\/uploads\/2026\/03\/a_paixao.jpg\" class=\"vc_single_image-img attachment-full wp-post-image\" alt=\"\" srcset=\"https:\/\/paroquiavilarandorinho.pt\/wp-content\/uploads\/2026\/03\/a_paixao.jpg 452w, https:\/\/paroquiavilarandorinho.pt\/wp-content\/uploads\/2026\/03\/a_paixao-203x300.jpg 203w\" sizes=\"auto, (max-width: 452px) 100vw, 452px\" \/><p style=\"text-align: center;margin-top: 10px;\" class=\"vc_custom_heading\">A Paix\u00e3o em Contempla\u00e7\u00f5es de Papel<\/p><\/a><\/figure><\/div><\/div><\/div><\/div><div class=\"wpb_column vc_column_container vc_col-sm-3\"><div class=\"vc_column-inner\"><div class=\"wpb_wrapper\"><div class=\"wpb_single_image wpb_content_element vc_align_center\"><figure class=\"wpb_wrapper vc_figure\"><a href=\"https:\/\/paroquiavilarandorinho.pt\/?estante=a-estrela-e-o-espelho\" class=\"vc_single_image-wrapper vc_box_border_grey link_estante\"><img loading=\"lazy\" decoding=\"async\" width=\"452\" height=\"667\" src=\"https:\/\/paroquiavilarandorinho.pt\/wp-content\/uploads\/2026\/03\/a_estrela_e_o_espelho.jpg\" class=\"vc_single_image-img attachment-full wp-post-image\" alt=\"\" srcset=\"https:\/\/paroquiavilarandorinho.pt\/wp-content\/uploads\/2026\/03\/a_estrela_e_o_espelho.jpg 452w, https:\/\/paroquiavilarandorinho.pt\/wp-content\/uploads\/2026\/03\/a_estrela_e_o_espelho-203x300.jpg 203w\" sizes=\"auto, (max-width: 452px) 100vw, 452px\" \/><p style=\"text-align: center;margin-top: 10px;\" class=\"vc_custom_heading\">A estrela e o espelho<\/p><\/a><\/figure><\/div><\/div><\/div><\/div><div class=\"wpb_column vc_column_container vc_col-sm-3\"><div class=\"vc_column-inner\"><div class=\"wpb_wrapper\"><div class=\"wpb_single_image wpb_content_element vc_align_center\"><figure class=\"wpb_wrapper vc_figure\"><a href=\"https:\/\/paroquiavilarandorinho.pt\/?estante=manual-de-discernimento\" class=\"vc_single_image-wrapper vc_box_border_grey link_estante\"><img loading=\"lazy\" decoding=\"async\" width=\"452\" height=\"667\" src=\"https:\/\/paroquiavilarandorinho.pt\/wp-content\/uploads\/2026\/03\/manual_discernimento.jpg\" class=\"vc_single_image-img attachment-full wp-post-image\" alt=\"\" srcset=\"https:\/\/paroquiavilarandorinho.pt\/wp-content\/uploads\/2026\/03\/manual_discernimento.jpg 452w, https:\/\/paroquiavilarandorinho.pt\/wp-content\/uploads\/2026\/03\/manual_discernimento-203x300.jpg 203w\" sizes=\"auto, (max-width: 452px) 100vw, 452px\" \/><p style=\"text-align: center;margin-top: 10px;\" class=\"vc_custom_heading\">Manual de Discernimento<\/p><\/a><\/figure><\/div><\/div><\/div><\/div><div class=\"wpb_column vc_column_container vc_col-sm-3\"><div class=\"vc_column-inner\"><div class=\"wpb_wrapper\"><div class=\"wpb_single_image wpb_content_element vc_align_center\"><figure class=\"wpb_wrapper vc_figure\"><a href=\"https:\/\/paroquiavilarandorinho.pt\/?estante=dicionario-do-papa-francisco-as-palavras-chave-de-um-pontificado\" class=\"vc_single_image-wrapper vc_box_border_grey link_estante\"><img loading=\"lazy\" decoding=\"async\" width=\"452\" height=\"667\" src=\"https:\/\/paroquiavilarandorinho.pt\/wp-content\/uploads\/2026\/03\/dicionario_papa_francisco.jpg\" class=\"vc_single_image-img attachment-full wp-post-image\" alt=\"\" srcset=\"https:\/\/paroquiavilarandorinho.pt\/wp-content\/uploads\/2026\/03\/dicionario_papa_francisco.jpg 452w, https:\/\/paroquiavilarandorinho.pt\/wp-content\/uploads\/2026\/03\/dicionario_papa_francisco-203x300.jpg 203w\" sizes=\"auto, (max-width: 452px) 100vw, 452px\" \/><p style=\"text-align: center;margin-top: 10px;\" class=\"vc_custom_heading\">Dicion\u00e1rio do Papa Francisco:  As Palavras-chave de um Pontificado<\/p><\/a><\/figure><\/div><\/div><\/div><\/div><div class=\"wpb_column vc_column_container vc_col-sm-3\"><div class=\"vc_column-inner\"><div class=\"wpb_wrapper\"><div class=\"wpb_single_image wpb_content_element vc_align_center\"><figure class=\"wpb_wrapper vc_figure\"><a href=\"https:\/\/paroquiavilarandorinho.pt\/?estante=o-caminho-santo-do-calvario-via-sacra\" class=\"vc_single_image-wrapper vc_box_border_grey link_estante\"><img loading=\"lazy\" decoding=\"async\" width=\"452\" height=\"667\" src=\"https:\/\/paroquiavilarandorinho.pt\/wp-content\/uploads\/2026\/02\/o_caminho_santo_do_calvario.jpg\" class=\"vc_single_image-img attachment-full wp-post-image\" alt=\"\" srcset=\"https:\/\/paroquiavilarandorinho.pt\/wp-content\/uploads\/2026\/02\/o_caminho_santo_do_calvario.jpg 452w, https:\/\/paroquiavilarandorinho.pt\/wp-content\/uploads\/2026\/02\/o_caminho_santo_do_calvario-203x300.jpg 203w\" sizes=\"auto, (max-width: 452px) 100vw, 452px\" \/><p style=\"text-align: center;margin-top: 10px;\" class=\"vc_custom_heading\">O Caminho Santo do Calv\u00e1rio &#8211; Via-Sacra<\/p><\/a><\/figure><\/div><\/div><\/div><\/div><div class=\"wpb_column vc_column_container vc_col-sm-3\"><div class=\"vc_column-inner\"><div class=\"wpb_wrapper\"><div class=\"wpb_single_image wpb_content_element vc_align_center\"><figure class=\"wpb_wrapper vc_figure\"><a href=\"https:\/\/paroquiavilarandorinho.pt\/?estante=a-promessa-das-cinzas\" class=\"vc_single_image-wrapper vc_box_border_grey link_estante\"><img loading=\"lazy\" decoding=\"async\" width=\"452\" height=\"667\" src=\"https:\/\/paroquiavilarandorinho.pt\/wp-content\/uploads\/2026\/02\/a_promessa_das_cinzas.jpg\" class=\"vc_single_image-img attachment-full wp-post-image\" alt=\"\" srcset=\"https:\/\/paroquiavilarandorinho.pt\/wp-content\/uploads\/2026\/02\/a_promessa_das_cinzas.jpg 452w, https:\/\/paroquiavilarandorinho.pt\/wp-content\/uploads\/2026\/02\/a_promessa_das_cinzas-203x300.jpg 203w\" sizes=\"auto, (max-width: 452px) 100vw, 452px\" \/><p style=\"text-align: center;margin-top: 10px;\" class=\"vc_custom_heading\">A Promessa das Cinzas<\/p><\/a><\/figure><\/div><\/div><\/div><\/div><\/div>\r\n\t\t\t<!-- - - - - - - - - - - - - - Pagination - - - - - - - - - - - - - - - - -->\r\n\r\n\t\t\t<div class=\"page-nav justify-content-center\">\r\n\r\n\t\t\t\t<ul class=\"pagination\">\r\n\r\n\t\t\t\t\t\r\n\t\t\t\t\t\t\t\t\t\t\t\t\t\t\t\t\t\t\t\t\t\t\t\t\t<li class=\"active\"><a class=\"page-numbers\" href='https:\/\/paroquiavilarandorinho.pt\/index.php?rest_route=%2Fwp%2Fv2%2Fpages%2F7184'>1<\/a><\/li>\r\n\t\t\t\t\t\t\t\t\t\t\t\t\t\t\t\t\t\t\t\t\t\t\t\t\t\t\t\t\t\t\t<li class=\"\"><a class=\"page-numbers\" href='https:\/\/paroquiavilarandorinho.pt\/index.php?rest_route=%2Fwp%2Fv2%2Fpages%2F7184&#038;paged=2'>2<\/a><\/li>\r\n\t\t\t\t\t\t\t\t\t\t\t\t\t\t\t\t\t\t\t\t\t\t\t\t\t\t\t\t\t\t\t<li class=\"\"><a class=\"page-numbers\" href='https:\/\/paroquiavilarandorinho.pt\/index.php?rest_route=%2Fwp%2Fv2%2Fpages%2F7184&#038;paged=3'>3<\/a><\/li>\r\n\t\t\t\t\t\t\t\t\t\t\t\t\t\t\t\t\t\t\t\t\t\t\t\t\t\t\t\t\t\t\t<li class=\"\"><a class=\"page-numbers\" href='https:\/\/paroquiavilarandorinho.pt\/index.php?rest_route=%2Fwp%2Fv2%2Fpages%2F7184&#038;paged=4'>4<\/a><\/li>\r\n\t\t\t\t\t\t\t\t\t\t\t\t\t\t\t\t\t\t\t\t\t\t\t\t\t\t\t\t\t\t\t<li class=\"\"><a class=\"page-numbers\" href='https:\/\/paroquiavilarandorinho.pt\/index.php?rest_route=%2Fwp%2Fv2%2Fpages%2F7184&#038;paged=5'>5<\/a><\/li>\r\n\t\t\t\t\t\t\t\t\t\t\t\t\t\t\t\t\t\t\t\t\t\t\t\t\t\t\t\t\t\t\t<li class=\"\"><a class=\"page-numbers\" href='https:\/\/paroquiavilarandorinho.pt\/index.php?rest_route=%2Fwp%2Fv2%2Fpages%2F7184&#038;paged=6'>6<\/a><\/li>\r\n\t\t\t\t\t\t\t\t\t\t\t\t\t\t\t\t\t\t\t\t\t\t\t\t\t\t\t\t\t\t\t<li class=\"\"><a class=\"page-numbers\" href='https:\/\/paroquiavilarandorinho.pt\/index.php?rest_route=%2Fwp%2Fv2%2Fpages%2F7184&#038;paged=7'>7<\/a><\/li>\r\n\t\t\t\t\t\t\t\t\t\t\t\t\t\t\t\t\t\t\t\t\t\t\t\t\t\t\t\t\t\t\t<li class=\"\"><a class=\"page-numbers\" href='https:\/\/paroquiavilarandorinho.pt\/index.php?rest_route=%2Fwp%2Fv2%2Fpages%2F7184&#038;paged=8'>8<\/a><\/li>\r\n\t\t\t\t\t\t\t\t\t\t\t\t\t\t\t\t\t\t\t\t\t\t\t\t\t\t\t\t\t\t\t<li class=\"\"><a class=\"page-numbers\" href='https:\/\/paroquiavilarandorinho.pt\/index.php?rest_route=%2Fwp%2Fv2%2Fpages%2F7184&#038;paged=9'>9<\/a><\/li>\r\n\t\t\t\t\t\t\t\t\t\t\t\t\t\t\t\t\t\t\t\t\t\t\t\t\t\t\t\t\t\t\t<li class=\"\"><a class=\"page-numbers\" href='https:\/\/paroquiavilarandorinho.pt\/index.php?rest_route=%2Fwp%2Fv2%2Fpages%2F7184&#038;paged=10'>10<\/a><\/li>\r\n\t\t\t\t\t\t\t\t\t\t\t\t\t\t\t\t\t\t\t\t\t\t\t\t\t\t\t\t\t\t\t<li class=\"\"><a class=\"page-numbers\" href='https:\/\/paroquiavilarandorinho.pt\/index.php?rest_route=%2Fwp%2Fv2%2Fpages%2F7184&#038;paged=11'>11<\/a><\/li>\r\n\t\t\t\t\t\t\t\t\t\t\t\t\t\t\t\t\t\t\t\t\t\t\t\t\t\t\t\t\t\t\t\t\t\t\t\t\t\t\t\t\t\t\t\t\t\t\t\t\t\t\t\t\t\t\t\t\t\t\t\t\t\t\t\t\t\t\t\t\t\t\t\t\t\t\t\t\t\t\t\t\t\t\t\t\t\t\t\t\t\t\t\t\t\t\t\t\t\t\t\t\t\t\t\t\t\t\t\t\t\t\t\t\t\t\t\t\t\t\t\t\t\t\t\t\t\t\t\t\t\t\t\t\t\t\t\t\t\t\t\t\t\t\t\t\t\t\t\t\t\t\t\t\t\t\t\t\t\t\t\t\t\t\t\t\t\t\t\t\t\t\t\t\t\t\t\t\t\t\t\t\t\t\t\t\t\t\t\r\n\t\t\t\t\t\t\t\t\t\t\t<li><a class='next-page' href='https:\/\/paroquiavilarandorinho.pt\/index.php?rest_route=%2Fwp%2Fv2%2Fpages%2F7184&#038;paged=2'><span>Next<\/span><\/a><\/li>\r\n\t\t\t\t\t\r\n\t\t\t\t<\/ul>\r\n\r\n\t\t\t<\/div>\r\n\r\n\t\t\t<!-- - - - - - - - - - - - - - End of Pagination - - - - - - - - - - - - - - - - -->\r\n\r\n\t\t\t[\/vc_column_inner][\/vc_row_inner][\/vc_column][\/vc_row]<\/p>\n<\/div>","protected":false},"excerpt":{"rendered":"<p>[vc_row content_placement=&#8221;middle&#8221; css=&#8221;.vc_custom_1540304086626{padding-top: 0px !important;}&#8221;][vc_column css=&#8221;.vc_custom_1540304338338{padding-right: 27px !important;padding-left: 27px !important;}&#8221;][vc_row_inner css=&#8221;.vc_custom_1543577196674{margin-bottom: 47px !important;}&#8221;][vc_column_inner][\/vc_column_inner][\/vc_row_inner][\/vc_column][\/vc_row]<\/p>\n","protected":false},"author":1,"featured_media":0,"parent":0,"menu_order":0,"comment_status":"closed","ping_status":"closed","template":"","meta":{"_acf_changed":false,"rs_blank_template":"","rs_page_bg_color":"","slide_template_v7":"","footnotes":""},"class_list":["post-7184","page","type-page","status-publish","hentry"],"acf":[],"_links":{"self":[{"href":"https:\/\/paroquiavilarandorinho.pt\/index.php?rest_route=\/wp\/v2\/pages\/7184","targetHints":{"allow":["GET"]}}],"collection":[{"href":"https:\/\/paroquiavilarandorinho.pt\/index.php?rest_route=\/wp\/v2\/pages"}],"about":[{"href":"https:\/\/paroquiavilarandorinho.pt\/index.php?rest_route=\/wp\/v2\/types\/page"}],"author":[{"embeddable":true,"href":"https:\/\/paroquiavilarandorinho.pt\/index.php?rest_route=\/wp\/v2\/users\/1"}],"replies":[{"embeddable":true,"href":"https:\/\/paroquiavilarandorinho.pt\/index.php?rest_route=%2Fwp%2Fv2%2Fcomments&post=7184"}],"version-history":[{"count":9,"href":"https:\/\/paroquiavilarandorinho.pt\/index.php?rest_route=\/wp\/v2\/pages\/7184\/revisions"}],"predecessor-version":[{"id":7204,"href":"https:\/\/paroquiavilarandorinho.pt\/index.php?rest_route=\/wp\/v2\/pages\/7184\/revisions\/7204"}],"wp:attachment":[{"href":"https:\/\/paroquiavilarandorinho.pt\/index.php?rest_route=%2Fwp%2Fv2%2Fmedia&parent=7184"}],"curies":[{"name":"wp","href":"https:\/\/api.w.org\/{rel}","templated":true}]}}