{"id":7246,"date":"2020-07-21T11:34:38","date_gmt":"2020-07-21T10:34:38","guid":{"rendered":"https:\/\/paroquiavilarandorinho.pt\/?page_id=7246"},"modified":"2025-09-15T15:17:56","modified_gmt":"2025-09-15T14:17:56","slug":"funcionamento-e-informacoes-uteis-2","status":"publish","type":"page","link":"https:\/\/paroquiavilarandorinho.pt\/?page_id=7246","title":{"rendered":"Funcionamento e informa\u00e7\u00f5es \u00fateis"},"content":{"rendered":"<div class=\"wpb-content-wrapper\"><p>[vc_row content_placement=&#8221;middle&#8221; css=&#8221;.vc_custom_1540304086626{padding-top: 0px !important;}&#8221;][vc_column css=&#8221;.vc_custom_1540304338338{padding-right: 27px !important;padding-left: 27px !important;}&#8221;][vc_row_inner css=&#8221;.vc_custom_1543577196674{margin-bottom: 47px !important;}&#8221;][vc_column_inner][vc_column_text css=&#8221;&#8221;]<\/p>\n<p style=\"text-align: justify;\"><strong><u>Funcionamento e informa\u00e7\u00f5es \u00fateis<\/u><\/strong><\/p>\n<p style=\"text-align: justify;\"><strong><u>Ano Pastoral 2023-2024<\/u><\/strong><\/p>\n<p style=\"text-align: justify;\">O Minist\u00e9rio dos Leitores na par\u00f3quia do Divino Salvador de Vilar de Andorinho est\u00e1 atribu\u00eddo a crist\u00e3os leigos que, a convite do p\u00e1roco, constituem um conjunto de colaboradores para o servi\u00e7o de proclamadores da Palavra, nas celebra\u00e7\u00f5es da Palavra, nos diversos centros de celebra\u00e7\u00e3o eclesial. Tal n\u00e3o quer significar que haja leitores exclusivos por Centro de Celebra\u00e7\u00e3o. Qualquer leitor \u00e9 leitor da Par\u00f3quia. Apenas 1 leitor foi institu\u00eddo com o minist\u00e9rio de leitor. Esperamos sejam mais e breve e faz-se forma\u00e7\u00e3o, neste ano pastoral, nesse sentido<\/p>\n<p style=\"text-align: justify;\">H\u00e1 3 equipas que s\u00e3o escaladas em fun\u00e7\u00e3o da resid\u00eancia e proximidade dos centros de celebra\u00e7\u00e3o eclesial (vulgo centros de celebra\u00e7\u00e3o) sob a coordena\u00e7\u00e3o geral da Maria do C\u00e9u Pacheco Castro Oliveira.<\/p>\n<p style=\"text-align: justify;\">Equipa da Matriz;<\/p>\n<p style=\"text-align: justify;\">Equipa da Igreja da Sagrada Fam\u00edlia (Vila d\u2019Este);<\/p>\n<p style=\"text-align: justify;\">Equipa da Capela de Nossa Senhora M\u00e3e dos Crist\u00e3os (Balteiro);<\/p>\n<p style=\"text-align: justify;\">Ser leitor, implica v\u00e1rias val\u00eancias sem que isso colida com a miss\u00e3o de servi\u00e7o que sempre deve estar presente, tais como:<\/p>\n<p style=\"text-align: justify;\"><em>\u2013 Disponibilidade;<br \/>\n\u2013 Humildade;<br \/>\n\u2013 Voz \u2013 timbre, velocidade de leitura, postura no amb\u00e3o;<br \/>\n\u2013 Conhecimento do que se vai ler e que deve ser preparado;<br \/>\n\u2013 Conhecimento do conte\u00fado evang\u00e9lico do que se vai ler;<br \/>\n\u2013 Etc\u2026.<\/em><\/p>\n<p style=\"text-align: justify;\">Para realizar este objetivo, est\u00e3o a funcionar desde 2016, sess\u00f5es regulares de forma\u00e7\u00e3o (cultural, evang\u00e9lica e t\u00e9cnica) procurando melhorar e atualizar o\/a:<\/p>\n<p style=\"text-align: justify;\"><em>\u2013 Enquadramento da mensagem e do quadro hist\u00f3rico\/narrativo das diversas leituras;<\/em><\/p>\n<p style=\"text-align: justify;\"><em>\u2013 Trabalho sobre dificuldades de palavras, express\u00f5es e discurso;<br \/>\n\u2013 Leitura em voz alta dos leitores convocados e presentes.<\/em><\/p>\n<p style=\"text-align: justify;\"><em>\u00a0<\/em>Entretanto, e, desde h\u00e1 muito tempo:<\/p>\n<ol style=\"text-align: justify;\">\n<li>Os leitores escalados para cada fim de semana, s\u00e3o alertados por SMS do servi\u00e7o escalado;<\/li>\n<li>Est\u00e3o dispon\u00edveis na <a href=\"https:\/\/paroquiavilarandorinho.pt\/?page_id=6933\">liturgia da palavra<\/a> as leituras atribu\u00eddas a cada leitor e desde a 2\u00aa feira anterior ao Domingo da Escala de Servi\u00e7o:;<\/li>\n<\/ol>\n<p style=\"text-align: justify;\"><strong>Contactos \u00fateis:<\/strong><\/p>\n<p style=\"text-align: justify;\"><strong><br \/>\nP<sup>e<\/sup> Albino Reis:<\/strong>\u00a0919\u00a0557\u00a0788 e<\/p>\n<p style=\"text-align: justify;\">Email:\u00a0<a href=\"mailto:albinoreis@gmail.com\">albinoreis@gmail.com<\/a>\u00a0e\u00a0<a href=\"mailto:albinoreis@paroquiavilarandorinho.pt\">albinoreis@paroquiavilarandorinho.pt<\/a><\/p>\n<p style=\"text-align: justify;\"><strong>Secretaria:<\/strong>227\u00a0820\u00a0421<br \/>\nEmail:\u00a0<a href=\"mailto:secretariaparoquial@paroquiavilarandorinho.pt\">secretariaparoquial@paroquiavilarandorinho.pt<\/a><\/p>\n<p>&nbsp;<\/p>\n<p style=\"text-align: justify;\"><strong>Coordenadores por centro de celebra\u00e7\u00e3o eclesial (vulgo centros de culto):<\/strong><\/p>\n<p style=\"text-align: justify;\"><strong>Coordenadora geral: Maria do C\u00e9u Castro<\/strong><\/p>\n<p style=\"text-align: justify;\">Telem\u00f3vel 966\u00a0548496<\/p>\n<p style=\"text-align: justify;\">Email: <a href=\"mailto:ceucastro@gmail.com\">ceucastro@gmail.com<\/a><\/p>\n<p>&nbsp;<\/p>\n<p style=\"text-align: justify;\"><strong>Matriz:<\/strong><br \/>\nAvelino Matos Gon\u00e7alves<\/p>\n<p style=\"text-align: justify;\">Telem\u00f3vel 933\u00a0826 899<\/p>\n<p style=\"text-align: justify;\">email:\u00a0<a href=\"mailto:avelinomatosgon\u00e7alves@gmail.com\">avelinomatosgon\u00e7alves@gmail.com<\/a><\/p>\n<p style=\"text-align: justify;\"><strong><br \/>\nBalteiro:<br \/>\n<\/strong>Maria Pilar Moreira<\/p>\n<p style=\"text-align: justify;\">Telem\u00f3vel 968\u00a0251\u00a0723<\/p>\n<p style=\"text-align: justify;\">Email:\u00a0<a href=\"mailto:pmoreira@med.up.pt\">pmoreira@med.up.pt<\/a><\/p>\n<p style=\"text-align: justify;\"><strong><br \/>\nVila d\u2019Este:<\/strong><\/p>\n<p style=\"text-align: justify;\">Sebasti\u00e3o Pimentel<\/p>\n<p style=\"text-align: justify;\">Telem\u00f3vel 919\u00a0659\u00a0453<\/p>\n<p style=\"text-align: justify;\">Email:\u00a0<a href=\"mailto:sebastiaogpimentel@hotmail.com\">sebastiaogpimentel@hotmail.com<\/a><\/p>\n<p>[\/vc_column_text][\/vc_column_inner][\/vc_row_inner][\/vc_column][\/vc_row]<\/p>\n<\/div>","protected":false},"excerpt":{"rendered":"<p>[vc_row content_placement=&#8221;middle&#8221; css=&#8221;.vc_custom_1540304086626{padding-top: 0px !important;}&#8221;][vc_column css=&#8221;.vc_custom_1540304338338{padding-right: 27px !important;padding-left: 27px !important;}&#8221;][vc_row_inner css=&#8221;.vc_custom_1543577196674{margin-bottom: 47px !important;}&#8221;][vc_column_inner][vc_column_text css=&#8221;&#8221;] Funcionamento e informa\u00e7\u00f5es \u00fateis Ano Pastoral 2023-2024 O Minist\u00e9rio dos Leitores na par\u00f3quia do Divino Salvador [&hellip;]<\/p>\n","protected":false},"author":1,"featured_media":0,"parent":0,"menu_order":0,"comment_status":"closed","ping_status":"closed","template":"","meta":{"_acf_changed":false,"rs_blank_template":"","rs_page_bg_color":"","slide_template_v7":"","footnotes":""},"class_list":["post-7246","page","type-page","status-publish","hentry"],"acf":[],"_links":{"self":[{"href":"https:\/\/paroquiavilarandorinho.pt\/index.php?rest_route=\/wp\/v2\/pages\/7246","targetHints":{"allow":["GET"]}}],"collection":[{"href":"https:\/\/paroquiavilarandorinho.pt\/index.php?rest_route=\/wp\/v2\/pages"}],"about":[{"href":"https:\/\/paroquiavilarandorinho.pt\/index.php?rest_route=\/wp\/v2\/types\/page"}],"author":[{"embeddable":true,"href":"https:\/\/paroquiavilarandorinho.pt\/index.php?rest_route=\/wp\/v2\/users\/1"}],"replies":[{"embeddable":true,"href":"https:\/\/paroquiavilarandorinho.pt\/index.php?rest_route=%2Fwp%2Fv2%2Fcomments&post=7246"}],"version-history":[{"count":13,"href":"https:\/\/paroquiavilarandorinho.pt\/index.php?rest_route=\/wp\/v2\/pages\/7246\/revisions"}],"predecessor-version":[{"id":15894,"href":"https:\/\/paroquiavilarandorinho.pt\/index.php?rest_route=\/wp\/v2\/pages\/7246\/revisions\/15894"}],"wp:attachment":[{"href":"https:\/\/paroquiavilarandorinho.pt\/index.php?rest_route=%2Fwp%2Fv2%2Fmedia&parent=7246"}],"curies":[{"name":"wp","href":"https:\/\/api.w.org\/{rel}","templated":true}]}}