{"id":7332,"date":"2020-07-22T10:39:40","date_gmt":"2020-07-22T09:39:40","guid":{"rendered":"https:\/\/paroquiavilarandorinho.pt\/?page_id=7332"},"modified":"2020-07-22T11:15:41","modified_gmt":"2020-07-22T10:15:41","slug":"pastoral-da-saude","status":"publish","type":"page","link":"https:\/\/paroquiavilarandorinho.pt\/?page_id=7332","title":{"rendered":"Pastoral da Sa\u00fade"},"content":{"rendered":"<div class=\"wpb-content-wrapper\"><p>[vc_row content_placement=&#8221;middle&#8221; css=&#8221;.vc_custom_1540304086626{padding-top: 0px !important;}&#8221;][vc_column css=&#8221;.vc_custom_1540304338338{padding-right: 27px !important;padding-left: 27px !important;}&#8221;][vc_row_inner css=&#8221;.vc_custom_1543577196674{margin-bottom: 47px !important;}&#8221;][vc_column_inner][vc_column_text]<\/p>\n<h4 style=\"text-align: justify;\">\u201cEstava doente e visitaste-me\u2026\u201d (Mateus 25, 36)<\/h4>\n<p style=\"text-align: justify;\">O Papa Jo\u00e3o Paulo II, quis oferecer ao mundo um documento not\u00e1vel sobre o sofrimento humano, na sequ\u00eancia da sua doen\u00e7a motivada pela tentativa de assass\u00ednio de que foi v\u00edtima, a 13 de Maio de 1980. Escreveu a Enc\u00edclica <em>Salvifici Doloris<\/em>, assinada a 11 de Fevereiro de 1984, que constitui a carta magna de uma pastoral diferente: a <strong>Pastoral da Sa\u00fade<\/strong>.<\/p>\n<p style=\"text-align: justify;\">Se \u00e9 certo que \u201c<em>o sofrimento humano suscita compaix\u00e3o, inspira tamb\u00e9m respeito e, a seu modo, intimida<\/em>\u201d &#8211; diz o Papa.<\/p>\n<p style=\"text-align: justify;\">\u00c9 por isso que se torna urgente reflectir sobre o mundo do sofrimento e encontrar os caminhos para super\u00e1-lo e descobrir para ele um sentido mais profundo.<\/p>\n<p style=\"text-align: justify;\">A Enc\u00edclica termina com uma interpreta\u00e7\u00e3o maravilhosa da par\u00e1bola do Bom Samaritano em que este estrangeiro faz tudo para dar sa\u00fade e mais qualidade de vida ao homem ca\u00eddo na estrada de Jeric\u00f3. (Lc.10. 25-37)<\/p>\n<p style=\"text-align: justify;\">Certo samaritano em viagem, encontrou um homem ca\u00eddo na berma da estrada,meio morto, Chegou perto dele, viu-o e moveu-se de compaix\u00e3o. Aproximou-se, cuidou as suas chagas&#8230; depois colocou-o no seu animal, conduziu-o \u00e0 hospedaria e cuidou dele.(cfr. Lc. 10, 29-34)<\/p>\n<p style=\"text-align: justify;\">\u00c9 nesta circunst\u00e2ncia de um ser fragilizado, com que nos deparamos cada dia, que devemos aproximar-nos com amor e compaix\u00e3o. N\u00e3o como algu\u00e9m que vem trazer a cura, mas aquele que est\u00e1 presente e age segundo a necessidade de quem sofre.<br \/>\nN\u00e3o para fazer o bem, sen\u00e3o atender o outro naquilo que ele precisa. \u00c9 viver a gratuidade aproximar-se, ver, estar, estar em sil\u00eancio. Escutar e n\u00e3o dizer nada, estar presente. \u00c9 estar em sintonia e ser reflexo do Infinito, que est\u00e1 presente no mais profundo do ser humano, para que este encontre o sentido da vida, vida em plenitude.<\/p>\n<p style=\"text-align: justify;\">A Pastoral da Sa\u00fade \u00e9 a a\u00e7\u00e3o organizada da Igreja, atrav\u00e9s da qual se torna presente, aqui e agora a a\u00e7\u00e3o salv\u00edfica de Cristo. Ent\u00e3o, em Jesus Cristo todo o sofrimento \u00e9 vencido pelo amor, e esta a\u00e7\u00e3o salv\u00edfica de Deus opera-se pelo dar mais sa\u00fade a cada pessoa na circunst\u00e2ncia concreta em que est\u00e1 a viver.<\/p>\n<p style=\"text-align: justify;\">Na nossa Par\u00f3quia, a preocupa\u00e7\u00e3o com os doentes encontrava resposta na ac\u00e7\u00e3o pastoral do Apostolado de Ora\u00e7\u00e3o e dos Vicentinos.<\/p>\n<p style=\"text-align: justify;\">Com a chegada do Padre Albino e a sua nomea\u00e7\u00e3o como Capel\u00e3o do Centro Hospitalar de Vila Nova de Gaia|Espinho, ao mesmo tempo que a Par\u00f3quia acolhia tamb\u00e9m as Irm\u00e3zinhas da Assun\u00e7\u00e3o, cujo Carisma \u00e9 a fam\u00edlia, e esta quando \u00e9 atingida pela doen\u00e7a, esta preocupa\u00e7\u00e3o aumentou e o desejo de lhe dar uma resposta mais articulada e eficiente foi-se tornando realidade.<\/p>\n<p style=\"text-align: justify;\">Em 2006, lan\u00e7a-se o desafio \u00e1 comunidade de criar uma Pastoral da Sa\u00fade. O Voluntariado era um tema muito actual; incentiv\u00e1-lo e promove-lo como dom de Deus dado \u00e0 Igreja, onde a evangeliza\u00e7\u00e3o \u00e9 tarefa de todos levou a que um bom grupo de pessoas respondesse a esse desafio, \u201c<em>com a maior generosidade, dispondo-se a dar algum do seu tempo \u00e0 presen\u00e7a e ajuda psicol\u00f3gica, social e espiritual aos doentes, sob a orienta\u00e7\u00e3o da Comunidade em que est\u00e3o inseridos e com um programa a realizar<\/em>.\u201d (<em>Pe. V\u00edctor Feytor Pinto<\/em>)<\/p>\n<p style=\"text-align: justify;\">A 11 de Fevereiro de 2006 teve lugar o 1\u00ba Encontro com os 23 paroquianos inscritos para a forma\u00e7\u00e3o da Equipa de Pastoral da Sa\u00fade, (alguns deles Ministros Extraordin\u00e1rios da Comunh\u00e3o), alargando a sua a\u00e7\u00e3o \u00e0 Capelania do Centro Hospitalar de Vila Nova de Gaia|Espinho, cuja coordena\u00e7\u00e3o est\u00e1 a cargo do nosso p\u00e1roco, com a colabora\u00e7\u00e3o da Irm\u00e3 Maria Lu\u00edsa.<\/p>\n<p style=\"text-align: justify;\">A partir da\u00ed, a cada ano, no terceiro Domingo de Maio, vem-se realizando o Dia Paroquial do Doente, com um n\u00famero crescente de participa\u00e7\u00e3o, de colabora\u00e7\u00e3o e entreajuda, com um programa que inclui a Celebra\u00e7\u00e3o da Eucaristia, a administra\u00e7\u00e3o do Sacramento da Un\u00e7\u00e3o dos Doentes e um momento de lanche e conv\u00edvio que conta sempre com a anima\u00e7\u00e3o do Rancho Folcl\u00f3rico da Par\u00f3quia do Divino Salvador de Vilar de Andorinho e do Rancho Folcl\u00f3rico da APPACDM.<\/p>\n<p style=\"text-align: justify;\">A Pastoral da Sa\u00fade repete, assim. a atitude do bom Samaritano: ver, ter compaix\u00e3o, aproximar-se e servir aquele que sofre, vendo nele a pessoa do pr\u00f3prio Cristo, que disse: \u201cEstava doente e visitaste-me\u2026\u201d.<\/p>\n<p style=\"text-align: justify;\"><strong>Objetivo geral<\/strong><br \/>\n<span style=\"color: inherit; font-family: inherit; font-size: inherit;\">Dar apoio espiritual e religioso aos doentes da Par\u00f3quia de Vilar de Andorinho.<br \/>\n<\/span>Esta actividade foi alargada ao \u00e2mbito da Capelania do Centro Hospitalar de Vila Nova de Gaia|Espinho.<\/p>\n<p style=\"text-align: justify;\"><strong>Objetivos espec\u00edficos<\/strong><\/p>\n<ul style=\"text-align: justify;\">\n<li>Realizar a Miss\u00e3o da Igreja indo ao encontro dos doentes e seus familiares.<\/li>\n<li>Testemunhar o amor de Deus e a compaix\u00e3o evang\u00e9lica.<\/li>\n<li>Trabalhar em colabora\u00e7\u00e3o com os grupos afins j\u00e1 existentes.<\/li>\n<li>Tornar acess\u00edvel aos doentes os Sacramentos da Reconcilia\u00e7\u00e3o, Comunh\u00e3o e Un\u00e7\u00e3o dos Doentes.<\/li>\n<li>Despertar toda a Comunidade Paroquial para esta miss\u00e3o.<\/li>\n<\/ul>\n<p style=\"text-align: justify;\"><strong>Meios<\/strong><\/p>\n<ul style=\"text-align: justify;\">\n<li>Coordenar o trabalho em tr\u00eas zonas, Vilar, Balteiro e Vila d\u00b4Este;<\/li>\n<li>Realizar Encontros peri\u00f3dicos, (3 por ano), de programa\u00e7\u00e3o e avalia\u00e7\u00e3o;<\/li>\n<li>Realizar Encontros alternados de partilha em pequenos grupos e avaliar as situa\u00e7\u00f5es a priorizar;<\/li>\n<li>Visitar imediatamente o doente desde a primeira solicita\u00e7\u00e3o;<\/li>\n<li>Acompanhar sempre os novos Volunt\u00e1rios na 1\u00aa visita;<\/li>\n<li>Realiza anualmente o \u201cDIA PAROQUIAL DO DOENTE\u201d.<\/li>\n<\/ul>\n<p style=\"text-align: justify;\"><strong>Parceiros<\/strong><\/p>\n<ul>\n<li style=\"text-align: justify;\"><strong>Confer\u00eancia de S\u00e3o Vicente Paulo e Apostolado de Ora\u00e7\u00e3o<\/strong><br \/>\nIndica\u00e7\u00e3o de doentes que acompanham e apoio para a organiza\u00e7\u00e3o do Dia Paroquial do Doente.<\/li>\n<li style=\"text-align: justify;\"><strong>Escuteiros<\/strong><br \/>\nVisita aos doentes no Natal e transporte e acompanhamento dos doentes por ocasi\u00e3o do Dia Paroquial do Doente.<\/li>\n<li style=\"text-align: justify;\"><strong>Junta de freguesia<\/strong><br \/>\nCed\u00eancia de transporte no Dia Paroquial do Doente.<\/li>\n<\/ul>\n<p>[\/vc_column_text][\/vc_column_inner][\/vc_row_inner][\/vc_column][\/vc_row]<\/p>\n<\/div>","protected":false},"excerpt":{"rendered":"<p>[vc_row content_placement=&#8221;middle&#8221; css=&#8221;.vc_custom_1540304086626{padding-top: 0px !important;}&#8221;][vc_column css=&#8221;.vc_custom_1540304338338{padding-right: 27px !important;padding-left: 27px !important;}&#8221;][vc_row_inner css=&#8221;.vc_custom_1543577196674{margin-bottom: 47px !important;}&#8221;][vc_column_inner][vc_column_text] \u201cEstava doente e visitaste-me\u2026\u201d (Mateus 25, 36) O Papa Jo\u00e3o Paulo II, quis oferecer ao mundo um [&hellip;]<\/p>\n","protected":false},"author":1,"featured_media":0,"parent":0,"menu_order":0,"comment_status":"closed","ping_status":"closed","template":"","meta":{"_acf_changed":false,"rs_blank_template":"","rs_page_bg_color":"#ffffff","slide_template_v7":"","footnotes":""},"class_list":["post-7332","page","type-page","status-publish","hentry"],"acf":[],"_links":{"self":[{"href":"https:\/\/paroquiavilarandorinho.pt\/index.php?rest_route=\/wp\/v2\/pages\/7332","targetHints":{"allow":["GET"]}}],"collection":[{"href":"https:\/\/paroquiavilarandorinho.pt\/index.php?rest_route=\/wp\/v2\/pages"}],"about":[{"href":"https:\/\/paroquiavilarandorinho.pt\/index.php?rest_route=\/wp\/v2\/types\/page"}],"author":[{"embeddable":true,"href":"https:\/\/paroquiavilarandorinho.pt\/index.php?rest_route=\/wp\/v2\/users\/1"}],"replies":[{"embeddable":true,"href":"https:\/\/paroquiavilarandorinho.pt\/index.php?rest_route=%2Fwp%2Fv2%2Fcomments&post=7332"}],"version-history":[{"count":4,"href":"https:\/\/paroquiavilarandorinho.pt\/index.php?rest_route=\/wp\/v2\/pages\/7332\/revisions"}],"predecessor-version":[{"id":7340,"href":"https:\/\/paroquiavilarandorinho.pt\/index.php?rest_route=\/wp\/v2\/pages\/7332\/revisions\/7340"}],"wp:attachment":[{"href":"https:\/\/paroquiavilarandorinho.pt\/index.php?rest_route=%2Fwp%2Fv2%2Fmedia&parent=7332"}],"curies":[{"name":"wp","href":"https:\/\/api.w.org\/{rel}","templated":true}]}}