{"id":7427,"date":"2020-07-29T09:35:20","date_gmt":"2020-07-29T08:35:20","guid":{"rendered":"https:\/\/paroquiavilarandorinho.pt\/?page_id=7427"},"modified":"2020-07-29T17:03:47","modified_gmt":"2020-07-29T16:03:47","slug":"mec-ministros-extraordinarios-da-comunhao","status":"publish","type":"page","link":"https:\/\/paroquiavilarandorinho.pt\/?page_id=7427","title":{"rendered":"MEC &#8211; Ministros Extraordin\u00e1rios da Comunh\u00e3o"},"content":{"rendered":"<div class=\"wpb-content-wrapper\"><p>[vc_row content_placement=&#8221;middle&#8221; css=&#8221;.vc_custom_1540304086626{padding-top: 0px !important;}&#8221;][vc_column css=&#8221;.vc_custom_1540304338338{padding-right: 27px !important;padding-left: 27px !important;}&#8221;][vc_row_inner css=&#8221;.vc_custom_1543577196674{margin-bottom: 47px !important;}&#8221;][vc_column_inner][vc_column_text]<\/p>\n<h4 style=\"text-align: justify;\"><strong>Ministros Extraordin\u00e1rios da Comunh\u00e3o<\/strong><\/h4>\n<p style=\"text-align: justify;\">O grupo dos Ministros Extraordin\u00e1rios da Comunh\u00e3o (MEC) da Par\u00f3quia do Divino Salvador de Vilar de Andorinho \u00e9 constitu\u00eddo por dezoito pessoas, que exercem o seu minist\u00e9rio nos tr\u00eas centros de celebra\u00e7\u00e3o \u2013 Igreja Matriz, Igreja de Nossa Senhora M\u00e3e dos Crist\u00e3os e Igreja da Sagrada Fam\u00edlia. Tem como representante a Ana Maria Costa Teixeira Sousa<\/p>\n<p style=\"text-align: justify;\">Cada MEC realiza o seu minist\u00e9rio com profundo esp\u00edrito de entrega e de compromisso, valores que prevalecem no seu dia-a-dia e no trabalho a n\u00edvel paroquial ou diocesano bem como na participa\u00e7\u00e3o em a\u00e7\u00f5es de forma\u00e7\u00e3o que ao longo de cada ano s\u00e3o promovidas.<\/p>\n<p style=\"text-align: justify;\">A atividade dos MEC n\u00e3o se reduz no servi\u00e7o durante as eucaristias com a distribui\u00e7\u00e3o da comunh\u00e3o aos fi\u00e9is que nelas participam, mas tamb\u00e9m no acompanhamento das fam\u00edlias enlutadas, pela ora\u00e7\u00e3o dos defuntos, durante o vel\u00f3rio e nas visitas aos doentes.<\/p>\n<p style=\"text-align: justify;\">De facto, estes s\u00e3o a raz\u00e3o do nosso minist\u00e9rio. A nossa miss\u00e3o \u00e9 ir visit\u00e1-los, n\u00e3o fazendo uma \u201cvisita de m\u00e9dico\u201d, mas demorando junto deles o tempo que for necess\u00e1rio, oferecendo-lhes a nossa companhia em tantos momentos de solid\u00e3o que vivem, escutando-os e dando-lhes palavras de \u00e2nimo e de conforto para que suportem melhor as adversidades a que est\u00e3o sujeitos. Momento alto da visita \u00e9 a entrega da comunh\u00e3o para que sintam que t\u00eam junto de si um apoio divino.<\/p>\n<p style=\"text-align: justify;\">Alguns MEC colaboram tamb\u00e9m com o Servi\u00e7o de Assist\u00eancia Espiritual e Religiosa do Centro Hospitalar de Vila Nova de Gaia|Espinho que \u00e9 coordenado pelo nosso p\u00e1roco.<\/p>\n<p>[\/vc_column_text][\/vc_column_inner][\/vc_row_inner][\/vc_column][\/vc_row]<\/p>\n<\/div>","protected":false},"excerpt":{"rendered":"<p>[vc_row content_placement=&#8221;middle&#8221; css=&#8221;.vc_custom_1540304086626{padding-top: 0px !important;}&#8221;][vc_column css=&#8221;.vc_custom_1540304338338{padding-right: 27px !important;padding-left: 27px !important;}&#8221;][vc_row_inner css=&#8221;.vc_custom_1543577196674{margin-bottom: 47px !important;}&#8221;][vc_column_inner][vc_column_text] Ministros Extraordin\u00e1rios da Comunh\u00e3o O grupo dos Ministros Extraordin\u00e1rios da Comunh\u00e3o (MEC) da Par\u00f3quia do Divino Salvador [&hellip;]<\/p>\n","protected":false},"author":1,"featured_media":0,"parent":0,"menu_order":0,"comment_status":"closed","ping_status":"closed","template":"","meta":{"_acf_changed":false,"rs_blank_template":"","rs_page_bg_color":"#ffffff","slide_template_v7":"","footnotes":""},"class_list":["post-7427","page","type-page","status-publish","hentry"],"acf":[],"_links":{"self":[{"href":"https:\/\/paroquiavilarandorinho.pt\/index.php?rest_route=\/wp\/v2\/pages\/7427","targetHints":{"allow":["GET"]}}],"collection":[{"href":"https:\/\/paroquiavilarandorinho.pt\/index.php?rest_route=\/wp\/v2\/pages"}],"about":[{"href":"https:\/\/paroquiavilarandorinho.pt\/index.php?rest_route=\/wp\/v2\/types\/page"}],"author":[{"embeddable":true,"href":"https:\/\/paroquiavilarandorinho.pt\/index.php?rest_route=\/wp\/v2\/users\/1"}],"replies":[{"embeddable":true,"href":"https:\/\/paroquiavilarandorinho.pt\/index.php?rest_route=%2Fwp%2Fv2%2Fcomments&post=7427"}],"version-history":[{"count":5,"href":"https:\/\/paroquiavilarandorinho.pt\/index.php?rest_route=\/wp\/v2\/pages\/7427\/revisions"}],"predecessor-version":[{"id":7527,"href":"https:\/\/paroquiavilarandorinho.pt\/index.php?rest_route=\/wp\/v2\/pages\/7427\/revisions\/7527"}],"wp:attachment":[{"href":"https:\/\/paroquiavilarandorinho.pt\/index.php?rest_route=%2Fwp%2Fv2%2Fmedia&parent=7427"}],"curies":[{"name":"wp","href":"https:\/\/api.w.org\/{rel}","templated":true}]}}