{"id":7432,"date":"2020-07-29T09:39:05","date_gmt":"2020-07-29T08:39:05","guid":{"rendered":"https:\/\/paroquiavilarandorinho.pt\/?page_id=7432"},"modified":"2021-01-08T09:48:27","modified_gmt":"2021-01-08T09:48:27","slug":"pastoral-da-familia","status":"publish","type":"page","link":"https:\/\/paroquiavilarandorinho.pt\/?page_id=7432","title":{"rendered":"Pastoral da Fam\u00edlia"},"content":{"rendered":"<div class=\"wpb-content-wrapper\"><p>[vc_row content_placement=&#8221;middle&#8221; css=&#8221;.vc_custom_1540304086626{padding-top: 0px !important;}&#8221;][vc_column css=&#8221;.vc_custom_1540304338338{padding-right: 27px !important;padding-left: 27px !important;}&#8221;][vc_row_inner css=&#8221;.vc_custom_1543577196674{margin-bottom: 47px !important;}&#8221;][vc_column_inner][vc_column_text]<\/p>\n<h4 style=\"text-align: center;\"><strong>Equipa de Pastoral Familiar<br \/>\n<\/strong><strong>ALGUMAS INDICA\u00c7\u00d5ES IMPORTANTES<\/strong><\/h4>\n<p><strong><u>Objetivos gerais<\/u><\/strong><\/p>\n<ul>\n<li style=\"list-style-type: none;\">\n<ul>\n<li><strong>Fomentar<\/strong>, atrav\u00e9s da ora\u00e7\u00e3o, <strong>a espiritualidade <\/strong>dos seus membros;<\/li>\n<li><strong>Contribuir<\/strong>, atrav\u00e9s do estudo e da reflex\u00e3o de temas, para a <strong>forma\u00e7\u00e3o doutrinal e o aprofundamento da f\u00e9 <\/strong>dos elementos da Equipa, \u00e0 luz da Palavra de Deus;<\/li>\n<li><strong>Planificar, coordenar e desenvolver a a\u00e7\u00e3o pastoral<\/strong> junto das fam\u00edlias com dificuldades materiais e espirituais.<\/li>\n<\/ul>\n<\/li>\n<\/ul>\n<p><strong>\u00a0<\/strong><strong><u>Constitui\u00e7\u00e3o<\/u><\/strong><\/p>\n<p style=\"padding-left: 40px;\">A Equipa \u00e9 constitu\u00edda por:<\/p>\n<ul>\n<li style=\"list-style-type: none;\">\n<ul>\n<li style=\"list-style-type: none;\">\n<ul>\n<li><strong>Assistente<\/strong> (<em>p\u00e1roco ou seu delegado<\/em>);<\/li>\n<li><strong>Um grupo de pessoas <\/strong>(<em>casais e individuais<\/em>), at\u00e9 12, incluindo representantes dos v\u00e1rios <strong>Movimentos<\/strong> ou <strong>servi\u00e7os<\/strong> <strong>da \u00e1rea <\/strong><strong>da Fam\u00edlia <\/strong>sem esquecer os <strong>jovens<\/strong> e os<\/li>\n<\/ul>\n<\/li>\n<\/ul>\n<\/li>\n<\/ul>\n<p style=\"padding-left: 40px;\">Aquando da constitui\u00e7\u00e3o da Equipa, o <strong>p\u00e1roco pode receber contributos<\/strong> do Conselho Paroquial de Pastoral e do Delegado \u00e0 Equipa vicarial.<\/p>\n<p><strong><u>Organiza\u00e7\u00e3o<\/u><\/strong><\/p>\n<p style=\"padding-left: 40px;\">A Equipa deve preencher os seguintes cargos:<\/p>\n<ul>\n<li style=\"list-style-type: none;\">\n<ul>\n<li style=\"list-style-type: none;\">\n<ul>\n<li><strong>Respons\u00e1vel<\/strong> (<em>idealmente um casal<\/em>)<\/li>\n<li><strong>Secret\u00e1rio<\/strong><\/li>\n<li><strong>Tesoureiro<\/strong><\/li>\n<\/ul>\n<\/li>\n<\/ul>\n<\/li>\n<\/ul>\n<p style=\"padding-left: 40px;\">Porque a equipa paroquial \u00e9 <strong>uma decis\u00e3o do p\u00e1roco, cabe-lhe definir os crit\u00e9rios e a metodologia <\/strong>do preenchimento dos lugares em causa.<\/p>\n<p><strong><u>Delegado da par\u00f3quia na Equipa Vicarial de Pastoral Familiar<\/u><\/strong><\/p>\n<p style=\"padding-left: 40px;\">\u00c9 <strong>um casal escolhido pelo p\u00e1roco para representar a par\u00f3quia<\/strong> na Equipa vicarial.<br \/>\n<strong>O<\/strong> Casal Respons\u00e1vel pela Equipa Paroquial, poder\u00e1 assumir essa fun\u00e7\u00e3o.<\/p>\n<p><strong><u>Sugest\u00f5es de a\u00e7\u00f5es poss\u00edveis<\/u><\/strong><\/p>\n<p style=\"padding-left: 40px;\"><strong>Promover:<\/strong><\/p>\n<ul>\n<li style=\"list-style-type: none;\">\n<ul>\n<li style=\"list-style-type: none;\">\n<ul>\n<li>Ora\u00e7\u00e3o individual, conjugal e familiar<\/li>\n<li>Leitura da Palavra de Deus<\/li>\n<li>Recita\u00e7\u00e3o do ter\u00e7o em casa e em lugares p\u00fablicos<\/li>\n<li>Cursos b\u00edblicos<\/li>\n<li>Participa\u00e7\u00e3o em retiros<\/li>\n<li>Acompanhamento aos casais novos<\/li>\n<li>Acolhimento \u00e0s pessoas que v\u00eam viver para a par\u00f3quia<\/li>\n<li>Apoio aos s\u00f3s, idosos e doentes<\/li>\n<li>Conv\u00edvio-passeio das fam\u00edlias<\/li>\n<li>Momento de ora\u00e7\u00e3o nos vel\u00f3rios<\/li>\n<li>Participa\u00e7\u00e3o em espa\u00e7os de forma\u00e7\u00e3o<\/li>\n<\/ul>\n<\/li>\n<\/ul>\n<\/li>\n<\/ul>\n<p style=\"padding-left: 40px;\"><strong>Solenizar:<\/strong><\/p>\n<ul>\n<li style=\"list-style-type: none;\">\n<ul>\n<li style=\"list-style-type: none;\">\n<ul>\n<li>Dia da Sagrada Fam\u00edlia<\/li>\n<li>Dias do Pai, da M\u00e3e, dos Av\u00f3s, dos Padrinhos, do Doente<\/li>\n<li>B\u00ean\u00e7\u00e3o das gr\u00e1vidas<\/li>\n<li>Apresenta\u00e7\u00e3o dos meninos nascidos no ano anterior<\/li>\n<li>Dia paroquial da Fam\u00edlia<\/li>\n<\/ul>\n<\/li>\n<\/ul>\n<\/li>\n<\/ul>\n<p style=\"padding-left: 40px;\"><strong>Colaborar em:<\/strong><\/p>\n<ul>\n<li style=\"list-style-type: none;\">\n<ul>\n<li style=\"list-style-type: none;\">\n<ul>\n<li>Prepara\u00e7\u00e3o para o Batismo<\/li>\n<li>Prepara\u00e7\u00e3o para o Matrim\u00f3nio<\/li>\n<li>Acolhimento aos noivos<\/li>\n<li>Intera\u00e7\u00f5es com os v\u00e1rios grupos paroquiais (<em>catequese, ac\u00f3litos, leitores, grupo coral e grupos s\u00f3cio caritativo<\/em>)<\/li>\n<li>Integra\u00e7\u00e3o dos <strong>casais jubilados<\/strong> e dos <strong>casais novos <\/strong>nos grupos e movimentos implantados na par\u00f3quia.<\/li>\n<\/ul>\n<\/li>\n<\/ul>\n<\/li>\n<\/ul>\n<p><strong><u>Reuni\u00f5es<\/u><\/strong><\/p>\n<p style=\"padding-left: 40px;\"><strong>Requisitos pr\u00e9vios<\/strong><\/p>\n<ul>\n<li style=\"list-style-type: none;\">\n<ul>\n<li style=\"list-style-type: none;\">\n<ul>\n<li>A data deve ser <strong>acordada na reuni\u00e3o anterior <\/strong>ou combinada por qualquer processo, caso se trate da primeira<\/li>\n<li>Os elementos da Equipa devem <strong>receber antecipadamente a Agenda de trabalhos<\/strong>, de modo a virem preparados<\/li>\n<li>A Equipa deve <strong>estabelecer<\/strong> para si pr\u00f3pria, no in\u00edcio de cada ano pastoral, um <strong>conjunto de objetivos concretos e exequ\u00edveis<\/strong><\/li>\n<li><strong>Ao longo ao ano<\/strong> deve ir avaliando o cumprimento dos mesmos, ajustando, dialogando, tendo em vista o resultado final desejado<\/li>\n<\/ul>\n<\/li>\n<\/ul>\n<\/li>\n<\/ul>\n<p style=\"padding-left: 40px;\"><strong>Metodologia<\/strong><\/p>\n<ul>\n<li style=\"list-style-type: none;\">\n<ul>\n<li style=\"list-style-type: none;\">\n<ul>\n<li><strong>Ora\u00e7\u00e3o inicial<\/strong><\/li>\n<li><strong>Leitura de um texto da Sagrada Escritura <\/strong>com reflex\u00e3o e partilha (<em>oportunidade de esclarecimento doutrinal e aprofundamento da f\u00e9<\/em>)<\/li>\n<li><strong>Leitura da Ata <\/strong>da reuni\u00e3o anterior<\/li>\n<li><strong>Partilha Pastoral <\/strong>(<em>an\u00e1lise das situa\u00e7\u00f5es concretas da a\u00e7\u00e3o pastoral desenvolvida desde a reuni\u00e3o anterior e planifica\u00e7\u00e3o de a\u00e7\u00f5es futu<\/em>ras)<\/li>\n<li><strong>Marca\u00e7\u00e3o<\/strong> da reuni\u00e3o seguinte<\/li>\n<li><strong>Ora\u00e7\u00e3o final<\/strong><\/li>\n<li><strong>Conv\u00edvio<\/strong> (<em>desej\u00e1vel<\/em>)<\/li>\n<li><strong>Elabora\u00e7\u00e3o<\/strong> posterior da <strong>Ata<\/strong><\/li>\n<\/ul>\n<\/li>\n<\/ul>\n<\/li>\n<\/ul>\n<p>[\/vc_column_text][\/vc_column_inner][\/vc_row_inner][\/vc_column][\/vc_row]<\/p>\n<\/div>","protected":false},"excerpt":{"rendered":"<p>[vc_row content_placement=&#8221;middle&#8221; css=&#8221;.vc_custom_1540304086626{padding-top: 0px !important;}&#8221;][vc_column css=&#8221;.vc_custom_1540304338338{padding-right: 27px !important;padding-left: 27px !important;}&#8221;][vc_row_inner css=&#8221;.vc_custom_1543577196674{margin-bottom: 47px !important;}&#8221;][vc_column_inner][vc_column_text] Equipa de Pastoral Familiar ALGUMAS INDICA\u00c7\u00d5ES IMPORTANTES Objetivos gerais Fomentar, atrav\u00e9s da ora\u00e7\u00e3o, a espiritualidade dos seus [&hellip;]<\/p>\n","protected":false},"author":1,"featured_media":0,"parent":0,"menu_order":0,"comment_status":"closed","ping_status":"closed","template":"","meta":{"_acf_changed":false,"rs_blank_template":"","rs_page_bg_color":"#ffffff","slide_template_v7":"","footnotes":""},"class_list":["post-7432","page","type-page","status-publish","hentry"],"acf":[],"_links":{"self":[{"href":"https:\/\/paroquiavilarandorinho.pt\/index.php?rest_route=\/wp\/v2\/pages\/7432","targetHints":{"allow":["GET"]}}],"collection":[{"href":"https:\/\/paroquiavilarandorinho.pt\/index.php?rest_route=\/wp\/v2\/pages"}],"about":[{"href":"https:\/\/paroquiavilarandorinho.pt\/index.php?rest_route=\/wp\/v2\/types\/page"}],"author":[{"embeddable":true,"href":"https:\/\/paroquiavilarandorinho.pt\/index.php?rest_route=\/wp\/v2\/users\/1"}],"replies":[{"embeddable":true,"href":"https:\/\/paroquiavilarandorinho.pt\/index.php?rest_route=%2Fwp%2Fv2%2Fcomments&post=7432"}],"version-history":[{"count":6,"href":"https:\/\/paroquiavilarandorinho.pt\/index.php?rest_route=\/wp\/v2\/pages\/7432\/revisions"}],"predecessor-version":[{"id":8639,"href":"https:\/\/paroquiavilarandorinho.pt\/index.php?rest_route=\/wp\/v2\/pages\/7432\/revisions\/8639"}],"wp:attachment":[{"href":"https:\/\/paroquiavilarandorinho.pt\/index.php?rest_route=%2Fwp%2Fv2%2Fmedia&parent=7432"}],"curies":[{"name":"wp","href":"https:\/\/api.w.org\/{rel}","templated":true}]}}