{"id":7435,"date":"2020-07-29T09:41:45","date_gmt":"2020-07-29T08:41:45","guid":{"rendered":"https:\/\/paroquiavilarandorinho.pt\/?page_id=7435"},"modified":"2024-11-18T10:51:23","modified_gmt":"2024-11-18T10:51:23","slug":"conferencia-s-vicente-de-paulo-vicentinos","status":"publish","type":"page","link":"https:\/\/paroquiavilarandorinho.pt\/?page_id=7435","title":{"rendered":"Confer\u00eancia S. Vicente de Paulo (Vicentinos)"},"content":{"rendered":"<div class=\"wpb-content-wrapper\"><p>[vc_row content_placement=&#8221;middle&#8221; css=&#8221;.vc_custom_1540304086626{padding-top: 0px !important;}&#8221;][vc_column css=&#8221;.vc_custom_1540304338338{padding-right: 27px !important;padding-left: 27px !important;}&#8221;][vc_row_inner css=&#8221;.vc_custom_1543577196674{margin-bottom: 47px !important;}&#8221;][vc_column_inner][vc_column_text]<\/p>\n<h4 style=\"text-align: justify;\"><strong>FAM\u00cdLIA VICENTINA<\/strong><\/h4>\n<h5 style=\"text-align: justify;\"><strong>DE VILAR DE ANDORINHO<\/strong><strong>\u00a0<\/strong><\/h5>\n<p style=\"text-align: justify;\"><em>\u201cAjudai-me, Senhor, a ser fiel administrador dos Vossos dons,<br \/>\n<\/em><em>n\u00e3o visando bens materiais e promo\u00e7\u00e3o pessoal,<br \/>\n<\/em><em>mas unicamente a Vossa gl\u00f3ria e o bem dos necessitados.\u201d<\/em><\/p>\n<p style=\"text-align: justify;\"><strong><u>Apresenta\u00e7\u00e3o<br \/>\n<\/u><\/strong>A Sociedade de S\u00e3o Vicente de Paulo \u00e9 uma organiza\u00e7\u00e3o Cat\u00f3lica internacional de leigos, fundada em Paris, Fran\u00e7a, no ano de 1833, por Ant\u00f3nio Frederico Ozanam e alguns companheiros.<br \/>\nA Fam\u00edlia Vicentina de Vilar de Andorinho, Divino Salvador, foi fundada no ano de 1955 pelo Padre\u00a0 Joaquim Faria, para acompanhar \u00a0as muitas fam\u00edlias carenciadas que viviam ent\u00e3o na nossa Par\u00f3quia.<br \/>\nEntre os primeiros membros contam-se: Joaquim Costa Gomes, J\u00falio Silva, Jos\u00e9 Teixeira, Jos\u00e9 Correia, Gl\u00f3ria Cunha (Glorinha), J\u00falia Costa, Luzia Costa,\u00a0 Aurora Guedes (Aurorinha), Gl\u00f3ria de Castro (Glorinha), Angelina tavares, Adelina Martins e Irene Ferreira (Ireninha) \u2013 a \u00fanica que ainda est\u00e1 viva e continua a fazer parte activa do Grupo. Imp\u00f5e-se recordar tamb\u00e9m, apesar de mais recente, o Jos\u00e9 Am\u00e9rico que foi, durante muitos anos, Presidente da Confer\u00eancia. Todos e todas deram continuidade a esta obra formando uma equipa muito preocupada no bem-estar dos seus irm\u00e3os mais debilitados.<br \/>\nHoje, somos oito vicentinos &#8211; Serafim Meira (presidente), Rosa Magalh\u00e3es (vice-presidente), Cristina Moreira (secret\u00e1ria), Lu\u00eds Moreira (tesoureiro), Irene Ferreira, Maria Cec\u00edlia de Jesus, Carminda Teixeira e Pilar Moreira \u00a0&#8211; mantendo acesa a chama da nossa miss\u00e3o e mostrando que a caridade ser\u00e1 para todos um simples dever de se tornar um vicentino.<\/p>\n<p style=\"text-align: justify;\"><strong><u>Atividades<br \/>\n<\/u><\/strong>A Confer\u00eancia Vicentina de Vilar de Andorinho re\u00fane-se mensalmente no 3\u00ba s\u00e1bado.<br \/>\nDepois de feita a Ora\u00e7\u00e3o a S\u00e3o Vicente de Paulo, o Tesoureiro comunica o estado da caixa, discriminado a receita e comprovando a despesa, previamente aprovadas em reuni\u00e3o.<br \/>\nSegue-se a prepara\u00e7\u00e3o das visitas ao domicilio levando \u00e0s fam\u00edlias bens alimentares e medicamentos, tentando sempre acompanha-las com humildade e zelo.<br \/>\nRenovamo-nos sem cessar e adaptamo-nos \u00e0s condi\u00e7\u00f5es de mudan\u00e7a vividas nos dias de hoje, abrindo o cora\u00e7\u00e3o a quem nos procura. Cuidamos da nossa comunidade mais necessitada dando a todos condi\u00e7\u00f5es para que possam viver com dignidade.<\/p>\n<p style=\"text-align: justify;\"><strong><u>Objetivos<br \/>\n<\/u><\/strong>Levar cada um e cada uma a pensar nesta obra, para reconhecer que a caridade ser\u00e1 para todos um simples dever de se tornar <strong>Vicentino(a) <\/strong>ou <strong>benfeitor(a)<\/strong>.<br \/>\nEste comportamento \u00e9 algo fundamental para manter viva a chama da nossa miss\u00e3o e, acima de tudo, fortalecer o trabalho s\u00f3cio-espiritual que realizamos.<\/p>\n<p style=\"text-align: justify;\"><strong><u>Convite<br \/>\n<\/u><\/strong>Esta Confer\u00eancia vive da boa vontade dos seus benfeitores! Ligue-se a esta causa e seremos mais fortes.<\/p>\n<p>[\/vc_column_text][vc_separator css=&#8221;&#8221;][\/vc_column_inner][\/vc_row_inner][\/vc_column][\/vc_row][vc_row][vc_column][vc_custom_heading text=&#8221;SOS Natal 2024&#8243; font_container=&#8221;tag:h2|text_align:center&#8221;][vc_single_image image=&#8221;14230&#8243; img_size=&#8221;full&#8221; alignment=&#8221;center&#8221; css=&#8221;&#8221;][vc_column_text css=&#8221;&#8221;]<\/p>\n<p style=\"text-align: center;\"><strong>Vicentinos de Vilar de Andorinho<\/strong><\/p>\n<p style=\"text-align: center;\"><strong>Pedido de apoio para as fam\u00edlias mais carenciadas<\/strong><\/p>\n<p style=\"text-align: justify;\">A\u00a0Sociedade de S\u00e3o Vicente de Paulo por interm\u00e9dio de seus membros, confrades, \u201cvicentinos\u201d, vinculados na freguesia de Vilar de Andorinho, junto \u00e0 Capela de Balteiro, agradece a todas as pessoas que possam colaborar com algum donativo monet\u00e1rio, alimentos, produtos de higiene, fraldas, etc., para que pud\u00e9ssemos aliviar um pouco o sofrimento das fam\u00edlias carentes da nossa terra neste ano e Natal de 2024.<\/p>\n<p style=\"text-align: justify;\">Aproveitamos o ensejo para desejar a todos os nossos colaboradores um Feliz Natal e um Ano Novo de 2025, repleto de paz, harmonia e felicidade. Para este ano que se inicia, esperamos contar com a colabora\u00e7\u00e3o de todos, novamente, para continuarmos o nosso trabalho. D\u00ea um pouco do seu tempo para ajudar os nossos irm\u00e3os carentes que tanto necessitam de n\u00f3s. O maior beneficiado ser\u00e1 voc\u00ea que receber\u00e1 a recompensa de Deus, afinal \u201c<strong><em>temos amor puro quando, de cora\u00e7\u00e3o, expressamos preocupa\u00e7\u00e3o e solidariedade genu\u00ednas por todos os nossos irm\u00e3os\u201d (I Tm 1,5). <\/em><\/strong><\/p>\n<p style=\"text-align: justify;\">Entre em contato connosco, fa\u00e7a uma visita a nossa sede, participe das nossas reuni\u00f5es, conhe\u00e7a de perto o nosso trabalho.<\/p>\n<p>&nbsp;<\/p>\n<p>Presidente<\/p>\n<p><strong>Serafim Meira Moreira # Telem\u00f3vel 934\u00a0916 831<\/strong><\/p>\n<p>Vice-Presidente<\/p>\n<p><strong>Rosa Magalh\u00e3es # Telem\u00f3vel 936\u00a0572 376<\/strong><\/p>\n<p>Secret\u00e1ria<\/p>\n<p><strong>Maria Pilar Moreira # Telem\u00f3vel 968 251 723<\/strong><\/p>\n<p><strong>\u00a0<\/strong><\/p>\n<p><em>Email vicentinos: <\/em><\/p>\n<p><strong><a href=\"mailto:vicentinosvilardeandorinho@gmail.com\">vicentinosvilardeandorinho@gmail.com<\/a><\/strong><\/p>\n<p>&nbsp;<\/p>\n<p><a href=\"https:\/\/paroquiavilarandorinho.pt\/wp-content\/uploads\/2024\/11\/Carta-Vicentinos.pdf\">Carta Vicentinos<\/a> (PDF)[\/vc_column_text][\/vc_column][\/vc_row]<\/p>\n<\/div>","protected":false},"excerpt":{"rendered":"<p>[vc_row content_placement=&#8221;middle&#8221; css=&#8221;.vc_custom_1540304086626{padding-top: 0px !important;}&#8221;][vc_column css=&#8221;.vc_custom_1540304338338{padding-right: 27px !important;padding-left: 27px !important;}&#8221;][vc_row_inner css=&#8221;.vc_custom_1543577196674{margin-bottom: 47px !important;}&#8221;][vc_column_inner][vc_column_text] FAM\u00cdLIA VICENTINA DE VILAR DE ANDORINHO\u00a0 \u201cAjudai-me, Senhor, a ser fiel administrador dos Vossos dons, n\u00e3o visando [&hellip;]<\/p>\n","protected":false},"author":1,"featured_media":0,"parent":0,"menu_order":0,"comment_status":"closed","ping_status":"closed","template":"","meta":{"_acf_changed":false,"rs_blank_template":"","rs_page_bg_color":"","slide_template_v7":"","footnotes":""},"class_list":["post-7435","page","type-page","status-publish","hentry"],"acf":[],"_links":{"self":[{"href":"https:\/\/paroquiavilarandorinho.pt\/index.php?rest_route=\/wp\/v2\/pages\/7435","targetHints":{"allow":["GET"]}}],"collection":[{"href":"https:\/\/paroquiavilarandorinho.pt\/index.php?rest_route=\/wp\/v2\/pages"}],"about":[{"href":"https:\/\/paroquiavilarandorinho.pt\/index.php?rest_route=\/wp\/v2\/types\/page"}],"author":[{"embeddable":true,"href":"https:\/\/paroquiavilarandorinho.pt\/index.php?rest_route=\/wp\/v2\/users\/1"}],"replies":[{"embeddable":true,"href":"https:\/\/paroquiavilarandorinho.pt\/index.php?rest_route=%2Fwp%2Fv2%2Fcomments&post=7435"}],"version-history":[{"count":8,"href":"https:\/\/paroquiavilarandorinho.pt\/index.php?rest_route=\/wp\/v2\/pages\/7435\/revisions"}],"predecessor-version":[{"id":14238,"href":"https:\/\/paroquiavilarandorinho.pt\/index.php?rest_route=\/wp\/v2\/pages\/7435\/revisions\/14238"}],"wp:attachment":[{"href":"https:\/\/paroquiavilarandorinho.pt\/index.php?rest_route=%2Fwp%2Fv2%2Fmedia&parent=7435"}],"curies":[{"name":"wp","href":"https:\/\/api.w.org\/{rel}","templated":true}]}}