{"id":7660,"date":"2020-08-06T10:34:38","date_gmt":"2020-08-06T09:34:38","guid":{"rendered":"https:\/\/paroquiavilarandorinho.pt\/?page_id=7660"},"modified":"2020-09-01T10:24:10","modified_gmt":"2020-09-01T09:24:10","slug":"escuteiros","status":"publish","type":"page","link":"https:\/\/paroquiavilarandorinho.pt\/?page_id=7660","title":{"rendered":"Escuteiros"},"content":{"rendered":"<div class=\"wpb-content-wrapper\"><p>[vc_row content_placement=&#8221;middle&#8221; css=&#8221;.vc_custom_1540304086626{padding-top: 0px !important;}&#8221;][vc_column css=&#8221;.vc_custom_1540304338338{padding-right: 27px !important;padding-left: 27px !important;}&#8221;][vc_row_inner][vc_column_inner][vc_column_text]<\/p>\n<p style=\"text-align: justify;\"><strong>\u00daltima mensagem do Fundador do Escutismo<\/strong><\/p>\n<p style=\"text-align: justify;\"><em>&#8220;(&#8230;) O melhor meio para alcan\u00e7ar a felicidade \u00e9 contribuir para a felicidade dos outros. Procurai deixar o mundo um pouco melhor do que o encontrastes e quando vos chegar a vez de morrer, podeis morrer felizes sentindo que ao menos n\u00e3o desperdi\u00e7astes o tempo e fizestes todo o poss\u00edvel por praticar o bem. (&#8230;)&#8221;<\/em><\/p>\n<p><img loading=\"lazy\" decoding=\"async\" class=\"size-full wp-image-7883 alignright\" src=\"https:\/\/paroquiavilarandorinho.pt\/wp-content\/uploads\/2020\/09\/assinatura_escuteiros.png\" alt=\"\" width=\"250\" height=\"44\" \/><\/p>\n<p>&nbsp;<\/p>\n<p style=\"text-align: justify;\"><strong>SER ESCUTEIRO?<br \/>\n<\/strong>Ao entrar para os Escuteiros, n\u00e3o entra apenas para o Agrupamento\u00a0nem para o CNE, entra para um movimento mundial que\u00a0hoje conta com cerca de 35 milh\u00f5es de Escuteiros em mais de 216\u00a0pa\u00edses e territ\u00f3rios do mundo. Mais de 300 milh\u00f5es de pessoas\u00a0j\u00e1 viveram o ideal escutista, desde que o Escutismo foi fundado,\u00a0em 1907, por Lord Baden-Powell of Gilwell, afetuosamente conhecido\u00a0em todo o mundo como B.P.<\/p>\n<p style=\"text-align: justify;\"><strong>O QUE FAZEMOS?<br \/>\n<\/strong>O Escutismo aposta no aprender fazendo. Atrav\u00e9s de atividades que s\u00e3o projetadas, desenvolvidas e implementadas tendo por base o m\u00e9todo do projeto e o trabalho em equipa, procura-se que os escuteiros trabalhem as seguintes \u00e1reas de desenvolvimento: car\u00e1cter, afetiva, intelectual, f\u00edsica, social e espiritual. Consoante as idades, estas atividades podem envolver constru\u00e7\u00f5es, jogos, explora\u00e7\u00e3o, raides ou servi\u00e7o comunit\u00e1rio, mas, acima de tudo, pretende-se\u00a0que estas reflitam os desafios que os jovens encontram durante todo o seu percurso de vida, preparando-os para uma cidadania ativa, rela\u00e7\u00e3o com o pr\u00f3ximo, sustentabilidade ambiental e desenvolvimento pessoal integral.<\/p>\n<p style=\"text-align: justify;\"><strong>Quatro sec\u00e7\u00f5es, um m\u00e9todo<\/strong><strong><br \/>\n<\/strong>O m\u00e9todo escutista, elemento pedag\u00f3gico original e identit\u00e1rio do Escutismo, criado por Lord Baden-Powell of Gilwell, \u00e9 um sistema de auto-educa\u00e7\u00e3o progressiva, baseado em sete elementos igualmente relevantes:<\/p>\n<ol>\n<li style=\"text-align: justify;\"><strong>Lei e Promessa<\/strong><strong><br \/>\n<\/strong>Contribuir para a interioriza\u00e7\u00e3o de regras sociais (atrav\u00e9s do jogo e dos valores universais), ajudando a desenvolver um c\u00f3digo de conduta pr\u00f3prio ao qual voluntariamente aderem.<\/li>\n<li style=\"text-align: justify;\"><strong>Sistema de Patrulhas<\/strong><br \/>\nProporcionar o crescer em pequenos grupos, onde a rela\u00e7\u00e3o com os pares e o assumir de responsabilidades s\u00e3o componentes essenciais de um ensaio para a vida futura em sociedade.<\/li>\n<li style=\"text-align: justify;\"><strong>Vida na Natureza<\/strong><strong style=\"color: inherit; font-family: inherit; font-size: inherit;\"><br \/>\n<\/strong>Beber o que a Natureza nos oferece, ambiente privilegiado onde as conquistas e os erros ganham igual valor pedag\u00f3gico.<\/li>\n<li style=\"text-align: justify;\"><strong>M\u00edstica e Simbologia<\/strong><br \/>\nTransportar a crian\u00e7a\/jovem da imagina\u00e7\u00e3o \u00e0 realidade, dos her\u00f3is e das lendas \u00e0s personagens de carne e osso, da hist\u00f3ria e da F\u00e9 para a viv\u00eancia no Homem Novo.<\/li>\n<li style=\"text-align: justify;\"><strong>Aprender Fazendo<\/strong><br \/>\nA experimenta\u00e7\u00e3o alarga horizontes, construindo conhecimento de forma pr\u00e1tica e envolvendo a crian\u00e7a\/jovem.<\/li>\n<li style=\"text-align: justify;\"><strong>Sistema de Progress\u00e3o Pessoal<\/strong><br \/>\nProcurar ser cada vez mais e melhor, desafiando limites e estabelecendo novas metas a alcan\u00e7ar, tendo no\u00e7\u00e3o dos seus limites e das suas capacidades<\/li>\n<li style=\"text-align: justify;\"><strong>Rela\u00e7\u00e3o Educativa Jovem-Adulto<\/strong><br \/>\nConstruir uma rela\u00e7\u00e3o de confian\u00e7a com algu\u00e9m que ajuda, prepara, apoia, encoraja, aconselha e educa.<br \/>\nOs escuteiros s\u00e3o uma for\u00e7a social que promove uma cultura de paz, formando os seus membros para que estes tenham uma contribui\u00e7\u00e3o construtiva nas suas comunidades.<\/li>\n<\/ol>\n<p><img loading=\"lazy\" decoding=\"async\" class=\"aligncenter wp-image-7884\" src=\"https:\/\/paroquiavilarandorinho.pt\/wp-content\/uploads\/2020\/09\/escuteiros-1024x576.jpg\" alt=\"\" width=\"740\" height=\"416\" srcset=\"https:\/\/paroquiavilarandorinho.pt\/wp-content\/uploads\/2020\/09\/escuteiros-1024x576.jpg 1024w, https:\/\/paroquiavilarandorinho.pt\/wp-content\/uploads\/2020\/09\/escuteiros-300x169.jpg 300w, https:\/\/paroquiavilarandorinho.pt\/wp-content\/uploads\/2020\/09\/escuteiros-768x432.jpg 768w, https:\/\/paroquiavilarandorinho.pt\/wp-content\/uploads\/2020\/09\/escuteiros.jpg 1440w\" sizes=\"auto, (max-width: 740px) 100vw, 740px\" \/><\/p>\n<p style=\"text-align: justify;\">O Agrupamento 986 de Vilar de Andorinho encontra-se sediado na Rua Her\u00f3is do Ultramar, nas traseiras da capela Nossa Senhora M\u00e3o dos Crist\u00e3os, em Balteiro, Vilar de Andorinho, foi filiado a 22\/02\/1991 e tem os seguintes patronos:<\/p>\n<p>Alcateia 101 &#8211; patrono S. Francisco de Assis;\u00a0<br \/>\nExpedi\u00e7\u00e3o 101 &#8211; patrono S. Louren\u00e7o;\u00a0<br \/>\nComunidade 101 &#8211; patrono S. Jo\u00e3o Batista;\u00a0<br \/>\nCla 101 &#8211; patrono S. Valentim.<\/p>\n<p><img loading=\"lazy\" decoding=\"async\" class=\"aligncenter wp-image-7885 size-full\" src=\"https:\/\/paroquiavilarandorinho.pt\/wp-content\/uploads\/2020\/09\/escuteiros_utl.jpg\" alt=\"\" width=\"480\" height=\"679\" srcset=\"https:\/\/paroquiavilarandorinho.pt\/wp-content\/uploads\/2020\/09\/escuteiros_utl.jpg 480w, https:\/\/paroquiavilarandorinho.pt\/wp-content\/uploads\/2020\/09\/escuteiros_utl-212x300.jpg 212w\" sizes=\"auto, (max-width: 480px) 100vw, 480px\" \/><\/p>\n<p><img loading=\"lazy\" decoding=\"async\" class=\"wp-image-7886 size-full aligncenter\" src=\"https:\/\/paroquiavilarandorinho.pt\/wp-content\/uploads\/2020\/09\/escuteiros_txt.jpg\" alt=\"\" width=\"1169\" height=\"1654\" srcset=\"https:\/\/paroquiavilarandorinho.pt\/wp-content\/uploads\/2020\/09\/escuteiros_txt.jpg 1169w, https:\/\/paroquiavilarandorinho.pt\/wp-content\/uploads\/2020\/09\/escuteiros_txt-212x300.jpg 212w, https:\/\/paroquiavilarandorinho.pt\/wp-content\/uploads\/2020\/09\/escuteiros_txt-724x1024.jpg 724w, https:\/\/paroquiavilarandorinho.pt\/wp-content\/uploads\/2020\/09\/escuteiros_txt-768x1087.jpg 768w, https:\/\/paroquiavilarandorinho.pt\/wp-content\/uploads\/2020\/09\/escuteiros_txt-1086x1536.jpg 1086w\" sizes=\"auto, (max-width: 1169px) 100vw, 1169px\" \/><\/p>\n<p>Acompanha o escutismo\u2026..<\/p>\n<p><a href=\"https:\/\/www.youtube.com\/watch?v=TQi6oOYrzIs\">https:\/\/www.youtube.com\/watch?v=TQi6oOYrzIs<\/a><br \/>\n<a href=\"https:\/\/www.youtube.com\/watch?v=wobKEeXole4\">https:\/\/www.youtube.com\/watch?v=wobKEeXole4<\/a><\/p>\n<p>[\/vc_column_text][vc_empty_space height=&#8221;150px&#8221;][\/vc_column_inner][\/vc_row_inner][\/vc_column][\/vc_row]<\/p>\n<\/div>","protected":false},"excerpt":{"rendered":"<p>[vc_row content_placement=&#8221;middle&#8221; css=&#8221;.vc_custom_1540304086626{padding-top: 0px !important;}&#8221;][vc_column css=&#8221;.vc_custom_1540304338338{padding-right: 27px !important;padding-left: 27px !important;}&#8221;][vc_row_inner][vc_column_inner][vc_column_text] \u00daltima mensagem do Fundador do Escutismo &#8220;(&#8230;) O melhor meio para alcan\u00e7ar a felicidade \u00e9 contribuir para a felicidade dos [&hellip;]<\/p>\n","protected":false},"author":1,"featured_media":0,"parent":0,"menu_order":0,"comment_status":"closed","ping_status":"closed","template":"","meta":{"_acf_changed":false,"rs_blank_template":"","rs_page_bg_color":"#ffffff","slide_template_v7":"","footnotes":""},"class_list":["post-7660","page","type-page","status-publish","hentry"],"acf":[],"_links":{"self":[{"href":"https:\/\/paroquiavilarandorinho.pt\/index.php?rest_route=\/wp\/v2\/pages\/7660","targetHints":{"allow":["GET"]}}],"collection":[{"href":"https:\/\/paroquiavilarandorinho.pt\/index.php?rest_route=\/wp\/v2\/pages"}],"about":[{"href":"https:\/\/paroquiavilarandorinho.pt\/index.php?rest_route=\/wp\/v2\/types\/page"}],"author":[{"embeddable":true,"href":"https:\/\/paroquiavilarandorinho.pt\/index.php?rest_route=\/wp\/v2\/users\/1"}],"replies":[{"embeddable":true,"href":"https:\/\/paroquiavilarandorinho.pt\/index.php?rest_route=%2Fwp%2Fv2%2Fcomments&post=7660"}],"version-history":[{"count":6,"href":"https:\/\/paroquiavilarandorinho.pt\/index.php?rest_route=\/wp\/v2\/pages\/7660\/revisions"}],"predecessor-version":[{"id":7887,"href":"https:\/\/paroquiavilarandorinho.pt\/index.php?rest_route=\/wp\/v2\/pages\/7660\/revisions\/7887"}],"wp:attachment":[{"href":"https:\/\/paroquiavilarandorinho.pt\/index.php?rest_route=%2Fwp%2Fv2%2Fmedia&parent=7660"}],"curies":[{"name":"wp","href":"https:\/\/api.w.org\/{rel}","templated":true}]}}