{"id":7669,"date":"2020-08-06T10:42:00","date_gmt":"2020-08-06T09:42:00","guid":{"rendered":"https:\/\/paroquiavilarandorinho.pt\/?page_id=7669"},"modified":"2024-12-23T12:21:53","modified_gmt":"2024-12-23T12:21:53","slug":"pastoral-operaria-loc","status":"publish","type":"page","link":"https:\/\/paroquiavilarandorinho.pt\/?page_id=7669","title":{"rendered":"Pastoral Oper\u00e1ria LOC"},"content":{"rendered":"<div class=\"wpb-content-wrapper\"><p>[vc_row content_placement=&#8221;middle&#8221; css=&#8221;.vc_custom_1540304086626{padding-top: 0px !important;}&#8221;][vc_column css=&#8221;.vc_custom_1540304338338{padding-right: 27px !important;padding-left: 27px !important;}&#8221;][vc_row_inner][vc_column_inner][vc_column_text css=&#8221;&#8221;]<\/p>\n<h4>Mensagem de Natal da LOC\/MTC Movimento de Trabalhadores Crist\u00e3os \u2013 Natal 2024<\/h4>\n<p style=\"text-align: justify; background: white;\"><span style=\"font-size: 14px;\"><strong><span style=\"font-family: Roboto; color: #202020; letter-spacing: -0.4pt;\">A mensagem do Natal<\/span><\/strong><span style=\"font-family: Roboto; color: #202020; letter-spacing: -0.4pt;\">\u00a0\u00e9 a mensagem crist\u00e3 mais inclusiva: ningu\u00e9m fica de fora. Encontramos o pres\u00e9pio em todos os lugares, desde as f\u00e1bricas aos escrit\u00f3rios, passando por hospitais, escolas, tribunais, estabelecimentos prisionais e at\u00e9 na casa de ateus! Ningu\u00e9m fica indiferente \u00e0 ternura deste Deus menino. O Deus transcendente, cujo nome n\u00e3o se poderia pronunciar (cf. Ex 20,7; Dt 5,11),\u00a0<strong><span style=\"font-family: Roboto;\">\u00abfez-se homem\u00bb, isto \u00e9, carne, fragilidade, vulnerabilidade<\/span><\/strong>. Desce \u00e0 tua realidade. Os destinat\u00e1rios deste belo an\u00fancio foram os pastores (Lc 2, 7-12): trabalhadores humildes que durante a noite ganhavam o sustento para as suas fam\u00edlias. Veio habitar na tua fam\u00edlia e no teu trabalho, nos teus grupos, na tua vida e nos teus sonhos e esperan\u00e7as. Neste Natal queremos que a mensagem seja de alegria, ali\u00e1s\u00a0<strong><span style=\"font-family: Roboto;\">esperan\u00e7a!<\/span><\/strong><\/span><\/span><\/p>\n<p style=\"text-align: justify; background: white;\"><span style=\"font-size: 14px;\"><strong><span style=\"font-family: Roboto; color: #202020; letter-spacing: -0.4pt;\">Os militantes da LOC\/MTC continuam a miss\u00e3o de Jesus:<\/span><\/strong><span style=\"font-family: Roboto; color: #202020; letter-spacing: -0.4pt;\">\u00a0o compromisso na defesa dos direitos dos trabalhadores, a promo\u00e7\u00e3o do trabalho digno e a proclama\u00e7\u00e3o do reino de Cristo no mundo do trabalho. Por\u00e9m, reconhecemos os desafios que nos provocam: a realidade da falta de sa\u00fade e seguran\u00e7a no trabalho, a precariza\u00e7\u00e3o do trabalho e dos direitos sociais das fam\u00edlias, a falta de esperan\u00e7a com que as pessoas jovens olham para o seu futuro laboral, a realidade dos trabalhadores migrantes sem direitos.\u00a0<\/span><\/span><\/p>\n<p style=\"text-align: justify; background: white;\"><span style=\"font-size: 14px; font-family: Roboto; color: #202020; letter-spacing: -0.4pt;\">No pres\u00e9pio est\u00e1 uma figura muito especial que nos det\u00e9m a aten\u00e7\u00e3o: aquela mulher protagonista da resposta humana ao projeto de salva\u00e7\u00e3o de Deus \u2013 Maria! O Novo Testamento enaltece a figura feminina, destacando inclusive uma oper\u00e1ria que seria a l\u00edder de uma Igreja dom\u00e9stica em Corinto \u2013 Clo\u00e9! (Cor 1, 11). Por\u00e9m, no mundo do trabalho ainda s\u00e3o elas as mais afetadas. Os dados dizem-nos que s\u00e3o a maioria que recebem o sal\u00e1rio m\u00ednimo nacional, inclusive com ordenados inferiores em m\u00e9dia 16% aos dos homens para trabalho igual ou de valor igual, as maiores v\u00edtimas de ass\u00e9dio laboral e de doen\u00e7as profissionais mormente de les\u00f5es f\u00edsicas e problemas de sa\u00fade mental, bem como de discrimina\u00e7\u00f5es m\u00faltiplas em fun\u00e7\u00e3o da condi\u00e7\u00e3o social, defici\u00eancia, idade, nacionalidade, religi\u00e3o, orienta\u00e7\u00e3o sexual ou identidade de g\u00e9nero. N\u00e3o esquecendo que ainda existem tantas v\u00edtimas de viol\u00eancia dom\u00e9stica. S\u00e3o elas tamb\u00e9m as mais atingidas pela pobreza como idosas e reformadas. E agraciadas pelo dom mais bonito da maternidade, muitas vezes s\u00e3o penalizadas pelo exerc\u00edcio deste cuidado.\u00a0<\/span><\/p>\n<p style=\"text-align: justify; background: white;\"><span style=\"font-size: 14px; font-family: Roboto; color: #202020; letter-spacing: -0.4pt;\">Mais um\u00a0<strong><span style=\"font-family: Roboto;\">Natal!<\/span><\/strong>\u00a0Somos convidados a ir al\u00e9m das luzes e das decora\u00e7\u00f5es, que s\u00e3o muito bonitas\u2026 e a correr, como os pastores, at\u00e9 ao pres\u00e9pio. Deus fez-se pequeno e n\u00f3s procuramos o grande. Deus nasce para servir e para nos trazer vida digna. Somos convidados a abra\u00e7ar a pequenez e a causa libertadora do Evangelho. A nossa sociedade \u00e9 regulada por direitos e deveres (s\u00e3o necess\u00e1rios) e pela l\u00f3gica da venda e compra.\u00a0<strong><span style=\"font-family: Roboto;\">O Natal<\/span><\/strong>\u00a0\u00e9 uma outra l\u00f3gica: a l\u00f3gica da gratuidade, do DOM, da OFERTA.\u00a0<strong><span style=\"font-family: Roboto;\">Deus oferece-nos o seu FILHO<\/span><\/strong>. Esta \u00e9 a\u00a0<strong><span style=\"font-family: Roboto;\">l\u00f3gica do Amor<\/span><\/strong>: da entrega e da d\u00e1diva. Saibamos acolher a prenda que Deus nos deu: o seu Filho. Saibamos oferecer como grande presente a nossa presen\u00e7a.<\/span><\/p>\n<p style=\"text-align: justify; background: white;\"><span style=\"font-size: 14px;\"><em><b><span style=\"font-family: Roboto; color: #202020; letter-spacing: -0.4pt;\">LOC\/MTC<\/span><\/b><\/em><\/span><\/p>\n<p>[\/vc_column_text][vc_empty_space height=&#8221;50px&#8221;][vc_separator color=&#8221;blue&#8221;][vc_empty_space height=&#8221;50px&#8221;][vc_column_text]<\/p>\n<p style=\"text-align: justify;\">\u00a0 \u00a0 \u00a0 \u00a0 \u00a0A Liga Oper\u00e1ria Cat\u00f3lica\/Movimento de Trabalhadores Crist\u00e3os, \u00e9 um movimento especializado da A\u00e7\u00e3o Cat\u00f3lica que, pela viv\u00eancia e pelo testemunho da \u201cnovidade\u201d crist\u00e3 no seio dos trabalhadores, participa na caminhada solid\u00e1ria dos trabalhadores que buscam a justi\u00e7a e a promo\u00e7\u00e3o coletiva.<\/p>\n<p style=\"text-align: justify;\">\u00a0 \u00a0 \u00a0 \u00a0 \u00a0 A LOC\/MTC participa na constru\u00e7\u00e3o duma igreja viva, sobretudo no mundo do trabalho, pelo an\u00fancio explicito da Boa Not\u00edcia de Jesus Cristo, procurando em toda a sua a\u00e7\u00e3o descobrir e celebrar o mist\u00e9rio do Jesus Cristo humano e divino, presente no quotidiano e vida dos trabalhadores.<\/p>\n<p style=\"text-align: justify;\">\u00a0 \u00a0 \u00a0 \u00a0 \u00a0 O m\u00e9todo de reflex\u00e3o \u00e9 a revis\u00e3o de vida oper\u00e1ria: <strong>Ver, Julgar e Agir.<\/strong><\/p>\n<p style=\"text-align: justify;\">\u00a0 \u00a0 \u00a0 \u00a0 Com a viv\u00eancia e o conhecimento das realidades do mundo do trabalho, qualquer que seja a \u00e1rea, procura-se que a reflex\u00e3o conduza sempre, mas sempre, a um crescimento na F\u00e9, a uma a\u00e7\u00e3o transformadora do meio do trabalho, tendo como refer\u00eancias o Evangelho e o Ensinamento da Igreja em mat\u00e9ria social e de direitos humanos.<\/p>\n<p style=\"text-align: justify;\"><strong>Na LOC\/MTC:<\/strong><\/p>\n<p style=\"text-align: justify;\"><em>\u00a0 \u00a0 \u00a0 \u00a0 \u00a0 &#8211; Acreditamos no protagonismo e na for\u00e7a transformadora de cada homem e de cada mulher;<br \/>\n<\/em><em>\u00a0 \u00a0 \u00a0 \u00a0 \u00a0 &#8211; Afirmamos que o trabalho \u00e9 a fonte da humaniza\u00e7\u00e3o da pessoa e da sociedade;<br \/>\n<\/em><em>\u00a0 \u00a0 \u00a0 \u00a0 \u00a0 &#8211; Incentivamos o compromisso sindical, cultural, social e eclesial;<br \/>\n<\/em><em>\u00a0 \u00a0 \u00a0 \u00a0 \u00a0 &#8211; Promovemos um agir consciente, persistente e confiante, que adv\u00e9m da F\u00e9 e se materializa no projeto libertador de Deus, trazido pelo Seu Filho Jesus de Nazar\u00e9 para toda a humanidade.<\/em><\/p>\n<p>&nbsp;<\/p>\n<p><strong>Ora\u00e7\u00e3o para a \u201cJornada Mundial do Trabalho Digno\u201d <\/strong><strong>Out 5, 2020<\/strong><\/p>\n<p><strong><img loading=\"lazy\" decoding=\"async\" class=\"alignleft wp-image-8483 size-full\" src=\"https:\/\/paroquiavilarandorinho.pt\/wp-content\/uploads\/2020\/12\/loc.jpg\" alt=\"\" width=\"633\" height=\"378\" srcset=\"https:\/\/paroquiavilarandorinho.pt\/wp-content\/uploads\/2020\/12\/loc.jpg 633w, https:\/\/paroquiavilarandorinho.pt\/wp-content\/uploads\/2020\/12\/loc-300x179.jpg 300w\" sizes=\"auto, (max-width: 633px) 100vw, 633px\" \/><\/strong><\/p>\n<p>&nbsp;<\/p>\n<p>&nbsp;<\/p>\n<p>&nbsp;<\/p>\n<p>&nbsp;<\/p>\n<p>&nbsp;<\/p>\n<p>&nbsp;<\/p>\n<p>&nbsp;<\/p>\n<p>&nbsp;<\/p>\n<p>&nbsp;<\/p>\n<p style=\"text-align: justify;\">Senhor,<br \/>\nescuta a nossa ora\u00e7\u00e3o neste ano de 2020 e nesta jornada pelo trabalho digno!<\/p>\n<p style=\"text-align: justify;\">Tu v\u00eas como estamos a viver nesta crise sanit\u00e1ria mundial causada pelo COVID-19!<br \/>\n<strong>Durante esta crise<\/strong>\u00a0temos reconhecido o trabalho do pessoal da sa\u00fade e tamb\u00e9m o de todas as pessoas indispens\u00e1veis ao funcionamento da vida social e econ\u00f3mica do pa\u00eds\u2026 temos rezado e aplaudido o trabalho para garantir a \u201cvida em comunidade\u201d no nosso pa\u00eds.<br \/>\nDesej\u00e1ramos que o seu trabalho fosse mais bem recompensado, apreciado e digno!<\/p>\n<p style=\"text-align: justify;\"><strong>Mas antes desta crise<\/strong>, Senhor,<br \/>\nTu sabes bem que este trabalho n\u00e3o estava muito reconhecido e que os mesmos enfermeiros, bombeiros, pol\u00edcias, transportadores, apanhadores de lixo, etc. que pediam melhores sal\u00e1rios, melhores condi\u00e7\u00f5es de trabalho e melhores equipamentos, foram rejeitados, reprimidos, ignorados, em nome do equil\u00edbrio econ\u00f3mico!<\/p>\n<p style=\"text-align: justify;\">Tu, Senhor,<br \/>\nSabes que muitos trabalhadores e trabalhadoras perderam a sa\u00fade e, \u00e0s vezes, inclusive a vida, porque as suas condi\u00e7\u00f5es de trabalho eram demasiado duras e perigosas.<\/p>\n<p style=\"text-align: justify;\"><strong>Assim, Senhor,<br \/>\n<\/strong><strong>faz que esta crise mundial produza algo de novo!<br \/>\n<\/strong>-Que produza algo de novo na nossa vida pessoal, comprometendo-nos a ter novas formas de consumo, novos projetos, cuidando do equil\u00edbrio do planeta e respeitando mais\u00a0<strong>dignamente<\/strong>\u00a0o trabalho dos outros.<\/p>\n<p style=\"text-align: justify;\">-Que produza algo de novo na nossa vida social para que, nas nossas Equipas de Revis\u00e3o de Vida, nas nossas associa\u00e7\u00f5es, nossas cooperativas, saibamos inventar novas formas de trabalho mais respeitosas da sa\u00fade e com um sal\u00e1rio\u00a0<strong>digno<\/strong>.<\/p>\n<p style=\"text-align: justify;\">-Que produza algo de novo na nossa vida nacional para que os respons\u00e1veis pol\u00edticos, econ\u00f3micos e sindicais\u2026 ponham o ser humano como prioridade sobre a economia e assim exer\u00e7am a sua responsabilidade com um pouco mais de\u00a0<strong>dec\u00eancia<\/strong>.<\/p>\n<p style=\"text-align: justify;\">-Que produza algo de novo nas nossas rela\u00e7\u00f5es internacionais e que mudem os sistemas injustos que aprisionam milh\u00f5es de homens e mulheres na pobreza material, na precaridade da sa\u00fade, na exclus\u00e3o econ\u00f3mica, \u2026 tantos males que impedem ter uma aut\u00eantica vida\u00a0<strong>digna<\/strong>.<br \/>\n-Que produza algo de novo na nossa vida espiritual, para que, atrav\u00e9s destas provas, possamos compreender melhor at\u00e9 que ponto contas com cada um e cada uma de n\u00f3s.<\/p>\n<p style=\"text-align: justify;\">Sim, Senhor Deus, ajuda-nos:<br \/>\nA ser homens e mulheres de F\u00c9, que sempre desejam crer num mundo\u00a0<strong>digno<\/strong>.<br \/>\nA ser homens e mulheres de ESPERAN\u00c7A, capazes de imaginar uma vida\u00a0<strong>digna<\/strong>.<br \/>\nA ser homens e mulheres de AMOR, que tomam decis\u00f5es e levam a cabo a\u00e7\u00f5es para que o mundo que constru\u00edmos seja mais formoso, mais justo, que seja espelho do teu amor, um espelho de ti; um Deus bom, paciente e misericordioso,<br \/>\num\u00a0<strong>DEUS DIGNO<\/strong>\u00a0para todos, pelos s\u00e9culos dos s\u00e9culos. \u00c1men.<\/p>\n<p style=\"text-align: justify;\"><strong>Padre Bernard ROBERT \u2013 Assistente Internacional<\/strong><\/p>\n<p>[\/vc_column_text][vc_empty_space height=&#8221;150px&#8221;][\/vc_column_inner][\/vc_row_inner][\/vc_column][\/vc_row]<\/p>\n<\/div>","protected":false},"excerpt":{"rendered":"<p>[vc_row content_placement=&#8221;middle&#8221; css=&#8221;.vc_custom_1540304086626{padding-top: 0px !important;}&#8221;][vc_column css=&#8221;.vc_custom_1540304338338{padding-right: 27px !important;padding-left: 27px !important;}&#8221;][vc_row_inner][vc_column_inner][vc_column_text css=&#8221;&#8221;] Mensagem de Natal da LOC\/MTC Movimento de Trabalhadores Crist\u00e3os \u2013 Natal 2024 A mensagem do Natal\u00a0\u00e9 a mensagem crist\u00e3 [&hellip;]<\/p>\n","protected":false},"author":1,"featured_media":0,"parent":0,"menu_order":0,"comment_status":"closed","ping_status":"closed","template":"","meta":{"_acf_changed":false,"rs_blank_template":"","rs_page_bg_color":"","slide_template_v7":"","footnotes":""},"class_list":["post-7669","page","type-page","status-publish","hentry"],"acf":[],"_links":{"self":[{"href":"https:\/\/paroquiavilarandorinho.pt\/index.php?rest_route=\/wp\/v2\/pages\/7669","targetHints":{"allow":["GET"]}}],"collection":[{"href":"https:\/\/paroquiavilarandorinho.pt\/index.php?rest_route=\/wp\/v2\/pages"}],"about":[{"href":"https:\/\/paroquiavilarandorinho.pt\/index.php?rest_route=\/wp\/v2\/types\/page"}],"author":[{"embeddable":true,"href":"https:\/\/paroquiavilarandorinho.pt\/index.php?rest_route=\/wp\/v2\/users\/1"}],"replies":[{"embeddable":true,"href":"https:\/\/paroquiavilarandorinho.pt\/index.php?rest_route=%2Fwp%2Fv2%2Fcomments&post=7669"}],"version-history":[{"count":14,"href":"https:\/\/paroquiavilarandorinho.pt\/index.php?rest_route=\/wp\/v2\/pages\/7669\/revisions"}],"predecessor-version":[{"id":14412,"href":"https:\/\/paroquiavilarandorinho.pt\/index.php?rest_route=\/wp\/v2\/pages\/7669\/revisions\/14412"}],"wp:attachment":[{"href":"https:\/\/paroquiavilarandorinho.pt\/index.php?rest_route=%2Fwp%2Fv2%2Fmedia&parent=7669"}],"curies":[{"name":"wp","href":"https:\/\/api.w.org\/{rel}","templated":true}]}}