{"id":7995,"date":"2020-09-15T10:48:55","date_gmt":"2020-09-15T09:48:55","guid":{"rendered":"https:\/\/paroquiavilarandorinho.pt\/?page_id=7995"},"modified":"2025-06-30T11:00:29","modified_gmt":"2025-06-30T10:00:29","slug":"documentos-formacao","status":"publish","type":"page","link":"https:\/\/paroquiavilarandorinho.pt\/?page_id=7995","title":{"rendered":"Documentos\/Forma\u00e7\u00e3o"},"content":{"rendered":"<div class=\"wpb-content-wrapper\"><p>[vc_row][vc_column][vc_column_text css=&#8221;&#8221;]<iframe loading=\"lazy\" src=\"https:\/\/paroquiavilarandorinho.pt\/wp-content\/uploads\/2025\/06\/A-tua-Primeira-Comunhao-uma-reflexao-oportuna.pdf\" width=\"100%\" height=\"800px\"><span data-mce-type=\"bookmark\" style=\"display: inline-block; width: 0px; overflow: hidden; line-height: 0;\" class=\"mce_SELRES_start\">\ufeff<\/span><span data-mce-type=\"bookmark\" style=\"display: inline-block; width: 0px; overflow: hidden; line-height: 0;\" class=\"mce_SELRES_start\">\ufeff<\/span><span data-mce-type=\"bookmark\" style=\"display: inline-block; width: 0px; overflow: hidden; line-height: 0;\" class=\"mce_SELRES_start\">\ufeff<\/span><span data-mce-type=\"bookmark\" style=\"display: inline-block; width: 0px; overflow: hidden; line-height: 0;\" class=\"mce_SELRES_start\">\ufeff<\/span><span data-mce-type=\"bookmark\" style=\"display: inline-block; width: 0px; overflow: hidden; line-height: 0;\" class=\"mce_SELRES_start\">\ufeff<\/span><span data-mce-type=\"bookmark\" style=\"display: inline-block; width: 0px; overflow: hidden; line-height: 0;\" class=\"mce_SELRES_start\">\ufeff<\/span><span data-mce-type=\"bookmark\" style=\"display: inline-block; width: 0px; overflow: hidden; line-height: 0;\" class=\"mce_SELRES_start\">\ufeff<\/span><span data-mce-type=\"bookmark\" style=\"display: inline-block; width: 0px; overflow: hidden; line-height: 0;\" class=\"mce_SELRES_start\"><span data-mce-type=\"bookmark\" style=\"display: inline-block; width: 0px; overflow: hidden; line-height: 0;\" class=\"mce_SELRES_start\">\ufeff<\/span>\ufeff<\/span><\/iframe>[\/vc_column_text][vc_column_text css=&#8221;&#8221;]<a href=\"https:\/\/paroquiavilarandorinho.pt\/wp-content\/uploads\/2025\/06\/A-tua-Primeira-Comunhao-uma-reflexao-oportuna.pdf\">Descarregar PDF &#8211; A tua Primeira Comunh\u00e3o &#8211; uma reflex\u00e3o oportuna<\/a>[\/vc_column_text][vc_column_text css=&#8221;&#8221;]<iframe loading=\"lazy\" src=\"https:\/\/paroquiavilarandorinho.pt\/wp-content\/uploads\/2024\/05\/Mensagem-Papa-Francisco-para-I-JORNADA-MUNDIAL-DAS-CRIANCAS-25-e-26-maio-2024.pdf\" width=\"100%\" height=\"800px\"><span data-mce-type=\"bookmark\" style=\"display: inline-block; width: 0px; overflow: hidden; line-height: 0;\" class=\"mce_SELRES_start\">\ufeff<\/span><span data-mce-type=\"bookmark\" style=\"display: inline-block; width: 0px; overflow: hidden; line-height: 0;\" class=\"mce_SELRES_start\">\ufeff<\/span><span data-mce-type=\"bookmark\" style=\"display: inline-block; width: 0px; overflow: hidden; line-height: 0;\" class=\"mce_SELRES_start\">\ufeff<\/span><span data-mce-type=\"bookmark\" style=\"display: inline-block; width: 0px; overflow: hidden; line-height: 0;\" class=\"mce_SELRES_start\">\ufeff<\/span><span data-mce-type=\"bookmark\" style=\"display: inline-block; width: 0px; overflow: hidden; line-height: 0;\" class=\"mce_SELRES_start\">\ufeff<\/span><span data-mce-type=\"bookmark\" style=\"display: inline-block; width: 0px; overflow: hidden; line-height: 0;\" class=\"mce_SELRES_start\">\ufeff<\/span><span data-mce-type=\"bookmark\" style=\"display: inline-block; width: 0px; overflow: hidden; line-height: 0;\" class=\"mce_SELRES_start\">\ufeff<\/span><span data-mce-type=\"bookmark\" style=\"display: inline-block; width: 0px; overflow: hidden; line-height: 0;\" class=\"mce_SELRES_start\"><span data-mce-type=\"bookmark\" style=\"display: inline-block; width: 0px; overflow: hidden; line-height: 0;\" class=\"mce_SELRES_start\">\ufeff<\/span>\ufeff<\/span><\/iframe>[\/vc_column_text][vc_column_text css=&#8221;&#8221;]<a href=\"https:\/\/paroquiavilarandorinho.pt\/wp-content\/uploads\/2024\/05\/Mensagem-Papa-Francisco-para-I-JORNADA-MUNDIAL-DAS-CRIANCAS-25-e-26-maio-2024.pdf\">Descarregar PDF &#8211; Mensagem Papa Francisco para I JORNADA MUNDIAL DAS CRIAN\u00c7AS &#8211; 25 e 26 maio 2024<\/a>[\/vc_column_text][vc_column_text]<strong>O Itiner\u00e1rio de Inicia\u00e7\u00e3o \u00e0 Vida Crist\u00e3<\/strong><\/p>\n<p><iframe loading=\"lazy\" src=\"https:\/\/paroquiavilarandorinho.pt\/wp-content\/uploads\/2023\/09\/Itinerario-Catequese-Porto-julho2023.pdf\" width=\"100%\" height=\"800px\"><span data-mce-type=\"bookmark\" style=\"display: inline-block; width: 0px; overflow: hidden; line-height: 0;\" class=\"mce_SELRES_start\">\ufeff<\/span><span data-mce-type=\"bookmark\" style=\"display: inline-block; width: 0px; overflow: hidden; line-height: 0;\" class=\"mce_SELRES_start\">\ufeff<\/span><span data-mce-type=\"bookmark\" style=\"display: inline-block; width: 0px; overflow: hidden; line-height: 0;\" class=\"mce_SELRES_start\">\ufeff<\/span><span data-mce-type=\"bookmark\" style=\"display: inline-block; width: 0px; overflow: hidden; line-height: 0;\" class=\"mce_SELRES_start\">\ufeff<\/span><span data-mce-type=\"bookmark\" style=\"display: inline-block; width: 0px; overflow: hidden; line-height: 0;\" class=\"mce_SELRES_start\">\ufeff<\/span><span data-mce-type=\"bookmark\" style=\"display: inline-block; width: 0px; overflow: hidden; line-height: 0;\" class=\"mce_SELRES_start\">\ufeff<\/span><span data-mce-type=\"bookmark\" style=\"display: inline-block; width: 0px; overflow: hidden; line-height: 0;\" class=\"mce_SELRES_start\">\ufeff<\/span><span data-mce-type=\"bookmark\" style=\"display: inline-block; width: 0px; overflow: hidden; line-height: 0;\" class=\"mce_SELRES_start\"><span data-mce-type=\"bookmark\" style=\"display: inline-block; width: 0px; overflow: hidden; line-height: 0;\" class=\"mce_SELRES_start\">\ufeff<\/span>\ufeff<\/span><\/iframe>[\/vc_column_text][vc_column_text]<a href=\"https:\/\/paroquiavilarandorinho.pt\/wp-content\/uploads\/2023\/09\/Itinerario-Catequese-Porto-julho2023.pdf\">Descarregar PDF &#8211; O Itiner\u00e1rio de Inicia\u00e7\u00e3o \u00e0 Vida Crist\u00e3<\/a>[\/vc_column_text][\/vc_column][\/vc_row][vc_row][vc_column][vc_column_text]<\/p>\n<h5 style=\"text-align: justify;\"><strong>O EDUCADOR CRIST\u00c3O, UM GUIA NO CAMINHO<\/strong><\/h5>\n<h5 style=\"text-align: justify;\"><strong>\u00abO Educador crist\u00e3o, um guia no caminho\u00bb, \u00e9 o t\u00edtulo da\u00a0Nota Pastoral\u00a0da Comiss\u00e3o Episcopal da Educa\u00e7\u00e3o Crist\u00e3 e Doutrina da F\u00e9, para a Semana nacional da Educa\u00e7\u00e3o Crist\u00e3 que decorre de 2 a 9 de outubro.<\/strong><\/h5>\n<p style=\"text-align: justify;\"><img loading=\"lazy\" decoding=\"async\" class=\"size-medium wp-image-11109 alignleft\" src=\"https:\/\/paroquiavilarandorinho.pt\/wp-content\/uploads\/2022\/09\/snec-214x300.jpg\" alt=\"\" width=\"214\" height=\"300\" srcset=\"https:\/\/paroquiavilarandorinho.pt\/wp-content\/uploads\/2022\/09\/snec-214x300.jpg 214w, https:\/\/paroquiavilarandorinho.pt\/wp-content\/uploads\/2022\/09\/snec.jpg 500w\" sizes=\"auto, (max-width: 214px) 100vw, 214px\" \/><br \/>\nAdotando a designa\u00e7\u00e3o de \u201cguia-educador\u201d, come\u00e7a por real\u00e7ar o papel do educador crist\u00e3o como aquele que \u00abacompanha aqueles que lhe s\u00e3o confiados e orienta-os para sa\u00edrem de si mesmos e se abrirem \u00e0 vida, aos outros, \u00e0 f\u00e9, ao amor e \u00e0 esperan\u00e7a\u00bb, real\u00e7ando a \u00abdimens\u00e3o da experi\u00eancia pessoal, a din\u00e2mica do caminho e do crescimento, a presen\u00e7a pr\u00f3xima e o acompanhamento\u00bb, acolhendo, por isso mesmo, a riqueza pessoal de cada um dos seus educandos. Neste acompanhamento, a educa\u00e7\u00e3o \u00e9 chamada a \u00abtocar o cora\u00e7\u00e3o\u00bb, a educar com amor e para o amor verdadeiro, liberto do individualismo e do ego\u00edsmo, orientando num caminho estreito (com regras, exig\u00eancia e responsabilidade), mas que conduz \u00e0 \u00abplenitude da vida\u00bb.<\/p>\n<p style=\"text-align: justify;\">Neste caminho educativo \u00e9 fundamental o envolvimento de todos: \u00abFam\u00edlia, Escolas e outras inst\u00e2ncias da Igreja e da sociedade civil (movimentos cat\u00f3licos, associa\u00e7\u00f5es culturais e desportivas, etc.)\u00bb, em sinodalidade, pois \u00abnuma cultura globalizada e complexa, alcan\u00e7aremos melhor os frutos desejados se os educadores crist\u00e3os trabalharem unidos e conjugarem os seus esfor\u00e7os, sem se isolarem no seu grupo ou na sua \u00e1rea pastoral\u00bb.<\/p>\n<p style=\"text-align: justify;\">A Nota termina com a refer\u00eancia \u00e0 Jornada Mundial da Juventude cujo tema \u00e9, tamb\u00e9m, um convite a tomar parte num movimento de sa\u00edda, com uma \u201cpressa boa\u201d, rumo ao outro, como Maria, como ser\u00e1 o caminho acompanhado que educa com amor e para o amor.<\/p>\n<p>[\/vc_column_text][vc_column_text]<a href=\"https:\/\/paroquiavilarandorinho.pt\/wp-content\/uploads\/2022\/09\/snec-notapastoral22_final_220927094051.pdf\">Nota Pastoral da Comiss\u00e3o Episcopal da Educa\u00e7\u00e3o Crist\u00e3 e Doutrina da F\u00e9<\/a>[\/vc_column_text][\/vc_column][\/vc_row][vc_row][vc_column][vc_single_image image=&#8221;11054&#8243; img_size=&#8221;full&#8221;][vc_column_text]<a href=\"https:\/\/paroquiavilarandorinho.pt\/wp-content\/uploads\/2022\/09\/Discurso-do-Papa-Francisco-aos-participantes-do-III-Congresso-Internacional-da-Catequese-10.09.2022.pdf\">Discurso do Papa Francisco aos participantes do III Congresso Internacional da Catequese &#8211; 10.09.2022<\/a>[\/vc_column_text][\/vc_column][\/vc_row][vc_row][vc_column][vc_column_text]<strong>Minist\u00e9rio de Catequista<\/strong><\/p>\n<p><iframe loading=\"lazy\" src=\"https:\/\/paroquiavilarandorinho.pt\/wp-content\/uploads\/2022\/03\/Reuniao-catequistas-Ministerio-de-Catequista.pdf\" width=\"100%\" height=\"800px\"><span data-mce-type=\"bookmark\" style=\"display: inline-block; width: 0px; overflow: hidden; line-height: 0;\" class=\"mce_SELRES_start\">\ufeff<\/span><span data-mce-type=\"bookmark\" style=\"display: inline-block; width: 0px; overflow: hidden; line-height: 0;\" class=\"mce_SELRES_start\">\ufeff<\/span><span data-mce-type=\"bookmark\" style=\"display: inline-block; width: 0px; overflow: hidden; line-height: 0;\" class=\"mce_SELRES_start\">\ufeff<\/span><span data-mce-type=\"bookmark\" style=\"display: inline-block; width: 0px; overflow: hidden; line-height: 0;\" class=\"mce_SELRES_start\">\ufeff<\/span><span data-mce-type=\"bookmark\" style=\"display: inline-block; width: 0px; overflow: hidden; line-height: 0;\" class=\"mce_SELRES_start\">\ufeff<\/span><span data-mce-type=\"bookmark\" style=\"display: inline-block; width: 0px; overflow: hidden; line-height: 0;\" class=\"mce_SELRES_start\">\ufeff<\/span><span data-mce-type=\"bookmark\" style=\"display: inline-block; width: 0px; overflow: hidden; line-height: 0;\" class=\"mce_SELRES_start\">\ufeff<\/span><span data-mce-type=\"bookmark\" style=\"display: inline-block; width: 0px; overflow: hidden; line-height: 0;\" class=\"mce_SELRES_start\"><span data-mce-type=\"bookmark\" style=\"display: inline-block; width: 0px; overflow: hidden; line-height: 0;\" class=\"mce_SELRES_start\">\ufeff<\/span>\ufeff<\/span><\/iframe>[\/vc_column_text][vc_column_text]<a href=\"https:\/\/paroquiavilarandorinho.pt\/wp-content\/uploads\/2022\/03\/Reuniao-catequistas-Ministerio-de-Catequista.pdf\">Descarregar PDF &#8211; Reuni\u00e3o catequistas &#8211; Minist\u00e9rio de Catequista<\/a>[\/vc_column_text][\/vc_column][\/vc_row][vc_row content_placement=&#8221;middle&#8221; css=&#8221;.vc_custom_1540304086626{padding-top: 0px !important;}&#8221;][vc_column css=&#8221;.vc_custom_1540304338338{padding-right: 27px !important;padding-left: 27px !important;}&#8221;][vc_row_inner css=&#8221;.vc_custom_1543577196674{margin-bottom: 47px !important;}&#8221;][vc_column_inner][vc_column_text]<\/p>\n<p style=\"text-align: justify;\"><strong>Conversas Originais: Das palavras \u00e0 a\u00e7\u00e3o<br \/>\n<\/strong><strong>Refletindo sobre o Novo Diret\u00f3rio da Catequese apresentado pelo Vaticano <\/strong><\/p>\n<p style=\"text-align: justify;\"><strong>(<em>in<\/em> <\/strong><strong>\u00a0Ag\u00eancia Ecclesia)<\/strong><\/p>\n<p style=\"text-align: justify;\">Padre Lu\u00eds Miguel Rodrigues \u2013 Arquidiocese de Braga<br \/>\nVig\u00e1rio Episcopal para a \u00e1rea da Educa\u00e7\u00e3o Crist\u00e3 da Pastoral da Igreja<br \/>\nPresidente da Comiss\u00e3o para a Educa\u00e7\u00e3o Crist\u00e3 na Arquidiocese de Braga<br \/>\nProfessor Faculdade Teologia da Universidade Cat\u00f3lica \u2013 Polo de Braga<\/p>\n<p style=\"text-align: justify;\">O NOVO DIRET\u00d3RIO DA CATEQUESE PARA UMA SOCIEDADE NOVA (1\/5)<br \/>\n<a href=\"https:\/\/www.youtube.com\/watch?v=APtPdfxLPdk\">https:\/\/www.youtube.com\/watch?v=APtPdfxLPdk<\/a><\/p>\n<p style=\"text-align: justify;\">A CATEQUESES NA COMUNIDADE (2\/5)<br \/>\n<a href=\"https:\/\/www.youtube.com\/watch?v=A4Yu6ydMsjQ\">https:\/\/www.youtube.com\/watch?v=A4Yu6ydMsjQ<\/a><\/p>\n<p style=\"text-align: justify;\">CATEQUISTA, UM SOPRADOR AO OUVIDO\u00a0(3\/5)<br \/>\n<a href=\"https:\/\/www.youtube.com\/watch?v=QWYJ867WwuE\">https:\/\/www.youtube.com\/watch?v=QWYJ867WwuE<\/a><\/p>\n<p style=\"text-align: justify;\">CATEQUESE PARA FAZER PERGUNTAS (4\/5)<br \/>\n<a href=\"https:\/\/www.youtube.com\/watch?v=8P13aJ6HspU\">https:\/\/www.youtube.com\/watch?v=8P13aJ6HspU<\/a><\/p>\n<p style=\"text-align: justify;\">A CATEQUESE E O MUNDO (5\/5)<br \/>\n<a href=\"https:\/\/www.youtube.com\/watch?v=8CrnOuDCCWA\">https:\/\/www.youtube.com\/watch?v=8CrnOuDCCWA<\/a><\/p>\n<p style=\"text-align: justify;\">Consulte o <a href=\"https:\/\/paroquiavilarandorinho.pt\/wp-content\/uploads\/2020\/09\/novo-diretorio-catequese.pdf\" target=\"_blank\" rel=\"noopener noreferrer\">Novo Diret\u00f3rio para a Catequese 2020<\/a><\/p>\n<p>[\/vc_column_text][vc_column_text]<a href=\"http:\/\/www.educris.com\/v3\/catequese\/10026-edicao-portuguesa-do-diretorio-para-a-catequese-apresentada-em-fatima-caudio\" target=\"_blank\" rel=\"noopener\"><img loading=\"lazy\" decoding=\"async\" class=\"alignleft wp-image-10509 size-full\" src=\"https:\/\/paroquiavilarandorinho.pt\/wp-content\/uploads\/2022\/04\/diretoriocatequese.jpg\" alt=\"\" width=\"1090\" height=\"329\" srcset=\"https:\/\/paroquiavilarandorinho.pt\/wp-content\/uploads\/2022\/04\/diretoriocatequese.jpg 1090w, https:\/\/paroquiavilarandorinho.pt\/wp-content\/uploads\/2022\/04\/diretoriocatequese-300x91.jpg 300w, https:\/\/paroquiavilarandorinho.pt\/wp-content\/uploads\/2022\/04\/diretoriocatequese-1024x309.jpg 1024w, https:\/\/paroquiavilarandorinho.pt\/wp-content\/uploads\/2022\/04\/diretoriocatequese-768x232.jpg 768w\" sizes=\"auto, (max-width: 1090px) 100vw, 1090px\" \/><\/a>[\/vc_column_text][\/vc_column_inner][\/vc_row_inner][\/vc_column][\/vc_row]<\/p>\n<\/div>","protected":false},"excerpt":{"rendered":"<p>[vc_row][vc_column][vc_column_text css=&#8221;&#8221;]\ufeff\ufeff\ufeff\ufeff\ufeff\ufeff\ufeff\ufeff\ufeff[\/vc_column_text][vc_column_text css=&#8221;&#8221;]Descarregar PDF &#8211; A tua Primeira Comunh\u00e3o &#8211; uma reflex\u00e3o oportuna[\/vc_column_text][vc_column_text css=&#8221;&#8221;]\ufeff\ufeff\ufeff\ufeff\ufeff\ufeff\ufeff\ufeff\ufeff[\/vc_column_text][vc_column_text css=&#8221;&#8221;]Descarregar PDF &#8211; Mensagem Papa Francisco para I JORNADA MUNDIAL DAS CRIAN\u00c7AS &#8211; 25 e 26 [&hellip;]<\/p>\n","protected":false},"author":1,"featured_media":0,"parent":0,"menu_order":0,"comment_status":"closed","ping_status":"closed","template":"","meta":{"_acf_changed":false,"rs_blank_template":"","rs_page_bg_color":"","slide_template_v7":"","footnotes":""},"class_list":["post-7995","page","type-page","status-publish","hentry"],"acf":[],"_links":{"self":[{"href":"https:\/\/paroquiavilarandorinho.pt\/index.php?rest_route=\/wp\/v2\/pages\/7995","targetHints":{"allow":["GET"]}}],"collection":[{"href":"https:\/\/paroquiavilarandorinho.pt\/index.php?rest_route=\/wp\/v2\/pages"}],"about":[{"href":"https:\/\/paroquiavilarandorinho.pt\/index.php?rest_route=\/wp\/v2\/types\/page"}],"author":[{"embeddable":true,"href":"https:\/\/paroquiavilarandorinho.pt\/index.php?rest_route=\/wp\/v2\/users\/1"}],"replies":[{"embeddable":true,"href":"https:\/\/paroquiavilarandorinho.pt\/index.php?rest_route=%2Fwp%2Fv2%2Fcomments&post=7995"}],"version-history":[{"count":21,"href":"https:\/\/paroquiavilarandorinho.pt\/index.php?rest_route=\/wp\/v2\/pages\/7995\/revisions"}],"predecessor-version":[{"id":15339,"href":"https:\/\/paroquiavilarandorinho.pt\/index.php?rest_route=\/wp\/v2\/pages\/7995\/revisions\/15339"}],"wp:attachment":[{"href":"https:\/\/paroquiavilarandorinho.pt\/index.php?rest_route=%2Fwp%2Fv2%2Fmedia&parent=7995"}],"curies":[{"name":"wp","href":"https:\/\/api.w.org\/{rel}","templated":true}]}}